{"id":476,"date":"2016-03-09T17:42:42","date_gmt":"2016-03-09T17:42:42","guid":{"rendered":"http:\/\/www.limpiezasayur.com\/?page_id=476"},"modified":"2016-03-09T17:42:42","modified_gmt":"2016-03-09T17:42:42","slug":"politica-de-cookies","status":"publish","type":"page","link":"https:\/\/econeteges.es\/ca\/politica-de-cookies\/","title":{"rendered":"Pol\u00edtica de Cookies"},"content":{"rendered":"<p>[et_pb_section admin_label=\u00bbsection\u00bb][et_pb_row admin_label=\u00bbrow\u00bb][et_pb_column type=\u00bb4_4&#8243;][et_pb_text admin_label=\u00bbTexto\u00bb background_layout=\u00bblight\u00bb text_orientation=\u00bbleft\u00bb use_border_color=\u00bboff\u00bb border_color=\u00bb#ffffff\u00bb border_style=\u00bbsolid\u00bb]<\/p>\n<div class=\" et_pb_row et_pb_row_0\">\n<div class=\"et_pb_column et_pb_column_4_4  et_pb_column_0\">\n<div class=\"et_pb_text et_pb_module et_pb_bg_layout_light et_pb_text_align_left  et_pb_text_0\">\n<h1 class=\"pagetitle\" style=\"text-align: justify;\">Pol\u00edtica de Cookies<\/h1>\n<div id=\"post-310\" class=\"post-310 page type-page status-publish hentry\">\n<p style=\"text-align: justify;\"><em><strong>\u00bfQu\u00e9 son las cookies?<\/strong><\/em><\/p>\n<p style=\"text-align: justify;\">Las Cookies son peque\u00f1os archivos que algunas plataformas, como las p\u00e1ginas web, pueden instalar en su ordenador, Smartphone, Tablet o televisi\u00f3n conectada. Sus funciones pueden ser muy variadas: almacenar sus preferencias de navegaci\u00f3n, recopilar informaci\u00f3n estad\u00edstica, permitir ciertas funcionalidades t\u00e9cnicas, etc. En ocasiones, las cookies se utilizan para almacenar informaci\u00f3n b\u00e1sica sobre los h\u00e1bitos de navegaci\u00f3n del usuario y de su equipo, hasta el punto, seg\u00fan el caso, de reconocerlo. Si un usuario se registra en una p\u00e1gina web o llena el carrito de una tienda online puede quedar registrado en las cookies de manera que cuando vuelva acceder la web, esta le identifique y mantenga la configuraci\u00f3n realizada inicialmente.<\/p>\n<p style=\"text-align: justify;\"><em><strong>\u00bfPor qu\u00e9 son importantes?<\/strong><\/em><\/p>\n<p style=\"text-align: justify;\">Las Cookies son \u00fatiles por varios motivos. Desde un punto de vista t\u00e9cnico, permiten que las p\u00e1ginas web funcionen de forma m\u00e1s \u00e1gil y adaptada a las preferencias del usuario, como por ejemplo almacenar el idioma o moneda del pa\u00eds del usuario que accede a una web. Adem\u00e1s, ayuda a los responsables de los sitios web a mejorar los servicios que ofrecen, gracias a la informaci\u00f3n estad\u00edstica que recogen a trav\u00e9s de ellas.<\/p>\n<p style=\"text-align: justify;\"><em><strong>Cookies de Terceros<\/strong><\/em><\/p>\n<p style=\"text-align: justify;\">En algunas p\u00e1ginas se pueden instalar incluso Cookies de terceros que permitan gestionar y mejorar los servicios que estos ofrecen. Un ejemplo claro de este uso son los enlaces a redes sociales que permiten compartir los contenidos de los usuarios y c\u00f3mo estos interaccionan con las p\u00e1ginas web.<\/p>\n<p style=\"text-align: justify;\"><em><strong>\u00bfLas cookies son nocivas o perjudiciales?<\/strong><\/em><\/p>\n<p style=\"text-align: justify;\">No. Las cookies son ficheros de texto, por lo que no resultan perjudiciales para los equipos inform\u00e1ticos. Por tanto no suponen una amenaza para la integridad de los equipos o el software instalado en ellos.<\/p>\n<p style=\"text-align: justify;\"><em><strong>\u00bfQu\u00e9 ocurre si se deshabilitan las cookies?<\/strong><\/em><\/p>\n<p style=\"text-align: justify;\">En caso de bloquear o no aceptar la instalaci\u00f3n de Cookes es posible que ciertos servicios ofrecidos por nuestro sitio web que necesitan su uso queden deshabilitados y, por tanto, no est\u00e9n disponibles para usted, por lo que no podr\u00e1 aprovechar por completo todo lo que nuestra web y aplicaciones le ofrecen. Es posible que la calidad de funcionamiento de la p\u00e1gina web pueda disminuir.<\/p>\n<p style=\"text-align: justify;\"><em><strong>Aceptaci\u00f3n de cookies<\/strong><\/em><\/p>\n<p style=\"text-align: justify;\">Si usted sigue navegando despu\u00e9s de haberle informado sobre nuestra Pol\u00edtica de Cookies entendemos que acepta la utilizaci\u00f3n de las Cookies.\u00a0Al acceder a este sitio web o aplicaci\u00f3n por primera vez, ver\u00e1s una ventana donde se le informa de la utilizaci\u00f3n de las cookies. Si usted consiente la utilizaci\u00f3n de cookies, continua navegando o hace click en alg\u00fan enlace se entiende que usted consinti\u00f3 nuestra pol\u00edtica de cookies y, por lo tanto, la instalaci\u00f3n de las mismas en su equipo o dispositivo.\u00a0Adem\u00e1s del uso de nuestras cookies propias, permitimos a terceros establecer cookies y acceder a ellas en su ordenador. El consentimiento de uso de las cookies de estas empresas est\u00e1 ligado a la navegaci\u00f3n por este sitio web.<\/p>\n<\/div>\n<\/div>\n<\/div>\n<\/div>\n<p>[\/et_pb_text][\/et_pb_column][\/et_pb_row][\/et_pb_section]<\/p>\n","protected":false},"excerpt":{"rendered":"<p>Pol\u00edtica de Cookies \u00bfQu\u00e9 son las cookies? Las Cookies son peque\u00f1os archivos que algunas plataformas, como las p\u00e1ginas web, pueden instalar en su ordenador, Smartphone, Tablet o televisi\u00f3n conectada. Sus funciones pueden ser muy variadas: almacenar sus preferencias de navegaci\u00f3n, recopilar informaci\u00f3n estad\u00edstica, permitir ciertas funcionalidades t\u00e9cnicas, etc. En ocasiones, las cookies se utilizan para [&hellip;]<\/p>\n","protected":false},"author":1,"featured_media":0,"parent":0,"menu_order":0,"comment_status":"closed","ping_status":"closed","template":"","meta":{"_et_pb_use_builder":"on","_et_pb_old_content":"","_et_gb_content_width":"","footnotes":""},"yoast_head":"<!-- This site is optimized with the Yoast SEO plugin v22.3 - https:\/\/yoast.com\/wordpress\/plugins\/seo\/ -->\n<title>Pol\u00edtica de Cookies - econeteges.es | empresa de limpieza<\/title>\n<meta name=\"robots\" content=\"index, follow, max-snippet:-1, max-image-preview:large, max-video-preview:-1\" \/>\n<link rel=\"canonical\" href=\"https:\/\/econeteges.es\/ca\/politica-de-cookies\/\" \/>\n<meta property=\"og:locale\" content=\"ca_ES\" \/>\n<meta property=\"og:type\" content=\"article\" \/>\n<meta property=\"og:title\" content=\"Pol\u00edtica de Cookies - econeteges.es | empresa de limpieza\" \/>\n<meta property=\"og:description\" content=\"Pol\u00edtica de Cookies \u00bfQu\u00e9 son las cookies? Las Cookies son peque\u00f1os archivos que algunas plataformas, como las p\u00e1ginas web, pueden instalar en su ordenador, Smartphone, Tablet o televisi\u00f3n conectada. Sus funciones pueden ser muy variadas: almacenar sus preferencias de navegaci\u00f3n, recopilar informaci\u00f3n estad\u00edstica, permitir ciertas funcionalidades t\u00e9cnicas, etc. En ocasiones, las cookies se utilizan para [&hellip;]\" \/>\n<meta property=\"og:url\" content=\"https:\/\/econeteges.es\/ca\/politica-de-cookies\/\" \/>\n<meta property=\"og:site_name\" content=\"econeteges.es | empresa de limpieza\" \/>\n<meta name=\"twitter:card\" content=\"summary_large_image\" \/>\n<meta name=\"twitter:label1\" content=\"Temps estimat de lectura\" \/>\n\t<meta name=\"twitter:data1\" content=\"3 minuts\" \/>\n<script type=\"application\/ld+json\" class=\"yoast-schema-graph\">{\"@context\":\"https:\/\/schema.org\",\"@graph\":[{\"@type\":\"WebPage\",\"@id\":\"https:\/\/econeteges.es\/politica-de-cookies\/\",\"url\":\"https:\/\/econeteges.es\/politica-de-cookies\/\",\"name\":\"Pol\u00edtica de Cookies - econeteges.es | empresa de limpieza\",\"isPartOf\":{\"@id\":\"https:\/\/econeteges.es\/#website\"},\"datePublished\":\"2016-03-09T17:42:42+00:00\",\"dateModified\":\"2016-03-09T17:42:42+00:00\",\"breadcrumb\":{\"@id\":\"https:\/\/econeteges.es\/politica-de-cookies\/#breadcrumb\"},\"inLanguage\":\"ca\",\"potentialAction\":[{\"@type\":\"ReadAction\",\"target\":[\"https:\/\/econeteges.es\/politica-de-cookies\/\"]}]},{\"@type\":\"BreadcrumbList\",\"@id\":\"https:\/\/econeteges.es\/politica-de-cookies\/#breadcrumb\",\"itemListElement\":[{\"@type\":\"ListItem\",\"position\":1,\"name\":\"Portada\",\"item\":\"https:\/\/econeteges.es\/\"},{\"@type\":\"ListItem\",\"position\":2,\"name\":\"Pol\u00edtica de Cookies\"}]},{\"@type\":\"WebSite\",\"@id\":\"https:\/\/econeteges.es\/#website\",\"url\":\"https:\/\/econeteges.es\/\",\"name\":\"econeteges.es | empresa de limpieza\",\"description\":\"Limpieza a domicilio | pulidos y abrillantados | mantenimiento de comunidades\",\"publisher\":{\"@id\":\"https:\/\/econeteges.es\/#organization\"},\"potentialAction\":[{\"@type\":\"SearchAction\",\"target\":{\"@type\":\"EntryPoint\",\"urlTemplate\":\"https:\/\/econeteges.es\/?s={search_term_string}\"},\"query-input\":\"required name=search_term_string\"}],\"inLanguage\":\"ca\"},{\"@type\":\"Organization\",\"@id\":\"https:\/\/econeteges.es\/#organization\",\"name\":\"Econeteges\",\"url\":\"https:\/\/econeteges.es\/\",\"logo\":{\"@type\":\"ImageObject\",\"inLanguage\":\"ca\",\"@id\":\"https:\/\/econeteges.es\/#\/schema\/logo\/image\/\",\"url\":\"https:\/\/econeteges.es\/wp-content\/uploads\/2020\/05\/nuestra-empresa_185260.jpg\",\"contentUrl\":\"https:\/\/econeteges.es\/wp-content\/uploads\/2020\/05\/nuestra-empresa_185260.jpg\",\"width\":600,\"height\":600,\"caption\":\"Econeteges\"},\"image\":{\"@id\":\"https:\/\/econeteges.es\/#\/schema\/logo\/image\/\"},\"sameAs\":[\"https:\/\/www.instagram.com\/econeteges\/\"]}]}<\/script>\n<!-- \/ Yoast SEO plugin. -->","yoast_head_json":{"title":"Pol\u00edtica de Cookies - econeteges.es | empresa de limpieza","robots":{"index":"index","follow":"follow","max-snippet":"max-snippet:-1","max-image-preview":"max-image-preview:large","max-video-preview":"max-video-preview:-1"},"canonical":"https:\/\/econeteges.es\/ca\/politica-de-cookies\/","og_locale":"ca_ES","og_type":"article","og_title":"Pol\u00edtica de Cookies - econeteges.es | empresa de limpieza","og_description":"Pol\u00edtica de Cookies \u00bfQu\u00e9 son las cookies? Las Cookies son peque\u00f1os archivos que algunas plataformas, como las p\u00e1ginas web, pueden instalar en su ordenador, Smartphone, Tablet o televisi\u00f3n conectada. Sus funciones pueden ser muy variadas: almacenar sus preferencias de navegaci\u00f3n, recopilar informaci\u00f3n estad\u00edstica, permitir ciertas funcionalidades t\u00e9cnicas, etc. En ocasiones, las cookies se utilizan para [&hellip;]","og_url":"https:\/\/econeteges.es\/ca\/politica-de-cookies\/","og_site_name":"econeteges.es | empresa de limpieza","twitter_card":"summary_large_image","twitter_misc":{"Temps estimat de lectura":"3 minuts"},"schema":{"@context":"https:\/\/schema.org","@graph":[{"@type":"WebPage","@id":"https:\/\/econeteges.es\/politica-de-cookies\/","url":"https:\/\/econeteges.es\/politica-de-cookies\/","name":"Pol\u00edtica de Cookies - econeteges.es | empresa de limpieza","isPartOf":{"@id":"https:\/\/econeteges.es\/#website"},"datePublished":"2016-03-09T17:42:42+00:00","dateModified":"2016-03-09T17:42:42+00:00","breadcrumb":{"@id":"https:\/\/econeteges.es\/politica-de-cookies\/#breadcrumb"},"inLanguage":"ca","potentialAction":[{"@type":"ReadAction","target":["https:\/\/econeteges.es\/politica-de-cookies\/"]}]},{"@type":"BreadcrumbList","@id":"https:\/\/econeteges.es\/politica-de-cookies\/#breadcrumb","itemListElement":[{"@type":"ListItem","position":1,"name":"Portada","item":"https:\/\/econeteges.es\/"},{"@type":"ListItem","position":2,"name":"Pol\u00edtica de Cookies"}]},{"@type":"WebSite","@id":"https:\/\/econeteges.es\/#website","url":"https:\/\/econeteges.es\/","name":"econeteges.es | empresa de limpieza","description":"Limpieza a domicilio | pulidos y abrillantados | mantenimiento de comunidades","publisher":{"@id":"https:\/\/econeteges.es\/#organization"},"potentialAction":[{"@type":"SearchAction","target":{"@type":"EntryPoint","urlTemplate":"https:\/\/econeteges.es\/?s={search_term_string}"},"query-input":"required name=search_term_string"}],"inLanguage":"ca"},{"@type":"Organization","@id":"https:\/\/econeteges.es\/#organization","name":"Econeteges","url":"https:\/\/econeteges.es\/","logo":{"@type":"ImageObject","inLanguage":"ca","@id":"https:\/\/econeteges.es\/#\/schema\/logo\/image\/","url":"https:\/\/econeteges.es\/wp-content\/uploads\/2020\/05\/nuestra-empresa_185260.jpg","contentUrl":"https:\/\/econeteges.es\/wp-content\/uploads\/2020\/05\/nuestra-empresa_185260.jpg","width":600,"height":600,"caption":"Econeteges"},"image":{"@id":"https:\/\/econeteges.es\/#\/schema\/logo\/image\/"},"sameAs":["https:\/\/www.instagram.com\/econeteges\/"]}]}},"_links":{"self":[{"href":"https:\/\/econeteges.es\/ca\/wp-json\/wp\/v2\/pages\/476"}],"collection":[{"href":"https:\/\/econeteges.es\/ca\/wp-json\/wp\/v2\/pages"}],"about":[{"href":"https:\/\/econeteges.es\/ca\/wp-json\/wp\/v2\/types\/page"}],"author":[{"embeddable":true,"href":"https:\/\/econeteges.es\/ca\/wp-json\/wp\/v2\/users\/1"}],"replies":[{"embeddable":true,"href":"https:\/\/econeteges.es\/ca\/wp-json\/wp\/v2\/comments?post=476"}],"version-history":[{"count":1,"href":"https:\/\/econeteges.es\/ca\/wp-json\/wp\/v2\/pages\/476\/revisions"}],"predecessor-version":[{"id":478,"href":"https:\/\/econeteges.es\/ca\/wp-json\/wp\/v2\/pages\/476\/revisions\/478"}],"wp:attachment":[{"href":"https:\/\/econeteges.es\/ca\/wp-json\/wp\/v2\/media?parent=476"}],"curies":[{"name":"wp","href":"https:\/\/api.w.org\/{rel}","templated":true}]}}