{"id":830,"date":"2020-05-21T19:41:42","date_gmt":"2020-05-21T19:41:42","guid":{"rendered":"https:\/\/econeteges.es\/?page_id=830"},"modified":"2021-04-06T08:09:25","modified_gmt":"2021-04-06T08:09:25","slug":"contacto","status":"publish","type":"page","link":"https:\/\/econeteges.es\/ca\/contacto\/","title":{"rendered":"Contacte"},"content":{"rendered":"<p>[et_pb_section fb_built=\u00bb1&#8243; _builder_version=\u00bb4.4.6&#8243; custom_padding=\u00bb0px||0px||false|false\u00bb][et_pb_row _builder_version=\u00bb4.4.6&#8243; width=\u00bb100%\u00bb max_width=\u00bb100%\u00bb custom_margin=\u00bb0px|0px|0px|0px|false|false\u00bb custom_padding=\u00bb0px|0px|0px|0px|false|true\u00bb][et_pb_column type=\u00bb4_4&#8243; _builder_version=\u00bb4.4.6&#8243;][et_pb_text admin_label=\u00bbtitulo h1&#8243; _builder_version=\u00bb4.4.6&#8243; positioning=\u00bbabsolute\u00bb position_origin_a=\u00bbtop_right\u00bb horizontal_offset=\u00bb-200%\u00bb z_index=\u00bb-4&#8243; width=\u00bb100%\u00bb]<\/p>\n<h1>Contacta con Econeteges empresa de limpieza general y pulido de suelos en Tarragona<\/h1>\n<p>[\/et_pb_text][et_pb_slider use_bg_overlay=\u00bbon\u00bb bg_overlay_color=\u00bbrgba(0,0,0,0.34)\u00bb _builder_version=\u00bb4.4.6&#8243; header_font=\u00bb|700|||||||\u00bb body_font_size=\u00bb20px\u00bb min_height=\u00bb650px\u00bb min_height_tablet=\u00bb\u00bb min_height_phone=\u00bb\u00bb min_height_last_edited=\u00bbon|phone\u00bb custom_padding=\u00bb||||false|false\u00bb auto=\u00bbon\u00bb auto_speed=\u00bb3500&#8243; auto_ignore_hover=\u00bbon\u00bb body_font_size_tablet=\u00bb16px\u00bb body_font_size_phone=\u00bb\u00bb body_font_size_last_edited=\u00bbon|desktop\u00bb][et_pb_slide heading=\u00bbContacta con nosotros\u00bb _builder_version=\u00bb4.4.6&#8243; background_image=\u00bbhttps:\/\/econeteges.es\/wp-content\/uploads\/2020\/05\/contacto.jpg\u00bb background_enable_image=\u00bbon\u00bb body_text_shadow_style=\u00bbpreset5&#8243; sticky_transition=\u00bbon\u00bb]<\/p>\n<p><strong>Servicios de limpieza\u00a0especializados, pulidos de suelos, limpieza de oficinas, p\u00e1rquings, residencias privadas<\/strong><\/p>\n<p>[\/et_pb_slide][\/et_pb_slider][\/et_pb_column][\/et_pb_row][\/et_pb_section][et_pb_section fb_built=\u00bb1&#8243; _builder_version=\u00bb3.22&#8243; locked=\u00bboff\u00bb][et_pb_row column_structure=\u00bb1_2,1_2&#8243; _builder_version=\u00bb4.4.6&#8243; background_size=\u00bbinitial\u00bb background_position=\u00bbtop_left\u00bb background_repeat=\u00bbrepeat\u00bb][et_pb_column type=\u00bb1_2&#8243; _builder_version=\u00bb3.25&#8243; custom_padding=\u00bb|||\u00bb custom_padding__hover=\u00bb|||\u00bb][et_pb_contact_form use_spam_service=\u00bbon\u00bb recaptcha_list=\u00bbeconeteges-0&#8243; email=\u00bboficina@econeteges.es\u00bb custom_message=\u00bbNuevo correo de %%Name%% con el correo %%Email%% y tel\u00e9fono: %%telefono%%||et_pb_line_break_holder||mensaje:||et_pb_line_break_holder||%%Message%%||et_pb_line_break_holder||||et_pb_line_break_holder||NO responda directamente a este correo si quiere ponerse en contacto con el cliente %%Name%% utilice su correo  %%Email%% o tel\u00e9fono %%telefono%%\u00bb success_message=\u00bbGracias por contactar con nosotros!\u00bb submit_button_text=\u00bbEnviar\u00bb _builder_version=\u00bb4.9.2&#8243; positioning=\u00bbrelative\u00bb position_origin_f=\u00bbcenter_right\u00bb hover_enabled=\u00bb0&#8243; custom_button=\u00bbon\u00bb button_text_color=\u00bb#FFFFFF\u00bb button_bg_color=\u00bb#1ab900&#8243; button_bg_enable_color=\u00bbon\u00bb sticky_enabled=\u00bb0&#8243;][et_pb_contact_field field_id=\u00bbName\u00bb field_title=\u00bbNombre\u00bb min_length=\u00bb8&#8243; max_length=\u00bb40&#8243; allowed_symbols=\u00bbletters\u00bb _builder_version=\u00bb4.4.6&#8243; button_text_size__hover_enabled=\u00bboff\u00bb button_one_text_size__hover_enabled=\u00bboff\u00bb button_two_text_size__hover_enabled=\u00bboff\u00bb button_text_color__hover_enabled=\u00bboff\u00bb button_one_text_color__hover_enabled=\u00bboff\u00bb button_two_text_color__hover_enabled=\u00bboff\u00bb button_border_width__hover_enabled=\u00bboff\u00bb button_one_border_width__hover_enabled=\u00bboff\u00bb button_two_border_width__hover_enabled=\u00bboff\u00bb button_border_color__hover_enabled=\u00bboff\u00bb button_one_border_color__hover_enabled=\u00bboff\u00bb button_two_border_color__hover_enabled=\u00bboff\u00bb button_border_radius__hover_enabled=\u00bboff\u00bb button_one_border_radius__hover_enabled=\u00bboff\u00bb button_two_border_radius__hover_enabled=\u00bboff\u00bb button_letter_spacing__hover_enabled=\u00bboff\u00bb button_one_letter_spacing__hover_enabled=\u00bboff\u00bb button_two_letter_spacing__hover_enabled=\u00bboff\u00bb button_bg_color__hover_enabled=\u00bboff\u00bb button_one_bg_color__hover_enabled=\u00bboff\u00bb button_two_bg_color__hover_enabled=\u00bboff\u00bb][\/et_pb_contact_field][et_pb_contact_field field_id=\u00bbtelefono\u00bb field_title=\u00bbSu Tel\u00e9fono\u00bb min_length=\u00bb9&#8243; max_length=\u00bb15&#8243; allowed_symbols=\u00bbnumbers\u00bb _builder_version=\u00bb4.9.2&#8243; hover_enabled=\u00bb0&#8243; button_text_size__hover_enabled=\u00bboff\u00bb button_one_text_size__hover_enabled=\u00bboff\u00bb button_two_text_size__hover_enabled=\u00bboff\u00bb button_text_color__hover_enabled=\u00bboff\u00bb button_one_text_color__hover_enabled=\u00bboff\u00bb button_two_text_color__hover_enabled=\u00bboff\u00bb button_border_width__hover_enabled=\u00bboff\u00bb button_one_border_width__hover_enabled=\u00bboff\u00bb button_two_border_width__hover_enabled=\u00bboff\u00bb button_border_color__hover_enabled=\u00bboff\u00bb button_one_border_color__hover_enabled=\u00bboff\u00bb button_two_border_color__hover_enabled=\u00bboff\u00bb button_border_radius__hover_enabled=\u00bboff\u00bb button_one_border_radius__hover_enabled=\u00bboff\u00bb button_two_border_radius__hover_enabled=\u00bboff\u00bb button_letter_spacing__hover_enabled=\u00bboff\u00bb button_one_letter_spacing__hover_enabled=\u00bboff\u00bb button_two_letter_spacing__hover_enabled=\u00bboff\u00bb button_bg_color__hover_enabled=\u00bboff\u00bb button_one_bg_color__hover_enabled=\u00bboff\u00bb button_two_bg_color__hover_enabled=\u00bboff\u00bb sticky_enabled=\u00bb0&#8243;][\/et_pb_contact_field][et_pb_contact_field field_id=\u00bbEmail\u00bb field_title=\u00bbDirecci\u00f3n de correo electr\u00f3nico\u00bb field_type=\u00bbemail\u00bb _builder_version=\u00bb4.9.2&#8243; hover_enabled=\u00bb0&#8243; button_text_size__hover_enabled=\u00bboff\u00bb button_one_text_size__hover_enabled=\u00bboff\u00bb button_two_text_size__hover_enabled=\u00bboff\u00bb button_text_color__hover_enabled=\u00bboff\u00bb button_one_text_color__hover_enabled=\u00bboff\u00bb button_two_text_color__hover_enabled=\u00bboff\u00bb button_border_width__hover_enabled=\u00bboff\u00bb button_one_border_width__hover_enabled=\u00bboff\u00bb button_two_border_width__hover_enabled=\u00bboff\u00bb button_border_color__hover_enabled=\u00bboff\u00bb button_one_border_color__hover_enabled=\u00bboff\u00bb button_two_border_color__hover_enabled=\u00bboff\u00bb button_border_radius__hover_enabled=\u00bboff\u00bb button_one_border_radius__hover_enabled=\u00bboff\u00bb button_two_border_radius__hover_enabled=\u00bboff\u00bb button_letter_spacing__hover_enabled=\u00bboff\u00bb button_one_letter_spacing__hover_enabled=\u00bboff\u00bb button_two_letter_spacing__hover_enabled=\u00bboff\u00bb button_bg_color__hover_enabled=\u00bboff\u00bb button_one_bg_color__hover_enabled=\u00bboff\u00bb button_two_bg_color__hover_enabled=\u00bboff\u00bb fullwidth_field=\u00bbon\u00bb sticky_enabled=\u00bb0&#8243;][\/et_pb_contact_field][et_pb_contact_field field_id=\u00bbMessage\u00bb field_title=\u00bbMensaje\u00bb field_type=\u00bbtext\u00bb fullwidth_field=\u00bbon\u00bb _builder_version=\u00bb4.4.6&#8243; button_text_size__hover_enabled=\u00bboff\u00bb button_one_text_size__hover_enabled=\u00bboff\u00bb button_two_text_size__hover_enabled=\u00bboff\u00bb button_text_color__hover_enabled=\u00bboff\u00bb button_one_text_color__hover_enabled=\u00bboff\u00bb button_two_text_color__hover_enabled=\u00bboff\u00bb button_border_width__hover_enabled=\u00bboff\u00bb button_one_border_width__hover_enabled=\u00bboff\u00bb button_two_border_width__hover_enabled=\u00bboff\u00bb button_border_color__hover_enabled=\u00bboff\u00bb button_one_border_color__hover_enabled=\u00bboff\u00bb button_two_border_color__hover_enabled=\u00bboff\u00bb button_border_radius__hover_enabled=\u00bboff\u00bb button_one_border_radius__hover_enabled=\u00bboff\u00bb button_two_border_radius__hover_enabled=\u00bboff\u00bb button_letter_spacing__hover_enabled=\u00bboff\u00bb button_one_letter_spacing__hover_enabled=\u00bboff\u00bb button_two_letter_spacing__hover_enabled=\u00bboff\u00bb button_bg_color__hover_enabled=\u00bboff\u00bb button_one_bg_color__hover_enabled=\u00bboff\u00bb button_two_bg_color__hover_enabled=\u00bboff\u00bb][\/et_pb_contact_field][\/et_pb_contact_form][\/et_pb_column][et_pb_column type=\u00bb1_2&#8243; _builder_version=\u00bb3.25&#8243; custom_padding=\u00bb|||\u00bb custom_padding__hover=\u00bb|||\u00bb][et_pb_text _builder_version=\u00bb4.4.8&#8243; text_font_size=\u00bb18px\u00bb header_2_text_align=\u00bbleft\u00bb background_size=\u00bbinitial\u00bb background_position=\u00bbtop_left\u00bb background_repeat=\u00bbrepeat\u00bb text_orientation=\u00bbjustified\u00bb custom_margin=\u00bb||14px|||\u00bb custom_padding=\u00bb0em|1em|0em|1em|false|false\u00bb scroll_horizontal_motion_enable=\u00bbon\u00bb scroll_horizontal_motion=\u00bb0|13|89|100|10|0|10&#8243; border_style=\u00bbsolid\u00bb]<\/p>\n<h2 align=\"justify\">Contrata la limpieza de calidad<\/h2>\n<p>[\/et_pb_text][et_pb_text _builder_version=\u00bb4.4.8&#8243; text_font_size=\u00bb18px\u00bb background_size=\u00bbinitial\u00bb background_position=\u00bbtop_left\u00bb background_repeat=\u00bbrepeat\u00bb custom_margin=\u00bb0px||0px||false|false\u00bb custom_padding=\u00bb0em|1em||1em|false|false\u00bb scroll_horizontal_motion_enable=\u00bbon\u00bb scroll_horizontal_motion=\u00bb0|13|89|100|10|0|10&#8243; border_style=\u00bbsolid\u00bb]<\/p>\n<p>Nuestros servicios son m\u00e1s accesibles de lo que imaginas.<\/p>\n<p>[\/et_pb_text][et_pb_text _builder_version=\u00bb4.4.8&#8243; text_font_size=\u00bb18px\u00bb background_size=\u00bbinitial\u00bb background_position=\u00bbtop_left\u00bb background_repeat=\u00bbrepeat\u00bb custom_margin=\u00bb0px||0px||false|false\u00bb custom_padding=\u00bb0.3em|1em|0.3em|1em|true|false\u00bb scroll_horizontal_motion_enable=\u00bbon\u00bb scroll_horizontal_motion=\u00bb0|13|89|100|10|0|10&#8243; border_style=\u00bbsolid\u00bb]<\/p>\n<p><b>Ofrecemos presupuestos sin compromiso.<\/b><\/p>\n<p>[\/et_pb_text][et_pb_text _builder_version=\u00bb4.4.8&#8243; text_font_size=\u00bb18px\u00bb background_size=\u00bbinitial\u00bb background_position=\u00bbtop_left\u00bb background_repeat=\u00bbrepeat\u00bb custom_margin=\u00bb0px||0px||false|false\u00bb custom_padding=\u00bb0em|1em||1em|false|false\u00bb scroll_horizontal_motion_enable=\u00bbon\u00bb scroll_horizontal_motion=\u00bb0|13|89|100|10|0|10&#8243; border_style=\u00bbsolid\u00bb]<\/p>\n<p>Cons\u00faltanos para resolver cualquier duda!<\/p>\n<p>[\/et_pb_text][et_pb_text _builder_version=\u00bb4.9.2&#8243; text_font_size=\u00bb18px\u00bb link_font_size=\u00bb31px\u00bb background_size=\u00bbinitial\u00bb background_position=\u00bbtop_left\u00bb background_repeat=\u00bbrepeat\u00bb text_orientation=\u00bbjustified\u00bb custom_margin=\u00bb8px||0px||false|false\u00bb custom_padding=\u00bb0em|1em||1em|false|false\u00bb scroll_horizontal_motion_enable=\u00bbon\u00bb scroll_horizontal_motion=\u00bb0|13|89|100|10|0|10&#8243; hover_enabled=\u00bb0&#8243; border_style=\u00bbsolid\u00bb link_text_color=\u00bb#1ab900&#8243; sticky_enabled=\u00bb0&#8243; link_text_align=\u00bbcenter\u00bb]<\/p>\n<p style=\"text-align: center;\"><a href=\"tel:622727555\">622 72 75 55<\/a><\/p>\n<p>[\/et_pb_text][\/et_pb_column][\/et_pb_row][\/et_pb_section][et_pb_section fb_built=\u00bb1&#8243; custom_padding_last_edited=\u00bbon|desktop\u00bb _builder_version=\u00bb4.4.6&#8243; background_color=\u00bb#ffffff\u00bb custom_padding_tablet=\u00bb50px|0|50px|0&#8243; custom_padding_phone=\u00bb\u00bb transparent_background=\u00bboff\u00bb padding_mobile=\u00bboff\u00bb make_fullwidth=\u00bboff\u00bb use_custom_width=\u00bboff\u00bb width_unit=\u00bbon\u00bb][et_pb_row column_structure=\u00bb1_3,1_3,1_3&#8243; _builder_version=\u00bb4.4.6&#8243; background_size=\u00bbinitial\u00bb background_position=\u00bbtop_left\u00bb background_repeat=\u00bbrepeat\u00bb custom_padding=\u00bb||8px|||\u00bb][et_pb_column type=\u00bb1_3&#8243; _builder_version=\u00bb3.25&#8243; custom_padding=\u00bb|||\u00bb custom_padding__hover=\u00bb|||\u00bb][et_pb_blurb title=\u00bbTu suelo brillante te espera\u00bb use_icon=\u00bbon\u00bb font_icon=\u00bb%%101%%\u00bb icon_color=\u00bb#ffffff\u00bb use_circle=\u00bbon\u00bb circle_color=\u00bb#c3cfdf\u00bb icon_placement=\u00bbleft\u00bb _builder_version=\u00bb4.4.6&#8243; header_font=\u00bb|on|||\u00bb header_font_size=\u00bb17&#8243; body_font_size=\u00bb16px\u00bb background_size=\u00bbinitial\u00bb background_position=\u00bbtop_left\u00bb background_repeat=\u00bbrepeat\u00bb text_orientation=\u00bbcenter\u00bb animation=\u00bboff\u00bb hover_transition_duration=\u00bb800ms\u00bb use_border_color=\u00bboff\u00bb border_color=\u00bb#ffffff\u00bb border_style=\u00bbsolid\u00bb transform_styles__hover_enabled=\u00bbon|hover\u00bb transform_scale__hover_enabled=\u00bbon|hover\u00bb transform_translate__hover_enabled=\u00bbon|desktop\u00bb transform_rotate__hover_enabled=\u00bbon|desktop\u00bb transform_skew__hover_enabled=\u00bbon|desktop\u00bb transform_origin__hover_enabled=\u00bbon|desktop\u00bb transform_scale__hover=\u00bb106%|106%\u00bb]<\/p>\n<p><span style=\"color: #333333;\"><strong>Por un coste m\u00ednimo abrillanta los suelos desgastados y rayados<\/strong><\/span><\/p>\n<p>[\/et_pb_blurb][\/et_pb_column][et_pb_column type=\u00bb1_3&#8243; _builder_version=\u00bb3.25&#8243; custom_padding=\u00bb|||\u00bb custom_padding__hover=\u00bb|||\u00bb][et_pb_blurb title=\u00bbRapidez eficacia y profesionalidad\u00bb use_icon=\u00bbon\u00bb font_icon=\u00bb%%92%%\u00bb icon_color=\u00bb#ffffff\u00bb use_circle=\u00bbon\u00bb circle_color=\u00bb#c3cfdf\u00bb icon_placement=\u00bbleft\u00bb _builder_version=\u00bb4.4.6&#8243; header_font=\u00bb|on|||\u00bb header_font_size=\u00bb17&#8243; body_font_size=\u00bb16px\u00bb background_size=\u00bbinitial\u00bb background_position=\u00bbtop_left\u00bb background_repeat=\u00bbrepeat\u00bb text_orientation=\u00bbcenter\u00bb animation=\u00bboff\u00bb use_border_color=\u00bboff\u00bb border_color=\u00bb#ffffff\u00bb border_style=\u00bbsolid\u00bb transform_styles__hover_enabled=\u00bbon|hover\u00bb transform_scale__hover_enabled=\u00bbon|hover\u00bb transform_translate__hover_enabled=\u00bbon|desktop\u00bb transform_rotate__hover_enabled=\u00bbon|desktop\u00bb transform_skew__hover_enabled=\u00bbon|desktop\u00bb transform_origin__hover_enabled=\u00bbon|desktop\u00bb transform_scale__hover=\u00bb106%|106%\u00bb]<\/p>\n<p><strong>Trabajamos con los mejores equipos y personal cualificado<\/strong><\/p>\n<p>[\/et_pb_blurb][\/et_pb_column][et_pb_column type=\u00bb1_3&#8243; _builder_version=\u00bb3.25&#8243; custom_padding=\u00bb|||\u00bb custom_padding__hover=\u00bb|||\u00bb][et_pb_blurb title=\u00bbCONTACTA CON NOSOTROS\u00bb url=\u00bb\/contacto\/\u00bb use_icon=\u00bbon\u00bb font_icon=\u00bb%%104%%\u00bb icon_color=\u00bb#ffffff\u00bb use_circle=\u00bbon\u00bb circle_color=\u00bb#c3cfdf\u00bb icon_placement=\u00bbleft\u00bb _builder_version=\u00bb4.4.8&#8243; header_font=\u00bb|on|||\u00bb header_font_size=\u00bb17&#8243; background_size=\u00bbinitial\u00bb background_position=\u00bbtop_left\u00bb background_repeat=\u00bbrepeat\u00bb text_orientation=\u00bbcenter\u00bb animation=\u00bboff\u00bb border_style=\u00bbsolid\u00bb transform_styles__hover_enabled=\u00bbon|hover\u00bb transform_scale__hover_enabled=\u00bbon|hover\u00bb transform_translate__hover_enabled=\u00bbon|desktop\u00bb transform_rotate__hover_enabled=\u00bbon|desktop\u00bb transform_skew__hover_enabled=\u00bbon|desktop\u00bb transform_origin__hover_enabled=\u00bbon|desktop\u00bb transform_scale__hover=\u00bb106%|106%\u00bb]<\/p>\n<h5><a href=\"tel:622727555\" title=\"tel: 622 72 75 55\">Tel. 622 72 75 55<\/a><\/h5>\n<p><span style=\"color: #333333;\">Email:<a href=\"mailto:oficina@econeteges.es\"> oficina@econeteges.es<\/a><\/span><\/p>\n<p>[\/et_pb_blurb][\/et_pb_column][\/et_pb_row][\/et_pb_section]<\/p>\n","protected":false},"excerpt":{"rendered":"<p>Contacta con Econeteges empresa de limpieza general y pulido de suelos en TarragonaServicios de limpieza\u00a0especializados, pulidos de suelos, limpieza de oficinas, p\u00e1rquings, residencias privadasContrata la limpieza de calidadNuestros servicios son m\u00e1s accesibles de lo que imaginas.Ofrecemos presupuestos sin compromiso.Cons\u00faltanos para resolver cualquier duda!622 72 75 55Por un coste m\u00ednimo abrillanta los suelos desgastados y rayadosTrabajamos [&hellip;]<\/p>\n","protected":false},"author":1,"featured_media":0,"parent":0,"menu_order":0,"comment_status":"closed","ping_status":"closed","template":"","meta":{"_et_pb_use_builder":"on","_et_pb_old_content":"","_et_gb_content_width":"","footnotes":""},"yoast_head":"<!-- This site is optimized with the Yoast SEO plugin v22.3 - https:\/\/yoast.com\/wordpress\/plugins\/seo\/ -->\n<title>Contacto empresa de limpieza y pulido de suelos en Tarragona<\/title>\n<meta name=\"description\" content=\"Contacta con nosotros, le ofrecemos presupuestos sin compromiso, los mejores precios y atendemos cualquier duda, sugerencia o critica.\" \/>\n<meta name=\"robots\" content=\"index, follow, max-snippet:-1, max-image-preview:large, max-video-preview:-1\" \/>\n<link rel=\"canonical\" href=\"https:\/\/econeteges.es\/ca\/contacto\/\" \/>\n<meta property=\"og:locale\" content=\"ca_ES\" \/>\n<meta property=\"og:type\" content=\"article\" \/>\n<meta property=\"og:title\" content=\"Contacto empresa de limpieza y pulido de suelos en Tarragona\" \/>\n<meta property=\"og:description\" content=\"Contacta con nosotros, le ofrecemos presupuestos sin compromiso, los mejores precios y atendemos cualquier duda, sugerencia o critica.\" \/>\n<meta property=\"og:url\" content=\"https:\/\/econeteges.es\/ca\/contacto\/\" \/>\n<meta property=\"og:site_name\" content=\"econeteges.es | empresa de limpieza\" \/>\n<meta property=\"article:modified_time\" content=\"2021-04-06T08:09:25+00:00\" \/>\n<meta name=\"twitter:card\" content=\"summary_large_image\" \/>\n<meta name=\"twitter:label1\" content=\"Temps estimat de lectura\" \/>\n\t<meta name=\"twitter:data1\" content=\"9 minuts\" \/>\n<script type=\"application\/ld+json\" class=\"yoast-schema-graph\">{\"@context\":\"https:\/\/schema.org\",\"@graph\":[{\"@type\":\"WebPage\",\"@id\":\"https:\/\/econeteges.es\/contacto\/\",\"url\":\"https:\/\/econeteges.es\/contacto\/\",\"name\":\"Contacto empresa de limpieza y pulido de suelos en Tarragona\",\"isPartOf\":{\"@id\":\"https:\/\/econeteges.es\/#website\"},\"datePublished\":\"2020-05-21T19:41:42+00:00\",\"dateModified\":\"2021-04-06T08:09:25+00:00\",\"description\":\"Contacta con nosotros, le ofrecemos presupuestos sin compromiso, los mejores precios y atendemos cualquier duda, sugerencia o critica.\",\"breadcrumb\":{\"@id\":\"https:\/\/econeteges.es\/contacto\/#breadcrumb\"},\"inLanguage\":\"ca\",\"potentialAction\":[{\"@type\":\"ReadAction\",\"target\":[\"https:\/\/econeteges.es\/contacto\/\"]}]},{\"@type\":\"BreadcrumbList\",\"@id\":\"https:\/\/econeteges.es\/contacto\/#breadcrumb\",\"itemListElement\":[{\"@type\":\"ListItem\",\"position\":1,\"name\":\"Portada\",\"item\":\"https:\/\/econeteges.es\/\"},{\"@type\":\"ListItem\",\"position\":2,\"name\":\"Contacto\"}]},{\"@type\":\"WebSite\",\"@id\":\"https:\/\/econeteges.es\/#website\",\"url\":\"https:\/\/econeteges.es\/\",\"name\":\"econeteges.es | empresa de limpieza\",\"description\":\"Limpieza a domicilio | pulidos y abrillantados | mantenimiento de comunidades\",\"publisher\":{\"@id\":\"https:\/\/econeteges.es\/#organization\"},\"potentialAction\":[{\"@type\":\"SearchAction\",\"target\":{\"@type\":\"EntryPoint\",\"urlTemplate\":\"https:\/\/econeteges.es\/?s={search_term_string}\"},\"query-input\":\"required name=search_term_string\"}],\"inLanguage\":\"ca\"},{\"@type\":\"Organization\",\"@id\":\"https:\/\/econeteges.es\/#organization\",\"name\":\"Econeteges\",\"url\":\"https:\/\/econeteges.es\/\",\"logo\":{\"@type\":\"ImageObject\",\"inLanguage\":\"ca\",\"@id\":\"https:\/\/econeteges.es\/#\/schema\/logo\/image\/\",\"url\":\"https:\/\/econeteges.es\/wp-content\/uploads\/2020\/05\/nuestra-empresa_185260.jpg\",\"contentUrl\":\"https:\/\/econeteges.es\/wp-content\/uploads\/2020\/05\/nuestra-empresa_185260.jpg\",\"width\":600,\"height\":600,\"caption\":\"Econeteges\"},\"image\":{\"@id\":\"https:\/\/econeteges.es\/#\/schema\/logo\/image\/\"},\"sameAs\":[\"https:\/\/www.instagram.com\/econeteges\/\"]}]}<\/script>\n<!-- \/ Yoast SEO plugin. -->","yoast_head_json":{"title":"Contacto empresa de limpieza y pulido de suelos en Tarragona","description":"Contacta con nosotros, le ofrecemos presupuestos sin compromiso, los mejores precios y atendemos cualquier duda, sugerencia o critica.","robots":{"index":"index","follow":"follow","max-snippet":"max-snippet:-1","max-image-preview":"max-image-preview:large","max-video-preview":"max-video-preview:-1"},"canonical":"https:\/\/econeteges.es\/ca\/contacto\/","og_locale":"ca_ES","og_type":"article","og_title":"Contacto empresa de limpieza y pulido de suelos en Tarragona","og_description":"Contacta con nosotros, le ofrecemos presupuestos sin compromiso, los mejores precios y atendemos cualquier duda, sugerencia o critica.","og_url":"https:\/\/econeteges.es\/ca\/contacto\/","og_site_name":"econeteges.es | empresa de limpieza","article_modified_time":"2021-04-06T08:09:25+00:00","twitter_card":"summary_large_image","twitter_misc":{"Temps estimat de lectura":"9 minuts"},"schema":{"@context":"https:\/\/schema.org","@graph":[{"@type":"WebPage","@id":"https:\/\/econeteges.es\/contacto\/","url":"https:\/\/econeteges.es\/contacto\/","name":"Contacto empresa de limpieza y pulido de suelos en Tarragona","isPartOf":{"@id":"https:\/\/econeteges.es\/#website"},"datePublished":"2020-05-21T19:41:42+00:00","dateModified":"2021-04-06T08:09:25+00:00","description":"Contacta con nosotros, le ofrecemos presupuestos sin compromiso, los mejores precios y atendemos cualquier duda, sugerencia o critica.","breadcrumb":{"@id":"https:\/\/econeteges.es\/contacto\/#breadcrumb"},"inLanguage":"ca","potentialAction":[{"@type":"ReadAction","target":["https:\/\/econeteges.es\/contacto\/"]}]},{"@type":"BreadcrumbList","@id":"https:\/\/econeteges.es\/contacto\/#breadcrumb","itemListElement":[{"@type":"ListItem","position":1,"name":"Portada","item":"https:\/\/econeteges.es\/"},{"@type":"ListItem","position":2,"name":"Contacto"}]},{"@type":"WebSite","@id":"https:\/\/econeteges.es\/#website","url":"https:\/\/econeteges.es\/","name":"econeteges.es | empresa de limpieza","description":"Limpieza a domicilio | pulidos y abrillantados | mantenimiento de comunidades","publisher":{"@id":"https:\/\/econeteges.es\/#organization"},"potentialAction":[{"@type":"SearchAction","target":{"@type":"EntryPoint","urlTemplate":"https:\/\/econeteges.es\/?s={search_term_string}"},"query-input":"required name=search_term_string"}],"inLanguage":"ca"},{"@type":"Organization","@id":"https:\/\/econeteges.es\/#organization","name":"Econeteges","url":"https:\/\/econeteges.es\/","logo":{"@type":"ImageObject","inLanguage":"ca","@id":"https:\/\/econeteges.es\/#\/schema\/logo\/image\/","url":"https:\/\/econeteges.es\/wp-content\/uploads\/2020\/05\/nuestra-empresa_185260.jpg","contentUrl":"https:\/\/econeteges.es\/wp-content\/uploads\/2020\/05\/nuestra-empresa_185260.jpg","width":600,"height":600,"caption":"Econeteges"},"image":{"@id":"https:\/\/econeteges.es\/#\/schema\/logo\/image\/"},"sameAs":["https:\/\/www.instagram.com\/econeteges\/"]}]}},"_links":{"self":[{"href":"https:\/\/econeteges.es\/ca\/wp-json\/wp\/v2\/pages\/830"}],"collection":[{"href":"https:\/\/econeteges.es\/ca\/wp-json\/wp\/v2\/pages"}],"about":[{"href":"https:\/\/econeteges.es\/ca\/wp-json\/wp\/v2\/types\/page"}],"author":[{"embeddable":true,"href":"https:\/\/econeteges.es\/ca\/wp-json\/wp\/v2\/users\/1"}],"replies":[{"embeddable":true,"href":"https:\/\/econeteges.es\/ca\/wp-json\/wp\/v2\/comments?post=830"}],"version-history":[{"count":15,"href":"https:\/\/econeteges.es\/ca\/wp-json\/wp\/v2\/pages\/830\/revisions"}],"predecessor-version":[{"id":1237,"href":"https:\/\/econeteges.es\/ca\/wp-json\/wp\/v2\/pages\/830\/revisions\/1237"}],"wp:attachment":[{"href":"https:\/\/econeteges.es\/ca\/wp-json\/wp\/v2\/media?parent=830"}],"curies":[{"name":"wp","href":"https:\/\/api.w.org\/{rel}","templated":true}]}}