{"id":1027,"date":"2020-07-07T11:30:46","date_gmt":"2020-07-07T11:30:46","guid":{"rendered":"https:\/\/econeteges.es\/?post_type=product&#038;p=1027"},"modified":"2020-07-07T11:30:48","modified_gmt":"2020-07-07T11:30:48","slug":"cera-para-abrillantado-de-suelos-manual-pano-o-fregona","status":"publish","type":"product","link":"https:\/\/econeteges.es\/ca\/producte\/cera-para-abrillantado-de-suelos-manual-pano-o-fregona\/","title":{"rendered":"Cera para abrillantado de suelos manual (pa\u00f1o o fregona)"},"content":{"rendered":"<p>Cera abrillantadora de uso manual, No se necesita una m\u00e1quina abrillantadora.<\/p>\n<p>Cera para suelos te Terrazo, m\u00e1rmol, baldosas, suelos sint\u00e9ticos.<br \/>\nSe puede usar diluida o directamente en el suelo concentrada para un brillo muy intenso.<br \/>\nLa cera es de color rojo y reaviva los tonos rojizos de los suelos.<\/p>","protected":false},"excerpt":{"rendered":"<p>Cera abrillantadora de uso manual, No se necesita una m\u00e1quina abrillantadora. Cera para suelos te Terrazo, m\u00e1rmol, baldosas, suelos sint\u00e9ticos. Se puede usar diluida o directamente en el suelo concentrada para un brillo muy intenso. La cera es de color rojo y reaviva los tonos rojizos de los suelos.<\/p>","protected":false},"featured_media":1029,"template":"","meta":{"_et_pb_use_builder":"","_et_pb_old_content":"","_et_gb_content_width":""},"product_cat":[31],"product_tag":[],"yoast_head":"<!-- This site is optimized with the Yoast SEO plugin v22.3 - https:\/\/yoast.com\/wordpress\/plugins\/seo\/ -->\n<title>Cera para abrillantado de suelos manual (pa\u00f1o o fregona) - econeteges.es | empresa de limpieza<\/title>\n<meta name=\"robots\" content=\"index, follow, max-snippet:-1, max-image-preview:large, max-video-preview:-1\" \/>\n<link rel=\"canonical\" href=\"https:\/\/econeteges.es\/ca\/producte\/cera-para-abrillantado-de-suelos-manual-pano-o-fregona\/\" \/>\n<meta property=\"og:locale\" content=\"ca_ES\" \/>\n<meta property=\"og:type\" content=\"article\" \/>\n<meta property=\"og:title\" content=\"Cera para abrillantado de suelos manual (pa\u00f1o o fregona) - econeteges.es | empresa de limpieza\" \/>\n<meta property=\"og:description\" content=\"Cera abrillantadora de uso manual, No se necesita una m\u00e1quina abrillantadora. Cera para suelos te Terrazo, m\u00e1rmol, baldosas, suelos sint\u00e9ticos. Se puede usar diluida o directamente en el suelo concentrada para un brillo muy intenso. La cera es de color rojo y reaviva los tonos rojizos de los suelos.\" \/>\n<meta property=\"og:url\" content=\"https:\/\/econeteges.es\/ca\/producte\/cera-para-abrillantado-de-suelos-manual-pano-o-fregona\/\" \/>\n<meta property=\"og:site_name\" content=\"econeteges.es | empresa de limpieza\" \/>\n<meta property=\"article:modified_time\" content=\"2020-07-07T11:30:48+00:00\" \/>\n<meta property=\"og:image\" content=\"https:\/\/econeteges.es\/wp-content\/uploads\/2020\/07\/cera-para-suelos-roja.jpg\" \/>\n\t<meta property=\"og:image:width\" content=\"340\" \/>\n\t<meta property=\"og:image:height\" content=\"340\" \/>\n\t<meta property=\"og:image:type\" content=\"image\/jpeg\" \/>\n<meta name=\"twitter:card\" content=\"summary_large_image\" \/>\n<script type=\"application\/ld+json\" class=\"yoast-schema-graph\">{\"@context\":\"https:\/\/schema.org\",\"@graph\":[{\"@type\":\"WebPage\",\"@id\":\"https:\/\/econeteges.es\/ca\/producte\/cera-para-abrillantado-de-suelos-manual-pano-o-fregona\/\",\"url\":\"https:\/\/econeteges.es\/ca\/producte\/cera-para-abrillantado-de-suelos-manual-pano-o-fregona\/\",\"name\":\"Cera para abrillantado de suelos manual (pa\u00f1o o fregona) - econeteges.es | empresa de limpieza\",\"isPartOf\":{\"@id\":\"https:\/\/econeteges.es\/#website\"},\"primaryImageOfPage\":{\"@id\":\"https:\/\/econeteges.es\/ca\/producte\/cera-para-abrillantado-de-suelos-manual-pano-o-fregona\/#primaryimage\"},\"image\":{\"@id\":\"https:\/\/econeteges.es\/ca\/producte\/cera-para-abrillantado-de-suelos-manual-pano-o-fregona\/#primaryimage\"},\"thumbnailUrl\":\"https:\/\/econeteges.es\/wp-content\/uploads\/2020\/07\/cera-para-suelos-roja.jpg\",\"datePublished\":\"2020-07-07T11:30:46+00:00\",\"dateModified\":\"2020-07-07T11:30:48+00:00\",\"breadcrumb\":{\"@id\":\"https:\/\/econeteges.es\/ca\/producte\/cera-para-abrillantado-de-suelos-manual-pano-o-fregona\/#breadcrumb\"},\"inLanguage\":\"ca\",\"potentialAction\":[{\"@type\":\"ReadAction\",\"target\":[\"https:\/\/econeteges.es\/ca\/producte\/cera-para-abrillantado-de-suelos-manual-pano-o-fregona\/\"]}]},{\"@type\":\"ImageObject\",\"inLanguage\":\"ca\",\"@id\":\"https:\/\/econeteges.es\/ca\/producte\/cera-para-abrillantado-de-suelos-manual-pano-o-fregona\/#primaryimage\",\"url\":\"https:\/\/econeteges.es\/wp-content\/uploads\/2020\/07\/cera-para-suelos-roja.jpg\",\"contentUrl\":\"https:\/\/econeteges.es\/wp-content\/uploads\/2020\/07\/cera-para-suelos-roja.jpg\",\"width\":340,\"height\":340},{\"@type\":\"BreadcrumbList\",\"@id\":\"https:\/\/econeteges.es\/ca\/producte\/cera-para-abrillantado-de-suelos-manual-pano-o-fregona\/#breadcrumb\",\"itemListElement\":[{\"@type\":\"ListItem\",\"position\":1,\"name\":\"Portada\",\"item\":\"https:\/\/econeteges.es\/\"},{\"@type\":\"ListItem\",\"position\":2,\"name\":\"Tienda\",\"item\":\"https:\/\/econeteges.es\/ca\/tienda\/\"},{\"@type\":\"ListItem\",\"position\":3,\"name\":\"Cera para abrillantado de suelos manual (pa\u00f1o o fregona)\"}]},{\"@type\":\"WebSite\",\"@id\":\"https:\/\/econeteges.es\/#website\",\"url\":\"https:\/\/econeteges.es\/\",\"name\":\"econeteges.es | empresa de limpieza\",\"description\":\"Limpieza a domicilio | pulidos y abrillantados | mantenimiento de comunidades\",\"publisher\":{\"@id\":\"https:\/\/econeteges.es\/#organization\"},\"potentialAction\":[{\"@type\":\"SearchAction\",\"target\":{\"@type\":\"EntryPoint\",\"urlTemplate\":\"https:\/\/econeteges.es\/?s={search_term_string}\"},\"query-input\":\"required name=search_term_string\"}],\"inLanguage\":\"ca\"},{\"@type\":\"Organization\",\"@id\":\"https:\/\/econeteges.es\/#organization\",\"name\":\"Econeteges\",\"url\":\"https:\/\/econeteges.es\/\",\"logo\":{\"@type\":\"ImageObject\",\"inLanguage\":\"ca\",\"@id\":\"https:\/\/econeteges.es\/#\/schema\/logo\/image\/\",\"url\":\"https:\/\/econeteges.es\/wp-content\/uploads\/2020\/05\/nuestra-empresa_185260.jpg\",\"contentUrl\":\"https:\/\/econeteges.es\/wp-content\/uploads\/2020\/05\/nuestra-empresa_185260.jpg\",\"width\":600,\"height\":600,\"caption\":\"Econeteges\"},\"image\":{\"@id\":\"https:\/\/econeteges.es\/#\/schema\/logo\/image\/\"},\"sameAs\":[\"https:\/\/www.instagram.com\/econeteges\/\"]}]}<\/script>\n<!-- \/ Yoast SEO plugin. -->","yoast_head_json":{"title":"Cera para abrillantado de suelos manual (pa\u00f1o o fregona) - econeteges.es | empresa de limpieza","robots":{"index":"index","follow":"follow","max-snippet":"max-snippet:-1","max-image-preview":"max-image-preview:large","max-video-preview":"max-video-preview:-1"},"canonical":"https:\/\/econeteges.es\/ca\/producte\/cera-para-abrillantado-de-suelos-manual-pano-o-fregona\/","og_locale":"ca_ES","og_type":"article","og_title":"Cera para abrillantado de suelos manual (pa\u00f1o o fregona) - econeteges.es | empresa de limpieza","og_description":"Cera abrillantadora de uso manual, No se necesita una m\u00e1quina abrillantadora. Cera para suelos te Terrazo, m\u00e1rmol, baldosas, suelos sint\u00e9ticos. Se puede usar diluida o directamente en el suelo concentrada para un brillo muy intenso. La cera es de color rojo y reaviva los tonos rojizos de los suelos.","og_url":"https:\/\/econeteges.es\/ca\/producte\/cera-para-abrillantado-de-suelos-manual-pano-o-fregona\/","og_site_name":"econeteges.es | empresa de limpieza","article_modified_time":"2020-07-07T11:30:48+00:00","og_image":[{"width":340,"height":340,"url":"https:\/\/econeteges.es\/wp-content\/uploads\/2020\/07\/cera-para-suelos-roja.jpg","type":"image\/jpeg"}],"twitter_card":"summary_large_image","schema":{"@context":"https:\/\/schema.org","@graph":[{"@type":"WebPage","@id":"https:\/\/econeteges.es\/ca\/producte\/cera-para-abrillantado-de-suelos-manual-pano-o-fregona\/","url":"https:\/\/econeteges.es\/ca\/producte\/cera-para-abrillantado-de-suelos-manual-pano-o-fregona\/","name":"Cera para abrillantado de suelos manual (pa\u00f1o o fregona) - econeteges.es | empresa de limpieza","isPartOf":{"@id":"https:\/\/econeteges.es\/#website"},"primaryImageOfPage":{"@id":"https:\/\/econeteges.es\/ca\/producte\/cera-para-abrillantado-de-suelos-manual-pano-o-fregona\/#primaryimage"},"image":{"@id":"https:\/\/econeteges.es\/ca\/producte\/cera-para-abrillantado-de-suelos-manual-pano-o-fregona\/#primaryimage"},"thumbnailUrl":"https:\/\/econeteges.es\/wp-content\/uploads\/2020\/07\/cera-para-suelos-roja.jpg","datePublished":"2020-07-07T11:30:46+00:00","dateModified":"2020-07-07T11:30:48+00:00","breadcrumb":{"@id":"https:\/\/econeteges.es\/ca\/producte\/cera-para-abrillantado-de-suelos-manual-pano-o-fregona\/#breadcrumb"},"inLanguage":"ca","potentialAction":[{"@type":"ReadAction","target":["https:\/\/econeteges.es\/ca\/producte\/cera-para-abrillantado-de-suelos-manual-pano-o-fregona\/"]}]},{"@type":"ImageObject","inLanguage":"ca","@id":"https:\/\/econeteges.es\/ca\/producte\/cera-para-abrillantado-de-suelos-manual-pano-o-fregona\/#primaryimage","url":"https:\/\/econeteges.es\/wp-content\/uploads\/2020\/07\/cera-para-suelos-roja.jpg","contentUrl":"https:\/\/econeteges.es\/wp-content\/uploads\/2020\/07\/cera-para-suelos-roja.jpg","width":340,"height":340},{"@type":"BreadcrumbList","@id":"https:\/\/econeteges.es\/ca\/producte\/cera-para-abrillantado-de-suelos-manual-pano-o-fregona\/#breadcrumb","itemListElement":[{"@type":"ListItem","position":1,"name":"Portada","item":"https:\/\/econeteges.es\/"},{"@type":"ListItem","position":2,"name":"Tienda","item":"https:\/\/econeteges.es\/ca\/tienda\/"},{"@type":"ListItem","position":3,"name":"Cera para abrillantado de suelos manual (pa\u00f1o o fregona)"}]},{"@type":"WebSite","@id":"https:\/\/econeteges.es\/#website","url":"https:\/\/econeteges.es\/","name":"econeteges.es | empresa de limpieza","description":"Limpieza a domicilio | pulidos y abrillantados | mantenimiento de comunidades","publisher":{"@id":"https:\/\/econeteges.es\/#organization"},"potentialAction":[{"@type":"SearchAction","target":{"@type":"EntryPoint","urlTemplate":"https:\/\/econeteges.es\/?s={search_term_string}"},"query-input":"required name=search_term_string"}],"inLanguage":"ca"},{"@type":"Organization","@id":"https:\/\/econeteges.es\/#organization","name":"Econeteges","url":"https:\/\/econeteges.es\/","logo":{"@type":"ImageObject","inLanguage":"ca","@id":"https:\/\/econeteges.es\/#\/schema\/logo\/image\/","url":"https:\/\/econeteges.es\/wp-content\/uploads\/2020\/05\/nuestra-empresa_185260.jpg","contentUrl":"https:\/\/econeteges.es\/wp-content\/uploads\/2020\/05\/nuestra-empresa_185260.jpg","width":600,"height":600,"caption":"Econeteges"},"image":{"@id":"https:\/\/econeteges.es\/#\/schema\/logo\/image\/"},"sameAs":["https:\/\/www.instagram.com\/econeteges\/"]}]}},"_links":{"self":[{"href":"https:\/\/econeteges.es\/ca\/wp-json\/wp\/v2\/product\/1027"}],"collection":[{"href":"https:\/\/econeteges.es\/ca\/wp-json\/wp\/v2\/product"}],"about":[{"href":"https:\/\/econeteges.es\/ca\/wp-json\/wp\/v2\/types\/product"}],"wp:featuredmedia":[{"embeddable":true,"href":"https:\/\/econeteges.es\/ca\/wp-json\/wp\/v2\/media\/1029"}],"wp:attachment":[{"href":"https:\/\/econeteges.es\/ca\/wp-json\/wp\/v2\/media?parent=1027"}],"wp:term":[{"taxonomy":"product_cat","embeddable":true,"href":"https:\/\/econeteges.es\/ca\/wp-json\/wp\/v2\/product_cat?post=1027"},{"taxonomy":"product_tag","embeddable":true,"href":"https:\/\/econeteges.es\/ca\/wp-json\/wp\/v2\/product_tag?post=1027"}],"curies":[{"name":"wp","href":"https:\/\/api.w.org\/{rel}","templated":true}]}}