{"id":1362,"date":"2021-06-14T14:06:12","date_gmt":"2021-06-14T14:06:12","guid":{"rendered":"https:\/\/econeteges.es\/?post_type=product&#038;p=1362"},"modified":"2021-06-15T07:59:05","modified_gmt":"2021-06-15T07:59:05","slug":"yueser-10-piezas-loofah-natural-esponja-luffa-con-cordon-y-asa-para-bano-ducha-corporal-limpieza-de-cocina-depurador-3-estilos","status":"publish","type":"product","link":"https:\/\/econeteges.es\/ca\/producte\/yueser-10-piezas-loofah-natural-esponja-luffa-con-cordon-y-asa-para-bano-ducha-corporal-limpieza-de-cocina-depurador-3-estilos\/","title":{"rendered":"Yueser 10 Piezas Loofah Natural Esponja Luffa con Cord\u00f3n y Asa para Ba\u00f1o Ducha Corporal Limpieza de Cocina Depurador (3 estilos)"},"content":{"rendered":"<p>El paquete incluye:<br \/>\n<strong>10 x Loofah Natural<\/strong><\/p>\n<p>Especificaci\u00f3n:<br \/>\nMaterial: esponja vegetal<br \/>\nPieza de esponja vegetal: aproximadamente 12 * 8 cm<br \/>\nLoofah: unos 10 cm<br \/>\nLufa con mango largo: unos 34-36 cm<br \/>\nPeso: 180g<br \/>\nCantidad: 10 piezas<\/p>\n<p>Caracteristicas:<br \/>\nEsta esponja depuradora de esponja vegetal est\u00e1 hecha de esponja vegetal natural, duradera y segura.<br \/>\nLa esponja vegetal est\u00e1 hecha de natural, es efectiva para evitar residuos qu\u00edmicos nocivos al enjuagar los platos, y es f\u00e1cil de quitar el aceite. La esponja vegetal es muy suave en agua que no rayar\u00e1 la superficie del recipiente, f\u00e1cil de secar despu\u00e9s del uso, conveniente para la pr\u00f3xima vez.<br \/>\nRemoje su esponja vegetal durante 20 minutos antes del primer uso, para que absorba suficiente agua.<br \/>\nEl Kitchen Loofah no solo se puede usar para ba\u00f1arse, tambi\u00e9n se puede usar para lavar el taz\u00f3n, cepillar la caldera o limpiar la suciedad de los muebles.<br \/>\nLa luffa natural se puede usar no solo como exfoliante de ba\u00f1o y limpieza de cocina. Puedes cortarlo en pedazos y hacer cualquier jab\u00f3n de esponja vegetal que quieras hacer. O decora tu hogar como una planta natural en maceta.<\/p>\n<p>Nota:<br \/>\nDebido a que se cultiva naturalmente, habr\u00e1 algunas variaciones en el ancho de la esponja vegetal.<br \/>\nUna esponja vegetal tiene un cierto per\u00edodo de uso, se recomienda reemplazarla despu\u00e9s de UN mes para evitar el crecimiento bacteriano.<\/p>","protected":false},"excerpt":{"rendered":"<ul class=\"a-unordered-list a-vertical a-spacing-mini\">\n<li><span class=\"a-list-item\"> \u2764 \u3010Alta calidad\u3011 La Loofah es una planta de crecimiento natural. Los ba\u00f1os Nature Loofah est\u00e1n hechos de esponja vegetal, sin blanquear, estructurada con fibra, sin incluir residuos qu\u00edmicos. Loofah Spa Exfoliating es una herramienta de cuidado natural para nuestra piel. <\/span><\/li>\n<li><span class=\"a-list-item\"> \u2764 \u3010F\u00e1cil de usar\u3011 Use Natural Loofah Bath durante un ba\u00f1o para eliminar la piel seca, Natural Loofah tambi\u00e9n se puede usar para lavar el taz\u00f3n, cepillar la caldera y limpiar cosas sucias. Consejo c\u00e1lido: Remoje la esponja vegetal durante 20 minutos antes del primer uso para absorber suficiente agua. <\/span><\/li>\n<li><span class=\"a-list-item\"> \u2764 \u3010Lo que puede obtener\u3011 Puede obtener 10 piezas de esponja de esponja vegetal natural, tres estilos diferentes de esponja vegetal satisfacen sus diferentes necesidades. Nota: \u00a1Debido a que se cultiva naturalmente, habr\u00e1 algunos errores en el ancho de la esponja vegetal! <\/span><\/li>\n<li><span class=\"a-list-item\"> \u2764 \u3010F\u00e1cil de almacenar\u3011 Cada esponja vegetal tiene una cuerda para colgar, que se puede colgar cuando no est\u00e1 en uso, simple y conveniente, use la cuerda despu\u00e9s del uso para colgar la esponja de la ducha y secar para prolongar la vida \u00fatil, para evitar que las bacterias se multipliquen . <\/span><\/li>\n<li><span class=\"a-list-item\"> \u2764 \u3010Loofah Sponge Bath\u3011 Frota el cuerpo y la espalda, exfoliaci\u00f3n suave, no estimula nuestra piel sensible y la piel puede limpiarse a fondo y elimina el exceso de grasa y suciedad de manera efectiva. Tambi\u00e9n promueve la circulaci\u00f3n sangu\u00ednea en la piel y asegura que su piel se vuelva rosada y suave e irradie como nunca antes hab\u00eda experimentado. <\/span><\/li>\n<\/ul>","protected":false},"featured_media":1365,"template":"","meta":{"_et_pb_use_builder":"","_et_pb_old_content":"","_et_gb_content_width":""},"product_cat":[38,33,25],"product_tag":[],"yoast_head":"<!-- This site is optimized with the Yoast SEO plugin v22.3 - https:\/\/yoast.com\/wordpress\/plugins\/seo\/ -->\n<title>Yueser 10 Piezas Loofah Natural Esponja Luffa con Cord\u00f3n y Asa para Ba\u00f1o Ducha Corporal Limpieza de Cocina Depurador (3 estilos) - econeteges.es | empresa de limpieza<\/title>\n<meta name=\"robots\" content=\"index, follow, max-snippet:-1, max-image-preview:large, max-video-preview:-1\" \/>\n<link rel=\"canonical\" href=\"https:\/\/econeteges.es\/ca\/producte\/yueser-10-piezas-loofah-natural-esponja-luffa-con-cordon-y-asa-para-bano-ducha-corporal-limpieza-de-cocina-depurador-3-estilos\/\" \/>\n<meta property=\"og:locale\" content=\"ca_ES\" \/>\n<meta property=\"og:type\" content=\"article\" \/>\n<meta property=\"og:title\" content=\"Yueser 10 Piezas Loofah Natural Esponja Luffa con Cord\u00f3n y Asa para Ba\u00f1o Ducha Corporal Limpieza de Cocina Depurador (3 estilos) - econeteges.es | empresa de limpieza\" \/>\n<meta property=\"og:description\" content=\"\u2764 \u3010Alta calidad\u3011 La Loofah es una planta de crecimiento natural. Los ba\u00f1os Nature Loofah est\u00e1n hechos de esponja vegetal, sin blanquear, estructurada con fibra, sin incluir residuos qu\u00edmicos. Loofah Spa Exfoliating es una herramienta de cuidado natural para nuestra piel.   \u2764 \u3010F\u00e1cil de usar\u3011 Use Natural Loofah Bath durante un ba\u00f1o para eliminar la piel seca, Natural Loofah tambi\u00e9n se puede usar para lavar el taz\u00f3n, cepillar la caldera y limpiar cosas sucias. Consejo c\u00e1lido: Remoje la esponja vegetal durante 20 minutos antes del primer uso para absorber suficiente agua.   \u2764 \u3010Lo que puede obtener\u3011 Puede obtener 10 piezas de esponja de esponja vegetal natural, tres estilos diferentes de esponja vegetal satisfacen sus diferentes necesidades. Nota: \u00a1Debido a que se cultiva naturalmente, habr\u00e1 algunos errores en el ancho de la esponja vegetal!   \u2764 \u3010F\u00e1cil de almacenar\u3011 Cada esponja vegetal tiene una cuerda para colgar, que se puede colgar cuando no est\u00e1 en uso, simple y conveniente, use la cuerda despu\u00e9s del uso para colgar la esponja de la ducha y secar para prolongar la vida \u00fatil, para evitar que las bacterias se multipliquen .   \u2764 \u3010Loofah Sponge Bath\u3011 Frota el cuerpo y la espalda, exfoliaci\u00f3n suave, no estimula nuestra piel sensible y la piel puede limpiarse a fondo y elimina el exceso de grasa y suciedad de manera efectiva. Tambi\u00e9n promueve la circulaci\u00f3n sangu\u00ednea en la piel y asegura que su piel se vuelva rosada y suave e irradie como nunca antes hab\u00eda experimentado.\" \/>\n<meta property=\"og:url\" content=\"https:\/\/econeteges.es\/ca\/producte\/yueser-10-piezas-loofah-natural-esponja-luffa-con-cordon-y-asa-para-bano-ducha-corporal-limpieza-de-cocina-depurador-3-estilos\/\" \/>\n<meta property=\"og:site_name\" content=\"econeteges.es | empresa de limpieza\" \/>\n<meta property=\"article:modified_time\" content=\"2021-06-15T07:59:05+00:00\" \/>\n<meta property=\"og:image\" content=\"https:\/\/econeteges.es\/wp-content\/uploads\/2021\/06\/71C4KdqtEHL._AC_SL1200_.jpg\" \/>\n\t<meta property=\"og:image:width\" content=\"902\" \/>\n\t<meta property=\"og:image:height\" content=\"900\" \/>\n\t<meta property=\"og:image:type\" content=\"image\/jpeg\" \/>\n<meta name=\"twitter:card\" content=\"summary_large_image\" \/>\n<meta name=\"twitter:label1\" content=\"Temps estimat de lectura\" \/>\n\t<meta name=\"twitter:data1\" content=\"1 minut\" \/>\n<script type=\"application\/ld+json\" class=\"yoast-schema-graph\">{\"@context\":\"https:\/\/schema.org\",\"@graph\":[{\"@type\":\"WebPage\",\"@id\":\"https:\/\/econeteges.es\/ca\/producte\/yueser-10-piezas-loofah-natural-esponja-luffa-con-cordon-y-asa-para-bano-ducha-corporal-limpieza-de-cocina-depurador-3-estilos\/\",\"url\":\"https:\/\/econeteges.es\/ca\/producte\/yueser-10-piezas-loofah-natural-esponja-luffa-con-cordon-y-asa-para-bano-ducha-corporal-limpieza-de-cocina-depurador-3-estilos\/\",\"name\":\"Yueser 10 Piezas Loofah Natural Esponja Luffa con Cord\u00f3n y Asa para Ba\u00f1o Ducha Corporal Limpieza de Cocina Depurador (3 estilos) - econeteges.es | empresa de limpieza\",\"isPartOf\":{\"@id\":\"https:\/\/econeteges.es\/#website\"},\"primaryImageOfPage\":{\"@id\":\"https:\/\/econeteges.es\/ca\/producte\/yueser-10-piezas-loofah-natural-esponja-luffa-con-cordon-y-asa-para-bano-ducha-corporal-limpieza-de-cocina-depurador-3-estilos\/#primaryimage\"},\"image\":{\"@id\":\"https:\/\/econeteges.es\/ca\/producte\/yueser-10-piezas-loofah-natural-esponja-luffa-con-cordon-y-asa-para-bano-ducha-corporal-limpieza-de-cocina-depurador-3-estilos\/#primaryimage\"},\"thumbnailUrl\":\"https:\/\/econeteges.es\/wp-content\/uploads\/2021\/06\/71C4KdqtEHL._AC_SL1200_.jpg\",\"datePublished\":\"2021-06-14T14:06:12+00:00\",\"dateModified\":\"2021-06-15T07:59:05+00:00\",\"breadcrumb\":{\"@id\":\"https:\/\/econeteges.es\/ca\/producte\/yueser-10-piezas-loofah-natural-esponja-luffa-con-cordon-y-asa-para-bano-ducha-corporal-limpieza-de-cocina-depurador-3-estilos\/#breadcrumb\"},\"inLanguage\":\"ca\",\"potentialAction\":[{\"@type\":\"ReadAction\",\"target\":[\"https:\/\/econeteges.es\/ca\/producte\/yueser-10-piezas-loofah-natural-esponja-luffa-con-cordon-y-asa-para-bano-ducha-corporal-limpieza-de-cocina-depurador-3-estilos\/\"]}]},{\"@type\":\"ImageObject\",\"inLanguage\":\"ca\",\"@id\":\"https:\/\/econeteges.es\/ca\/producte\/yueser-10-piezas-loofah-natural-esponja-luffa-con-cordon-y-asa-para-bano-ducha-corporal-limpieza-de-cocina-depurador-3-estilos\/#primaryimage\",\"url\":\"https:\/\/econeteges.es\/wp-content\/uploads\/2021\/06\/71C4KdqtEHL._AC_SL1200_.jpg\",\"contentUrl\":\"https:\/\/econeteges.es\/wp-content\/uploads\/2021\/06\/71C4KdqtEHL._AC_SL1200_.jpg\",\"width\":902,\"height\":900,\"caption\":\"set esponja natural\"},{\"@type\":\"BreadcrumbList\",\"@id\":\"https:\/\/econeteges.es\/ca\/producte\/yueser-10-piezas-loofah-natural-esponja-luffa-con-cordon-y-asa-para-bano-ducha-corporal-limpieza-de-cocina-depurador-3-estilos\/#breadcrumb\",\"itemListElement\":[{\"@type\":\"ListItem\",\"position\":1,\"name\":\"Portada\",\"item\":\"https:\/\/econeteges.es\/\"},{\"@type\":\"ListItem\",\"position\":2,\"name\":\"Tienda\",\"item\":\"https:\/\/econeteges.es\/ca\/tienda\/\"},{\"@type\":\"ListItem\",\"position\":3,\"name\":\"Yueser 10 Piezas Loofah Natural Esponja Luffa con Cord\u00f3n y Asa para Ba\u00f1o Ducha Corporal Limpieza de Cocina Depurador (3 estilos)\"}]},{\"@type\":\"WebSite\",\"@id\":\"https:\/\/econeteges.es\/#website\",\"url\":\"https:\/\/econeteges.es\/\",\"name\":\"econeteges.es | empresa de limpieza\",\"description\":\"Limpieza a domicilio | pulidos y abrillantados | mantenimiento de comunidades\",\"publisher\":{\"@id\":\"https:\/\/econeteges.es\/#organization\"},\"potentialAction\":[{\"@type\":\"SearchAction\",\"target\":{\"@type\":\"EntryPoint\",\"urlTemplate\":\"https:\/\/econeteges.es\/?s={search_term_string}\"},\"query-input\":\"required name=search_term_string\"}],\"inLanguage\":\"ca\"},{\"@type\":\"Organization\",\"@id\":\"https:\/\/econeteges.es\/#organization\",\"name\":\"Econeteges\",\"url\":\"https:\/\/econeteges.es\/\",\"logo\":{\"@type\":\"ImageObject\",\"inLanguage\":\"ca\",\"@id\":\"https:\/\/econeteges.es\/#\/schema\/logo\/image\/\",\"url\":\"https:\/\/econeteges.es\/wp-content\/uploads\/2020\/05\/nuestra-empresa_185260.jpg\",\"contentUrl\":\"https:\/\/econeteges.es\/wp-content\/uploads\/2020\/05\/nuestra-empresa_185260.jpg\",\"width\":600,\"height\":600,\"caption\":\"Econeteges\"},\"image\":{\"@id\":\"https:\/\/econeteges.es\/#\/schema\/logo\/image\/\"},\"sameAs\":[\"https:\/\/www.instagram.com\/econeteges\/\"]}]}<\/script>\n<!-- \/ Yoast SEO plugin. -->","yoast_head_json":{"title":"Yueser 10 Piezas Loofah Natural Esponja Luffa con Cord\u00f3n y Asa para Ba\u00f1o Ducha Corporal Limpieza de Cocina Depurador (3 estilos) - econeteges.es | empresa de limpieza","robots":{"index":"index","follow":"follow","max-snippet":"max-snippet:-1","max-image-preview":"max-image-preview:large","max-video-preview":"max-video-preview:-1"},"canonical":"https:\/\/econeteges.es\/ca\/producte\/yueser-10-piezas-loofah-natural-esponja-luffa-con-cordon-y-asa-para-bano-ducha-corporal-limpieza-de-cocina-depurador-3-estilos\/","og_locale":"ca_ES","og_type":"article","og_title":"Yueser 10 Piezas Loofah Natural Esponja Luffa con Cord\u00f3n y Asa para Ba\u00f1o Ducha Corporal Limpieza de Cocina Depurador (3 estilos) - econeteges.es | empresa de limpieza","og_description":"\u2764 \u3010Alta calidad\u3011 La Loofah es una planta de crecimiento natural. Los ba\u00f1os Nature Loofah est\u00e1n hechos de esponja vegetal, sin blanquear, estructurada con fibra, sin incluir residuos qu\u00edmicos. Loofah Spa Exfoliating es una herramienta de cuidado natural para nuestra piel.   \u2764 \u3010F\u00e1cil de usar\u3011 Use Natural Loofah Bath durante un ba\u00f1o para eliminar la piel seca, Natural Loofah tambi\u00e9n se puede usar para lavar el taz\u00f3n, cepillar la caldera y limpiar cosas sucias. Consejo c\u00e1lido: Remoje la esponja vegetal durante 20 minutos antes del primer uso para absorber suficiente agua.   \u2764 \u3010Lo que puede obtener\u3011 Puede obtener 10 piezas de esponja de esponja vegetal natural, tres estilos diferentes de esponja vegetal satisfacen sus diferentes necesidades. Nota: \u00a1Debido a que se cultiva naturalmente, habr\u00e1 algunos errores en el ancho de la esponja vegetal!   \u2764 \u3010F\u00e1cil de almacenar\u3011 Cada esponja vegetal tiene una cuerda para colgar, que se puede colgar cuando no est\u00e1 en uso, simple y conveniente, use la cuerda despu\u00e9s del uso para colgar la esponja de la ducha y secar para prolongar la vida \u00fatil, para evitar que las bacterias se multipliquen .   \u2764 \u3010Loofah Sponge Bath\u3011 Frota el cuerpo y la espalda, exfoliaci\u00f3n suave, no estimula nuestra piel sensible y la piel puede limpiarse a fondo y elimina el exceso de grasa y suciedad de manera efectiva. Tambi\u00e9n promueve la circulaci\u00f3n sangu\u00ednea en la piel y asegura que su piel se vuelva rosada y suave e irradie como nunca antes hab\u00eda experimentado.","og_url":"https:\/\/econeteges.es\/ca\/producte\/yueser-10-piezas-loofah-natural-esponja-luffa-con-cordon-y-asa-para-bano-ducha-corporal-limpieza-de-cocina-depurador-3-estilos\/","og_site_name":"econeteges.es | empresa de limpieza","article_modified_time":"2021-06-15T07:59:05+00:00","og_image":[{"width":902,"height":900,"url":"https:\/\/econeteges.es\/wp-content\/uploads\/2021\/06\/71C4KdqtEHL._AC_SL1200_.jpg","type":"image\/jpeg"}],"twitter_card":"summary_large_image","twitter_misc":{"Temps estimat de lectura":"1 minut"},"schema":{"@context":"https:\/\/schema.org","@graph":[{"@type":"WebPage","@id":"https:\/\/econeteges.es\/ca\/producte\/yueser-10-piezas-loofah-natural-esponja-luffa-con-cordon-y-asa-para-bano-ducha-corporal-limpieza-de-cocina-depurador-3-estilos\/","url":"https:\/\/econeteges.es\/ca\/producte\/yueser-10-piezas-loofah-natural-esponja-luffa-con-cordon-y-asa-para-bano-ducha-corporal-limpieza-de-cocina-depurador-3-estilos\/","name":"Yueser 10 Piezas Loofah Natural Esponja Luffa con Cord\u00f3n y Asa para Ba\u00f1o Ducha Corporal Limpieza de Cocina Depurador (3 estilos) - econeteges.es | empresa de limpieza","isPartOf":{"@id":"https:\/\/econeteges.es\/#website"},"primaryImageOfPage":{"@id":"https:\/\/econeteges.es\/ca\/producte\/yueser-10-piezas-loofah-natural-esponja-luffa-con-cordon-y-asa-para-bano-ducha-corporal-limpieza-de-cocina-depurador-3-estilos\/#primaryimage"},"image":{"@id":"https:\/\/econeteges.es\/ca\/producte\/yueser-10-piezas-loofah-natural-esponja-luffa-con-cordon-y-asa-para-bano-ducha-corporal-limpieza-de-cocina-depurador-3-estilos\/#primaryimage"},"thumbnailUrl":"https:\/\/econeteges.es\/wp-content\/uploads\/2021\/06\/71C4KdqtEHL._AC_SL1200_.jpg","datePublished":"2021-06-14T14:06:12+00:00","dateModified":"2021-06-15T07:59:05+00:00","breadcrumb":{"@id":"https:\/\/econeteges.es\/ca\/producte\/yueser-10-piezas-loofah-natural-esponja-luffa-con-cordon-y-asa-para-bano-ducha-corporal-limpieza-de-cocina-depurador-3-estilos\/#breadcrumb"},"inLanguage":"ca","potentialAction":[{"@type":"ReadAction","target":["https:\/\/econeteges.es\/ca\/producte\/yueser-10-piezas-loofah-natural-esponja-luffa-con-cordon-y-asa-para-bano-ducha-corporal-limpieza-de-cocina-depurador-3-estilos\/"]}]},{"@type":"ImageObject","inLanguage":"ca","@id":"https:\/\/econeteges.es\/ca\/producte\/yueser-10-piezas-loofah-natural-esponja-luffa-con-cordon-y-asa-para-bano-ducha-corporal-limpieza-de-cocina-depurador-3-estilos\/#primaryimage","url":"https:\/\/econeteges.es\/wp-content\/uploads\/2021\/06\/71C4KdqtEHL._AC_SL1200_.jpg","contentUrl":"https:\/\/econeteges.es\/wp-content\/uploads\/2021\/06\/71C4KdqtEHL._AC_SL1200_.jpg","width":902,"height":900,"caption":"set esponja natural"},{"@type":"BreadcrumbList","@id":"https:\/\/econeteges.es\/ca\/producte\/yueser-10-piezas-loofah-natural-esponja-luffa-con-cordon-y-asa-para-bano-ducha-corporal-limpieza-de-cocina-depurador-3-estilos\/#breadcrumb","itemListElement":[{"@type":"ListItem","position":1,"name":"Portada","item":"https:\/\/econeteges.es\/"},{"@type":"ListItem","position":2,"name":"Tienda","item":"https:\/\/econeteges.es\/ca\/tienda\/"},{"@type":"ListItem","position":3,"name":"Yueser 10 Piezas Loofah Natural Esponja Luffa con Cord\u00f3n y Asa para Ba\u00f1o Ducha Corporal Limpieza de Cocina Depurador (3 estilos)"}]},{"@type":"WebSite","@id":"https:\/\/econeteges.es\/#website","url":"https:\/\/econeteges.es\/","name":"econeteges.es | empresa de limpieza","description":"Limpieza a domicilio | pulidos y abrillantados | mantenimiento de comunidades","publisher":{"@id":"https:\/\/econeteges.es\/#organization"},"potentialAction":[{"@type":"SearchAction","target":{"@type":"EntryPoint","urlTemplate":"https:\/\/econeteges.es\/?s={search_term_string}"},"query-input":"required name=search_term_string"}],"inLanguage":"ca"},{"@type":"Organization","@id":"https:\/\/econeteges.es\/#organization","name":"Econeteges","url":"https:\/\/econeteges.es\/","logo":{"@type":"ImageObject","inLanguage":"ca","@id":"https:\/\/econeteges.es\/#\/schema\/logo\/image\/","url":"https:\/\/econeteges.es\/wp-content\/uploads\/2020\/05\/nuestra-empresa_185260.jpg","contentUrl":"https:\/\/econeteges.es\/wp-content\/uploads\/2020\/05\/nuestra-empresa_185260.jpg","width":600,"height":600,"caption":"Econeteges"},"image":{"@id":"https:\/\/econeteges.es\/#\/schema\/logo\/image\/"},"sameAs":["https:\/\/www.instagram.com\/econeteges\/"]}]}},"_links":{"self":[{"href":"https:\/\/econeteges.es\/ca\/wp-json\/wp\/v2\/product\/1362"}],"collection":[{"href":"https:\/\/econeteges.es\/ca\/wp-json\/wp\/v2\/product"}],"about":[{"href":"https:\/\/econeteges.es\/ca\/wp-json\/wp\/v2\/types\/product"}],"wp:featuredmedia":[{"embeddable":true,"href":"https:\/\/econeteges.es\/ca\/wp-json\/wp\/v2\/media\/1365"}],"wp:attachment":[{"href":"https:\/\/econeteges.es\/ca\/wp-json\/wp\/v2\/media?parent=1362"}],"wp:term":[{"taxonomy":"product_cat","embeddable":true,"href":"https:\/\/econeteges.es\/ca\/wp-json\/wp\/v2\/product_cat?post=1362"},{"taxonomy":"product_tag","embeddable":true,"href":"https:\/\/econeteges.es\/ca\/wp-json\/wp\/v2\/product_tag?post=1362"}],"curies":[{"name":"wp","href":"https:\/\/api.w.org\/{rel}","templated":true}]}}