{"id":1367,"date":"2021-06-14T14:11:18","date_gmt":"2021-06-14T14:11:18","guid":{"rendered":"https:\/\/econeteges.es\/?post_type=product&#038;p=1367"},"modified":"2021-06-15T07:58:42","modified_gmt":"2021-06-15T07:58:42","slug":"naissance-jabon-natural-de-castilla-bio-liquido-1-litro-vegano-sin-perfumes-ni-sulfatos","status":"publish","type":"product","link":"https:\/\/econeteges.es\/ca\/producte\/naissance-jabon-natural-de-castilla-bio-liquido-1-litro-vegano-sin-perfumes-ni-sulfatos\/","title":{"rendered":"Naissance Jab\u00f3n natural de Castilla BIO l\u00edquido 1 Litro \u2013 Vegano, sin perfumes ni sulfatos."},"content":{"rendered":"<h2>Naissance Jab\u00f3n natural de Castilla BIO l\u00edquido 1 Litro<\/h2>\n<p>Marca: Naissance<br \/>\nTipo de piel: Normal<br \/>\nForma del producto: L\u00edquido<br \/>\nDimensiones del producto: largo x ancho x alto 8.4 x 8.4 x 22 cent\u00edmetros<\/p>\n<p><strong>Jab\u00f3n de Castilla BIO l\u00edquido<\/strong>\u00a0 hecho con aceites vegetales altamente hidratantes y nutritivos, no contiene fragancias a\u00f1adidas y est\u00e1 libre de Sodio Lauryl Sulfato (SLS). Utilizado tradicionalmente en Castilla (de hay viene su nombre) como un jab\u00f3n multiusos, actualmente es una opci\u00f3n respetuosa con el medio ambiente, la piel y apto para vegetarianos y veganos, ya que no contiene grasas animales. Puede utilizarse en la piel, como jab\u00f3n de manos o gel de ba\u00f1o, como champ\u00fa para el cabello, la limpieza de la casa y de la ropa.<\/p>\n<p>El jab\u00f3n de Castilla BIO l\u00edquido, es de textura densa, color crema y aroma natural.<\/p>\n<h3><b>C\u00f3mo se utiliza<\/b><\/h3>\n<p>Puede utilizarse directamente de la botella o con algunas gotas de aceites esenciales para a\u00f1adirle aroma y otras propiedades.<\/p>\n<h3><b>Ingredientes<\/b><\/h3>\n<p>Aqua 50-75%, oleato Pot\u00e1sico (extraido de Aceite de Girasol BIO) 10-25%, Cocoato Pot\u00e1sico (extraido de Aceite de Coco BIO) 5-10%, Glicerina (de origen BIO) 1-5%, Citrato pot\u00e1sico 0.1-1%, \u00c1cido C\u00edtrico -0.1%. Conservar en un lugar seco, lejos del calor y la luz.<\/p>\n<p>Todos nuestros productos BIO contienen un certificado de la Soil Association. La Soil Association es la asociaci\u00f3n m\u00e1s grande y conocida en el Reino Unido encargada de certificar el origen ecol\u00f3gico de lo productos. Al igual que Ecocert, la Soil Association garantiza el cultivo ecol\u00f3gico de los productos. El sello de la Soil Association garantiza que el cultivo y origen de los productos son ecol\u00f3gicos.<\/p>\n<h3><b>Precauciones<\/b><\/h3>\n<p>Solo para uso externo.<\/p>\n<p>&nbsp;<\/p>\n<h3>Advertencia de seguridad<\/h3>\n<p>Advertencia de seguridad: uso en moderaci\u00f3n. Siga siempre Seguridad Directrices y Consulte la ayuda m\u00e9dica de B\u00fasqueda un m\u00e9dico Si est\u00e1 dise\u00f1ada para fines de medicamentos. interrumpir uso y si Adversas Efectos Secundarios son experimentado.<\/p>\n<div class=\"a-row a-expander-container a-expander-extend-container\" aria-live=\"polite\" data-a-expander-name=\"toggle_description\">\n<div class=\"a-expander-content a-expander-extend-content a-expander-content-expanded\" aria-expanded=\"true\">\n<h3>Av\u00eds legal<\/h3>\n<p>La informaci\u00f3n proporcionada sobre las propiedades beneficiosas de nuestros productos (incluyendo la medicinal y la de belleza) est\u00e1 basada en su uso tradicional y popular. Los beneficios de nuestros productos pueden variar seg\u00fan el usuario. No recomendamos ni promovemos la automedicaci\u00f3n. Siempre aconsejamos consultar con un especialista en caso de duda.<\/p>\n<\/div>\n<\/div>","protected":false},"excerpt":{"rendered":"<ul class=\"a-unordered-list a-vertical a-spacing-mini\">\n<li><span class=\"a-list-item\"> Elaborado con aceites vegetales de alta calidad <\/span><\/li>\n<li><span class=\"a-list-item\"> Rico en propiedades nutritivas para la piel <\/span><\/li>\n<li><span class=\"a-list-item\"> Jab\u00f3n multiusos que limpia profundamente <\/span><\/li>\n<li><span class=\"a-list-item\"> Se le puede a\u00f1adir aceites esenciales <\/span><\/li>\n<\/ul>","protected":false},"featured_media":1368,"template":"","meta":{"_et_pb_use_builder":"","_et_pb_old_content":"","_et_gb_content_width":""},"product_cat":[38,30],"product_tag":[],"yoast_head":"<!-- This site is optimized with the Yoast SEO plugin v22.3 - https:\/\/yoast.com\/wordpress\/plugins\/seo\/ -->\n<title>Naissance Jab\u00f3n natural de Castilla BIO l\u00edquido 1 Litro \u2013 Vegano, sin perfumes ni sulfatos. - econeteges.es | empresa de limpieza<\/title>\n<meta name=\"robots\" content=\"index, follow, max-snippet:-1, max-image-preview:large, max-video-preview:-1\" \/>\n<link rel=\"canonical\" href=\"https:\/\/econeteges.es\/ca\/producte\/naissance-jabon-natural-de-castilla-bio-liquido-1-litro-vegano-sin-perfumes-ni-sulfatos\/\" \/>\n<meta property=\"og:locale\" content=\"ca_ES\" \/>\n<meta property=\"og:type\" content=\"article\" \/>\n<meta property=\"og:title\" content=\"Naissance Jab\u00f3n natural de Castilla BIO l\u00edquido 1 Litro \u2013 Vegano, sin perfumes ni sulfatos. - econeteges.es | empresa de limpieza\" \/>\n<meta property=\"og:description\" content=\"Elaborado con aceites vegetales de alta calidad   Rico en propiedades nutritivas para la piel   Jab\u00f3n multiusos que limpia profundamente   Se le puede a\u00f1adir aceites esenciales\" \/>\n<meta property=\"og:url\" content=\"https:\/\/econeteges.es\/ca\/producte\/naissance-jabon-natural-de-castilla-bio-liquido-1-litro-vegano-sin-perfumes-ni-sulfatos\/\" \/>\n<meta property=\"og:site_name\" content=\"econeteges.es | empresa de limpieza\" \/>\n<meta property=\"article:modified_time\" content=\"2021-06-15T07:58:42+00:00\" \/>\n<meta property=\"og:image\" content=\"https:\/\/econeteges.es\/wp-content\/uploads\/2021\/06\/61z3bFpWg7L._AC_SL1500_.jpg\" \/>\n\t<meta property=\"og:image:width\" content=\"553\" \/>\n\t<meta property=\"og:image:height\" content=\"900\" \/>\n\t<meta property=\"og:image:type\" content=\"image\/jpeg\" \/>\n<meta name=\"twitter:card\" content=\"summary_large_image\" \/>\n<meta name=\"twitter:label1\" content=\"Temps estimat de lectura\" \/>\n\t<meta name=\"twitter:data1\" content=\"2 minuts\" \/>\n<script type=\"application\/ld+json\" class=\"yoast-schema-graph\">{\"@context\":\"https:\/\/schema.org\",\"@graph\":[{\"@type\":\"WebPage\",\"@id\":\"https:\/\/econeteges.es\/ca\/producte\/naissance-jabon-natural-de-castilla-bio-liquido-1-litro-vegano-sin-perfumes-ni-sulfatos\/\",\"url\":\"https:\/\/econeteges.es\/ca\/producte\/naissance-jabon-natural-de-castilla-bio-liquido-1-litro-vegano-sin-perfumes-ni-sulfatos\/\",\"name\":\"Naissance Jab\u00f3n natural de Castilla BIO l\u00edquido 1 Litro \u2013 Vegano, sin perfumes ni sulfatos. - econeteges.es | empresa de limpieza\",\"isPartOf\":{\"@id\":\"https:\/\/econeteges.es\/#website\"},\"primaryImageOfPage\":{\"@id\":\"https:\/\/econeteges.es\/ca\/producte\/naissance-jabon-natural-de-castilla-bio-liquido-1-litro-vegano-sin-perfumes-ni-sulfatos\/#primaryimage\"},\"image\":{\"@id\":\"https:\/\/econeteges.es\/ca\/producte\/naissance-jabon-natural-de-castilla-bio-liquido-1-litro-vegano-sin-perfumes-ni-sulfatos\/#primaryimage\"},\"thumbnailUrl\":\"https:\/\/econeteges.es\/wp-content\/uploads\/2021\/06\/61z3bFpWg7L._AC_SL1500_.jpg\",\"datePublished\":\"2021-06-14T14:11:18+00:00\",\"dateModified\":\"2021-06-15T07:58:42+00:00\",\"breadcrumb\":{\"@id\":\"https:\/\/econeteges.es\/ca\/producte\/naissance-jabon-natural-de-castilla-bio-liquido-1-litro-vegano-sin-perfumes-ni-sulfatos\/#breadcrumb\"},\"inLanguage\":\"ca\",\"potentialAction\":[{\"@type\":\"ReadAction\",\"target\":[\"https:\/\/econeteges.es\/ca\/producte\/naissance-jabon-natural-de-castilla-bio-liquido-1-litro-vegano-sin-perfumes-ni-sulfatos\/\"]}]},{\"@type\":\"ImageObject\",\"inLanguage\":\"ca\",\"@id\":\"https:\/\/econeteges.es\/ca\/producte\/naissance-jabon-natural-de-castilla-bio-liquido-1-litro-vegano-sin-perfumes-ni-sulfatos\/#primaryimage\",\"url\":\"https:\/\/econeteges.es\/wp-content\/uploads\/2021\/06\/61z3bFpWg7L._AC_SL1500_.jpg\",\"contentUrl\":\"https:\/\/econeteges.es\/wp-content\/uploads\/2021\/06\/61z3bFpWg7L._AC_SL1500_.jpg\",\"width\":553,\"height\":900,\"caption\":\"jabon bio 1\"},{\"@type\":\"BreadcrumbList\",\"@id\":\"https:\/\/econeteges.es\/ca\/producte\/naissance-jabon-natural-de-castilla-bio-liquido-1-litro-vegano-sin-perfumes-ni-sulfatos\/#breadcrumb\",\"itemListElement\":[{\"@type\":\"ListItem\",\"position\":1,\"name\":\"Portada\",\"item\":\"https:\/\/econeteges.es\/\"},{\"@type\":\"ListItem\",\"position\":2,\"name\":\"Tienda\",\"item\":\"https:\/\/econeteges.es\/ca\/tienda\/\"},{\"@type\":\"ListItem\",\"position\":3,\"name\":\"Naissance Jab\u00f3n natural de Castilla BIO l\u00edquido 1 Litro \u2013 Vegano, sin perfumes ni sulfatos.\"}]},{\"@type\":\"WebSite\",\"@id\":\"https:\/\/econeteges.es\/#website\",\"url\":\"https:\/\/econeteges.es\/\",\"name\":\"econeteges.es | empresa de limpieza\",\"description\":\"Limpieza a domicilio | pulidos y abrillantados | mantenimiento de comunidades\",\"publisher\":{\"@id\":\"https:\/\/econeteges.es\/#organization\"},\"potentialAction\":[{\"@type\":\"SearchAction\",\"target\":{\"@type\":\"EntryPoint\",\"urlTemplate\":\"https:\/\/econeteges.es\/?s={search_term_string}\"},\"query-input\":\"required name=search_term_string\"}],\"inLanguage\":\"ca\"},{\"@type\":\"Organization\",\"@id\":\"https:\/\/econeteges.es\/#organization\",\"name\":\"Econeteges\",\"url\":\"https:\/\/econeteges.es\/\",\"logo\":{\"@type\":\"ImageObject\",\"inLanguage\":\"ca\",\"@id\":\"https:\/\/econeteges.es\/#\/schema\/logo\/image\/\",\"url\":\"https:\/\/econeteges.es\/wp-content\/uploads\/2020\/05\/nuestra-empresa_185260.jpg\",\"contentUrl\":\"https:\/\/econeteges.es\/wp-content\/uploads\/2020\/05\/nuestra-empresa_185260.jpg\",\"width\":600,\"height\":600,\"caption\":\"Econeteges\"},\"image\":{\"@id\":\"https:\/\/econeteges.es\/#\/schema\/logo\/image\/\"},\"sameAs\":[\"https:\/\/www.instagram.com\/econeteges\/\"]}]}<\/script>\n<!-- \/ Yoast SEO plugin. -->","yoast_head_json":{"title":"Naissance Jab\u00f3n natural de Castilla BIO l\u00edquido 1 Litro \u2013 Vegano, sin perfumes ni sulfatos. - econeteges.es | empresa de limpieza","robots":{"index":"index","follow":"follow","max-snippet":"max-snippet:-1","max-image-preview":"max-image-preview:large","max-video-preview":"max-video-preview:-1"},"canonical":"https:\/\/econeteges.es\/ca\/producte\/naissance-jabon-natural-de-castilla-bio-liquido-1-litro-vegano-sin-perfumes-ni-sulfatos\/","og_locale":"ca_ES","og_type":"article","og_title":"Naissance Jab\u00f3n natural de Castilla BIO l\u00edquido 1 Litro \u2013 Vegano, sin perfumes ni sulfatos. - econeteges.es | empresa de limpieza","og_description":"Elaborado con aceites vegetales de alta calidad   Rico en propiedades nutritivas para la piel   Jab\u00f3n multiusos que limpia profundamente   Se le puede a\u00f1adir aceites esenciales","og_url":"https:\/\/econeteges.es\/ca\/producte\/naissance-jabon-natural-de-castilla-bio-liquido-1-litro-vegano-sin-perfumes-ni-sulfatos\/","og_site_name":"econeteges.es | empresa de limpieza","article_modified_time":"2021-06-15T07:58:42+00:00","og_image":[{"width":553,"height":900,"url":"https:\/\/econeteges.es\/wp-content\/uploads\/2021\/06\/61z3bFpWg7L._AC_SL1500_.jpg","type":"image\/jpeg"}],"twitter_card":"summary_large_image","twitter_misc":{"Temps estimat de lectura":"2 minuts"},"schema":{"@context":"https:\/\/schema.org","@graph":[{"@type":"WebPage","@id":"https:\/\/econeteges.es\/ca\/producte\/naissance-jabon-natural-de-castilla-bio-liquido-1-litro-vegano-sin-perfumes-ni-sulfatos\/","url":"https:\/\/econeteges.es\/ca\/producte\/naissance-jabon-natural-de-castilla-bio-liquido-1-litro-vegano-sin-perfumes-ni-sulfatos\/","name":"Naissance Jab\u00f3n natural de Castilla BIO l\u00edquido 1 Litro \u2013 Vegano, sin perfumes ni sulfatos. - econeteges.es | empresa de limpieza","isPartOf":{"@id":"https:\/\/econeteges.es\/#website"},"primaryImageOfPage":{"@id":"https:\/\/econeteges.es\/ca\/producte\/naissance-jabon-natural-de-castilla-bio-liquido-1-litro-vegano-sin-perfumes-ni-sulfatos\/#primaryimage"},"image":{"@id":"https:\/\/econeteges.es\/ca\/producte\/naissance-jabon-natural-de-castilla-bio-liquido-1-litro-vegano-sin-perfumes-ni-sulfatos\/#primaryimage"},"thumbnailUrl":"https:\/\/econeteges.es\/wp-content\/uploads\/2021\/06\/61z3bFpWg7L._AC_SL1500_.jpg","datePublished":"2021-06-14T14:11:18+00:00","dateModified":"2021-06-15T07:58:42+00:00","breadcrumb":{"@id":"https:\/\/econeteges.es\/ca\/producte\/naissance-jabon-natural-de-castilla-bio-liquido-1-litro-vegano-sin-perfumes-ni-sulfatos\/#breadcrumb"},"inLanguage":"ca","potentialAction":[{"@type":"ReadAction","target":["https:\/\/econeteges.es\/ca\/producte\/naissance-jabon-natural-de-castilla-bio-liquido-1-litro-vegano-sin-perfumes-ni-sulfatos\/"]}]},{"@type":"ImageObject","inLanguage":"ca","@id":"https:\/\/econeteges.es\/ca\/producte\/naissance-jabon-natural-de-castilla-bio-liquido-1-litro-vegano-sin-perfumes-ni-sulfatos\/#primaryimage","url":"https:\/\/econeteges.es\/wp-content\/uploads\/2021\/06\/61z3bFpWg7L._AC_SL1500_.jpg","contentUrl":"https:\/\/econeteges.es\/wp-content\/uploads\/2021\/06\/61z3bFpWg7L._AC_SL1500_.jpg","width":553,"height":900,"caption":"jabon bio 1"},{"@type":"BreadcrumbList","@id":"https:\/\/econeteges.es\/ca\/producte\/naissance-jabon-natural-de-castilla-bio-liquido-1-litro-vegano-sin-perfumes-ni-sulfatos\/#breadcrumb","itemListElement":[{"@type":"ListItem","position":1,"name":"Portada","item":"https:\/\/econeteges.es\/"},{"@type":"ListItem","position":2,"name":"Tienda","item":"https:\/\/econeteges.es\/ca\/tienda\/"},{"@type":"ListItem","position":3,"name":"Naissance Jab\u00f3n natural de Castilla BIO l\u00edquido 1 Litro \u2013 Vegano, sin perfumes ni sulfatos."}]},{"@type":"WebSite","@id":"https:\/\/econeteges.es\/#website","url":"https:\/\/econeteges.es\/","name":"econeteges.es | empresa de limpieza","description":"Limpieza a domicilio | pulidos y abrillantados | mantenimiento de comunidades","publisher":{"@id":"https:\/\/econeteges.es\/#organization"},"potentialAction":[{"@type":"SearchAction","target":{"@type":"EntryPoint","urlTemplate":"https:\/\/econeteges.es\/?s={search_term_string}"},"query-input":"required name=search_term_string"}],"inLanguage":"ca"},{"@type":"Organization","@id":"https:\/\/econeteges.es\/#organization","name":"Econeteges","url":"https:\/\/econeteges.es\/","logo":{"@type":"ImageObject","inLanguage":"ca","@id":"https:\/\/econeteges.es\/#\/schema\/logo\/image\/","url":"https:\/\/econeteges.es\/wp-content\/uploads\/2020\/05\/nuestra-empresa_185260.jpg","contentUrl":"https:\/\/econeteges.es\/wp-content\/uploads\/2020\/05\/nuestra-empresa_185260.jpg","width":600,"height":600,"caption":"Econeteges"},"image":{"@id":"https:\/\/econeteges.es\/#\/schema\/logo\/image\/"},"sameAs":["https:\/\/www.instagram.com\/econeteges\/"]}]}},"_links":{"self":[{"href":"https:\/\/econeteges.es\/ca\/wp-json\/wp\/v2\/product\/1367"}],"collection":[{"href":"https:\/\/econeteges.es\/ca\/wp-json\/wp\/v2\/product"}],"about":[{"href":"https:\/\/econeteges.es\/ca\/wp-json\/wp\/v2\/types\/product"}],"wp:featuredmedia":[{"embeddable":true,"href":"https:\/\/econeteges.es\/ca\/wp-json\/wp\/v2\/media\/1368"}],"wp:attachment":[{"href":"https:\/\/econeteges.es\/ca\/wp-json\/wp\/v2\/media?parent=1367"}],"wp:term":[{"taxonomy":"product_cat","embeddable":true,"href":"https:\/\/econeteges.es\/ca\/wp-json\/wp\/v2\/product_cat?post=1367"},{"taxonomy":"product_tag","embeddable":true,"href":"https:\/\/econeteges.es\/ca\/wp-json\/wp\/v2\/product_tag?post=1367"}],"curies":[{"name":"wp","href":"https:\/\/api.w.org\/{rel}","templated":true}]}}