{"id":1376,"date":"2021-06-14T14:27:51","date_gmt":"2021-06-14T14:27:51","guid":{"rendered":"https:\/\/econeteges.es\/?post_type=product&#038;p=1376"},"modified":"2021-06-15T07:58:38","modified_gmt":"2021-06-15T07:58:38","slug":"dr-tree-champu-solido-2-en-1-nutricion-champu-solido-y-acondicionador-ecologico-para-cabello-danado-y-quebradizo-99-ingredientes-naturales","status":"publish","type":"product","link":"https:\/\/econeteges.es\/ca\/producte\/dr-tree-champu-solido-2-en-1-nutricion-champu-solido-y-acondicionador-ecologico-para-cabello-danado-y-quebradizo-99-ingredientes-naturales\/","title":{"rendered":"Dr. Tree Champ\u00fa S\u00f3lido 2 En 1 Nutrici\u00f3n | Champ\u00fa S\u00f3lido y Acondicionador Ecol\u00f3gico para Cabello Da\u00f1ado Y Quebradizo | 99% Ingredientes Naturales"},"content":{"rendered":"<h2>Descripci\u00f3n del producto<\/h2>\n<p>Champ\u00fa s\u00f3lido 2 en 1 Nutrici\u00f3n. Con Aceite de Arg\u00e1n altamente concentrado en \u00e1cido ol\u00e9ico, vitamina E y A. Nutre y revitaliza la fibra capilar, reparando el cabello da\u00f1ado y quebradizo. El cabello recupera su brillo y vitalidad natural. Aroma de Miel de origen natural.<\/p>\n<h3>Ingredientes<\/h3>\n<p>Aceite de Arg\u00e1n: altamente concentrado en \u00e1cido oleico y vitamina E y A. Aroma de miel de origen natural.<\/p>\n<div class=\"a-row a-expander-container a-expander-extend-container\" aria-live=\"polite\" data-a-expander-name=\"toggle_description\">\n<div class=\"a-expander-content a-expander-extend-content a-expander-content-expanded\" aria-expanded=\"true\">\n<h3>direcci\u00f3n<\/h3>\n<p>Humedece tu cabello con agua. Desliza la pastilla varias veces por el cabello. Masajea con las manos suavemente la ra\u00edz y el cabello como lo har\u00edas habitualmente con tu champ\u00fa l\u00edquido formando espuma. Acl\u00e1ralo con agua, comprobar\u00e1s tu cabello limpio, brillante y acondicionado. En tu higiene habitual deja la pastilla al aire libre para que se seque, y si viajas usa la jabonera.<\/p>\n<\/div>\n<\/div>","protected":false},"excerpt":{"rendered":"<ul class=\"a-unordered-list a-vertical a-spacing-mini\">\n<li><span class=\"a-list-item\"> Champ\u00fa s\u00f3lido 2 en 1 Nutrici\u00f3n. Con Aceite de Arg\u00e1n altamente concentrado en \u00e1cido ol\u00e9ico, vitamina E y A. Nutre y revitaliza la fibra capilar, reparando el cabello da\u00f1ado y quebradizo. El cabello recupera su brillo y vitalidad natural. Aroma de Miel de origen natural. <\/span><\/li>\n<li><span class=\"a-list-item\"> Concentrado de tensioactivos de origen natural suaves y cremosos que forman una espuma densa y lujosa, limpiando y acondicionando el cabello sin residuos. <\/span><\/li>\n<li><span class=\"a-list-item\"> Base dermatol\u00f3gica con aceite de semilla de Meadowfoam, y con manteca de cacao, que proporciona hidrataci\u00f3n al cabello y confort al cuero cabelludo. <\/span><\/li>\n<li><span class=\"a-list-item\"> 99,7% de Ingredientes de origen Natural. Dr. Tree EST\u00c1 COMPROMETIDO CON LA APUESTA por la SOSTENIBILIDAD y dar SOLUCIONES para esta tendencia con productos de VALOR DERMATOL\u00d3GICO y f\u00f3rmulas de CHAMP\u00daS S\u00d3LIDOS CON CERTIFICACI\u00d3N COSMOS NATURAL <\/span><\/li>\n<li><span class=\"a-list-item\"> Humedece tu cabello con agua. Desliza la pastilla varias veces por el cabello. Masajea con las manos suavemente la ra\u00edz y el cabello como lo har\u00edas habitualmente con tu champ\u00fa l\u00edquido formando espuma. Acl\u00e1ralo con agua, comprobar\u00e1s tu cabello limpio, brillante y acondicionado. En tu higiene habitual deja la pastilla al aire libre para que se seque, y si viajas usa la jabonera. <\/span><\/li>\n<li><span class=\"a-list-item\"> Pensamos en el planeta. <strong>1 champ\u00fa s\u00f3lido Dr. Tree equivale a ahorrar 3 envases de champ\u00fa l\u00edquido. <\/strong><\/span><\/li>\n<li><span class=\"a-list-item\"> Limpia y acondiciona. Concentrado y cremoso, emulsi\u00f3n s\u00f3lida, no conglomerado. Cosm\u00e9tica natural certificada. <\/span><\/li>\n<li><span class=\"a-list-item\">Hecho a mano. Sostenible. Reciclable.\u00a0<\/span><\/li>\n<\/ul>","protected":false},"featured_media":1377,"template":"","meta":{"_et_pb_use_builder":"","_et_pb_old_content":"","_et_gb_content_width":""},"product_cat":[38,30],"product_tag":[],"yoast_head":"<!-- This site is optimized with the Yoast SEO plugin v22.3 - https:\/\/yoast.com\/wordpress\/plugins\/seo\/ -->\n<title>Dr. Tree Champ\u00fa S\u00f3lido 2 En 1 Nutrici\u00f3n | Champ\u00fa S\u00f3lido y Acondicionador Ecol\u00f3gico para Cabello Da\u00f1ado Y Quebradizo | 99% Ingredientes Naturales - econeteges.es | empresa de limpieza<\/title>\n<meta name=\"robots\" content=\"index, follow, max-snippet:-1, max-image-preview:large, max-video-preview:-1\" \/>\n<link rel=\"canonical\" href=\"https:\/\/econeteges.es\/ca\/producte\/dr-tree-champu-solido-2-en-1-nutricion-champu-solido-y-acondicionador-ecologico-para-cabello-danado-y-quebradizo-99-ingredientes-naturales\/\" \/>\n<meta property=\"og:locale\" content=\"ca_ES\" \/>\n<meta property=\"og:type\" content=\"article\" \/>\n<meta property=\"og:title\" content=\"Dr. Tree Champ\u00fa S\u00f3lido 2 En 1 Nutrici\u00f3n | Champ\u00fa S\u00f3lido y Acondicionador Ecol\u00f3gico para Cabello Da\u00f1ado Y Quebradizo | 99% Ingredientes Naturales - econeteges.es | empresa de limpieza\" \/>\n<meta property=\"og:description\" content=\"Champ\u00fa s\u00f3lido 2 en 1 Nutrici\u00f3n. Con Aceite de Arg\u00e1n altamente concentrado en \u00e1cido ol\u00e9ico, vitamina E y A. Nutre y revitaliza la fibra capilar, reparando el cabello da\u00f1ado y quebradizo. El cabello recupera su brillo y vitalidad natural. Aroma de Miel de origen natural.   Concentrado de tensioactivos de origen natural suaves y cremosos que forman una espuma densa y lujosa, limpiando y acondicionando el cabello sin residuos.   Base dermatol\u00f3gica con aceite de semilla de Meadowfoam, y con manteca de cacao, que proporciona hidrataci\u00f3n al cabello y confort al cuero cabelludo.   99,7% de Ingredientes de origen Natural. Dr. Tree EST\u00c1 COMPROMETIDO CON LA APUESTA por la SOSTENIBILIDAD y dar SOLUCIONES para esta tendencia con productos de VALOR DERMATOL\u00d3GICO y f\u00f3rmulas de CHAMP\u00daS S\u00d3LIDOS CON CERTIFICACI\u00d3N COSMOS NATURAL   Humedece tu cabello con agua. Desliza la pastilla varias veces por el cabello. Masajea con las manos suavemente la ra\u00edz y el cabello como lo har\u00edas habitualmente con tu champ\u00fa l\u00edquido formando espuma. Acl\u00e1ralo con agua, comprobar\u00e1s tu cabello limpio, brillante y acondicionado. En tu higiene habitual deja la pastilla al aire libre para que se seque, y si viajas usa la jabonera.   Pensamos en el planeta. 1 champ\u00fa s\u00f3lido Dr. Tree equivale a ahorrar 3 envases de champ\u00fa l\u00edquido.   Limpia y acondiciona. Concentrado y cremoso, emulsi\u00f3n s\u00f3lida, no conglomerado. Cosm\u00e9tica natural certificada.   Hecho a mano. Sostenible. Reciclable.\u00a0\" \/>\n<meta property=\"og:url\" content=\"https:\/\/econeteges.es\/ca\/producte\/dr-tree-champu-solido-2-en-1-nutricion-champu-solido-y-acondicionador-ecologico-para-cabello-danado-y-quebradizo-99-ingredientes-naturales\/\" \/>\n<meta property=\"og:site_name\" content=\"econeteges.es | empresa de limpieza\" \/>\n<meta property=\"article:modified_time\" content=\"2021-06-15T07:58:38+00:00\" \/>\n<meta property=\"og:image\" content=\"https:\/\/econeteges.es\/wp-content\/uploads\/2021\/06\/dr-tree-champu-solido-1.jpg\" \/>\n\t<meta property=\"og:image:width\" content=\"1152\" \/>\n\t<meta property=\"og:image:height\" content=\"935\" \/>\n\t<meta property=\"og:image:type\" content=\"image\/jpeg\" \/>\n<meta name=\"twitter:card\" content=\"summary_large_image\" \/>\n<meta name=\"twitter:label1\" content=\"Temps estimat de lectura\" \/>\n\t<meta name=\"twitter:data1\" content=\"1 minut\" \/>\n<script type=\"application\/ld+json\" class=\"yoast-schema-graph\">{\"@context\":\"https:\/\/schema.org\",\"@graph\":[{\"@type\":\"WebPage\",\"@id\":\"https:\/\/econeteges.es\/ca\/producte\/dr-tree-champu-solido-2-en-1-nutricion-champu-solido-y-acondicionador-ecologico-para-cabello-danado-y-quebradizo-99-ingredientes-naturales\/\",\"url\":\"https:\/\/econeteges.es\/ca\/producte\/dr-tree-champu-solido-2-en-1-nutricion-champu-solido-y-acondicionador-ecologico-para-cabello-danado-y-quebradizo-99-ingredientes-naturales\/\",\"name\":\"Dr. Tree Champ\u00fa S\u00f3lido 2 En 1 Nutrici\u00f3n | Champ\u00fa S\u00f3lido y Acondicionador Ecol\u00f3gico para Cabello Da\u00f1ado Y Quebradizo | 99% Ingredientes Naturales - econeteges.es | empresa de limpieza\",\"isPartOf\":{\"@id\":\"https:\/\/econeteges.es\/#website\"},\"primaryImageOfPage\":{\"@id\":\"https:\/\/econeteges.es\/ca\/producte\/dr-tree-champu-solido-2-en-1-nutricion-champu-solido-y-acondicionador-ecologico-para-cabello-danado-y-quebradizo-99-ingredientes-naturales\/#primaryimage\"},\"image\":{\"@id\":\"https:\/\/econeteges.es\/ca\/producte\/dr-tree-champu-solido-2-en-1-nutricion-champu-solido-y-acondicionador-ecologico-para-cabello-danado-y-quebradizo-99-ingredientes-naturales\/#primaryimage\"},\"thumbnailUrl\":\"https:\/\/econeteges.es\/wp-content\/uploads\/2021\/06\/dr-tree-champu-solido-1.jpg\",\"datePublished\":\"2021-06-14T14:27:51+00:00\",\"dateModified\":\"2021-06-15T07:58:38+00:00\",\"breadcrumb\":{\"@id\":\"https:\/\/econeteges.es\/ca\/producte\/dr-tree-champu-solido-2-en-1-nutricion-champu-solido-y-acondicionador-ecologico-para-cabello-danado-y-quebradizo-99-ingredientes-naturales\/#breadcrumb\"},\"inLanguage\":\"ca\",\"potentialAction\":[{\"@type\":\"ReadAction\",\"target\":[\"https:\/\/econeteges.es\/ca\/producte\/dr-tree-champu-solido-2-en-1-nutricion-champu-solido-y-acondicionador-ecologico-para-cabello-danado-y-quebradizo-99-ingredientes-naturales\/\"]}]},{\"@type\":\"ImageObject\",\"inLanguage\":\"ca\",\"@id\":\"https:\/\/econeteges.es\/ca\/producte\/dr-tree-champu-solido-2-en-1-nutricion-champu-solido-y-acondicionador-ecologico-para-cabello-danado-y-quebradizo-99-ingredientes-naturales\/#primaryimage\",\"url\":\"https:\/\/econeteges.es\/wp-content\/uploads\/2021\/06\/dr-tree-champu-solido-1.jpg\",\"contentUrl\":\"https:\/\/econeteges.es\/wp-content\/uploads\/2021\/06\/dr-tree-champu-solido-1.jpg\",\"width\":1152,\"height\":935,\"caption\":\"dr tree champu solido (1)\"},{\"@type\":\"BreadcrumbList\",\"@id\":\"https:\/\/econeteges.es\/ca\/producte\/dr-tree-champu-solido-2-en-1-nutricion-champu-solido-y-acondicionador-ecologico-para-cabello-danado-y-quebradizo-99-ingredientes-naturales\/#breadcrumb\",\"itemListElement\":[{\"@type\":\"ListItem\",\"position\":1,\"name\":\"Portada\",\"item\":\"https:\/\/econeteges.es\/\"},{\"@type\":\"ListItem\",\"position\":2,\"name\":\"Tienda\",\"item\":\"https:\/\/econeteges.es\/ca\/tienda\/\"},{\"@type\":\"ListItem\",\"position\":3,\"name\":\"Dr. Tree Champ\u00fa S\u00f3lido 2 En 1 Nutrici\u00f3n | Champ\u00fa S\u00f3lido y Acondicionador Ecol\u00f3gico para Cabello Da\u00f1ado Y Quebradizo | 99% Ingredientes Naturales\"}]},{\"@type\":\"WebSite\",\"@id\":\"https:\/\/econeteges.es\/#website\",\"url\":\"https:\/\/econeteges.es\/\",\"name\":\"econeteges.es | empresa de limpieza\",\"description\":\"Limpieza a domicilio | pulidos y abrillantados | mantenimiento de comunidades\",\"publisher\":{\"@id\":\"https:\/\/econeteges.es\/#organization\"},\"potentialAction\":[{\"@type\":\"SearchAction\",\"target\":{\"@type\":\"EntryPoint\",\"urlTemplate\":\"https:\/\/econeteges.es\/?s={search_term_string}\"},\"query-input\":\"required name=search_term_string\"}],\"inLanguage\":\"ca\"},{\"@type\":\"Organization\",\"@id\":\"https:\/\/econeteges.es\/#organization\",\"name\":\"Econeteges\",\"url\":\"https:\/\/econeteges.es\/\",\"logo\":{\"@type\":\"ImageObject\",\"inLanguage\":\"ca\",\"@id\":\"https:\/\/econeteges.es\/#\/schema\/logo\/image\/\",\"url\":\"https:\/\/econeteges.es\/wp-content\/uploads\/2020\/05\/nuestra-empresa_185260.jpg\",\"contentUrl\":\"https:\/\/econeteges.es\/wp-content\/uploads\/2020\/05\/nuestra-empresa_185260.jpg\",\"width\":600,\"height\":600,\"caption\":\"Econeteges\"},\"image\":{\"@id\":\"https:\/\/econeteges.es\/#\/schema\/logo\/image\/\"},\"sameAs\":[\"https:\/\/www.instagram.com\/econeteges\/\"]}]}<\/script>\n<!-- \/ Yoast SEO plugin. -->","yoast_head_json":{"title":"Dr. Tree Champ\u00fa S\u00f3lido 2 En 1 Nutrici\u00f3n | Champ\u00fa S\u00f3lido y Acondicionador Ecol\u00f3gico para Cabello Da\u00f1ado Y Quebradizo | 99% Ingredientes Naturales - econeteges.es | empresa de limpieza","robots":{"index":"index","follow":"follow","max-snippet":"max-snippet:-1","max-image-preview":"max-image-preview:large","max-video-preview":"max-video-preview:-1"},"canonical":"https:\/\/econeteges.es\/ca\/producte\/dr-tree-champu-solido-2-en-1-nutricion-champu-solido-y-acondicionador-ecologico-para-cabello-danado-y-quebradizo-99-ingredientes-naturales\/","og_locale":"ca_ES","og_type":"article","og_title":"Dr. Tree Champ\u00fa S\u00f3lido 2 En 1 Nutrici\u00f3n | Champ\u00fa S\u00f3lido y Acondicionador Ecol\u00f3gico para Cabello Da\u00f1ado Y Quebradizo | 99% Ingredientes Naturales - econeteges.es | empresa de limpieza","og_description":"Champ\u00fa s\u00f3lido 2 en 1 Nutrici\u00f3n. Con Aceite de Arg\u00e1n altamente concentrado en \u00e1cido ol\u00e9ico, vitamina E y A. Nutre y revitaliza la fibra capilar, reparando el cabello da\u00f1ado y quebradizo. El cabello recupera su brillo y vitalidad natural. Aroma de Miel de origen natural.   Concentrado de tensioactivos de origen natural suaves y cremosos que forman una espuma densa y lujosa, limpiando y acondicionando el cabello sin residuos.   Base dermatol\u00f3gica con aceite de semilla de Meadowfoam, y con manteca de cacao, que proporciona hidrataci\u00f3n al cabello y confort al cuero cabelludo.   99,7% de Ingredientes de origen Natural. Dr. Tree EST\u00c1 COMPROMETIDO CON LA APUESTA por la SOSTENIBILIDAD y dar SOLUCIONES para esta tendencia con productos de VALOR DERMATOL\u00d3GICO y f\u00f3rmulas de CHAMP\u00daS S\u00d3LIDOS CON CERTIFICACI\u00d3N COSMOS NATURAL   Humedece tu cabello con agua. Desliza la pastilla varias veces por el cabello. Masajea con las manos suavemente la ra\u00edz y el cabello como lo har\u00edas habitualmente con tu champ\u00fa l\u00edquido formando espuma. Acl\u00e1ralo con agua, comprobar\u00e1s tu cabello limpio, brillante y acondicionado. En tu higiene habitual deja la pastilla al aire libre para que se seque, y si viajas usa la jabonera.   Pensamos en el planeta. 1 champ\u00fa s\u00f3lido Dr. Tree equivale a ahorrar 3 envases de champ\u00fa l\u00edquido.   Limpia y acondiciona. Concentrado y cremoso, emulsi\u00f3n s\u00f3lida, no conglomerado. Cosm\u00e9tica natural certificada.   Hecho a mano. Sostenible. Reciclable.\u00a0","og_url":"https:\/\/econeteges.es\/ca\/producte\/dr-tree-champu-solido-2-en-1-nutricion-champu-solido-y-acondicionador-ecologico-para-cabello-danado-y-quebradizo-99-ingredientes-naturales\/","og_site_name":"econeteges.es | empresa de limpieza","article_modified_time":"2021-06-15T07:58:38+00:00","og_image":[{"width":1152,"height":935,"url":"https:\/\/econeteges.es\/wp-content\/uploads\/2021\/06\/dr-tree-champu-solido-1.jpg","type":"image\/jpeg"}],"twitter_card":"summary_large_image","twitter_misc":{"Temps estimat de lectura":"1 minut"},"schema":{"@context":"https:\/\/schema.org","@graph":[{"@type":"WebPage","@id":"https:\/\/econeteges.es\/ca\/producte\/dr-tree-champu-solido-2-en-1-nutricion-champu-solido-y-acondicionador-ecologico-para-cabello-danado-y-quebradizo-99-ingredientes-naturales\/","url":"https:\/\/econeteges.es\/ca\/producte\/dr-tree-champu-solido-2-en-1-nutricion-champu-solido-y-acondicionador-ecologico-para-cabello-danado-y-quebradizo-99-ingredientes-naturales\/","name":"Dr. Tree Champ\u00fa S\u00f3lido 2 En 1 Nutrici\u00f3n | Champ\u00fa S\u00f3lido y Acondicionador Ecol\u00f3gico para Cabello Da\u00f1ado Y Quebradizo | 99% Ingredientes Naturales - econeteges.es | empresa de limpieza","isPartOf":{"@id":"https:\/\/econeteges.es\/#website"},"primaryImageOfPage":{"@id":"https:\/\/econeteges.es\/ca\/producte\/dr-tree-champu-solido-2-en-1-nutricion-champu-solido-y-acondicionador-ecologico-para-cabello-danado-y-quebradizo-99-ingredientes-naturales\/#primaryimage"},"image":{"@id":"https:\/\/econeteges.es\/ca\/producte\/dr-tree-champu-solido-2-en-1-nutricion-champu-solido-y-acondicionador-ecologico-para-cabello-danado-y-quebradizo-99-ingredientes-naturales\/#primaryimage"},"thumbnailUrl":"https:\/\/econeteges.es\/wp-content\/uploads\/2021\/06\/dr-tree-champu-solido-1.jpg","datePublished":"2021-06-14T14:27:51+00:00","dateModified":"2021-06-15T07:58:38+00:00","breadcrumb":{"@id":"https:\/\/econeteges.es\/ca\/producte\/dr-tree-champu-solido-2-en-1-nutricion-champu-solido-y-acondicionador-ecologico-para-cabello-danado-y-quebradizo-99-ingredientes-naturales\/#breadcrumb"},"inLanguage":"ca","potentialAction":[{"@type":"ReadAction","target":["https:\/\/econeteges.es\/ca\/producte\/dr-tree-champu-solido-2-en-1-nutricion-champu-solido-y-acondicionador-ecologico-para-cabello-danado-y-quebradizo-99-ingredientes-naturales\/"]}]},{"@type":"ImageObject","inLanguage":"ca","@id":"https:\/\/econeteges.es\/ca\/producte\/dr-tree-champu-solido-2-en-1-nutricion-champu-solido-y-acondicionador-ecologico-para-cabello-danado-y-quebradizo-99-ingredientes-naturales\/#primaryimage","url":"https:\/\/econeteges.es\/wp-content\/uploads\/2021\/06\/dr-tree-champu-solido-1.jpg","contentUrl":"https:\/\/econeteges.es\/wp-content\/uploads\/2021\/06\/dr-tree-champu-solido-1.jpg","width":1152,"height":935,"caption":"dr tree champu solido (1)"},{"@type":"BreadcrumbList","@id":"https:\/\/econeteges.es\/ca\/producte\/dr-tree-champu-solido-2-en-1-nutricion-champu-solido-y-acondicionador-ecologico-para-cabello-danado-y-quebradizo-99-ingredientes-naturales\/#breadcrumb","itemListElement":[{"@type":"ListItem","position":1,"name":"Portada","item":"https:\/\/econeteges.es\/"},{"@type":"ListItem","position":2,"name":"Tienda","item":"https:\/\/econeteges.es\/ca\/tienda\/"},{"@type":"ListItem","position":3,"name":"Dr. Tree Champ\u00fa S\u00f3lido 2 En 1 Nutrici\u00f3n | Champ\u00fa S\u00f3lido y Acondicionador Ecol\u00f3gico para Cabello Da\u00f1ado Y Quebradizo | 99% Ingredientes Naturales"}]},{"@type":"WebSite","@id":"https:\/\/econeteges.es\/#website","url":"https:\/\/econeteges.es\/","name":"econeteges.es | empresa de limpieza","description":"Limpieza a domicilio | pulidos y abrillantados | mantenimiento de comunidades","publisher":{"@id":"https:\/\/econeteges.es\/#organization"},"potentialAction":[{"@type":"SearchAction","target":{"@type":"EntryPoint","urlTemplate":"https:\/\/econeteges.es\/?s={search_term_string}"},"query-input":"required name=search_term_string"}],"inLanguage":"ca"},{"@type":"Organization","@id":"https:\/\/econeteges.es\/#organization","name":"Econeteges","url":"https:\/\/econeteges.es\/","logo":{"@type":"ImageObject","inLanguage":"ca","@id":"https:\/\/econeteges.es\/#\/schema\/logo\/image\/","url":"https:\/\/econeteges.es\/wp-content\/uploads\/2020\/05\/nuestra-empresa_185260.jpg","contentUrl":"https:\/\/econeteges.es\/wp-content\/uploads\/2020\/05\/nuestra-empresa_185260.jpg","width":600,"height":600,"caption":"Econeteges"},"image":{"@id":"https:\/\/econeteges.es\/#\/schema\/logo\/image\/"},"sameAs":["https:\/\/www.instagram.com\/econeteges\/"]}]}},"_links":{"self":[{"href":"https:\/\/econeteges.es\/ca\/wp-json\/wp\/v2\/product\/1376"}],"collection":[{"href":"https:\/\/econeteges.es\/ca\/wp-json\/wp\/v2\/product"}],"about":[{"href":"https:\/\/econeteges.es\/ca\/wp-json\/wp\/v2\/types\/product"}],"wp:featuredmedia":[{"embeddable":true,"href":"https:\/\/econeteges.es\/ca\/wp-json\/wp\/v2\/media\/1377"}],"wp:attachment":[{"href":"https:\/\/econeteges.es\/ca\/wp-json\/wp\/v2\/media?parent=1376"}],"wp:term":[{"taxonomy":"product_cat","embeddable":true,"href":"https:\/\/econeteges.es\/ca\/wp-json\/wp\/v2\/product_cat?post=1376"},{"taxonomy":"product_tag","embeddable":true,"href":"https:\/\/econeteges.es\/ca\/wp-json\/wp\/v2\/product_tag?post=1376"}],"curies":[{"name":"wp","href":"https:\/\/api.w.org\/{rel}","templated":true}]}}