{"id":1382,"date":"2021-06-14T14:32:41","date_gmt":"2021-06-14T14:32:41","guid":{"rendered":"https:\/\/econeteges.es\/?post_type=product&#038;p=1382"},"modified":"2021-06-15T07:58:36","modified_gmt":"2021-06-15T07:58:36","slug":"carenesse-jabon-original-de-alepo-2-x-200-g-95-de-aceite-de-oliva-y-5-de-aceite-de-laurel-jabon-natural-para-el-cabello","status":"publish","type":"product","link":"https:\/\/econeteges.es\/ca\/producte\/carenesse-jabon-original-de-alepo-2-x-200-g-95-de-aceite-de-oliva-y-5-de-aceite-de-laurel-jabon-natural-para-el-cabello\/","title":{"rendered":"Carenesse Jab\u00f3n original de Alepo, 2 x 200 g, 95% de aceite de oliva y 5% de aceite de laurel, jab\u00f3n natural para el cabello"},"content":{"rendered":"<h2 id=\"title\" class=\"a-size-large a-spacing-none\"><span id=\"productTitle\" class=\"a-size-large product-title-word-break\">Carenesse Jab\u00f3n original de Alepo, 2 x 200 g, 95% de aceite de oliva y 5% de aceite de laurel, jab\u00f3n natural para el cabello, hecho a mano seg\u00fan la receta tradicional y largo per\u00edodo de maduraci\u00f3n<\/span><\/h2>\n<div class=\"apm-eventhirdcol apm-floatleft\">\n<h4 class=\"a-spacing-mini\">Solo 4 ingredientes de la naturaleza.<\/h4>\n<p>El aceite de olivo limpia y nutre la piel sin secarla y apoya la funci\u00f3n autorreguladora de la piel.<\/p>\n<p>El aceite de naranja tiene un muy buen efecto hidratante y equilibrante. Cuida la piel suave y flexible.<\/p>\n<p>Agua y SODA.<\/p>\n<div class=\"apm-eventhirdcol apm-floatleft\">\n<h4 class=\"a-spacing-mini\">Sin productos qu\u00edmicos, natural.<\/h4>\n<p>Jab\u00f3n 100 % vegetal. Libre de aditivos y no testado con animales. Jab\u00f3n vegano hecho de ingredientes naturales, solo lo mejor para seres humanos, naturales y animales. El valor de pH es de aproximadamente 8-9. Adecuado para el cuidado corporal b\u00e1sico.<\/p>\n<div class=\"apm-eventhirdcol apm-floatleft\">\n<h4 class=\"a-spacing-mini\">Cuidado para toda la familia.<\/h4>\n<p>Sustituto natural para productos convencionales como champ\u00fa, jab\u00f3n de afeitar, gel de ducha y aditivos de ba\u00f1o. Nuestros jabones vegetales de aceite de oliva y aceite de laurel son adecuados para toda la familia. Incluso para la colada.<\/p>\n<p>Consejo para el lavado del cabello: con una encrespada \u00e1cida (agua con un poco de vinagre de manzana), el cabello paja vuelve a ser maravillosamente suave.<\/p>\n<\/div>\n<\/div>\n<\/div>\n<div class=\"apm-eventhirdcol apm-floatleft\">\n<h4 class=\"a-spacing-mini\">Jab\u00f3n hecho a mano.<\/h4>\n<p>Nuestros jabones se fabrican a mano, cortan, sellan y almacenan seg\u00fan la antigua receta de forma tradicional. Despu\u00e9s de 9 meses de secado se crea un jab\u00f3n \u00fanico que se empaqueta a mano.<\/p>\n<div class=\"apm-eventhirdcol apm-floatleft\">\n<h4 class=\"a-spacing-mini\">Zero &#8211; embalaje y sin pl\u00e1stico<\/h4>\n<p>Empaquetamos y enviamos nuestros jabones muy minimalistas, sin embargo, renunciamos completamente al pl\u00e1stico. Si es necesario, los jabones solo est\u00e1n envueltos con papel kraft marr\u00f3n.<\/p>\n<div class=\"apm-eventhirdcol apm-floatleft\">\n<h4 class=\"a-spacing-mini\">Cada jab\u00f3n es \u00fanico.<\/h4>\n<p>El corte a mano da lugar a trozos de jab\u00f3n de diferentes tama\u00f1os. Tambi\u00e9n el tiempo de secado y maduraci\u00f3n puede perder peso hasta aprox. 15 %. Es necesario indicar el peso fresco, pero el jab\u00f3n puede pesar un poco menos o m\u00e1s. Cada jab\u00f3n es un ejemplar \u00fanico.<\/p>\n<\/div>\n<\/div>\n<\/div>","protected":false},"excerpt":{"rendered":"<ul class=\"a-unordered-list a-vertical a-spacing-mini\">\n<li><span class=\"a-list-item\"> Jab\u00f3n original Aleppo: 2 jabones de aceite de laurel 5%, tradicionalmente fabricado seg\u00fan la receta antigua y madurado durante mucho tiempo. Para el cuidado natural del cuerpo, la cara, las manos y el cabello, tambi\u00e9n para el cuidado de la barba y el afeitado. Cuidado corporal b\u00e1sico (pH de 8 a 9). Para todo tipo de pieles. <\/span><\/li>\n<li><span class=\"a-list-item\"> Caracter\u00edsticas naturales del jab\u00f3n natural: aceite de laurella hidratante y equilibrante para pieles sensibles, secas, escamosas, cuero cabelludo y cabello. Ampliamente aplicado en pieles con imperfecciones, espinillas y puntos negros. El aceite de olivo hidrata, nutre y nutre. <\/span><\/li>\n<li><span class=\"a-list-item\"> Jab\u00f3n respetuoso con el medio ambiente: 100% vegetal y biodegradable. Sin aditivos sint\u00e9ticos, parabenos, aceites minerales, experimentos con animales. Olor t\u00edpico natural, ya que no contiene colorantes ni fragancias. Libre de aceite de palma, vegano y cero. <\/span><\/li>\n<li><span class=\"a-list-item\"> Aplicaci\u00f3n aceite de oliva: jab\u00f3n facial, jab\u00f3n de manos, jab\u00f3n para el cabello, jab\u00f3n para el cabello, jab\u00f3n de ducha, jab\u00f3n para el cuerpo, jab\u00f3n para la barba, jab\u00f3n para el afeitado, jab\u00f3n para las manchas. Consejo: cuanto m\u00e1s seca sea la piel, mayor debe ser el porcentaje de aceite de laurel. <\/span><\/li>\n<li><span class=\"a-list-item\"> Contenido del env\u00edo: jab\u00f3n de Alepo 5% aceite de laurel 2 x 200 g (peso fresco). Seg\u00fan el grado de secado, +\/-15% en peso y tama\u00f1o. Fabricado en Turqu\u00eda. Se puede almacenar en seco. Cada jab\u00f3n es \u00fanico. <\/span><\/li>\n<\/ul>","protected":false},"featured_media":1384,"template":"","meta":{"_et_pb_use_builder":"","_et_pb_old_content":"","_et_gb_content_width":""},"product_cat":[38,30],"product_tag":[],"yoast_head":"<!-- This site is optimized with the Yoast SEO plugin v22.3 - https:\/\/yoast.com\/wordpress\/plugins\/seo\/ -->\n<title>Carenesse Jab\u00f3n original de Alepo, 2 x 200 g, 95% de aceite de oliva y 5% de aceite de laurel, jab\u00f3n natural para el cabello - econeteges.es | empresa de limpieza<\/title>\n<meta name=\"robots\" content=\"index, follow, max-snippet:-1, max-image-preview:large, max-video-preview:-1\" \/>\n<link rel=\"canonical\" href=\"https:\/\/econeteges.es\/ca\/producte\/carenesse-jabon-original-de-alepo-2-x-200-g-95-de-aceite-de-oliva-y-5-de-aceite-de-laurel-jabon-natural-para-el-cabello\/\" \/>\n<meta property=\"og:locale\" content=\"ca_ES\" \/>\n<meta property=\"og:type\" content=\"article\" \/>\n<meta property=\"og:title\" content=\"Carenesse Jab\u00f3n original de Alepo, 2 x 200 g, 95% de aceite de oliva y 5% de aceite de laurel, jab\u00f3n natural para el cabello - econeteges.es | empresa de limpieza\" \/>\n<meta property=\"og:description\" content=\"Jab\u00f3n original Aleppo: 2 jabones de aceite de laurel 5%, tradicionalmente fabricado seg\u00fan la receta antigua y madurado durante mucho tiempo. Para el cuidado natural del cuerpo, la cara, las manos y el cabello, tambi\u00e9n para el cuidado de la barba y el afeitado. Cuidado corporal b\u00e1sico (pH de 8 a 9). Para todo tipo de pieles.   Caracter\u00edsticas naturales del jab\u00f3n natural: aceite de laurella hidratante y equilibrante para pieles sensibles, secas, escamosas, cuero cabelludo y cabello. Ampliamente aplicado en pieles con imperfecciones, espinillas y puntos negros. El aceite de olivo hidrata, nutre y nutre.   Jab\u00f3n respetuoso con el medio ambiente: 100% vegetal y biodegradable. Sin aditivos sint\u00e9ticos, parabenos, aceites minerales, experimentos con animales. Olor t\u00edpico natural, ya que no contiene colorantes ni fragancias. Libre de aceite de palma, vegano y cero.   Aplicaci\u00f3n aceite de oliva: jab\u00f3n facial, jab\u00f3n de manos, jab\u00f3n para el cabello, jab\u00f3n para el cabello, jab\u00f3n de ducha, jab\u00f3n para el cuerpo, jab\u00f3n para la barba, jab\u00f3n para el afeitado, jab\u00f3n para las manchas. Consejo: cuanto m\u00e1s seca sea la piel, mayor debe ser el porcentaje de aceite de laurel.   Contenido del env\u00edo: jab\u00f3n de Alepo 5% aceite de laurel 2 x 200 g (peso fresco). Seg\u00fan el grado de secado, +\/-15% en peso y tama\u00f1o. Fabricado en Turqu\u00eda. Se puede almacenar en seco. Cada jab\u00f3n es \u00fanico.\" \/>\n<meta property=\"og:url\" content=\"https:\/\/econeteges.es\/ca\/producte\/carenesse-jabon-original-de-alepo-2-x-200-g-95-de-aceite-de-oliva-y-5-de-aceite-de-laurel-jabon-natural-para-el-cabello\/\" \/>\n<meta property=\"og:site_name\" content=\"econeteges.es | empresa de limpieza\" \/>\n<meta property=\"article:modified_time\" content=\"2021-06-15T07:58:36+00:00\" \/>\n<meta property=\"og:image\" content=\"https:\/\/econeteges.es\/wp-content\/uploads\/2021\/06\/carenesse-jabon-alepo-2.jpg\" \/>\n\t<meta property=\"og:image:width\" content=\"1368\" \/>\n\t<meta property=\"og:image:height\" content=\"900\" \/>\n\t<meta property=\"og:image:type\" content=\"image\/jpeg\" \/>\n<meta name=\"twitter:card\" content=\"summary_large_image\" \/>\n<meta name=\"twitter:label1\" content=\"Temps estimat de lectura\" \/>\n\t<meta name=\"twitter:data1\" content=\"2 minuts\" \/>\n<script type=\"application\/ld+json\" class=\"yoast-schema-graph\">{\"@context\":\"https:\/\/schema.org\",\"@graph\":[{\"@type\":\"WebPage\",\"@id\":\"https:\/\/econeteges.es\/ca\/producte\/carenesse-jabon-original-de-alepo-2-x-200-g-95-de-aceite-de-oliva-y-5-de-aceite-de-laurel-jabon-natural-para-el-cabello\/\",\"url\":\"https:\/\/econeteges.es\/ca\/producte\/carenesse-jabon-original-de-alepo-2-x-200-g-95-de-aceite-de-oliva-y-5-de-aceite-de-laurel-jabon-natural-para-el-cabello\/\",\"name\":\"Carenesse Jab\u00f3n original de Alepo, 2 x 200 g, 95% de aceite de oliva y 5% de aceite de laurel, jab\u00f3n natural para el cabello - econeteges.es | empresa de limpieza\",\"isPartOf\":{\"@id\":\"https:\/\/econeteges.es\/#website\"},\"primaryImageOfPage\":{\"@id\":\"https:\/\/econeteges.es\/ca\/producte\/carenesse-jabon-original-de-alepo-2-x-200-g-95-de-aceite-de-oliva-y-5-de-aceite-de-laurel-jabon-natural-para-el-cabello\/#primaryimage\"},\"image\":{\"@id\":\"https:\/\/econeteges.es\/ca\/producte\/carenesse-jabon-original-de-alepo-2-x-200-g-95-de-aceite-de-oliva-y-5-de-aceite-de-laurel-jabon-natural-para-el-cabello\/#primaryimage\"},\"thumbnailUrl\":\"https:\/\/econeteges.es\/wp-content\/uploads\/2021\/06\/carenesse-jabon-alepo-2.jpg\",\"datePublished\":\"2021-06-14T14:32:41+00:00\",\"dateModified\":\"2021-06-15T07:58:36+00:00\",\"breadcrumb\":{\"@id\":\"https:\/\/econeteges.es\/ca\/producte\/carenesse-jabon-original-de-alepo-2-x-200-g-95-de-aceite-de-oliva-y-5-de-aceite-de-laurel-jabon-natural-para-el-cabello\/#breadcrumb\"},\"inLanguage\":\"ca\",\"potentialAction\":[{\"@type\":\"ReadAction\",\"target\":[\"https:\/\/econeteges.es\/ca\/producte\/carenesse-jabon-original-de-alepo-2-x-200-g-95-de-aceite-de-oliva-y-5-de-aceite-de-laurel-jabon-natural-para-el-cabello\/\"]}]},{\"@type\":\"ImageObject\",\"inLanguage\":\"ca\",\"@id\":\"https:\/\/econeteges.es\/ca\/producte\/carenesse-jabon-original-de-alepo-2-x-200-g-95-de-aceite-de-oliva-y-5-de-aceite-de-laurel-jabon-natural-para-el-cabello\/#primaryimage\",\"url\":\"https:\/\/econeteges.es\/wp-content\/uploads\/2021\/06\/carenesse-jabon-alepo-2.jpg\",\"contentUrl\":\"https:\/\/econeteges.es\/wp-content\/uploads\/2021\/06\/carenesse-jabon-alepo-2.jpg\",\"width\":1368,\"height\":900,\"caption\":\"carenesse jabon alepo (2)\"},{\"@type\":\"BreadcrumbList\",\"@id\":\"https:\/\/econeteges.es\/ca\/producte\/carenesse-jabon-original-de-alepo-2-x-200-g-95-de-aceite-de-oliva-y-5-de-aceite-de-laurel-jabon-natural-para-el-cabello\/#breadcrumb\",\"itemListElement\":[{\"@type\":\"ListItem\",\"position\":1,\"name\":\"Portada\",\"item\":\"https:\/\/econeteges.es\/\"},{\"@type\":\"ListItem\",\"position\":2,\"name\":\"Tienda\",\"item\":\"https:\/\/econeteges.es\/ca\/tienda\/\"},{\"@type\":\"ListItem\",\"position\":3,\"name\":\"Carenesse Jab\u00f3n original de Alepo, 2 x 200 g, 95% de aceite de oliva y 5% de aceite de laurel, jab\u00f3n natural para el cabello\"}]},{\"@type\":\"WebSite\",\"@id\":\"https:\/\/econeteges.es\/#website\",\"url\":\"https:\/\/econeteges.es\/\",\"name\":\"econeteges.es | empresa de limpieza\",\"description\":\"Limpieza a domicilio | pulidos y abrillantados | mantenimiento de comunidades\",\"publisher\":{\"@id\":\"https:\/\/econeteges.es\/#organization\"},\"potentialAction\":[{\"@type\":\"SearchAction\",\"target\":{\"@type\":\"EntryPoint\",\"urlTemplate\":\"https:\/\/econeteges.es\/?s={search_term_string}\"},\"query-input\":\"required name=search_term_string\"}],\"inLanguage\":\"ca\"},{\"@type\":\"Organization\",\"@id\":\"https:\/\/econeteges.es\/#organization\",\"name\":\"Econeteges\",\"url\":\"https:\/\/econeteges.es\/\",\"logo\":{\"@type\":\"ImageObject\",\"inLanguage\":\"ca\",\"@id\":\"https:\/\/econeteges.es\/#\/schema\/logo\/image\/\",\"url\":\"https:\/\/econeteges.es\/wp-content\/uploads\/2020\/05\/nuestra-empresa_185260.jpg\",\"contentUrl\":\"https:\/\/econeteges.es\/wp-content\/uploads\/2020\/05\/nuestra-empresa_185260.jpg\",\"width\":600,\"height\":600,\"caption\":\"Econeteges\"},\"image\":{\"@id\":\"https:\/\/econeteges.es\/#\/schema\/logo\/image\/\"},\"sameAs\":[\"https:\/\/www.instagram.com\/econeteges\/\"]}]}<\/script>\n<!-- \/ Yoast SEO plugin. -->","yoast_head_json":{"title":"Carenesse Jab\u00f3n original de Alepo, 2 x 200 g, 95% de aceite de oliva y 5% de aceite de laurel, jab\u00f3n natural para el cabello - econeteges.es | empresa de limpieza","robots":{"index":"index","follow":"follow","max-snippet":"max-snippet:-1","max-image-preview":"max-image-preview:large","max-video-preview":"max-video-preview:-1"},"canonical":"https:\/\/econeteges.es\/ca\/producte\/carenesse-jabon-original-de-alepo-2-x-200-g-95-de-aceite-de-oliva-y-5-de-aceite-de-laurel-jabon-natural-para-el-cabello\/","og_locale":"ca_ES","og_type":"article","og_title":"Carenesse Jab\u00f3n original de Alepo, 2 x 200 g, 95% de aceite de oliva y 5% de aceite de laurel, jab\u00f3n natural para el cabello - econeteges.es | empresa de limpieza","og_description":"Jab\u00f3n original Aleppo: 2 jabones de aceite de laurel 5%, tradicionalmente fabricado seg\u00fan la receta antigua y madurado durante mucho tiempo. Para el cuidado natural del cuerpo, la cara, las manos y el cabello, tambi\u00e9n para el cuidado de la barba y el afeitado. Cuidado corporal b\u00e1sico (pH de 8 a 9). Para todo tipo de pieles.   Caracter\u00edsticas naturales del jab\u00f3n natural: aceite de laurella hidratante y equilibrante para pieles sensibles, secas, escamosas, cuero cabelludo y cabello. Ampliamente aplicado en pieles con imperfecciones, espinillas y puntos negros. El aceite de olivo hidrata, nutre y nutre.   Jab\u00f3n respetuoso con el medio ambiente: 100% vegetal y biodegradable. Sin aditivos sint\u00e9ticos, parabenos, aceites minerales, experimentos con animales. Olor t\u00edpico natural, ya que no contiene colorantes ni fragancias. Libre de aceite de palma, vegano y cero.   Aplicaci\u00f3n aceite de oliva: jab\u00f3n facial, jab\u00f3n de manos, jab\u00f3n para el cabello, jab\u00f3n para el cabello, jab\u00f3n de ducha, jab\u00f3n para el cuerpo, jab\u00f3n para la barba, jab\u00f3n para el afeitado, jab\u00f3n para las manchas. Consejo: cuanto m\u00e1s seca sea la piel, mayor debe ser el porcentaje de aceite de laurel.   Contenido del env\u00edo: jab\u00f3n de Alepo 5% aceite de laurel 2 x 200 g (peso fresco). Seg\u00fan el grado de secado, +\/-15% en peso y tama\u00f1o. Fabricado en Turqu\u00eda. Se puede almacenar en seco. Cada jab\u00f3n es \u00fanico.","og_url":"https:\/\/econeteges.es\/ca\/producte\/carenesse-jabon-original-de-alepo-2-x-200-g-95-de-aceite-de-oliva-y-5-de-aceite-de-laurel-jabon-natural-para-el-cabello\/","og_site_name":"econeteges.es | empresa de limpieza","article_modified_time":"2021-06-15T07:58:36+00:00","og_image":[{"width":1368,"height":900,"url":"https:\/\/econeteges.es\/wp-content\/uploads\/2021\/06\/carenesse-jabon-alepo-2.jpg","type":"image\/jpeg"}],"twitter_card":"summary_large_image","twitter_misc":{"Temps estimat de lectura":"2 minuts"},"schema":{"@context":"https:\/\/schema.org","@graph":[{"@type":"WebPage","@id":"https:\/\/econeteges.es\/ca\/producte\/carenesse-jabon-original-de-alepo-2-x-200-g-95-de-aceite-de-oliva-y-5-de-aceite-de-laurel-jabon-natural-para-el-cabello\/","url":"https:\/\/econeteges.es\/ca\/producte\/carenesse-jabon-original-de-alepo-2-x-200-g-95-de-aceite-de-oliva-y-5-de-aceite-de-laurel-jabon-natural-para-el-cabello\/","name":"Carenesse Jab\u00f3n original de Alepo, 2 x 200 g, 95% de aceite de oliva y 5% de aceite de laurel, jab\u00f3n natural para el cabello - econeteges.es | empresa de limpieza","isPartOf":{"@id":"https:\/\/econeteges.es\/#website"},"primaryImageOfPage":{"@id":"https:\/\/econeteges.es\/ca\/producte\/carenesse-jabon-original-de-alepo-2-x-200-g-95-de-aceite-de-oliva-y-5-de-aceite-de-laurel-jabon-natural-para-el-cabello\/#primaryimage"},"image":{"@id":"https:\/\/econeteges.es\/ca\/producte\/carenesse-jabon-original-de-alepo-2-x-200-g-95-de-aceite-de-oliva-y-5-de-aceite-de-laurel-jabon-natural-para-el-cabello\/#primaryimage"},"thumbnailUrl":"https:\/\/econeteges.es\/wp-content\/uploads\/2021\/06\/carenesse-jabon-alepo-2.jpg","datePublished":"2021-06-14T14:32:41+00:00","dateModified":"2021-06-15T07:58:36+00:00","breadcrumb":{"@id":"https:\/\/econeteges.es\/ca\/producte\/carenesse-jabon-original-de-alepo-2-x-200-g-95-de-aceite-de-oliva-y-5-de-aceite-de-laurel-jabon-natural-para-el-cabello\/#breadcrumb"},"inLanguage":"ca","potentialAction":[{"@type":"ReadAction","target":["https:\/\/econeteges.es\/ca\/producte\/carenesse-jabon-original-de-alepo-2-x-200-g-95-de-aceite-de-oliva-y-5-de-aceite-de-laurel-jabon-natural-para-el-cabello\/"]}]},{"@type":"ImageObject","inLanguage":"ca","@id":"https:\/\/econeteges.es\/ca\/producte\/carenesse-jabon-original-de-alepo-2-x-200-g-95-de-aceite-de-oliva-y-5-de-aceite-de-laurel-jabon-natural-para-el-cabello\/#primaryimage","url":"https:\/\/econeteges.es\/wp-content\/uploads\/2021\/06\/carenesse-jabon-alepo-2.jpg","contentUrl":"https:\/\/econeteges.es\/wp-content\/uploads\/2021\/06\/carenesse-jabon-alepo-2.jpg","width":1368,"height":900,"caption":"carenesse jabon alepo (2)"},{"@type":"BreadcrumbList","@id":"https:\/\/econeteges.es\/ca\/producte\/carenesse-jabon-original-de-alepo-2-x-200-g-95-de-aceite-de-oliva-y-5-de-aceite-de-laurel-jabon-natural-para-el-cabello\/#breadcrumb","itemListElement":[{"@type":"ListItem","position":1,"name":"Portada","item":"https:\/\/econeteges.es\/"},{"@type":"ListItem","position":2,"name":"Tienda","item":"https:\/\/econeteges.es\/ca\/tienda\/"},{"@type":"ListItem","position":3,"name":"Carenesse Jab\u00f3n original de Alepo, 2 x 200 g, 95% de aceite de oliva y 5% de aceite de laurel, jab\u00f3n natural para el cabello"}]},{"@type":"WebSite","@id":"https:\/\/econeteges.es\/#website","url":"https:\/\/econeteges.es\/","name":"econeteges.es | empresa de limpieza","description":"Limpieza a domicilio | pulidos y abrillantados | mantenimiento de comunidades","publisher":{"@id":"https:\/\/econeteges.es\/#organization"},"potentialAction":[{"@type":"SearchAction","target":{"@type":"EntryPoint","urlTemplate":"https:\/\/econeteges.es\/?s={search_term_string}"},"query-input":"required name=search_term_string"}],"inLanguage":"ca"},{"@type":"Organization","@id":"https:\/\/econeteges.es\/#organization","name":"Econeteges","url":"https:\/\/econeteges.es\/","logo":{"@type":"ImageObject","inLanguage":"ca","@id":"https:\/\/econeteges.es\/#\/schema\/logo\/image\/","url":"https:\/\/econeteges.es\/wp-content\/uploads\/2020\/05\/nuestra-empresa_185260.jpg","contentUrl":"https:\/\/econeteges.es\/wp-content\/uploads\/2020\/05\/nuestra-empresa_185260.jpg","width":600,"height":600,"caption":"Econeteges"},"image":{"@id":"https:\/\/econeteges.es\/#\/schema\/logo\/image\/"},"sameAs":["https:\/\/www.instagram.com\/econeteges\/"]}]}},"_links":{"self":[{"href":"https:\/\/econeteges.es\/ca\/wp-json\/wp\/v2\/product\/1382"}],"collection":[{"href":"https:\/\/econeteges.es\/ca\/wp-json\/wp\/v2\/product"}],"about":[{"href":"https:\/\/econeteges.es\/ca\/wp-json\/wp\/v2\/types\/product"}],"wp:featuredmedia":[{"embeddable":true,"href":"https:\/\/econeteges.es\/ca\/wp-json\/wp\/v2\/media\/1384"}],"wp:attachment":[{"href":"https:\/\/econeteges.es\/ca\/wp-json\/wp\/v2\/media?parent=1382"}],"wp:term":[{"taxonomy":"product_cat","embeddable":true,"href":"https:\/\/econeteges.es\/ca\/wp-json\/wp\/v2\/product_cat?post=1382"},{"taxonomy":"product_tag","embeddable":true,"href":"https:\/\/econeteges.es\/ca\/wp-json\/wp\/v2\/product_tag?post=1382"}],"curies":[{"name":"wp","href":"https:\/\/api.w.org\/{rel}","templated":true}]}}