{"id":1387,"date":"2021-06-14T14:42:08","date_gmt":"2021-06-14T14:42:08","guid":{"rendered":"https:\/\/econeteges.es\/?post_type=product&#038;p=1387"},"modified":"2021-06-15T07:59:46","modified_gmt":"2021-06-15T07:59:46","slug":"jabonera-sostenible-jabonera-caja-de-jabon-de-madera-natural-bano-ducha-cocina-bambu-madurado","status":"publish","type":"product","link":"https:\/\/econeteges.es\/ca\/producte\/jabonera-sostenible-jabonera-caja-de-jabon-de-madera-natural-bano-ducha-cocina-bambu-madurado\/","title":{"rendered":"Jabonera Sostenible jabonera Caja de jab\u00f3n de Madera Natural (ba\u00f1o, Ducha, Cocina) &#8211; bamb\u00fa madurado"},"content":{"rendered":"<div class=\"apm-fourthcol\">\n<div class=\"apm-fourthcol\">\n<h4 class=\"a-spacing-mini\">100% bamb\u00fa natural madurado.<\/h4>\n<p class=\"a-size-small\">Nuestro bamb\u00fa madurado es extra duro y macizo y proviene de una producci\u00f3n sostenible. Sin productos qu\u00edmicos, sin pl\u00e1stico. Una elegante pieza de naturaleza que se puede disfrutar durante mucho tiempo.<\/p>\n<\/div>\n<h4 class=\"a-spacing-mini\">Dise\u00f1ado por Gr\u00fcne Valerie con filigrana grabada.<\/h4>\n<p class=\"a-size-small\">Las pr\u00e1cticas ranuras en el suelo evitan que se humedezca el jab\u00f3n, pero el agua no puede pasar por el cuenco, por lo que el lavabo no se ensucie innecesariamente. F\u00e1cil de limpiar.<\/p>\n<div class=\"apm-fourthcol\">\n<h4 class=\"a-spacing-mini\">La perfecta jabonera<\/h4>\n<p class=\"a-size-small\">14 cm de largo, 10 cm de ancho, 4 cm de alto. Un tama\u00f1o que se adapta a casi cualquier jab\u00f3n.<\/p>\n<p class=\"a-size-small\">Incluso los 200 g de jab\u00f3n Alepo de Verdes Valerie est\u00e1n bien recogidos.<\/p>\n<p>&nbsp;<\/p>\n<\/div>\n<\/div>","protected":false},"excerpt":{"rendered":"<ul>\n<li><span class=\"a-list-item\"> \u2705 NATURALEZA: Jabonera libre de pl\u00e1stico natural hecha de bamb\u00fa madurado para el ba\u00f1o, la cocina, la ducha para guardar jabones de cualquier tama\u00f1o &#8211; hecha de bamb\u00fa madurado. Por lo tanto, es muy robusta y da la sensaci\u00f3n de ser muy valiosa. <\/span><\/li>\n<li><span class=\"a-list-item\"> \u2705 PR\u00c1CTICA: La jabonera es lo suficientemente grande como para contener hasta 200g de jab\u00f3n de Alepo. Tama\u00f1o: 14 cm de largo x 10 cm de ancho x 4 cm de alto. La rejilla de drenaje en la parte inferior evita que el jab\u00f3n se moje. <\/span><\/li>\n<li><span class=\"a-list-item\"> \u2705 SOSTENIBLE: Obtenemos nuestro bamb\u00fa de la India. All\u00ed todav\u00eda se cultiva seg\u00fan los viejos principios ayurv\u00e9dicos, sin productos qu\u00edmicos ni pl\u00e1sticos. <\/span><\/li>\n<li><span class=\"a-list-item\"> \u2705 OBRA DE ARTE: Un maravilloso regalo y atrae las miradas en cualquier cuarto de ba\u00f1o. <\/span><\/li>\n<li><span class=\"a-list-item\"> \u2705 Satisfacci\u00f3n 100% garantizada <\/span><\/li>\n<\/ul>","protected":false},"featured_media":1388,"template":"","meta":{"_et_pb_use_builder":"","_et_pb_old_content":"","_et_gb_content_width":""},"product_cat":[38,33,25],"product_tag":[],"yoast_head":"<!-- This site is optimized with the Yoast SEO plugin v22.3 - https:\/\/yoast.com\/wordpress\/plugins\/seo\/ -->\n<title>Jabonera Sostenible jabonera Caja de jab\u00f3n de Madera Natural (ba\u00f1o, Ducha, Cocina) - bamb\u00fa madurado - econeteges.es | empresa de limpieza<\/title>\n<meta name=\"robots\" content=\"index, follow, max-snippet:-1, max-image-preview:large, max-video-preview:-1\" \/>\n<link rel=\"canonical\" href=\"https:\/\/econeteges.es\/ca\/producte\/jabonera-sostenible-jabonera-caja-de-jabon-de-madera-natural-bano-ducha-cocina-bambu-madurado\/\" \/>\n<meta property=\"og:locale\" content=\"ca_ES\" \/>\n<meta property=\"og:type\" content=\"article\" \/>\n<meta property=\"og:title\" content=\"Jabonera Sostenible jabonera Caja de jab\u00f3n de Madera Natural (ba\u00f1o, Ducha, Cocina) - bamb\u00fa madurado - econeteges.es | empresa de limpieza\" \/>\n<meta property=\"og:description\" content=\"\u2705 NATURALEZA: Jabonera libre de pl\u00e1stico natural hecha de bamb\u00fa madurado para el ba\u00f1o, la cocina, la ducha para guardar jabones de cualquier tama\u00f1o - hecha de bamb\u00fa madurado. Por lo tanto, es muy robusta y da la sensaci\u00f3n de ser muy valiosa.   \u2705 PR\u00c1CTICA: La jabonera es lo suficientemente grande como para contener hasta 200g de jab\u00f3n de Alepo. Tama\u00f1o: 14 cm de largo x 10 cm de ancho x 4 cm de alto. La rejilla de drenaje en la parte inferior evita que el jab\u00f3n se moje.   \u2705 SOSTENIBLE: Obtenemos nuestro bamb\u00fa de la India. All\u00ed todav\u00eda se cultiva seg\u00fan los viejos principios ayurv\u00e9dicos, sin productos qu\u00edmicos ni pl\u00e1sticos.   \u2705 OBRA DE ARTE: Un maravilloso regalo y atrae las miradas en cualquier cuarto de ba\u00f1o.   \u2705 Satisfacci\u00f3n 100% garantizada\" \/>\n<meta property=\"og:url\" content=\"https:\/\/econeteges.es\/ca\/producte\/jabonera-sostenible-jabonera-caja-de-jabon-de-madera-natural-bano-ducha-cocina-bambu-madurado\/\" \/>\n<meta property=\"og:site_name\" content=\"econeteges.es | empresa de limpieza\" \/>\n<meta property=\"article:modified_time\" content=\"2021-06-15T07:59:46+00:00\" \/>\n<meta property=\"og:image\" content=\"https:\/\/econeteges.es\/wp-content\/uploads\/2021\/06\/jabonera-bambu.jpg\" \/>\n\t<meta property=\"og:image:width\" content=\"900\" \/>\n\t<meta property=\"og:image:height\" content=\"900\" \/>\n\t<meta property=\"og:image:type\" content=\"image\/jpeg\" \/>\n<meta name=\"twitter:card\" content=\"summary_large_image\" \/>\n<meta name=\"twitter:label1\" content=\"Temps estimat de lectura\" \/>\n\t<meta name=\"twitter:data1\" content=\"1 minut\" \/>\n<script type=\"application\/ld+json\" class=\"yoast-schema-graph\">{\"@context\":\"https:\/\/schema.org\",\"@graph\":[{\"@type\":\"WebPage\",\"@id\":\"https:\/\/econeteges.es\/ca\/producte\/jabonera-sostenible-jabonera-caja-de-jabon-de-madera-natural-bano-ducha-cocina-bambu-madurado\/\",\"url\":\"https:\/\/econeteges.es\/ca\/producte\/jabonera-sostenible-jabonera-caja-de-jabon-de-madera-natural-bano-ducha-cocina-bambu-madurado\/\",\"name\":\"Jabonera Sostenible jabonera Caja de jab\u00f3n de Madera Natural (ba\u00f1o, Ducha, Cocina) - bamb\u00fa madurado - econeteges.es | empresa de limpieza\",\"isPartOf\":{\"@id\":\"https:\/\/econeteges.es\/#website\"},\"primaryImageOfPage\":{\"@id\":\"https:\/\/econeteges.es\/ca\/producte\/jabonera-sostenible-jabonera-caja-de-jabon-de-madera-natural-bano-ducha-cocina-bambu-madurado\/#primaryimage\"},\"image\":{\"@id\":\"https:\/\/econeteges.es\/ca\/producte\/jabonera-sostenible-jabonera-caja-de-jabon-de-madera-natural-bano-ducha-cocina-bambu-madurado\/#primaryimage\"},\"thumbnailUrl\":\"https:\/\/econeteges.es\/wp-content\/uploads\/2021\/06\/jabonera-bambu.jpg\",\"datePublished\":\"2021-06-14T14:42:08+00:00\",\"dateModified\":\"2021-06-15T07:59:46+00:00\",\"breadcrumb\":{\"@id\":\"https:\/\/econeteges.es\/ca\/producte\/jabonera-sostenible-jabonera-caja-de-jabon-de-madera-natural-bano-ducha-cocina-bambu-madurado\/#breadcrumb\"},\"inLanguage\":\"ca\",\"potentialAction\":[{\"@type\":\"ReadAction\",\"target\":[\"https:\/\/econeteges.es\/ca\/producte\/jabonera-sostenible-jabonera-caja-de-jabon-de-madera-natural-bano-ducha-cocina-bambu-madurado\/\"]}]},{\"@type\":\"ImageObject\",\"inLanguage\":\"ca\",\"@id\":\"https:\/\/econeteges.es\/ca\/producte\/jabonera-sostenible-jabonera-caja-de-jabon-de-madera-natural-bano-ducha-cocina-bambu-madurado\/#primaryimage\",\"url\":\"https:\/\/econeteges.es\/wp-content\/uploads\/2021\/06\/jabonera-bambu.jpg\",\"contentUrl\":\"https:\/\/econeteges.es\/wp-content\/uploads\/2021\/06\/jabonera-bambu.jpg\",\"width\":900,\"height\":900,\"caption\":\"jabonera bambu\"},{\"@type\":\"BreadcrumbList\",\"@id\":\"https:\/\/econeteges.es\/ca\/producte\/jabonera-sostenible-jabonera-caja-de-jabon-de-madera-natural-bano-ducha-cocina-bambu-madurado\/#breadcrumb\",\"itemListElement\":[{\"@type\":\"ListItem\",\"position\":1,\"name\":\"Portada\",\"item\":\"https:\/\/econeteges.es\/\"},{\"@type\":\"ListItem\",\"position\":2,\"name\":\"Tienda\",\"item\":\"https:\/\/econeteges.es\/ca\/tienda\/\"},{\"@type\":\"ListItem\",\"position\":3,\"name\":\"Jabonera Sostenible jabonera Caja de jab\u00f3n de Madera Natural (ba\u00f1o, Ducha, Cocina) &#8211; bamb\u00fa madurado\"}]},{\"@type\":\"WebSite\",\"@id\":\"https:\/\/econeteges.es\/#website\",\"url\":\"https:\/\/econeteges.es\/\",\"name\":\"econeteges.es | empresa de limpieza\",\"description\":\"Limpieza a domicilio | pulidos y abrillantados | mantenimiento de comunidades\",\"publisher\":{\"@id\":\"https:\/\/econeteges.es\/#organization\"},\"potentialAction\":[{\"@type\":\"SearchAction\",\"target\":{\"@type\":\"EntryPoint\",\"urlTemplate\":\"https:\/\/econeteges.es\/?s={search_term_string}\"},\"query-input\":\"required name=search_term_string\"}],\"inLanguage\":\"ca\"},{\"@type\":\"Organization\",\"@id\":\"https:\/\/econeteges.es\/#organization\",\"name\":\"Econeteges\",\"url\":\"https:\/\/econeteges.es\/\",\"logo\":{\"@type\":\"ImageObject\",\"inLanguage\":\"ca\",\"@id\":\"https:\/\/econeteges.es\/#\/schema\/logo\/image\/\",\"url\":\"https:\/\/econeteges.es\/wp-content\/uploads\/2020\/05\/nuestra-empresa_185260.jpg\",\"contentUrl\":\"https:\/\/econeteges.es\/wp-content\/uploads\/2020\/05\/nuestra-empresa_185260.jpg\",\"width\":600,\"height\":600,\"caption\":\"Econeteges\"},\"image\":{\"@id\":\"https:\/\/econeteges.es\/#\/schema\/logo\/image\/\"},\"sameAs\":[\"https:\/\/www.instagram.com\/econeteges\/\"]}]}<\/script>\n<!-- \/ Yoast SEO plugin. -->","yoast_head_json":{"title":"Jabonera Sostenible jabonera Caja de jab\u00f3n de Madera Natural (ba\u00f1o, Ducha, Cocina) - bamb\u00fa madurado - econeteges.es | empresa de limpieza","robots":{"index":"index","follow":"follow","max-snippet":"max-snippet:-1","max-image-preview":"max-image-preview:large","max-video-preview":"max-video-preview:-1"},"canonical":"https:\/\/econeteges.es\/ca\/producte\/jabonera-sostenible-jabonera-caja-de-jabon-de-madera-natural-bano-ducha-cocina-bambu-madurado\/","og_locale":"ca_ES","og_type":"article","og_title":"Jabonera Sostenible jabonera Caja de jab\u00f3n de Madera Natural (ba\u00f1o, Ducha, Cocina) - bamb\u00fa madurado - econeteges.es | empresa de limpieza","og_description":"\u2705 NATURALEZA: Jabonera libre de pl\u00e1stico natural hecha de bamb\u00fa madurado para el ba\u00f1o, la cocina, la ducha para guardar jabones de cualquier tama\u00f1o - hecha de bamb\u00fa madurado. Por lo tanto, es muy robusta y da la sensaci\u00f3n de ser muy valiosa.   \u2705 PR\u00c1CTICA: La jabonera es lo suficientemente grande como para contener hasta 200g de jab\u00f3n de Alepo. Tama\u00f1o: 14 cm de largo x 10 cm de ancho x 4 cm de alto. La rejilla de drenaje en la parte inferior evita que el jab\u00f3n se moje.   \u2705 SOSTENIBLE: Obtenemos nuestro bamb\u00fa de la India. All\u00ed todav\u00eda se cultiva seg\u00fan los viejos principios ayurv\u00e9dicos, sin productos qu\u00edmicos ni pl\u00e1sticos.   \u2705 OBRA DE ARTE: Un maravilloso regalo y atrae las miradas en cualquier cuarto de ba\u00f1o.   \u2705 Satisfacci\u00f3n 100% garantizada","og_url":"https:\/\/econeteges.es\/ca\/producte\/jabonera-sostenible-jabonera-caja-de-jabon-de-madera-natural-bano-ducha-cocina-bambu-madurado\/","og_site_name":"econeteges.es | empresa de limpieza","article_modified_time":"2021-06-15T07:59:46+00:00","og_image":[{"width":900,"height":900,"url":"https:\/\/econeteges.es\/wp-content\/uploads\/2021\/06\/jabonera-bambu.jpg","type":"image\/jpeg"}],"twitter_card":"summary_large_image","twitter_misc":{"Temps estimat de lectura":"1 minut"},"schema":{"@context":"https:\/\/schema.org","@graph":[{"@type":"WebPage","@id":"https:\/\/econeteges.es\/ca\/producte\/jabonera-sostenible-jabonera-caja-de-jabon-de-madera-natural-bano-ducha-cocina-bambu-madurado\/","url":"https:\/\/econeteges.es\/ca\/producte\/jabonera-sostenible-jabonera-caja-de-jabon-de-madera-natural-bano-ducha-cocina-bambu-madurado\/","name":"Jabonera Sostenible jabonera Caja de jab\u00f3n de Madera Natural (ba\u00f1o, Ducha, Cocina) - bamb\u00fa madurado - econeteges.es | empresa de limpieza","isPartOf":{"@id":"https:\/\/econeteges.es\/#website"},"primaryImageOfPage":{"@id":"https:\/\/econeteges.es\/ca\/producte\/jabonera-sostenible-jabonera-caja-de-jabon-de-madera-natural-bano-ducha-cocina-bambu-madurado\/#primaryimage"},"image":{"@id":"https:\/\/econeteges.es\/ca\/producte\/jabonera-sostenible-jabonera-caja-de-jabon-de-madera-natural-bano-ducha-cocina-bambu-madurado\/#primaryimage"},"thumbnailUrl":"https:\/\/econeteges.es\/wp-content\/uploads\/2021\/06\/jabonera-bambu.jpg","datePublished":"2021-06-14T14:42:08+00:00","dateModified":"2021-06-15T07:59:46+00:00","breadcrumb":{"@id":"https:\/\/econeteges.es\/ca\/producte\/jabonera-sostenible-jabonera-caja-de-jabon-de-madera-natural-bano-ducha-cocina-bambu-madurado\/#breadcrumb"},"inLanguage":"ca","potentialAction":[{"@type":"ReadAction","target":["https:\/\/econeteges.es\/ca\/producte\/jabonera-sostenible-jabonera-caja-de-jabon-de-madera-natural-bano-ducha-cocina-bambu-madurado\/"]}]},{"@type":"ImageObject","inLanguage":"ca","@id":"https:\/\/econeteges.es\/ca\/producte\/jabonera-sostenible-jabonera-caja-de-jabon-de-madera-natural-bano-ducha-cocina-bambu-madurado\/#primaryimage","url":"https:\/\/econeteges.es\/wp-content\/uploads\/2021\/06\/jabonera-bambu.jpg","contentUrl":"https:\/\/econeteges.es\/wp-content\/uploads\/2021\/06\/jabonera-bambu.jpg","width":900,"height":900,"caption":"jabonera bambu"},{"@type":"BreadcrumbList","@id":"https:\/\/econeteges.es\/ca\/producte\/jabonera-sostenible-jabonera-caja-de-jabon-de-madera-natural-bano-ducha-cocina-bambu-madurado\/#breadcrumb","itemListElement":[{"@type":"ListItem","position":1,"name":"Portada","item":"https:\/\/econeteges.es\/"},{"@type":"ListItem","position":2,"name":"Tienda","item":"https:\/\/econeteges.es\/ca\/tienda\/"},{"@type":"ListItem","position":3,"name":"Jabonera Sostenible jabonera Caja de jab\u00f3n de Madera Natural (ba\u00f1o, Ducha, Cocina) &#8211; bamb\u00fa madurado"}]},{"@type":"WebSite","@id":"https:\/\/econeteges.es\/#website","url":"https:\/\/econeteges.es\/","name":"econeteges.es | empresa de limpieza","description":"Limpieza a domicilio | pulidos y abrillantados | mantenimiento de comunidades","publisher":{"@id":"https:\/\/econeteges.es\/#organization"},"potentialAction":[{"@type":"SearchAction","target":{"@type":"EntryPoint","urlTemplate":"https:\/\/econeteges.es\/?s={search_term_string}"},"query-input":"required name=search_term_string"}],"inLanguage":"ca"},{"@type":"Organization","@id":"https:\/\/econeteges.es\/#organization","name":"Econeteges","url":"https:\/\/econeteges.es\/","logo":{"@type":"ImageObject","inLanguage":"ca","@id":"https:\/\/econeteges.es\/#\/schema\/logo\/image\/","url":"https:\/\/econeteges.es\/wp-content\/uploads\/2020\/05\/nuestra-empresa_185260.jpg","contentUrl":"https:\/\/econeteges.es\/wp-content\/uploads\/2020\/05\/nuestra-empresa_185260.jpg","width":600,"height":600,"caption":"Econeteges"},"image":{"@id":"https:\/\/econeteges.es\/#\/schema\/logo\/image\/"},"sameAs":["https:\/\/www.instagram.com\/econeteges\/"]}]}},"_links":{"self":[{"href":"https:\/\/econeteges.es\/ca\/wp-json\/wp\/v2\/product\/1387"}],"collection":[{"href":"https:\/\/econeteges.es\/ca\/wp-json\/wp\/v2\/product"}],"about":[{"href":"https:\/\/econeteges.es\/ca\/wp-json\/wp\/v2\/types\/product"}],"wp:featuredmedia":[{"embeddable":true,"href":"https:\/\/econeteges.es\/ca\/wp-json\/wp\/v2\/media\/1388"}],"wp:attachment":[{"href":"https:\/\/econeteges.es\/ca\/wp-json\/wp\/v2\/media?parent=1387"}],"wp:term":[{"taxonomy":"product_cat","embeddable":true,"href":"https:\/\/econeteges.es\/ca\/wp-json\/wp\/v2\/product_cat?post=1387"},{"taxonomy":"product_tag","embeddable":true,"href":"https:\/\/econeteges.es\/ca\/wp-json\/wp\/v2\/product_tag?post=1387"}],"curies":[{"name":"wp","href":"https:\/\/api.w.org\/{rel}","templated":true}]}}