{"id":1392,"date":"2021-06-14T14:44:57","date_gmt":"2021-06-14T14:44:57","guid":{"rendered":"https:\/\/econeteges.es\/?post_type=product&#038;p=1392"},"modified":"2021-06-15T07:59:44","modified_gmt":"2021-06-15T07:59:44","slug":"vie-jabonera-de-coco-multicolor-grande","status":"publish","type":"product","link":"https:\/\/econeteges.es\/ca\/producte\/vie-jabonera-de-coco-multicolor-grande\/","title":{"rendered":"VIE Jabonera de Coco, Multicolor, Grande"},"content":{"rendered":"<div id=\"dpx-product-description_feature_div\">\n<div class=\"celwidget\" data-csa-c-id=\"11k0py-lk3j7-bq4jif-1mzdsj\" data-cel-widget=\"dpx-product-description_csm_instrumentation_wrapper\">\n<div id=\"descriptionAndDetails\" class=\"a-section a-spacing-extra-large\">\n<div id=\"productDescription_feature_div\" class=\"celwidget\" data-feature-name=\"productDescription\" data-csa-c-id=\"10hk0v-gikvr8-uqrwyu-mkrco4\" data-cel-widget=\"productDescription_feature_div\">\n<div>\n<div id=\"productDescription_feature_div\" class=\"a-row feature\" data-feature-name=\"productDescription\" data-template-name=\"productDescription\" data-cel-widget=\"productDescription_feature_div\">\n<div id=\"productDescription\" class=\"a-section a-spacing-small\">\n<p>Vie Naturals Jabonera grande con coraz\u00f3n de coco le dar\u00e1 a su hogar un sabor de encanto y elegancia.<\/p>\n<p>Producto tallado a mano y hecho a partir de genuino coco natural, dura mucho tiempo. Mantenga siempre su jab\u00f3n de barra limpio y seco, no m\u00e1s jab\u00f3n derritido. Ideal para tu cuarto de ba\u00f1o, cocina.<\/p>\n<p>Tambi\u00e9n es perfecto como regalo para familiares o amigos.<\/p>\n<\/div>\n<\/div>\n<\/div>\n<\/div>\n<\/div>\n<\/div>\n<\/div>\n<div id=\"dp-ads-center-promo-top_feature_div\"><\/div>","protected":false},"excerpt":{"rendered":"<ul class=\"a-unordered-list a-vertical a-spacing-mini\">\n<li><span class=\"a-list-item\"> DRENAJE SUPERIOR &#8211; Los agujeros promueven la circulaci\u00f3n del aire, permitiendo que el jab\u00f3n de barra, esponjas, cepillos y fregadores se sequen al aire r\u00e1pidamente. <\/span><\/li>\n<li><span class=\"a-list-item\"> DISE\u00d1O COMPACTO &#8211; Se adapta perfectamente a la cocina, el ba\u00f1o, la lavander\u00eda y las encimeras del fregadero. <\/span><\/li>\n<li><span class=\"a-list-item\"> SALUDABLE Y NATURAL &#8211; Hecho de un \u00e1rbol de coco, 100% natural. Ecol\u00f3gico, libre de t\u00f3xicos. Muy ligero, suave y resistente. <\/span><\/li>\n<li><span class=\"a-list-item\"> EXPERIMENTAR LA NATURALEZA &#8211; Conchas de coco hechas a mano en una jabonera hermosa y \u00fanica. A\u00f1ade un toque tropical a la decoraci\u00f3n del hogar. <\/span><\/li>\n<li><span class=\"a-list-item\"> PRODUCTO HECHO A MANO &#8211; Cada art\u00edculo est\u00e1 hecho a mano en condiciones \u00e9ticas y en armon\u00eda con la naturaleza, tejida con las t\u00e9cnicas manuales tradicionales. <\/span><\/li>\n<\/ul>","protected":false},"featured_media":1393,"template":"","meta":{"_et_pb_use_builder":"","_et_pb_old_content":"","_et_gb_content_width":""},"product_cat":[38,33,25],"product_tag":[],"yoast_head":"<!-- This site is optimized with the Yoast SEO plugin v22.3 - https:\/\/yoast.com\/wordpress\/plugins\/seo\/ -->\n<title>VIE Jabonera de Coco, Multicolor, Grande - econeteges.es | empresa de limpieza<\/title>\n<meta name=\"robots\" content=\"index, follow, max-snippet:-1, max-image-preview:large, max-video-preview:-1\" \/>\n<link rel=\"canonical\" href=\"https:\/\/econeteges.es\/ca\/producte\/vie-jabonera-de-coco-multicolor-grande\/\" \/>\n<meta property=\"og:locale\" content=\"ca_ES\" \/>\n<meta property=\"og:type\" content=\"article\" \/>\n<meta property=\"og:title\" content=\"VIE Jabonera de Coco, Multicolor, Grande - econeteges.es | empresa de limpieza\" \/>\n<meta property=\"og:description\" content=\"DRENAJE SUPERIOR - Los agujeros promueven la circulaci\u00f3n del aire, permitiendo que el jab\u00f3n de barra, esponjas, cepillos y fregadores se sequen al aire r\u00e1pidamente.   DISE\u00d1O COMPACTO - Se adapta perfectamente a la cocina, el ba\u00f1o, la lavander\u00eda y las encimeras del fregadero.   SALUDABLE Y NATURAL - Hecho de un \u00e1rbol de coco, 100% natural. Ecol\u00f3gico, libre de t\u00f3xicos. Muy ligero, suave y resistente.   EXPERIMENTAR LA NATURALEZA - Conchas de coco hechas a mano en una jabonera hermosa y \u00fanica. A\u00f1ade un toque tropical a la decoraci\u00f3n del hogar.   PRODUCTO HECHO A MANO - Cada art\u00edculo est\u00e1 hecho a mano en condiciones \u00e9ticas y en armon\u00eda con la naturaleza, tejida con las t\u00e9cnicas manuales tradicionales.\" \/>\n<meta property=\"og:url\" content=\"https:\/\/econeteges.es\/ca\/producte\/vie-jabonera-de-coco-multicolor-grande\/\" \/>\n<meta property=\"og:site_name\" content=\"econeteges.es | empresa de limpieza\" \/>\n<meta property=\"article:modified_time\" content=\"2021-06-15T07:59:44+00:00\" \/>\n<meta property=\"og:image\" content=\"https:\/\/econeteges.es\/wp-content\/uploads\/2021\/06\/jabonera-coco.jpg\" \/>\n\t<meta property=\"og:image:width\" content=\"924\" \/>\n\t<meta property=\"og:image:height\" content=\"508\" \/>\n\t<meta property=\"og:image:type\" content=\"image\/jpeg\" \/>\n<meta name=\"twitter:card\" content=\"summary_large_image\" \/>\n<meta name=\"twitter:label1\" content=\"Temps estimat de lectura\" \/>\n\t<meta name=\"twitter:data1\" content=\"1 minut\" \/>\n<script type=\"application\/ld+json\" class=\"yoast-schema-graph\">{\"@context\":\"https:\/\/schema.org\",\"@graph\":[{\"@type\":\"WebPage\",\"@id\":\"https:\/\/econeteges.es\/ca\/producte\/vie-jabonera-de-coco-multicolor-grande\/\",\"url\":\"https:\/\/econeteges.es\/ca\/producte\/vie-jabonera-de-coco-multicolor-grande\/\",\"name\":\"VIE Jabonera de Coco, Multicolor, Grande - econeteges.es | empresa de limpieza\",\"isPartOf\":{\"@id\":\"https:\/\/econeteges.es\/#website\"},\"primaryImageOfPage\":{\"@id\":\"https:\/\/econeteges.es\/ca\/producte\/vie-jabonera-de-coco-multicolor-grande\/#primaryimage\"},\"image\":{\"@id\":\"https:\/\/econeteges.es\/ca\/producte\/vie-jabonera-de-coco-multicolor-grande\/#primaryimage\"},\"thumbnailUrl\":\"https:\/\/econeteges.es\/wp-content\/uploads\/2021\/06\/jabonera-coco.jpg\",\"datePublished\":\"2021-06-14T14:44:57+00:00\",\"dateModified\":\"2021-06-15T07:59:44+00:00\",\"breadcrumb\":{\"@id\":\"https:\/\/econeteges.es\/ca\/producte\/vie-jabonera-de-coco-multicolor-grande\/#breadcrumb\"},\"inLanguage\":\"ca\",\"potentialAction\":[{\"@type\":\"ReadAction\",\"target\":[\"https:\/\/econeteges.es\/ca\/producte\/vie-jabonera-de-coco-multicolor-grande\/\"]}]},{\"@type\":\"ImageObject\",\"inLanguage\":\"ca\",\"@id\":\"https:\/\/econeteges.es\/ca\/producte\/vie-jabonera-de-coco-multicolor-grande\/#primaryimage\",\"url\":\"https:\/\/econeteges.es\/wp-content\/uploads\/2021\/06\/jabonera-coco.jpg\",\"contentUrl\":\"https:\/\/econeteges.es\/wp-content\/uploads\/2021\/06\/jabonera-coco.jpg\",\"width\":924,\"height\":508,\"caption\":\"jabonera coco\"},{\"@type\":\"BreadcrumbList\",\"@id\":\"https:\/\/econeteges.es\/ca\/producte\/vie-jabonera-de-coco-multicolor-grande\/#breadcrumb\",\"itemListElement\":[{\"@type\":\"ListItem\",\"position\":1,\"name\":\"Portada\",\"item\":\"https:\/\/econeteges.es\/\"},{\"@type\":\"ListItem\",\"position\":2,\"name\":\"Tienda\",\"item\":\"https:\/\/econeteges.es\/ca\/tienda\/\"},{\"@type\":\"ListItem\",\"position\":3,\"name\":\"VIE Jabonera de Coco, Multicolor, Grande\"}]},{\"@type\":\"WebSite\",\"@id\":\"https:\/\/econeteges.es\/#website\",\"url\":\"https:\/\/econeteges.es\/\",\"name\":\"econeteges.es | empresa de limpieza\",\"description\":\"Limpieza a domicilio | pulidos y abrillantados | mantenimiento de comunidades\",\"publisher\":{\"@id\":\"https:\/\/econeteges.es\/#organization\"},\"potentialAction\":[{\"@type\":\"SearchAction\",\"target\":{\"@type\":\"EntryPoint\",\"urlTemplate\":\"https:\/\/econeteges.es\/?s={search_term_string}\"},\"query-input\":\"required name=search_term_string\"}],\"inLanguage\":\"ca\"},{\"@type\":\"Organization\",\"@id\":\"https:\/\/econeteges.es\/#organization\",\"name\":\"Econeteges\",\"url\":\"https:\/\/econeteges.es\/\",\"logo\":{\"@type\":\"ImageObject\",\"inLanguage\":\"ca\",\"@id\":\"https:\/\/econeteges.es\/#\/schema\/logo\/image\/\",\"url\":\"https:\/\/econeteges.es\/wp-content\/uploads\/2020\/05\/nuestra-empresa_185260.jpg\",\"contentUrl\":\"https:\/\/econeteges.es\/wp-content\/uploads\/2020\/05\/nuestra-empresa_185260.jpg\",\"width\":600,\"height\":600,\"caption\":\"Econeteges\"},\"image\":{\"@id\":\"https:\/\/econeteges.es\/#\/schema\/logo\/image\/\"},\"sameAs\":[\"https:\/\/www.instagram.com\/econeteges\/\"]}]}<\/script>\n<!-- \/ Yoast SEO plugin. -->","yoast_head_json":{"title":"VIE Jabonera de Coco, Multicolor, Grande - econeteges.es | empresa de limpieza","robots":{"index":"index","follow":"follow","max-snippet":"max-snippet:-1","max-image-preview":"max-image-preview:large","max-video-preview":"max-video-preview:-1"},"canonical":"https:\/\/econeteges.es\/ca\/producte\/vie-jabonera-de-coco-multicolor-grande\/","og_locale":"ca_ES","og_type":"article","og_title":"VIE Jabonera de Coco, Multicolor, Grande - econeteges.es | empresa de limpieza","og_description":"DRENAJE SUPERIOR - Los agujeros promueven la circulaci\u00f3n del aire, permitiendo que el jab\u00f3n de barra, esponjas, cepillos y fregadores se sequen al aire r\u00e1pidamente.   DISE\u00d1O COMPACTO - Se adapta perfectamente a la cocina, el ba\u00f1o, la lavander\u00eda y las encimeras del fregadero.   SALUDABLE Y NATURAL - Hecho de un \u00e1rbol de coco, 100% natural. Ecol\u00f3gico, libre de t\u00f3xicos. Muy ligero, suave y resistente.   EXPERIMENTAR LA NATURALEZA - Conchas de coco hechas a mano en una jabonera hermosa y \u00fanica. A\u00f1ade un toque tropical a la decoraci\u00f3n del hogar.   PRODUCTO HECHO A MANO - Cada art\u00edculo est\u00e1 hecho a mano en condiciones \u00e9ticas y en armon\u00eda con la naturaleza, tejida con las t\u00e9cnicas manuales tradicionales.","og_url":"https:\/\/econeteges.es\/ca\/producte\/vie-jabonera-de-coco-multicolor-grande\/","og_site_name":"econeteges.es | empresa de limpieza","article_modified_time":"2021-06-15T07:59:44+00:00","og_image":[{"width":924,"height":508,"url":"https:\/\/econeteges.es\/wp-content\/uploads\/2021\/06\/jabonera-coco.jpg","type":"image\/jpeg"}],"twitter_card":"summary_large_image","twitter_misc":{"Temps estimat de lectura":"1 minut"},"schema":{"@context":"https:\/\/schema.org","@graph":[{"@type":"WebPage","@id":"https:\/\/econeteges.es\/ca\/producte\/vie-jabonera-de-coco-multicolor-grande\/","url":"https:\/\/econeteges.es\/ca\/producte\/vie-jabonera-de-coco-multicolor-grande\/","name":"VIE Jabonera de Coco, Multicolor, Grande - econeteges.es | empresa de limpieza","isPartOf":{"@id":"https:\/\/econeteges.es\/#website"},"primaryImageOfPage":{"@id":"https:\/\/econeteges.es\/ca\/producte\/vie-jabonera-de-coco-multicolor-grande\/#primaryimage"},"image":{"@id":"https:\/\/econeteges.es\/ca\/producte\/vie-jabonera-de-coco-multicolor-grande\/#primaryimage"},"thumbnailUrl":"https:\/\/econeteges.es\/wp-content\/uploads\/2021\/06\/jabonera-coco.jpg","datePublished":"2021-06-14T14:44:57+00:00","dateModified":"2021-06-15T07:59:44+00:00","breadcrumb":{"@id":"https:\/\/econeteges.es\/ca\/producte\/vie-jabonera-de-coco-multicolor-grande\/#breadcrumb"},"inLanguage":"ca","potentialAction":[{"@type":"ReadAction","target":["https:\/\/econeteges.es\/ca\/producte\/vie-jabonera-de-coco-multicolor-grande\/"]}]},{"@type":"ImageObject","inLanguage":"ca","@id":"https:\/\/econeteges.es\/ca\/producte\/vie-jabonera-de-coco-multicolor-grande\/#primaryimage","url":"https:\/\/econeteges.es\/wp-content\/uploads\/2021\/06\/jabonera-coco.jpg","contentUrl":"https:\/\/econeteges.es\/wp-content\/uploads\/2021\/06\/jabonera-coco.jpg","width":924,"height":508,"caption":"jabonera coco"},{"@type":"BreadcrumbList","@id":"https:\/\/econeteges.es\/ca\/producte\/vie-jabonera-de-coco-multicolor-grande\/#breadcrumb","itemListElement":[{"@type":"ListItem","position":1,"name":"Portada","item":"https:\/\/econeteges.es\/"},{"@type":"ListItem","position":2,"name":"Tienda","item":"https:\/\/econeteges.es\/ca\/tienda\/"},{"@type":"ListItem","position":3,"name":"VIE Jabonera de Coco, Multicolor, Grande"}]},{"@type":"WebSite","@id":"https:\/\/econeteges.es\/#website","url":"https:\/\/econeteges.es\/","name":"econeteges.es | empresa de limpieza","description":"Limpieza a domicilio | pulidos y abrillantados | mantenimiento de comunidades","publisher":{"@id":"https:\/\/econeteges.es\/#organization"},"potentialAction":[{"@type":"SearchAction","target":{"@type":"EntryPoint","urlTemplate":"https:\/\/econeteges.es\/?s={search_term_string}"},"query-input":"required name=search_term_string"}],"inLanguage":"ca"},{"@type":"Organization","@id":"https:\/\/econeteges.es\/#organization","name":"Econeteges","url":"https:\/\/econeteges.es\/","logo":{"@type":"ImageObject","inLanguage":"ca","@id":"https:\/\/econeteges.es\/#\/schema\/logo\/image\/","url":"https:\/\/econeteges.es\/wp-content\/uploads\/2020\/05\/nuestra-empresa_185260.jpg","contentUrl":"https:\/\/econeteges.es\/wp-content\/uploads\/2020\/05\/nuestra-empresa_185260.jpg","width":600,"height":600,"caption":"Econeteges"},"image":{"@id":"https:\/\/econeteges.es\/#\/schema\/logo\/image\/"},"sameAs":["https:\/\/www.instagram.com\/econeteges\/"]}]}},"_links":{"self":[{"href":"https:\/\/econeteges.es\/ca\/wp-json\/wp\/v2\/product\/1392"}],"collection":[{"href":"https:\/\/econeteges.es\/ca\/wp-json\/wp\/v2\/product"}],"about":[{"href":"https:\/\/econeteges.es\/ca\/wp-json\/wp\/v2\/types\/product"}],"wp:featuredmedia":[{"embeddable":true,"href":"https:\/\/econeteges.es\/ca\/wp-json\/wp\/v2\/media\/1393"}],"wp:attachment":[{"href":"https:\/\/econeteges.es\/ca\/wp-json\/wp\/v2\/media?parent=1392"}],"wp:term":[{"taxonomy":"product_cat","embeddable":true,"href":"https:\/\/econeteges.es\/ca\/wp-json\/wp\/v2\/product_cat?post=1392"},{"taxonomy":"product_tag","embeddable":true,"href":"https:\/\/econeteges.es\/ca\/wp-json\/wp\/v2\/product_tag?post=1392"}],"curies":[{"name":"wp","href":"https:\/\/api.w.org\/{rel}","templated":true}]}}