{"id":1394,"date":"2021-06-14T14:56:20","date_gmt":"2021-06-14T14:56:20","guid":{"rendered":"https:\/\/econeteges.es\/?post_type=product&#038;p=1394"},"modified":"2021-06-15T07:58:30","modified_gmt":"2021-06-15T07:58:30","slug":"gurkkst-2-jaboneras-de-madera-natural-bambu-bandejas-de-jabon-para-ducha-fregadero-bandejas-para-jabon-esponjas-y-mas","status":"publish","type":"product","link":"https:\/\/econeteges.es\/ca\/producte\/gurkkst-2-jaboneras-de-madera-natural-bambu-bandejas-de-jabon-para-ducha-fregadero-bandejas-para-jabon-esponjas-y-mas\/","title":{"rendered":"Gurkkst 2 Jaboneras de Madera Natural bamb\u00fa Bandejas de jab\u00f3n para Ducha Fregadero bandejas para jab\u00f3n, esponjas y m\u00e1s"},"content":{"rendered":"<h2>Lote de 2 jaboneras de madera natural de Bamb\u00fa<\/h2>\n<h3><b>Especificaci\u00f3nes de las jaboneras<\/b><\/h3>\n<p>1 color: amarillo<br \/>\n2 Peso: 150g<br \/>\nMaterial 3: 100% de bamb\u00fa natural puro<br \/>\nTama\u00f1o 4: 11.5 x 8x 2.4cm (LxWxH)<\/p>\n<h3><b>Caracteristicas :<\/b><\/h3>\n<p>1 100% puro de bamb\u00fa natural y hecho a mano.<br \/>\n2 Anti-agua y antideslizante.<\/p>\n<h3><b>Nota:<\/b><\/h3>\n<p>Coloque el jab\u00f3n en la superficie de nuestra bandeja para que pueda drenar completamente.<br \/>\nAseg\u00farese de que la jabonera est\u00e9 en un lugar fresco y seco.<\/p>","protected":false},"excerpt":{"rendered":"<ol class=\"a-unordered-list a-vertical a-spacing-mini\">\n<li><span class=\"a-list-item\">\u00a0Material de primera calidad y excelente calidad: Hecho de 100% de bamb\u00fa natural puro, la jabonera de bamb\u00fa de bamb\u00fa est\u00e1 excelentemente elaborada y es confiable durante mucho tiempo. <\/span><\/li>\n<li><span class=\"a-list-item\">\u00a0Seguro y saludable: los materiales naturales puros y hechos a mano aseguran que sea seguro y saludable, el olor a madera y bamb\u00fa lo lleva a la naturaleza, y no lastimar\u00eda sus manos. <\/span><\/li>\n<li><span class=\"a-list-item\">\u00a0Dise\u00f1o perfecto: f\u00e1cil de limpiar, no se deforma, fregadero y marco especialmente dise\u00f1ados para evitar fugas de agua y jab\u00f3n. Algunos jabones naturales se convierten en una papilla l\u00edquida. El dise\u00f1o especial de nuestro Jabonero los drena y se seca naturalmente. La jabonera se seca y mantiene su ba\u00f1o limpio y hermoso. <\/span><\/li>\n<li><span class=\"a-list-item\">\u00a0Size: 11.5 * 8 * 2.4cm, Moda y dise\u00f1o simple facil de integrar en su hogar<\/span><\/li>\n<li><span class=\"a-list-item\">\u00a0El paquete incluye: Soportes de jab\u00f3n 2 piezas<\/span><\/li>\n<\/ol>","protected":false},"featured_media":1397,"template":"","meta":{"_et_pb_use_builder":"","_et_pb_old_content":"","_et_gb_content_width":""},"product_cat":[38,33],"product_tag":[],"yoast_head":"<!-- This site is optimized with the Yoast SEO plugin v22.3 - https:\/\/yoast.com\/wordpress\/plugins\/seo\/ -->\n<title>Gurkkst 2 Jaboneras de Madera Natural bamb\u00fa Bandejas de jab\u00f3n para Ducha Fregadero bandejas para jab\u00f3n, esponjas y m\u00e1s - econeteges.es | empresa de limpieza<\/title>\n<meta name=\"robots\" content=\"index, follow, max-snippet:-1, max-image-preview:large, max-video-preview:-1\" \/>\n<link rel=\"canonical\" href=\"https:\/\/econeteges.es\/ca\/producte\/gurkkst-2-jaboneras-de-madera-natural-bambu-bandejas-de-jabon-para-ducha-fregadero-bandejas-para-jabon-esponjas-y-mas\/\" \/>\n<meta property=\"og:locale\" content=\"ca_ES\" \/>\n<meta property=\"og:type\" content=\"article\" \/>\n<meta property=\"og:title\" content=\"Gurkkst 2 Jaboneras de Madera Natural bamb\u00fa Bandejas de jab\u00f3n para Ducha Fregadero bandejas para jab\u00f3n, esponjas y m\u00e1s - econeteges.es | empresa de limpieza\" \/>\n<meta property=\"og:description\" content=\"\u00a0Material de primera calidad y excelente calidad: Hecho de 100% de bamb\u00fa natural puro, la jabonera de bamb\u00fa de bamb\u00fa est\u00e1 excelentemente elaborada y es confiable durante mucho tiempo.   \u00a0Seguro y saludable: los materiales naturales puros y hechos a mano aseguran que sea seguro y saludable, el olor a madera y bamb\u00fa lo lleva a la naturaleza, y no lastimar\u00eda sus manos.   \u00a0Dise\u00f1o perfecto: f\u00e1cil de limpiar, no se deforma, fregadero y marco especialmente dise\u00f1ados para evitar fugas de agua y jab\u00f3n. Algunos jabones naturales se convierten en una papilla l\u00edquida. El dise\u00f1o especial de nuestro Jabonero los drena y se seca naturalmente. La jabonera se seca y mantiene su ba\u00f1o limpio y hermoso.   \u00a0Size: 11.5 * 8 * 2.4cm, Moda y dise\u00f1o simple facil de integrar en su hogar  \u00a0El paquete incluye: Soportes de jab\u00f3n 2 piezas\" \/>\n<meta property=\"og:url\" content=\"https:\/\/econeteges.es\/ca\/producte\/gurkkst-2-jaboneras-de-madera-natural-bambu-bandejas-de-jabon-para-ducha-fregadero-bandejas-para-jabon-esponjas-y-mas\/\" \/>\n<meta property=\"og:site_name\" content=\"econeteges.es | empresa de limpieza\" \/>\n<meta property=\"article:modified_time\" content=\"2021-06-15T07:58:30+00:00\" \/>\n<meta property=\"og:image\" content=\"https:\/\/econeteges.es\/wp-content\/uploads\/2021\/06\/2-jaboneras-bambu-3.jpg\" \/>\n\t<meta property=\"og:image:width\" content=\"1487\" \/>\n\t<meta property=\"og:image:height\" content=\"1165\" \/>\n\t<meta property=\"og:image:type\" content=\"image\/jpeg\" \/>\n<meta name=\"twitter:card\" content=\"summary_large_image\" \/>\n<meta name=\"twitter:label1\" content=\"Temps estimat de lectura\" \/>\n\t<meta name=\"twitter:data1\" content=\"1 minut\" \/>\n<script type=\"application\/ld+json\" class=\"yoast-schema-graph\">{\"@context\":\"https:\/\/schema.org\",\"@graph\":[{\"@type\":\"WebPage\",\"@id\":\"https:\/\/econeteges.es\/ca\/producte\/gurkkst-2-jaboneras-de-madera-natural-bambu-bandejas-de-jabon-para-ducha-fregadero-bandejas-para-jabon-esponjas-y-mas\/\",\"url\":\"https:\/\/econeteges.es\/ca\/producte\/gurkkst-2-jaboneras-de-madera-natural-bambu-bandejas-de-jabon-para-ducha-fregadero-bandejas-para-jabon-esponjas-y-mas\/\",\"name\":\"Gurkkst 2 Jaboneras de Madera Natural bamb\u00fa Bandejas de jab\u00f3n para Ducha Fregadero bandejas para jab\u00f3n, esponjas y m\u00e1s - econeteges.es | empresa de limpieza\",\"isPartOf\":{\"@id\":\"https:\/\/econeteges.es\/#website\"},\"primaryImageOfPage\":{\"@id\":\"https:\/\/econeteges.es\/ca\/producte\/gurkkst-2-jaboneras-de-madera-natural-bambu-bandejas-de-jabon-para-ducha-fregadero-bandejas-para-jabon-esponjas-y-mas\/#primaryimage\"},\"image\":{\"@id\":\"https:\/\/econeteges.es\/ca\/producte\/gurkkst-2-jaboneras-de-madera-natural-bambu-bandejas-de-jabon-para-ducha-fregadero-bandejas-para-jabon-esponjas-y-mas\/#primaryimage\"},\"thumbnailUrl\":\"https:\/\/econeteges.es\/wp-content\/uploads\/2021\/06\/2-jaboneras-bambu-3.jpg\",\"datePublished\":\"2021-06-14T14:56:20+00:00\",\"dateModified\":\"2021-06-15T07:58:30+00:00\",\"breadcrumb\":{\"@id\":\"https:\/\/econeteges.es\/ca\/producte\/gurkkst-2-jaboneras-de-madera-natural-bambu-bandejas-de-jabon-para-ducha-fregadero-bandejas-para-jabon-esponjas-y-mas\/#breadcrumb\"},\"inLanguage\":\"ca\",\"potentialAction\":[{\"@type\":\"ReadAction\",\"target\":[\"https:\/\/econeteges.es\/ca\/producte\/gurkkst-2-jaboneras-de-madera-natural-bambu-bandejas-de-jabon-para-ducha-fregadero-bandejas-para-jabon-esponjas-y-mas\/\"]}]},{\"@type\":\"ImageObject\",\"inLanguage\":\"ca\",\"@id\":\"https:\/\/econeteges.es\/ca\/producte\/gurkkst-2-jaboneras-de-madera-natural-bambu-bandejas-de-jabon-para-ducha-fregadero-bandejas-para-jabon-esponjas-y-mas\/#primaryimage\",\"url\":\"https:\/\/econeteges.es\/wp-content\/uploads\/2021\/06\/2-jaboneras-bambu-3.jpg\",\"contentUrl\":\"https:\/\/econeteges.es\/wp-content\/uploads\/2021\/06\/2-jaboneras-bambu-3.jpg\",\"width\":1487,\"height\":1165,\"caption\":\"2 jaboneras bambu (3)\"},{\"@type\":\"BreadcrumbList\",\"@id\":\"https:\/\/econeteges.es\/ca\/producte\/gurkkst-2-jaboneras-de-madera-natural-bambu-bandejas-de-jabon-para-ducha-fregadero-bandejas-para-jabon-esponjas-y-mas\/#breadcrumb\",\"itemListElement\":[{\"@type\":\"ListItem\",\"position\":1,\"name\":\"Portada\",\"item\":\"https:\/\/econeteges.es\/\"},{\"@type\":\"ListItem\",\"position\":2,\"name\":\"Tienda\",\"item\":\"https:\/\/econeteges.es\/ca\/tienda\/\"},{\"@type\":\"ListItem\",\"position\":3,\"name\":\"Gurkkst 2 Jaboneras de Madera Natural bamb\u00fa Bandejas de jab\u00f3n para Ducha Fregadero bandejas para jab\u00f3n, esponjas y m\u00e1s\"}]},{\"@type\":\"WebSite\",\"@id\":\"https:\/\/econeteges.es\/#website\",\"url\":\"https:\/\/econeteges.es\/\",\"name\":\"econeteges.es | empresa de limpieza\",\"description\":\"Limpieza a domicilio | pulidos y abrillantados | mantenimiento de comunidades\",\"publisher\":{\"@id\":\"https:\/\/econeteges.es\/#organization\"},\"potentialAction\":[{\"@type\":\"SearchAction\",\"target\":{\"@type\":\"EntryPoint\",\"urlTemplate\":\"https:\/\/econeteges.es\/?s={search_term_string}\"},\"query-input\":\"required name=search_term_string\"}],\"inLanguage\":\"ca\"},{\"@type\":\"Organization\",\"@id\":\"https:\/\/econeteges.es\/#organization\",\"name\":\"Econeteges\",\"url\":\"https:\/\/econeteges.es\/\",\"logo\":{\"@type\":\"ImageObject\",\"inLanguage\":\"ca\",\"@id\":\"https:\/\/econeteges.es\/#\/schema\/logo\/image\/\",\"url\":\"https:\/\/econeteges.es\/wp-content\/uploads\/2020\/05\/nuestra-empresa_185260.jpg\",\"contentUrl\":\"https:\/\/econeteges.es\/wp-content\/uploads\/2020\/05\/nuestra-empresa_185260.jpg\",\"width\":600,\"height\":600,\"caption\":\"Econeteges\"},\"image\":{\"@id\":\"https:\/\/econeteges.es\/#\/schema\/logo\/image\/\"},\"sameAs\":[\"https:\/\/www.instagram.com\/econeteges\/\"]}]}<\/script>\n<!-- \/ Yoast SEO plugin. -->","yoast_head_json":{"title":"Gurkkst 2 Jaboneras de Madera Natural bamb\u00fa Bandejas de jab\u00f3n para Ducha Fregadero bandejas para jab\u00f3n, esponjas y m\u00e1s - econeteges.es | empresa de limpieza","robots":{"index":"index","follow":"follow","max-snippet":"max-snippet:-1","max-image-preview":"max-image-preview:large","max-video-preview":"max-video-preview:-1"},"canonical":"https:\/\/econeteges.es\/ca\/producte\/gurkkst-2-jaboneras-de-madera-natural-bambu-bandejas-de-jabon-para-ducha-fregadero-bandejas-para-jabon-esponjas-y-mas\/","og_locale":"ca_ES","og_type":"article","og_title":"Gurkkst 2 Jaboneras de Madera Natural bamb\u00fa Bandejas de jab\u00f3n para Ducha Fregadero bandejas para jab\u00f3n, esponjas y m\u00e1s - econeteges.es | empresa de limpieza","og_description":"\u00a0Material de primera calidad y excelente calidad: Hecho de 100% de bamb\u00fa natural puro, la jabonera de bamb\u00fa de bamb\u00fa est\u00e1 excelentemente elaborada y es confiable durante mucho tiempo.   \u00a0Seguro y saludable: los materiales naturales puros y hechos a mano aseguran que sea seguro y saludable, el olor a madera y bamb\u00fa lo lleva a la naturaleza, y no lastimar\u00eda sus manos.   \u00a0Dise\u00f1o perfecto: f\u00e1cil de limpiar, no se deforma, fregadero y marco especialmente dise\u00f1ados para evitar fugas de agua y jab\u00f3n. Algunos jabones naturales se convierten en una papilla l\u00edquida. El dise\u00f1o especial de nuestro Jabonero los drena y se seca naturalmente. La jabonera se seca y mantiene su ba\u00f1o limpio y hermoso.   \u00a0Size: 11.5 * 8 * 2.4cm, Moda y dise\u00f1o simple facil de integrar en su hogar  \u00a0El paquete incluye: Soportes de jab\u00f3n 2 piezas","og_url":"https:\/\/econeteges.es\/ca\/producte\/gurkkst-2-jaboneras-de-madera-natural-bambu-bandejas-de-jabon-para-ducha-fregadero-bandejas-para-jabon-esponjas-y-mas\/","og_site_name":"econeteges.es | empresa de limpieza","article_modified_time":"2021-06-15T07:58:30+00:00","og_image":[{"width":1487,"height":1165,"url":"https:\/\/econeteges.es\/wp-content\/uploads\/2021\/06\/2-jaboneras-bambu-3.jpg","type":"image\/jpeg"}],"twitter_card":"summary_large_image","twitter_misc":{"Temps estimat de lectura":"1 minut"},"schema":{"@context":"https:\/\/schema.org","@graph":[{"@type":"WebPage","@id":"https:\/\/econeteges.es\/ca\/producte\/gurkkst-2-jaboneras-de-madera-natural-bambu-bandejas-de-jabon-para-ducha-fregadero-bandejas-para-jabon-esponjas-y-mas\/","url":"https:\/\/econeteges.es\/ca\/producte\/gurkkst-2-jaboneras-de-madera-natural-bambu-bandejas-de-jabon-para-ducha-fregadero-bandejas-para-jabon-esponjas-y-mas\/","name":"Gurkkst 2 Jaboneras de Madera Natural bamb\u00fa Bandejas de jab\u00f3n para Ducha Fregadero bandejas para jab\u00f3n, esponjas y m\u00e1s - econeteges.es | empresa de limpieza","isPartOf":{"@id":"https:\/\/econeteges.es\/#website"},"primaryImageOfPage":{"@id":"https:\/\/econeteges.es\/ca\/producte\/gurkkst-2-jaboneras-de-madera-natural-bambu-bandejas-de-jabon-para-ducha-fregadero-bandejas-para-jabon-esponjas-y-mas\/#primaryimage"},"image":{"@id":"https:\/\/econeteges.es\/ca\/producte\/gurkkst-2-jaboneras-de-madera-natural-bambu-bandejas-de-jabon-para-ducha-fregadero-bandejas-para-jabon-esponjas-y-mas\/#primaryimage"},"thumbnailUrl":"https:\/\/econeteges.es\/wp-content\/uploads\/2021\/06\/2-jaboneras-bambu-3.jpg","datePublished":"2021-06-14T14:56:20+00:00","dateModified":"2021-06-15T07:58:30+00:00","breadcrumb":{"@id":"https:\/\/econeteges.es\/ca\/producte\/gurkkst-2-jaboneras-de-madera-natural-bambu-bandejas-de-jabon-para-ducha-fregadero-bandejas-para-jabon-esponjas-y-mas\/#breadcrumb"},"inLanguage":"ca","potentialAction":[{"@type":"ReadAction","target":["https:\/\/econeteges.es\/ca\/producte\/gurkkst-2-jaboneras-de-madera-natural-bambu-bandejas-de-jabon-para-ducha-fregadero-bandejas-para-jabon-esponjas-y-mas\/"]}]},{"@type":"ImageObject","inLanguage":"ca","@id":"https:\/\/econeteges.es\/ca\/producte\/gurkkst-2-jaboneras-de-madera-natural-bambu-bandejas-de-jabon-para-ducha-fregadero-bandejas-para-jabon-esponjas-y-mas\/#primaryimage","url":"https:\/\/econeteges.es\/wp-content\/uploads\/2021\/06\/2-jaboneras-bambu-3.jpg","contentUrl":"https:\/\/econeteges.es\/wp-content\/uploads\/2021\/06\/2-jaboneras-bambu-3.jpg","width":1487,"height":1165,"caption":"2 jaboneras bambu (3)"},{"@type":"BreadcrumbList","@id":"https:\/\/econeteges.es\/ca\/producte\/gurkkst-2-jaboneras-de-madera-natural-bambu-bandejas-de-jabon-para-ducha-fregadero-bandejas-para-jabon-esponjas-y-mas\/#breadcrumb","itemListElement":[{"@type":"ListItem","position":1,"name":"Portada","item":"https:\/\/econeteges.es\/"},{"@type":"ListItem","position":2,"name":"Tienda","item":"https:\/\/econeteges.es\/ca\/tienda\/"},{"@type":"ListItem","position":3,"name":"Gurkkst 2 Jaboneras de Madera Natural bamb\u00fa Bandejas de jab\u00f3n para Ducha Fregadero bandejas para jab\u00f3n, esponjas y m\u00e1s"}]},{"@type":"WebSite","@id":"https:\/\/econeteges.es\/#website","url":"https:\/\/econeteges.es\/","name":"econeteges.es | empresa de limpieza","description":"Limpieza a domicilio | pulidos y abrillantados | mantenimiento de comunidades","publisher":{"@id":"https:\/\/econeteges.es\/#organization"},"potentialAction":[{"@type":"SearchAction","target":{"@type":"EntryPoint","urlTemplate":"https:\/\/econeteges.es\/?s={search_term_string}"},"query-input":"required name=search_term_string"}],"inLanguage":"ca"},{"@type":"Organization","@id":"https:\/\/econeteges.es\/#organization","name":"Econeteges","url":"https:\/\/econeteges.es\/","logo":{"@type":"ImageObject","inLanguage":"ca","@id":"https:\/\/econeteges.es\/#\/schema\/logo\/image\/","url":"https:\/\/econeteges.es\/wp-content\/uploads\/2020\/05\/nuestra-empresa_185260.jpg","contentUrl":"https:\/\/econeteges.es\/wp-content\/uploads\/2020\/05\/nuestra-empresa_185260.jpg","width":600,"height":600,"caption":"Econeteges"},"image":{"@id":"https:\/\/econeteges.es\/#\/schema\/logo\/image\/"},"sameAs":["https:\/\/www.instagram.com\/econeteges\/"]}]}},"_links":{"self":[{"href":"https:\/\/econeteges.es\/ca\/wp-json\/wp\/v2\/product\/1394"}],"collection":[{"href":"https:\/\/econeteges.es\/ca\/wp-json\/wp\/v2\/product"}],"about":[{"href":"https:\/\/econeteges.es\/ca\/wp-json\/wp\/v2\/types\/product"}],"wp:featuredmedia":[{"embeddable":true,"href":"https:\/\/econeteges.es\/ca\/wp-json\/wp\/v2\/media\/1397"}],"wp:attachment":[{"href":"https:\/\/econeteges.es\/ca\/wp-json\/wp\/v2\/media?parent=1394"}],"wp:term":[{"taxonomy":"product_cat","embeddable":true,"href":"https:\/\/econeteges.es\/ca\/wp-json\/wp\/v2\/product_cat?post=1394"},{"taxonomy":"product_tag","embeddable":true,"href":"https:\/\/econeteges.es\/ca\/wp-json\/wp\/v2\/product_tag?post=1394"}],"curies":[{"name":"wp","href":"https:\/\/api.w.org\/{rel}","templated":true}]}}