{"id":1399,"date":"2021-06-14T15:02:40","date_gmt":"2021-06-14T15:02:40","guid":{"rendered":"https:\/\/econeteges.es\/?post_type=product&#038;p=1399"},"modified":"2021-06-15T07:58:27","modified_gmt":"2021-06-15T07:58:27","slug":"jabon-africano-natural-negro-facial-cuerpo-y-manos-limpieza-exfoliante-vegano-detox-para-acne-psoriasis-eccema-minimiza-poros-puntos-negros-con-aceites-esenciales-terapeuticos","status":"publish","type":"product","link":"https:\/\/econeteges.es\/ca\/producte\/jabon-africano-natural-negro-facial-cuerpo-y-manos-limpieza-exfoliante-vegano-detox-para-acne-psoriasis-eccema-minimiza-poros-puntos-negros-con-aceites-esenciales-terapeuticos\/","title":{"rendered":"Jab\u00f3n Africano Natural Negro Facial Cuerpo y Manos Limpieza Exfoliante Vegano Detox Para Acn\u00e9 Psoriasis Eccema Minimiza Poros Puntos Negros con Aceites Esenciales Terap\u00e9uticos"},"content":{"rendered":"<div class=\"celwidget aplus-module launchpad-brand-description-left aplus-standard\" data-csa-c-id=\"jtt8c5-9518sh-7wjkhe-9o4ork\" data-cel-widget=\"aplus-launchpad-brand-description-left\">\n<div class=\"a-section launchpad-module launchpad-module-brand-description-left\">\n<div class=\"a-section launchpad-text-left-justify\">\n<p>El Set de 3 jabones en barra O Naturals African Black Soap fue dise\u00f1ado para curar, tratar la piel y combatir el acn\u00e9. El jab\u00f3n negro africano es conocido por varias cosas. Es conocido primero por sus propiedades curativas intensivas. Es perfecto para usar como lavado facial anti envejecimiento. Tambi\u00e9n puede reducir la decoloraci\u00f3n de la piel y aliviar\u00e1 los parches secos y la irritaci\u00f3n mientras limpia profundamente cada poro. O Naturals infundi\u00f3 aceite de oliva, barro del mar muerto y lavanda para que sea realmente \u00fanico.<\/p>\n<p>Hecho en los Estados Unidos.<\/p>\n<p>* Estas pastillas de jab\u00f3n veganas est\u00e1n hechas con ingredientes org\u00e1nicos, totalmente naturales, sin crueldad animal, sin sulfato y sin parabeno.<\/p>\n<p>* \u00a1Los jabones O Naturals solo usan aceite de palma sostenible!<\/p>\n<div class=\"apm-eventhirdcol apm-floatleft\">\n<h3 class=\"a-spacing-mini\">Toque O Naturals<\/h3>\n<p><span class=\"a-text-bold\">O Naturals infundi\u00f3 varios ingredientes naturales premium en esta barra de jab\u00f3n de lujo:<\/span><\/p>\n<p><span class=\"a-text-bold\">\u2022 El aceite de oliva le da a tu piel una hidrataci\u00f3n m\u00e1xima.<\/span><\/p>\n<p><span class=\"a-text-bold\">\u2022 El lodo del mar muerto exfolia la piel muerta que se extrajo de los poros.<\/span><\/p>\n<p><span class=\"a-text-bold\">\u2022 La Lavanda deja la piel relajada despu\u00e9s de una buena limpieza.<\/span><\/p>\n<\/div>\n<h3 class=\"a-spacing-mini\">African Black Soap<\/h3>\n<h4 class=\"a-spacing-mini a-color-secondary a-text-italic\">Una Superestrella Limpiadora<\/h4>\n<ul class=\"a-unordered-list a-vertical\">\n<li><span class=\"a-list-item\"><span class=\"a-text-bold\">C\u00e1scaras de pl\u00e1tano: son una fuente importante de antioxidantes, prote\u00ednas, \u00e1cido f\u00f3lico, tiamina, potasio y vitamina C <\/span><\/span><\/li>\n<li><span class=\"a-list-item\"><span class=\"a-text-bold\">Vainas de cacao: son ricas en antioxidantes y tienen fuertes propiedades antiinflamatorias. <\/span><\/span><\/li>\n<li><span class=\"a-list-item\"><span class=\"a-text-bold\">Aceite de coco: esta belleza limpia e hidrata la piel. Tambi\u00e9n se sabe que fomenta la producci\u00f3n de col\u00e1geno.M<\/span><\/span><\/li>\n<li><span class=\"a-list-item\"><span class=\"a-text-bold\">anteca de karit\u00e9: para una piel suave y sedosa, suaviza e hidrata la piel seca. <\/span><\/span><\/li>\n<li><span class=\"a-list-item\"><span class=\"a-text-bold\">Lodo del Mar Muerto: para ayudar a exfoliar la piel muerta, dejando su piel suave.<\/span><\/span><\/li>\n<\/ul>\n<div class=\"apm-eventhirdcol apm-floatleft\">\n<h3 class=\"a-spacing-mini\">Cura tu piel<\/h3>\n<p>El Jab\u00f3n negro africano es conocido primero por sus propiedades curativas intensivas. Es perfecto para usar como lavado facial anti envejecimiento. Tambi\u00e9n puede reducir la decoloraci\u00f3n de la piel y aliviar\u00e1 los parches secos y la irritaci\u00f3n mientras limpia profundamente cada poro.<\/p>\n<div class=\"apm-eventhirdcol apm-floatleft\">\n<h3 class=\"a-spacing-mini\">Combate el Acn\u00e9<\/h3>\n<p>African Black Soap limpia profundamente cada poro de la piel. Aqu\u00ed es donde el acn\u00e9 comienza cuando las c\u00e9lulas muertas de la piel y el aceite se acumulan en los poros, para tratar las espinillas. Adem\u00e1s, el jab\u00f3n negro africano tiene propiedades antif\u00fangicas y antimicrobianas que evitan la propagaci\u00f3n del aceite y otras acumulaciones en los poros, evitando la propagaci\u00f3n de un solo grano que se convierte en muchos.<\/p>\n<\/div>\n<\/div>\n<div class=\"apm-rightthirdcol\">\n<div class=\"apm-rightthirdcol-inner\">\n<h3 class=\"a-color-secondary\">Sobre O Naturals<\/h3>\n<p class=\"a-spacing-small a-size-small a-color-secondary\"><span class=\"a-text-bold\">O Naturals trata la vida natural por dentro y por fuera. Le ofrecemos una variedad de productos naturales y org\u00e1nicos para el cuidado de la piel a base de c\u00e1\u00f1amo, exfoliantes de sal del mar muerto, jabones en barra y m\u00e1s. O Naturals se enorgullece de utilizar ingredientes naturales y org\u00e1nicos en nuestros productos.<\/span><\/p>\n<\/div>\n<h3 class=\"a-spacing-small\">C\u00f3mo maximizar el uso de su barra de jab\u00f3n<\/h3>\n<div class=\"apm-fourthcol\">\n<h4 class=\"a-spacing-mini\">Prepara tu jab\u00f3n<\/h4>\n<p class=\"a-size-small\">Comience cortando su jab\u00f3n en mitades o tercios. Coloque las piezas en una bolsa de jab\u00f3n para que pueda frotar con ellas.<\/p>\n<div class=\"apm-fourthcol\">\n<h4 class=\"a-spacing-mini\">Conserva m\u00e1s tiempo tu jab\u00f3n<\/h4>\n<p class=\"a-size-small\">Guarde su jab\u00f3n en una jabonera, drene el agua y d\u00e9jelo secar. Col\u00f3quelo lo m\u00e1s lejos posible del cabezal de la ducha.<\/p>\n<div class=\"apm-fourthcol\">\n<h4 class=\"a-spacing-mini\">Use una esponja vegetal o toallita<\/h4>\n<p class=\"a-size-small\">Usar una esponja vegetal o una toallita utiliza menos jab\u00f3n que frotarse a mano mientras produce abundante espuma.<\/p>\n<\/div>\n<div class=\"celwidget\" data-csa-c-id=\"8jwh8o-ccv9cz-18yqv3-be2aow\" data-cel-widget=\"dpx-default-important-information_csm_instrumentation_wrapper\">\n<div id=\"importantInformation_feature_div\" class=\"celwidget\" data-feature-name=\"importantInformation\" data-csa-c-id=\"rxo0ns-2ent7n-w0wf3t-cy0jqs\" data-cel-widget=\"importantInformation_feature_div\">\n<div id=\"important-information\" class=\"a-section a-spacing-extra-large bucket\">\n<div class=\"a-section content\">\n<h3>Nota legal<\/h3>\n<p>Indicaciones Aceite de oliva org\u00e1nico Aceite de coco org\u00e1nico &#8211; Hecho con ingredientes org\u00e1nicos &#8211; Vegano &#8211; Sin sulfatos &#8211; Sin parabenos &#8211; Triple molido franc\u00e9s &#8211; Sin perfume &#8211; Glicerina vegetal &#8211; Hecho en EE. UU. Ingredientes Sodium Palmate (Aceite de palma sostenible), Aqua (Agua), Glicerina, Cocos Nucifera (Coco) Aceite *, Olea Europaea Fruit (Olive) Oil *, Cloruro de sodio, Theobroma Cacao (Cacao) en polvo, Maris Limus (Lodo del Mar Muerto), Aceite de Lavandula Angustifolia (Lavanda), Butyrospermum Parkii (Manteca de Karit\u00e9), Ceniza de Piel de Pl\u00e1tano. Direcciones Frote la barra de jab\u00f3n sobre la piel h\u00fameda en el ba\u00f1o o la ducha con una toallita, esponja vegetal o con las manos hasta que se forme una agradable espuma cremosa. Masajear suavemente sobre la piel con movimientos circulares. Enjuague bien. Nota legal S\u00f3lo para uso externo. Si se produce alguna reacci\u00f3n, suspenda su uso inmediatamente. No lo use si es sensible a alguno de los ingredientes. Evite el contacto con los ojos, si el contacto ocurre enjuague bien con agua. Este producto no est\u00e1 destinado a diagnosticar, mitigar, tratar, curar o prevenir ninguna enfermedad.<\/p>\n<p>&nbsp;<\/p>\n<\/div>\n<\/div>\n<\/div>\n<\/div>\n<div class=\"celwidget\" data-csa-c-id=\"1yclk7-gsw706-jyt9la-drxl3h\" data-cel-widget=\"sims-consolidated-4_csm_instrumentation_wrapper\">\n<div class=\"celwidget pd_rd_w-WRFRX pf_rd_p-c1b53c9a-c88e-47fb-820b-7d6665857066 pf_rd_r-52KVPHT83GNJCNJ9FWWY pd_rd_r-38c1f889-efa0-4585-82c3-c695e27cdfa6 pd_rd_wg-1wUTS c-f\" data-csa-c-content-id=\"c1b53c9a-c88e-47fb-820b-7d6665857066\" data-csa-c-slot-id=\"desktop-dp-sims-3\" data-csa-c-type=\"widget\" data-csa-c-id=\"ytp6xc-l187n7-q59f91-y136cs\" data-cel-widget=\"p13n-desktop-carousel_DPSims_3\">\n<div id=\"CardInstanceIzLs04jOOLRGQPdn8DzLQA\" data-card-metrics-id=\"p13n-desktop-carousel_DPSims_3\" data-acp-tracking=\"{&quot;pd_rd_w&quot;:&quot;WRFRX&quot;,&quot;pf_rd_p&quot;:&quot;c1b53c9a-c88e-47fb-820b-7d6665857066&quot;,&quot;pf_rd_r&quot;:&quot;52KVPHT83GNJCNJ9FWWY&quot;,&quot;pd_rd_r&quot;:&quot;38c1f889-efa0-4585-82c3-c695e27cdfa6&quot;,&quot;pd_rd_wg&quot;:&quot;1wUTS&quot;,&quot;ref_&quot;:&quot;bmx&quot;}\" data-mix-claimed=\"true\">\n<hr class=\"a-divider-normal bucketDivider\" aria-hidden=\"true\" \/>\n<\/div>\n<\/div>\n<\/div>\n<div class=\"apm-fourthcol\">\n<div class=\"apm-fourthcol\">\n<p class=\"a-size-small\">\n<\/div>\n<\/div>\n<\/div>\n<\/div>\n<\/div>\n<\/div>\n<\/div>\n<\/div>","protected":false},"excerpt":{"rendered":"<ul>\n<li><span class=\"a-list-item\">AB\u00d3N NEGRO AFRICANO: es conocido por sus propiedades antis\u00e9pticas, hidratantes, calmantes, antiinflamatorias, para combatir el acn\u00e9, limpieza profunda, reducci\u00f3n de l\u00edneas finas, protecci\u00f3n contra manchas solares, mejora de la textura de la piel, reducci\u00f3n de la hiperpigmentaci\u00f3n y propiedades curativas intensivas. El jab\u00f3n negro africano crudo incluso minimiza la aparici\u00f3n de cicatrices y estr\u00edas y es seguro para todo tipo de piel, y tampoco har\u00e1 que la piel sea grasa. <\/span><\/li>\n<li><span class=\"a-list-item\"> COMBATE EL ACNE: El Jab\u00f3n Negro Africano limpia suavemente en el fondo de cada poro para proporcionar un tratamiento fuerte contra el acn\u00e9 incluso contra el acn\u00e9 qu\u00edstico para proporcionarle una piel clara, lo que lo convierte en un jab\u00f3n natural \u00fanico ideal para tratar la piel grasa. <\/span><\/li>\n<li><span class=\"a-list-item\"> EXFOLIANTE: estas barras de jab\u00f3n molidas tres veces exfolian las c\u00e9lulas muertas de la superficie para renovar su piel, dej\u00e1ndola m\u00e1s suave y tersa que nunca. <\/span><\/li>\n<li><span class=\"a-list-item\"> ANTIINFLAMATORIO: El jab\u00f3n negro africano alivia la piel seca e irritada para tratar las erupciones, el eccema y el enrojecimiento. <\/span><\/li>\n<li><span class=\"a-list-item\"> INGREDIENTES VEGANOS AUT\u00c9NTICOS: Hecho con manteca de karit\u00e9 org\u00e1nica, pl\u00e1tano y otros ingredientes naturales de primera calidad, este jab\u00f3n negro africano org\u00e1nico es totalmente natural, libre de sulfato, parabeno y crueldad. <\/span><\/li>\n<\/ul>","protected":false},"featured_media":1400,"template":"","meta":{"_et_pb_use_builder":"","_et_pb_old_content":"","_et_gb_content_width":""},"product_cat":[38,30],"product_tag":[],"yoast_head":"<!-- This site is optimized with the Yoast SEO plugin v22.3 - https:\/\/yoast.com\/wordpress\/plugins\/seo\/ -->\n<title>Jab\u00f3n Africano Natural Negro Facial Cuerpo y Manos Limpieza Exfoliante Vegano Detox Para Acn\u00e9 Psoriasis Eccema Minimiza Poros Puntos Negros con Aceites Esenciales Terap\u00e9uticos<\/title>\n<meta name=\"robots\" content=\"index, follow, max-snippet:-1, max-image-preview:large, max-video-preview:-1\" \/>\n<link rel=\"canonical\" href=\"https:\/\/econeteges.es\/ca\/producte\/jabon-africano-natural-negro-facial-cuerpo-y-manos-limpieza-exfoliante-vegano-detox-para-acne-psoriasis-eccema-minimiza-poros-puntos-negros-con-aceites-esenciales-terapeuticos\/\" \/>\n<meta property=\"og:locale\" content=\"ca_ES\" \/>\n<meta property=\"og:type\" content=\"article\" \/>\n<meta property=\"og:title\" content=\"Jab\u00f3n Africano Natural Negro Facial Cuerpo y Manos Limpieza Exfoliante Vegano Detox Para Acn\u00e9 Psoriasis Eccema Minimiza Poros Puntos Negros con Aceites Esenciales Terap\u00e9uticos\" \/>\n<meta property=\"og:description\" content=\"AB\u00d3N NEGRO AFRICANO: es conocido por sus propiedades antis\u00e9pticas, hidratantes, calmantes, antiinflamatorias, para combatir el acn\u00e9, limpieza profunda, reducci\u00f3n de l\u00edneas finas, protecci\u00f3n contra manchas solares, mejora de la textura de la piel, reducci\u00f3n de la hiperpigmentaci\u00f3n y propiedades curativas intensivas. El jab\u00f3n negro africano crudo incluso minimiza la aparici\u00f3n de cicatrices y estr\u00edas y es seguro para todo tipo de piel, y tampoco har\u00e1 que la piel sea grasa.   COMBATE EL ACNE: El Jab\u00f3n Negro Africano limpia suavemente en el fondo de cada poro para proporcionar un tratamiento fuerte contra el acn\u00e9 incluso contra el acn\u00e9 qu\u00edstico para proporcionarle una piel clara, lo que lo convierte en un jab\u00f3n natural \u00fanico ideal para tratar la piel grasa.   EXFOLIANTE: estas barras de jab\u00f3n molidas tres veces exfolian las c\u00e9lulas muertas de la superficie para renovar su piel, dej\u00e1ndola m\u00e1s suave y tersa que nunca.   ANTIINFLAMATORIO: El jab\u00f3n negro africano alivia la piel seca e irritada para tratar las erupciones, el eccema y el enrojecimiento.   INGREDIENTES VEGANOS AUT\u00c9NTICOS: Hecho con manteca de karit\u00e9 org\u00e1nica, pl\u00e1tano y otros ingredientes naturales de primera calidad, este jab\u00f3n negro africano org\u00e1nico es totalmente natural, libre de sulfato, parabeno y crueldad.\" \/>\n<meta property=\"og:url\" content=\"https:\/\/econeteges.es\/ca\/producte\/jabon-africano-natural-negro-facial-cuerpo-y-manos-limpieza-exfoliante-vegano-detox-para-acne-psoriasis-eccema-minimiza-poros-puntos-negros-con-aceites-esenciales-terapeuticos\/\" \/>\n<meta property=\"og:site_name\" content=\"econeteges.es | empresa de limpieza\" \/>\n<meta property=\"article:modified_time\" content=\"2021-06-15T07:58:27+00:00\" \/>\n<meta property=\"og:image\" content=\"https:\/\/econeteges.es\/wp-content\/uploads\/2021\/06\/pack-3x-jabon-negro-natural-1.jpg\" \/>\n\t<meta property=\"og:image:width\" content=\"895\" \/>\n\t<meta property=\"og:image:height\" content=\"900\" \/>\n\t<meta property=\"og:image:type\" content=\"image\/jpeg\" \/>\n<meta name=\"twitter:card\" content=\"summary_large_image\" \/>\n<meta name=\"twitter:label1\" content=\"Temps estimat de lectura\" \/>\n\t<meta name=\"twitter:data1\" content=\"4 minuts\" \/>\n<script type=\"application\/ld+json\" class=\"yoast-schema-graph\">{\"@context\":\"https:\/\/schema.org\",\"@graph\":[{\"@type\":\"WebPage\",\"@id\":\"https:\/\/econeteges.es\/producto\/jabon-africano-natural-negro-facial-cuerpo-y-manos-limpieza-exfoliante-vegano-detox-para-acne-psoriasis-eccema-minimiza-poros-puntos-negros-con-aceites-esenciales-terapeuticos\/\",\"url\":\"https:\/\/econeteges.es\/producto\/jabon-africano-natural-negro-facial-cuerpo-y-manos-limpieza-exfoliante-vegano-detox-para-acne-psoriasis-eccema-minimiza-poros-puntos-negros-con-aceites-esenciales-terapeuticos\/\",\"name\":\"Jab\u00f3n Africano Natural Negro Facial Cuerpo y Manos Limpieza Exfoliante Vegano Detox Para Acn\u00e9 Psoriasis Eccema Minimiza Poros Puntos Negros con Aceites Esenciales Terap\u00e9uticos\",\"isPartOf\":{\"@id\":\"https:\/\/econeteges.es\/#website\"},\"primaryImageOfPage\":{\"@id\":\"https:\/\/econeteges.es\/producto\/jabon-africano-natural-negro-facial-cuerpo-y-manos-limpieza-exfoliante-vegano-detox-para-acne-psoriasis-eccema-minimiza-poros-puntos-negros-con-aceites-esenciales-terapeuticos\/#primaryimage\"},\"image\":{\"@id\":\"https:\/\/econeteges.es\/producto\/jabon-africano-natural-negro-facial-cuerpo-y-manos-limpieza-exfoliante-vegano-detox-para-acne-psoriasis-eccema-minimiza-poros-puntos-negros-con-aceites-esenciales-terapeuticos\/#primaryimage\"},\"thumbnailUrl\":\"https:\/\/econeteges.es\/wp-content\/uploads\/2021\/06\/pack-3x-jabon-negro-natural-1.jpg\",\"datePublished\":\"2021-06-14T15:02:40+00:00\",\"dateModified\":\"2021-06-15T07:58:27+00:00\",\"breadcrumb\":{\"@id\":\"https:\/\/econeteges.es\/producto\/jabon-africano-natural-negro-facial-cuerpo-y-manos-limpieza-exfoliante-vegano-detox-para-acne-psoriasis-eccema-minimiza-poros-puntos-negros-con-aceites-esenciales-terapeuticos\/#breadcrumb\"},\"inLanguage\":\"ca\",\"potentialAction\":[{\"@type\":\"ReadAction\",\"target\":[\"https:\/\/econeteges.es\/producto\/jabon-africano-natural-negro-facial-cuerpo-y-manos-limpieza-exfoliante-vegano-detox-para-acne-psoriasis-eccema-minimiza-poros-puntos-negros-con-aceites-esenciales-terapeuticos\/\"]}]},{\"@type\":\"ImageObject\",\"inLanguage\":\"ca\",\"@id\":\"https:\/\/econeteges.es\/producto\/jabon-africano-natural-negro-facial-cuerpo-y-manos-limpieza-exfoliante-vegano-detox-para-acne-psoriasis-eccema-minimiza-poros-puntos-negros-con-aceites-esenciales-terapeuticos\/#primaryimage\",\"url\":\"https:\/\/econeteges.es\/wp-content\/uploads\/2021\/06\/pack-3x-jabon-negro-natural-1.jpg\",\"contentUrl\":\"https:\/\/econeteges.es\/wp-content\/uploads\/2021\/06\/pack-3x-jabon-negro-natural-1.jpg\",\"width\":895,\"height\":900,\"caption\":\"pack 3x jabon negro natural (1)\"},{\"@type\":\"BreadcrumbList\",\"@id\":\"https:\/\/econeteges.es\/producto\/jabon-africano-natural-negro-facial-cuerpo-y-manos-limpieza-exfoliante-vegano-detox-para-acne-psoriasis-eccema-minimiza-poros-puntos-negros-con-aceites-esenciales-terapeuticos\/#breadcrumb\",\"itemListElement\":[{\"@type\":\"ListItem\",\"position\":1,\"name\":\"Portada\",\"item\":\"https:\/\/econeteges.es\/\"},{\"@type\":\"ListItem\",\"position\":2,\"name\":\"Tienda\",\"item\":\"https:\/\/econeteges.es\/ca\/tienda\/\"},{\"@type\":\"ListItem\",\"position\":3,\"name\":\"Jab\u00f3n Africano Natural Negro Facial Cuerpo y Manos Limpieza Exfoliante Vegano Detox Para Acn\u00e9 Psoriasis Eccema Minimiza Poros Puntos Negros con Aceites Esenciales Terap\u00e9uticos\"}]},{\"@type\":\"WebSite\",\"@id\":\"https:\/\/econeteges.es\/#website\",\"url\":\"https:\/\/econeteges.es\/\",\"name\":\"econeteges.es | empresa de limpieza\",\"description\":\"Limpieza a domicilio | pulidos y abrillantados | mantenimiento de comunidades\",\"publisher\":{\"@id\":\"https:\/\/econeteges.es\/#organization\"},\"potentialAction\":[{\"@type\":\"SearchAction\",\"target\":{\"@type\":\"EntryPoint\",\"urlTemplate\":\"https:\/\/econeteges.es\/?s={search_term_string}\"},\"query-input\":\"required name=search_term_string\"}],\"inLanguage\":\"ca\"},{\"@type\":\"Organization\",\"@id\":\"https:\/\/econeteges.es\/#organization\",\"name\":\"Econeteges\",\"url\":\"https:\/\/econeteges.es\/\",\"logo\":{\"@type\":\"ImageObject\",\"inLanguage\":\"ca\",\"@id\":\"https:\/\/econeteges.es\/#\/schema\/logo\/image\/\",\"url\":\"https:\/\/econeteges.es\/wp-content\/uploads\/2020\/05\/nuestra-empresa_185260.jpg\",\"contentUrl\":\"https:\/\/econeteges.es\/wp-content\/uploads\/2020\/05\/nuestra-empresa_185260.jpg\",\"width\":600,\"height\":600,\"caption\":\"Econeteges\"},\"image\":{\"@id\":\"https:\/\/econeteges.es\/#\/schema\/logo\/image\/\"},\"sameAs\":[\"https:\/\/www.instagram.com\/econeteges\/\"]}]}<\/script>\n<!-- \/ Yoast SEO plugin. -->","yoast_head_json":{"title":"Jab\u00f3n Africano Natural Negro Facial Cuerpo y Manos Limpieza Exfoliante Vegano Detox Para Acn\u00e9 Psoriasis Eccema Minimiza Poros Puntos Negros con Aceites Esenciales Terap\u00e9uticos","robots":{"index":"index","follow":"follow","max-snippet":"max-snippet:-1","max-image-preview":"max-image-preview:large","max-video-preview":"max-video-preview:-1"},"canonical":"https:\/\/econeteges.es\/ca\/producte\/jabon-africano-natural-negro-facial-cuerpo-y-manos-limpieza-exfoliante-vegano-detox-para-acne-psoriasis-eccema-minimiza-poros-puntos-negros-con-aceites-esenciales-terapeuticos\/","og_locale":"ca_ES","og_type":"article","og_title":"Jab\u00f3n Africano Natural Negro Facial Cuerpo y Manos Limpieza Exfoliante Vegano Detox Para Acn\u00e9 Psoriasis Eccema Minimiza Poros Puntos Negros con Aceites Esenciales Terap\u00e9uticos","og_description":"AB\u00d3N NEGRO AFRICANO: es conocido por sus propiedades antis\u00e9pticas, hidratantes, calmantes, antiinflamatorias, para combatir el acn\u00e9, limpieza profunda, reducci\u00f3n de l\u00edneas finas, protecci\u00f3n contra manchas solares, mejora de la textura de la piel, reducci\u00f3n de la hiperpigmentaci\u00f3n y propiedades curativas intensivas. El jab\u00f3n negro africano crudo incluso minimiza la aparici\u00f3n de cicatrices y estr\u00edas y es seguro para todo tipo de piel, y tampoco har\u00e1 que la piel sea grasa.   COMBATE EL ACNE: El Jab\u00f3n Negro Africano limpia suavemente en el fondo de cada poro para proporcionar un tratamiento fuerte contra el acn\u00e9 incluso contra el acn\u00e9 qu\u00edstico para proporcionarle una piel clara, lo que lo convierte en un jab\u00f3n natural \u00fanico ideal para tratar la piel grasa.   EXFOLIANTE: estas barras de jab\u00f3n molidas tres veces exfolian las c\u00e9lulas muertas de la superficie para renovar su piel, dej\u00e1ndola m\u00e1s suave y tersa que nunca.   ANTIINFLAMATORIO: El jab\u00f3n negro africano alivia la piel seca e irritada para tratar las erupciones, el eccema y el enrojecimiento.   INGREDIENTES VEGANOS AUT\u00c9NTICOS: Hecho con manteca de karit\u00e9 org\u00e1nica, pl\u00e1tano y otros ingredientes naturales de primera calidad, este jab\u00f3n negro africano org\u00e1nico es totalmente natural, libre de sulfato, parabeno y crueldad.","og_url":"https:\/\/econeteges.es\/ca\/producte\/jabon-africano-natural-negro-facial-cuerpo-y-manos-limpieza-exfoliante-vegano-detox-para-acne-psoriasis-eccema-minimiza-poros-puntos-negros-con-aceites-esenciales-terapeuticos\/","og_site_name":"econeteges.es | empresa de limpieza","article_modified_time":"2021-06-15T07:58:27+00:00","og_image":[{"width":895,"height":900,"url":"https:\/\/econeteges.es\/wp-content\/uploads\/2021\/06\/pack-3x-jabon-negro-natural-1.jpg","type":"image\/jpeg"}],"twitter_card":"summary_large_image","twitter_misc":{"Temps estimat de lectura":"4 minuts"},"schema":{"@context":"https:\/\/schema.org","@graph":[{"@type":"WebPage","@id":"https:\/\/econeteges.es\/producto\/jabon-africano-natural-negro-facial-cuerpo-y-manos-limpieza-exfoliante-vegano-detox-para-acne-psoriasis-eccema-minimiza-poros-puntos-negros-con-aceites-esenciales-terapeuticos\/","url":"https:\/\/econeteges.es\/producto\/jabon-africano-natural-negro-facial-cuerpo-y-manos-limpieza-exfoliante-vegano-detox-para-acne-psoriasis-eccema-minimiza-poros-puntos-negros-con-aceites-esenciales-terapeuticos\/","name":"Jab\u00f3n Africano Natural Negro Facial Cuerpo y Manos Limpieza Exfoliante Vegano Detox Para Acn\u00e9 Psoriasis Eccema Minimiza Poros Puntos Negros con Aceites Esenciales Terap\u00e9uticos","isPartOf":{"@id":"https:\/\/econeteges.es\/#website"},"primaryImageOfPage":{"@id":"https:\/\/econeteges.es\/producto\/jabon-africano-natural-negro-facial-cuerpo-y-manos-limpieza-exfoliante-vegano-detox-para-acne-psoriasis-eccema-minimiza-poros-puntos-negros-con-aceites-esenciales-terapeuticos\/#primaryimage"},"image":{"@id":"https:\/\/econeteges.es\/producto\/jabon-africano-natural-negro-facial-cuerpo-y-manos-limpieza-exfoliante-vegano-detox-para-acne-psoriasis-eccema-minimiza-poros-puntos-negros-con-aceites-esenciales-terapeuticos\/#primaryimage"},"thumbnailUrl":"https:\/\/econeteges.es\/wp-content\/uploads\/2021\/06\/pack-3x-jabon-negro-natural-1.jpg","datePublished":"2021-06-14T15:02:40+00:00","dateModified":"2021-06-15T07:58:27+00:00","breadcrumb":{"@id":"https:\/\/econeteges.es\/producto\/jabon-africano-natural-negro-facial-cuerpo-y-manos-limpieza-exfoliante-vegano-detox-para-acne-psoriasis-eccema-minimiza-poros-puntos-negros-con-aceites-esenciales-terapeuticos\/#breadcrumb"},"inLanguage":"ca","potentialAction":[{"@type":"ReadAction","target":["https:\/\/econeteges.es\/producto\/jabon-africano-natural-negro-facial-cuerpo-y-manos-limpieza-exfoliante-vegano-detox-para-acne-psoriasis-eccema-minimiza-poros-puntos-negros-con-aceites-esenciales-terapeuticos\/"]}]},{"@type":"ImageObject","inLanguage":"ca","@id":"https:\/\/econeteges.es\/producto\/jabon-africano-natural-negro-facial-cuerpo-y-manos-limpieza-exfoliante-vegano-detox-para-acne-psoriasis-eccema-minimiza-poros-puntos-negros-con-aceites-esenciales-terapeuticos\/#primaryimage","url":"https:\/\/econeteges.es\/wp-content\/uploads\/2021\/06\/pack-3x-jabon-negro-natural-1.jpg","contentUrl":"https:\/\/econeteges.es\/wp-content\/uploads\/2021\/06\/pack-3x-jabon-negro-natural-1.jpg","width":895,"height":900,"caption":"pack 3x jabon negro natural (1)"},{"@type":"BreadcrumbList","@id":"https:\/\/econeteges.es\/producto\/jabon-africano-natural-negro-facial-cuerpo-y-manos-limpieza-exfoliante-vegano-detox-para-acne-psoriasis-eccema-minimiza-poros-puntos-negros-con-aceites-esenciales-terapeuticos\/#breadcrumb","itemListElement":[{"@type":"ListItem","position":1,"name":"Portada","item":"https:\/\/econeteges.es\/"},{"@type":"ListItem","position":2,"name":"Tienda","item":"https:\/\/econeteges.es\/ca\/tienda\/"},{"@type":"ListItem","position":3,"name":"Jab\u00f3n Africano Natural Negro Facial Cuerpo y Manos Limpieza Exfoliante Vegano Detox Para Acn\u00e9 Psoriasis Eccema Minimiza Poros Puntos Negros con Aceites Esenciales Terap\u00e9uticos"}]},{"@type":"WebSite","@id":"https:\/\/econeteges.es\/#website","url":"https:\/\/econeteges.es\/","name":"econeteges.es | empresa de limpieza","description":"Limpieza a domicilio | pulidos y abrillantados | mantenimiento de comunidades","publisher":{"@id":"https:\/\/econeteges.es\/#organization"},"potentialAction":[{"@type":"SearchAction","target":{"@type":"EntryPoint","urlTemplate":"https:\/\/econeteges.es\/?s={search_term_string}"},"query-input":"required name=search_term_string"}],"inLanguage":"ca"},{"@type":"Organization","@id":"https:\/\/econeteges.es\/#organization","name":"Econeteges","url":"https:\/\/econeteges.es\/","logo":{"@type":"ImageObject","inLanguage":"ca","@id":"https:\/\/econeteges.es\/#\/schema\/logo\/image\/","url":"https:\/\/econeteges.es\/wp-content\/uploads\/2020\/05\/nuestra-empresa_185260.jpg","contentUrl":"https:\/\/econeteges.es\/wp-content\/uploads\/2020\/05\/nuestra-empresa_185260.jpg","width":600,"height":600,"caption":"Econeteges"},"image":{"@id":"https:\/\/econeteges.es\/#\/schema\/logo\/image\/"},"sameAs":["https:\/\/www.instagram.com\/econeteges\/"]}]}},"_links":{"self":[{"href":"https:\/\/econeteges.es\/ca\/wp-json\/wp\/v2\/product\/1399"}],"collection":[{"href":"https:\/\/econeteges.es\/ca\/wp-json\/wp\/v2\/product"}],"about":[{"href":"https:\/\/econeteges.es\/ca\/wp-json\/wp\/v2\/types\/product"}],"wp:featuredmedia":[{"embeddable":true,"href":"https:\/\/econeteges.es\/ca\/wp-json\/wp\/v2\/media\/1400"}],"wp:attachment":[{"href":"https:\/\/econeteges.es\/ca\/wp-json\/wp\/v2\/media?parent=1399"}],"wp:term":[{"taxonomy":"product_cat","embeddable":true,"href":"https:\/\/econeteges.es\/ca\/wp-json\/wp\/v2\/product_cat?post=1399"},{"taxonomy":"product_tag","embeddable":true,"href":"https:\/\/econeteges.es\/ca\/wp-json\/wp\/v2\/product_tag?post=1399"}],"curies":[{"name":"wp","href":"https:\/\/api.w.org\/{rel}","templated":true}]}}