{"id":1410,"date":"2021-06-14T15:13:06","date_gmt":"2021-06-14T15:13:06","guid":{"rendered":"https:\/\/econeteges.es\/?post_type=product&#038;p=1410"},"modified":"2021-06-15T07:58:23","modified_gmt":"2021-06-15T07:58:23","slug":"jabon-original-de-alepo-e4u-200-g-50-aceite-de-laurel-y-50-aceite-de-oliva-vegano-jabon-natural-jabon-de-ducha-jabon-de-afeitar-receta-tradicional-de-oriente","status":"publish","type":"product","link":"https:\/\/econeteges.es\/ca\/producte\/jabon-original-de-alepo-e4u-200-g-50-aceite-de-laurel-y-50-aceite-de-oliva-vegano-jabon-natural-jabon-de-ducha-jabon-de-afeitar-receta-tradicional-de-oriente\/","title":{"rendered":"Jab\u00f3n original de Alepo E4U, 200 g, 50% aceite de laurel y 50% aceite de oliva Vegano, jab\u00f3n natural, jab\u00f3n de ducha, jab\u00f3n de afeitar, receta tradicional de Oriente."},"content":{"rendered":"<div class=\"celwidget aplus-module launchpad-brand-description-left aplus-standard\" data-csa-c-id=\"elc9j0-31kum3-5p5q6r-wpe4gh\" data-cel-widget=\"aplus-launchpad-brand-description-left\">\n<div class=\"a-section launchpad-module launchpad-module-brand-description-left\">\n<div class=\"a-section launchpad-text-left-justify\">\n<h3><span class=\"a-text-bold\">Historia del producto<\/span><\/h3>\n<p><span class=\"a-text-bold\">Es el jab\u00f3n m\u00e1s antiguo del mundo. Es conocido como el jab\u00f3n que se ha utilizado para mantener la piel de Cleopatra pura y sedosa. Se produce durante 3000 a\u00f1os utilizando el mismo proceso, los mismos utensilios y los mismos ingredientes. Se compone de aceite de oliva, hojas de laurel y sustancias naturales espec\u00edficas para el agua. Es vegano y no contiene sustancias animales o qu\u00edmicas.<\/span><\/p>\n<div class=\"apm-sidemodule-textleft\">\n<h2 class=\"a-spacing-mini\">NO NECESITA USAR UNA CREMA DESPU\u00c9S DE LA DUCHA<\/h2>\n<p>Utilizando la receta original de las profundidades de la historia, el jab\u00f3n es producido por el maestro Alepo en el sur de Turqu\u00eda. Tiene un efecto desintoxicante en el cuerpo. Las formas muestran diferencias cuando los jabones se cortan a mano.<\/p>\n<p><span class=\"a-list-item\">No es necesario usar la crema despu\u00e9s de la ducha. <\/span><span class=\"a-list-item\">El jab\u00f3n de Alepo se expande r\u00e1pidamente y no se detiene r\u00e1pidamente.<\/span><\/p>\n<p><span class=\"a-list-item\"> Recomendamos mantener el jab\u00f3n seco.<\/span><\/p>\n<p><span class=\"a-list-item\">Embalaje de papel reciclado, s\u00f3lido y de excelente calidad.<\/span><\/p>\n<p><span class=\"a-list-item\">Una soluci\u00f3n alternativa para docenas de botellas de pl\u00e1stico en su ba\u00f1o.<\/span><\/p>\n<p><span class=\"a-list-item\">El olor a aceite de laurel es dominante, ya que es un jab\u00f3n natural. Como con todos los jabones naturales, no tiene un aroma perfecto, pero no se queda en la piel.<\/span><\/p>\n<h2 class=\"a-spacing-mini\">\u00bfPor qu\u00e9 deber\u00edas usar Jab\u00f3n original de Alepo E4U?<\/h2>\n<ul class=\"a-unordered-list a-vertical\">\n<li><span class=\"a-list-item\">El jab\u00f3n Aleppo limpia, hidrata, suaviza, fortalece y revitaliza la piel.<\/span><\/li>\n<li><span class=\"a-list-item\">Se utiliza para la limpieza diaria de piel y cabello, mascarillas faciales o crema de afeitar.<\/span><\/li>\n<li><span class=\"a-list-item\">Previene la formaci\u00f3n de acn\u00e9 y bacterias en la piel.<\/span><\/li>\n<li><span class=\"a-list-item\">Funciona en pieles al\u00e9rgicas e irritadas, as\u00ed como en cicatrices y lesiones del cuero cabelludo.<\/span><\/li>\n<li><span class=\"a-list-item\">El jab\u00f3n de Alepo funciona contra la ca\u00edda del cabello.<\/span><\/li>\n<li><span class=\"a-list-item\">Previene la caspa del aceite de almacenamiento de alto nivel.<\/span><\/li>\n<li><span class=\"a-list-item\">Ayuda a retrasar el envejecimiento de la piel.<\/span><\/li>\n<li><span class=\"a-list-item\">Alivia las venas varicosas<\/span><\/li>\n<li><span class=\"a-list-item\">El aceite de oliva limpia, nutre y apoya la piel en su funci\u00f3n de autorregulaci\u00f3n, sin irritar y resecar la piel. Dado que tiene un valor de pH (8 a 9), es adecuado para el cuidado del cuerpo.<\/span><\/li>\n<li><span class=\"a-list-item\">El cabello no es pegajoso y se puede peinar despu\u00e9s del lavado.<\/span><\/li>\n<li><span class=\"a-list-item\">Muy agradable sensaci\u00f3n de limpieza para el cabello.<\/span><\/li>\n<\/ul>\n<\/div>\n<\/div>\n<\/div>\n<\/div>","protected":false},"excerpt":{"rendered":"<ul>\n<li><span class=\"a-list-item\"> Jab\u00f3n de Alepo, el producto 100 % natural que sigue su receta original, se remonta al a\u00f1o 600 a.C. en el sur de Turqu\u00eda por los maestros de Alepo, producido por un m\u00e9todo convencional. La composici\u00f3n se compone solo de aceite de oliva puro, aceite de almendra, sosa y agua pura. El valor de pH se encuentra entre 8 y 9, por lo que es muy adecuado para el cuidado corporal general. Apto para beb\u00e9s y ni\u00f1os. <\/span><\/li>\n<li><span class=\"a-list-item\"> 100% aceites naturales. El jab\u00f3n con 50% de aceite de semillas de laurel y 50% de aceite de oliva es rico en vitamina A y E. Tiene propiedades antioxidantes. Nunca se ha utilizado en pruebas con animales. Mientras que el jab\u00f3n limpia tu piel, absorbe su hidrataci\u00f3n intensa, la hace suave, fortalece y regenera la piel. Se utiliza para el cuidado diario de la piel y el cabello y tambi\u00e9n para mascarillas faciales. Se puede utilizar como exfoliante. <\/span><\/li>\n<li><span class=\"a-list-item\"> Es una alternativa respetuosa con el medio ambiente a los jabones, geles de ducha, champ\u00fas y cremas de afeitar. En el jab\u00f3n de Alepo no encontrar\u00e1s restos pl\u00e1sticos, protectores adicionales, productos de superficie, colores y olores artificiales, piezas micropl\u00e1sticas, siliconas o grasas animales. <\/span><\/li>\n<li><span class=\"a-list-item\"> Se ha probado contra la ca\u00edda del cabello. Debido a que tiene un alto porcentaje de aceite de semillas de laurel, evita la formaci\u00f3n de caspa. Relaja las venas varicosas. <\/span><\/li>\n<li><span class=\"a-list-item\">El jab\u00f3n de Alepo se considera el primer jab\u00f3n del mundo. <\/span><\/li>\n<li><span class=\"a-list-item\">Los jabones se cortan a mano. Debido a que est\u00e1n hechos a mano, puede haber ligeras diferencias en tama\u00f1o y peso. Es muy duro y seco. Dependiendo del grado de sequedad pueden haber hasta +\/- 15 gramos de diferencias de peso. <\/span><\/li>\n<\/ul>","protected":false},"featured_media":1412,"template":"","meta":{"_et_pb_use_builder":"","_et_pb_old_content":"","_et_gb_content_width":""},"product_cat":[38,30],"product_tag":[],"yoast_head":"<!-- This site is optimized with the Yoast SEO plugin v22.3 - https:\/\/yoast.com\/wordpress\/plugins\/seo\/ -->\n<title>Jab\u00f3n original de Alepo E4U, 200 g, 50% aceite de laurel y 50% aceite de oliva Vegano, jab\u00f3n natural, jab\u00f3n de ducha, jab\u00f3n de afeitar, receta tradicional de Oriente. - econeteges.es | empresa de limpieza<\/title>\n<meta name=\"robots\" content=\"index, follow, max-snippet:-1, max-image-preview:large, max-video-preview:-1\" \/>\n<link rel=\"canonical\" href=\"https:\/\/econeteges.es\/ca\/producte\/jabon-original-de-alepo-e4u-200-g-50-aceite-de-laurel-y-50-aceite-de-oliva-vegano-jabon-natural-jabon-de-ducha-jabon-de-afeitar-receta-tradicional-de-oriente\/\" \/>\n<meta property=\"og:locale\" content=\"ca_ES\" \/>\n<meta property=\"og:type\" content=\"article\" \/>\n<meta property=\"og:title\" content=\"Jab\u00f3n original de Alepo E4U, 200 g, 50% aceite de laurel y 50% aceite de oliva Vegano, jab\u00f3n natural, jab\u00f3n de ducha, jab\u00f3n de afeitar, receta tradicional de Oriente. - econeteges.es | empresa de limpieza\" \/>\n<meta property=\"og:description\" content=\"Jab\u00f3n de Alepo, el producto 100 % natural que sigue su receta original, se remonta al a\u00f1o 600 a.C. en el sur de Turqu\u00eda por los maestros de Alepo, producido por un m\u00e9todo convencional. La composici\u00f3n se compone solo de aceite de oliva puro, aceite de almendra, sosa y agua pura. El valor de pH se encuentra entre 8 y 9, por lo que es muy adecuado para el cuidado corporal general. Apto para beb\u00e9s y ni\u00f1os.   100% aceites naturales. El jab\u00f3n con 50% de aceite de semillas de laurel y 50% de aceite de oliva es rico en vitamina A y E. Tiene propiedades antioxidantes. Nunca se ha utilizado en pruebas con animales. Mientras que el jab\u00f3n limpia tu piel, absorbe su hidrataci\u00f3n intensa, la hace suave, fortalece y regenera la piel. Se utiliza para el cuidado diario de la piel y el cabello y tambi\u00e9n para mascarillas faciales. Se puede utilizar como exfoliante.   Es una alternativa respetuosa con el medio ambiente a los jabones, geles de ducha, champ\u00fas y cremas de afeitar. En el jab\u00f3n de Alepo no encontrar\u00e1s restos pl\u00e1sticos, protectores adicionales, productos de superficie, colores y olores artificiales, piezas micropl\u00e1sticas, siliconas o grasas animales.   Se ha probado contra la ca\u00edda del cabello. Debido a que tiene un alto porcentaje de aceite de semillas de laurel, evita la formaci\u00f3n de caspa. Relaja las venas varicosas.   El jab\u00f3n de Alepo se considera el primer jab\u00f3n del mundo.   Los jabones se cortan a mano. Debido a que est\u00e1n hechos a mano, puede haber ligeras diferencias en tama\u00f1o y peso. Es muy duro y seco. Dependiendo del grado de sequedad pueden haber hasta +\/- 15 gramos de diferencias de peso.\" \/>\n<meta property=\"og:url\" content=\"https:\/\/econeteges.es\/ca\/producte\/jabon-original-de-alepo-e4u-200-g-50-aceite-de-laurel-y-50-aceite-de-oliva-vegano-jabon-natural-jabon-de-ducha-jabon-de-afeitar-receta-tradicional-de-oriente\/\" \/>\n<meta property=\"og:site_name\" content=\"econeteges.es | empresa de limpieza\" \/>\n<meta property=\"article:modified_time\" content=\"2021-06-15T07:58:23+00:00\" \/>\n<meta property=\"og:image\" content=\"https:\/\/econeteges.es\/wp-content\/uploads\/2021\/06\/jabon-aleppo-e4u-2.jpg\" \/>\n\t<meta property=\"og:image:width\" content=\"964\" \/>\n\t<meta property=\"og:image:height\" content=\"900\" \/>\n\t<meta property=\"og:image:type\" content=\"image\/jpeg\" \/>\n<meta name=\"twitter:card\" content=\"summary_large_image\" \/>\n<meta name=\"twitter:label1\" content=\"Temps estimat de lectura\" \/>\n\t<meta name=\"twitter:data1\" content=\"2 minuts\" \/>\n<script type=\"application\/ld+json\" class=\"yoast-schema-graph\">{\"@context\":\"https:\/\/schema.org\",\"@graph\":[{\"@type\":\"WebPage\",\"@id\":\"https:\/\/econeteges.es\/producto\/jabon-original-de-alepo-e4u-200-g-50-aceite-de-laurel-y-50-aceite-de-oliva-vegano-jabon-natural-jabon-de-ducha-jabon-de-afeitar-receta-tradicional-de-oriente\/\",\"url\":\"https:\/\/econeteges.es\/producto\/jabon-original-de-alepo-e4u-200-g-50-aceite-de-laurel-y-50-aceite-de-oliva-vegano-jabon-natural-jabon-de-ducha-jabon-de-afeitar-receta-tradicional-de-oriente\/\",\"name\":\"Jab\u00f3n original de Alepo E4U, 200 g, 50% aceite de laurel y 50% aceite de oliva Vegano, jab\u00f3n natural, jab\u00f3n de ducha, jab\u00f3n de afeitar, receta tradicional de Oriente. - econeteges.es | empresa de limpieza\",\"isPartOf\":{\"@id\":\"https:\/\/econeteges.es\/#website\"},\"primaryImageOfPage\":{\"@id\":\"https:\/\/econeteges.es\/producto\/jabon-original-de-alepo-e4u-200-g-50-aceite-de-laurel-y-50-aceite-de-oliva-vegano-jabon-natural-jabon-de-ducha-jabon-de-afeitar-receta-tradicional-de-oriente\/#primaryimage\"},\"image\":{\"@id\":\"https:\/\/econeteges.es\/producto\/jabon-original-de-alepo-e4u-200-g-50-aceite-de-laurel-y-50-aceite-de-oliva-vegano-jabon-natural-jabon-de-ducha-jabon-de-afeitar-receta-tradicional-de-oriente\/#primaryimage\"},\"thumbnailUrl\":\"https:\/\/econeteges.es\/wp-content\/uploads\/2021\/06\/jabon-aleppo-e4u-2.jpg\",\"datePublished\":\"2021-06-14T15:13:06+00:00\",\"dateModified\":\"2021-06-15T07:58:23+00:00\",\"breadcrumb\":{\"@id\":\"https:\/\/econeteges.es\/producto\/jabon-original-de-alepo-e4u-200-g-50-aceite-de-laurel-y-50-aceite-de-oliva-vegano-jabon-natural-jabon-de-ducha-jabon-de-afeitar-receta-tradicional-de-oriente\/#breadcrumb\"},\"inLanguage\":\"ca\",\"potentialAction\":[{\"@type\":\"ReadAction\",\"target\":[\"https:\/\/econeteges.es\/producto\/jabon-original-de-alepo-e4u-200-g-50-aceite-de-laurel-y-50-aceite-de-oliva-vegano-jabon-natural-jabon-de-ducha-jabon-de-afeitar-receta-tradicional-de-oriente\/\"]}]},{\"@type\":\"ImageObject\",\"inLanguage\":\"ca\",\"@id\":\"https:\/\/econeteges.es\/producto\/jabon-original-de-alepo-e4u-200-g-50-aceite-de-laurel-y-50-aceite-de-oliva-vegano-jabon-natural-jabon-de-ducha-jabon-de-afeitar-receta-tradicional-de-oriente\/#primaryimage\",\"url\":\"https:\/\/econeteges.es\/wp-content\/uploads\/2021\/06\/jabon-aleppo-e4u-2.jpg\",\"contentUrl\":\"https:\/\/econeteges.es\/wp-content\/uploads\/2021\/06\/jabon-aleppo-e4u-2.jpg\",\"width\":964,\"height\":900,\"caption\":\"jabon aleppo e4u (2)\"},{\"@type\":\"BreadcrumbList\",\"@id\":\"https:\/\/econeteges.es\/producto\/jabon-original-de-alepo-e4u-200-g-50-aceite-de-laurel-y-50-aceite-de-oliva-vegano-jabon-natural-jabon-de-ducha-jabon-de-afeitar-receta-tradicional-de-oriente\/#breadcrumb\",\"itemListElement\":[{\"@type\":\"ListItem\",\"position\":1,\"name\":\"Portada\",\"item\":\"https:\/\/econeteges.es\/\"},{\"@type\":\"ListItem\",\"position\":2,\"name\":\"Tienda\",\"item\":\"https:\/\/econeteges.es\/ca\/tienda\/\"},{\"@type\":\"ListItem\",\"position\":3,\"name\":\"Jab\u00f3n original de Alepo E4U, 200 g, 50% aceite de laurel y 50% aceite de oliva Vegano, jab\u00f3n natural, jab\u00f3n de ducha, jab\u00f3n de afeitar, receta tradicional de Oriente.\"}]},{\"@type\":\"WebSite\",\"@id\":\"https:\/\/econeteges.es\/#website\",\"url\":\"https:\/\/econeteges.es\/\",\"name\":\"econeteges.es | empresa de limpieza\",\"description\":\"Limpieza a domicilio | pulidos y abrillantados | mantenimiento de comunidades\",\"publisher\":{\"@id\":\"https:\/\/econeteges.es\/#organization\"},\"potentialAction\":[{\"@type\":\"SearchAction\",\"target\":{\"@type\":\"EntryPoint\",\"urlTemplate\":\"https:\/\/econeteges.es\/?s={search_term_string}\"},\"query-input\":\"required name=search_term_string\"}],\"inLanguage\":\"ca\"},{\"@type\":\"Organization\",\"@id\":\"https:\/\/econeteges.es\/#organization\",\"name\":\"Econeteges\",\"url\":\"https:\/\/econeteges.es\/\",\"logo\":{\"@type\":\"ImageObject\",\"inLanguage\":\"ca\",\"@id\":\"https:\/\/econeteges.es\/#\/schema\/logo\/image\/\",\"url\":\"https:\/\/econeteges.es\/wp-content\/uploads\/2020\/05\/nuestra-empresa_185260.jpg\",\"contentUrl\":\"https:\/\/econeteges.es\/wp-content\/uploads\/2020\/05\/nuestra-empresa_185260.jpg\",\"width\":600,\"height\":600,\"caption\":\"Econeteges\"},\"image\":{\"@id\":\"https:\/\/econeteges.es\/#\/schema\/logo\/image\/\"},\"sameAs\":[\"https:\/\/www.instagram.com\/econeteges\/\"]}]}<\/script>\n<!-- \/ Yoast SEO plugin. -->","yoast_head_json":{"title":"Jab\u00f3n original de Alepo E4U, 200 g, 50% aceite de laurel y 50% aceite de oliva Vegano, jab\u00f3n natural, jab\u00f3n de ducha, jab\u00f3n de afeitar, receta tradicional de Oriente. - econeteges.es | empresa de limpieza","robots":{"index":"index","follow":"follow","max-snippet":"max-snippet:-1","max-image-preview":"max-image-preview:large","max-video-preview":"max-video-preview:-1"},"canonical":"https:\/\/econeteges.es\/ca\/producte\/jabon-original-de-alepo-e4u-200-g-50-aceite-de-laurel-y-50-aceite-de-oliva-vegano-jabon-natural-jabon-de-ducha-jabon-de-afeitar-receta-tradicional-de-oriente\/","og_locale":"ca_ES","og_type":"article","og_title":"Jab\u00f3n original de Alepo E4U, 200 g, 50% aceite de laurel y 50% aceite de oliva Vegano, jab\u00f3n natural, jab\u00f3n de ducha, jab\u00f3n de afeitar, receta tradicional de Oriente. - econeteges.es | empresa de limpieza","og_description":"Jab\u00f3n de Alepo, el producto 100 % natural que sigue su receta original, se remonta al a\u00f1o 600 a.C. en el sur de Turqu\u00eda por los maestros de Alepo, producido por un m\u00e9todo convencional. La composici\u00f3n se compone solo de aceite de oliva puro, aceite de almendra, sosa y agua pura. El valor de pH se encuentra entre 8 y 9, por lo que es muy adecuado para el cuidado corporal general. Apto para beb\u00e9s y ni\u00f1os.   100% aceites naturales. El jab\u00f3n con 50% de aceite de semillas de laurel y 50% de aceite de oliva es rico en vitamina A y E. Tiene propiedades antioxidantes. Nunca se ha utilizado en pruebas con animales. Mientras que el jab\u00f3n limpia tu piel, absorbe su hidrataci\u00f3n intensa, la hace suave, fortalece y regenera la piel. Se utiliza para el cuidado diario de la piel y el cabello y tambi\u00e9n para mascarillas faciales. Se puede utilizar como exfoliante.   Es una alternativa respetuosa con el medio ambiente a los jabones, geles de ducha, champ\u00fas y cremas de afeitar. En el jab\u00f3n de Alepo no encontrar\u00e1s restos pl\u00e1sticos, protectores adicionales, productos de superficie, colores y olores artificiales, piezas micropl\u00e1sticas, siliconas o grasas animales.   Se ha probado contra la ca\u00edda del cabello. Debido a que tiene un alto porcentaje de aceite de semillas de laurel, evita la formaci\u00f3n de caspa. Relaja las venas varicosas.   El jab\u00f3n de Alepo se considera el primer jab\u00f3n del mundo.   Los jabones se cortan a mano. Debido a que est\u00e1n hechos a mano, puede haber ligeras diferencias en tama\u00f1o y peso. Es muy duro y seco. Dependiendo del grado de sequedad pueden haber hasta +\/- 15 gramos de diferencias de peso.","og_url":"https:\/\/econeteges.es\/ca\/producte\/jabon-original-de-alepo-e4u-200-g-50-aceite-de-laurel-y-50-aceite-de-oliva-vegano-jabon-natural-jabon-de-ducha-jabon-de-afeitar-receta-tradicional-de-oriente\/","og_site_name":"econeteges.es | empresa de limpieza","article_modified_time":"2021-06-15T07:58:23+00:00","og_image":[{"width":964,"height":900,"url":"https:\/\/econeteges.es\/wp-content\/uploads\/2021\/06\/jabon-aleppo-e4u-2.jpg","type":"image\/jpeg"}],"twitter_card":"summary_large_image","twitter_misc":{"Temps estimat de lectura":"2 minuts"},"schema":{"@context":"https:\/\/schema.org","@graph":[{"@type":"WebPage","@id":"https:\/\/econeteges.es\/producto\/jabon-original-de-alepo-e4u-200-g-50-aceite-de-laurel-y-50-aceite-de-oliva-vegano-jabon-natural-jabon-de-ducha-jabon-de-afeitar-receta-tradicional-de-oriente\/","url":"https:\/\/econeteges.es\/producto\/jabon-original-de-alepo-e4u-200-g-50-aceite-de-laurel-y-50-aceite-de-oliva-vegano-jabon-natural-jabon-de-ducha-jabon-de-afeitar-receta-tradicional-de-oriente\/","name":"Jab\u00f3n original de Alepo E4U, 200 g, 50% aceite de laurel y 50% aceite de oliva Vegano, jab\u00f3n natural, jab\u00f3n de ducha, jab\u00f3n de afeitar, receta tradicional de Oriente. - econeteges.es | empresa de limpieza","isPartOf":{"@id":"https:\/\/econeteges.es\/#website"},"primaryImageOfPage":{"@id":"https:\/\/econeteges.es\/producto\/jabon-original-de-alepo-e4u-200-g-50-aceite-de-laurel-y-50-aceite-de-oliva-vegano-jabon-natural-jabon-de-ducha-jabon-de-afeitar-receta-tradicional-de-oriente\/#primaryimage"},"image":{"@id":"https:\/\/econeteges.es\/producto\/jabon-original-de-alepo-e4u-200-g-50-aceite-de-laurel-y-50-aceite-de-oliva-vegano-jabon-natural-jabon-de-ducha-jabon-de-afeitar-receta-tradicional-de-oriente\/#primaryimage"},"thumbnailUrl":"https:\/\/econeteges.es\/wp-content\/uploads\/2021\/06\/jabon-aleppo-e4u-2.jpg","datePublished":"2021-06-14T15:13:06+00:00","dateModified":"2021-06-15T07:58:23+00:00","breadcrumb":{"@id":"https:\/\/econeteges.es\/producto\/jabon-original-de-alepo-e4u-200-g-50-aceite-de-laurel-y-50-aceite-de-oliva-vegano-jabon-natural-jabon-de-ducha-jabon-de-afeitar-receta-tradicional-de-oriente\/#breadcrumb"},"inLanguage":"ca","potentialAction":[{"@type":"ReadAction","target":["https:\/\/econeteges.es\/producto\/jabon-original-de-alepo-e4u-200-g-50-aceite-de-laurel-y-50-aceite-de-oliva-vegano-jabon-natural-jabon-de-ducha-jabon-de-afeitar-receta-tradicional-de-oriente\/"]}]},{"@type":"ImageObject","inLanguage":"ca","@id":"https:\/\/econeteges.es\/producto\/jabon-original-de-alepo-e4u-200-g-50-aceite-de-laurel-y-50-aceite-de-oliva-vegano-jabon-natural-jabon-de-ducha-jabon-de-afeitar-receta-tradicional-de-oriente\/#primaryimage","url":"https:\/\/econeteges.es\/wp-content\/uploads\/2021\/06\/jabon-aleppo-e4u-2.jpg","contentUrl":"https:\/\/econeteges.es\/wp-content\/uploads\/2021\/06\/jabon-aleppo-e4u-2.jpg","width":964,"height":900,"caption":"jabon aleppo e4u (2)"},{"@type":"BreadcrumbList","@id":"https:\/\/econeteges.es\/producto\/jabon-original-de-alepo-e4u-200-g-50-aceite-de-laurel-y-50-aceite-de-oliva-vegano-jabon-natural-jabon-de-ducha-jabon-de-afeitar-receta-tradicional-de-oriente\/#breadcrumb","itemListElement":[{"@type":"ListItem","position":1,"name":"Portada","item":"https:\/\/econeteges.es\/"},{"@type":"ListItem","position":2,"name":"Tienda","item":"https:\/\/econeteges.es\/ca\/tienda\/"},{"@type":"ListItem","position":3,"name":"Jab\u00f3n original de Alepo E4U, 200 g, 50% aceite de laurel y 50% aceite de oliva Vegano, jab\u00f3n natural, jab\u00f3n de ducha, jab\u00f3n de afeitar, receta tradicional de Oriente."}]},{"@type":"WebSite","@id":"https:\/\/econeteges.es\/#website","url":"https:\/\/econeteges.es\/","name":"econeteges.es | empresa de limpieza","description":"Limpieza a domicilio | pulidos y abrillantados | mantenimiento de comunidades","publisher":{"@id":"https:\/\/econeteges.es\/#organization"},"potentialAction":[{"@type":"SearchAction","target":{"@type":"EntryPoint","urlTemplate":"https:\/\/econeteges.es\/?s={search_term_string}"},"query-input":"required name=search_term_string"}],"inLanguage":"ca"},{"@type":"Organization","@id":"https:\/\/econeteges.es\/#organization","name":"Econeteges","url":"https:\/\/econeteges.es\/","logo":{"@type":"ImageObject","inLanguage":"ca","@id":"https:\/\/econeteges.es\/#\/schema\/logo\/image\/","url":"https:\/\/econeteges.es\/wp-content\/uploads\/2020\/05\/nuestra-empresa_185260.jpg","contentUrl":"https:\/\/econeteges.es\/wp-content\/uploads\/2020\/05\/nuestra-empresa_185260.jpg","width":600,"height":600,"caption":"Econeteges"},"image":{"@id":"https:\/\/econeteges.es\/#\/schema\/logo\/image\/"},"sameAs":["https:\/\/www.instagram.com\/econeteges\/"]}]}},"_links":{"self":[{"href":"https:\/\/econeteges.es\/ca\/wp-json\/wp\/v2\/product\/1410"}],"collection":[{"href":"https:\/\/econeteges.es\/ca\/wp-json\/wp\/v2\/product"}],"about":[{"href":"https:\/\/econeteges.es\/ca\/wp-json\/wp\/v2\/types\/product"}],"wp:featuredmedia":[{"embeddable":true,"href":"https:\/\/econeteges.es\/ca\/wp-json\/wp\/v2\/media\/1412"}],"wp:attachment":[{"href":"https:\/\/econeteges.es\/ca\/wp-json\/wp\/v2\/media?parent=1410"}],"wp:term":[{"taxonomy":"product_cat","embeddable":true,"href":"https:\/\/econeteges.es\/ca\/wp-json\/wp\/v2\/product_cat?post=1410"},{"taxonomy":"product_tag","embeddable":true,"href":"https:\/\/econeteges.es\/ca\/wp-json\/wp\/v2\/product_tag?post=1410"}],"curies":[{"name":"wp","href":"https:\/\/api.w.org\/{rel}","templated":true}]}}