{"id":1415,"date":"2021-06-14T15:21:26","date_gmt":"2021-06-14T15:21:26","guid":{"rendered":"https:\/\/econeteges.es\/?post_type=product&#038;p=1415"},"modified":"2021-06-14T15:21:31","modified_gmt":"2021-06-14T15:21:31","slug":"zstkeke-perlas-de-limpieza-1000-pcsreutilizables-bolas-de-acero-inoxidable-de-limpieza-para-decantador-jarron-jarras-botellas","status":"publish","type":"product","link":"https:\/\/econeteges.es\/ca\/producte\/zstkeke-perlas-de-limpieza-1000-pcsreutilizables-bolas-de-acero-inoxidable-de-limpieza-para-decantador-jarron-jarras-botellas\/","title":{"rendered":"ZSTKEKE Perlas de limpieza 1000 PCS,Reutilizables Bolas de acero inoxidable de Limpieza para Decantador, Jarr\u00f3n, Jarras, Botellas"},"content":{"rendered":"<div class=\"celwidget\" data-csa-c-id=\"p2n66g-um586v-v92ddq-7xghd3\" data-cel-widget=\"dpx-product-description_csm_instrumentation_wrapper\">\n<div id=\"descriptionAndDetails\" class=\"a-section a-spacing-extra-large\">\n<div id=\"productDescription_feature_div\" class=\"celwidget\" data-feature-name=\"productDescription\" data-csa-c-id=\"dx68gt-j33nsq-of7f76-k8kj8x\" data-cel-widget=\"productDescription_feature_div\">\n<div>\n<div id=\"productDescription_feature_div\" class=\"a-row feature\" data-feature-name=\"productDescription\" data-template-name=\"productDescription\" data-cel-widget=\"productDescription_feature_div\">\n<div id=\"productDescription\" class=\"a-section a-spacing-small\">\n<p>Las perlas limpiadoras son ideales para las familias modernas. Puede limpiar f\u00e1cilmente sus botellas y vasos.<\/p>\n<p><strong>Especificaci\u00f3n<\/strong>:<\/p>\n<p>Material: acero inoxidable SUS304<\/p>\n<p>Tama\u00f1o: 3 mm de di\u00e1metro<\/p>\n<p>Embalaje: 1000 piezas<\/p>\n<p><strong>F\u00e1cil de usar<\/strong><\/p>\n<p>Agregue la cantidad correcta de perlas de acuerdo con el tama\u00f1o de la botella si demasiadas perlas de limpieza pueden da\u00f1ar su botella.<\/p>\n<p>Agregue agua adecuada y agite suavemente la botella para que las perlas de limpieza lleguen a todos los rincones sucios. Puedes limpiar tu botella como nueva. Es mejor agregar detergente, vinagre y jugo de lim\u00f3n<\/p>\n<p>Seque las perlas de limpieza despu\u00e9s de su uso antes de guardarlas en la caja.<\/p>\n<p>Marca \u200eZSTKEKE<br \/>\nDimensiones del paquete \u200e12.8 x 6.8 x 4.5 cm; 130 gramos<br \/>\nPeso del producto \u200e130 g<\/p>\n<p>&nbsp;<\/p>\n<\/div>\n<\/div>\n<\/div>\n<\/div>\n<\/div>\n<\/div>\n<div class=\"celwidget\" data-csa-c-id=\"kmcs04-jrcyp7-v29fkt-lqbxog\" data-cel-widget=\"dpx-climate-pledge-friendly-btf_csm_instrumentation_wrapper\">\n<div id=\"climatePledgeFriendlyBTF_feature_div\" class=\"celwidget\" data-feature-name=\"climatePledgeFriendlyBTF\" data-csa-c-id=\"udjxqh-zeu5up-dvp6i1-qu3yq0\" data-cel-widget=\"climatePledgeFriendlyBTF_feature_div\"><\/div>\n<\/div>\n<div class=\"celwidget\" data-csa-c-id=\"9v6uaz-xuys6q-wu32iz-thaj74\" data-cel-widget=\"dpx-aplus-brand-story_csm_instrumentation_wrapper\">\n<div id=\"aplusBrandStory_feature_div\" class=\"celwidget\" data-feature-name=\"aplusBrandStory\" data-csa-c-id=\"9iuybh-9yu8ta-qpxdy2-to2i4u\" data-cel-widget=\"aplusBrandStory_feature_div\"><\/div>\n<\/div>\n<div class=\"celwidget\" data-csa-c-id=\"8cc1r8-vuf6x0-t24rht-czfi5x\" data-cel-widget=\"dpx-aplus-sustainability-story_csm_instrumentation_wrapper\">\n<div id=\"aplusSustainabilityStory_feature_div\" class=\"celwidget\" data-feature-name=\"aplusSustainabilityStory\" data-csa-c-id=\"vfdoer-gr7vhr-3jbcwz-i5oiua\" data-cel-widget=\"aplusSustainabilityStory_feature_div\"><\/div>\n<\/div>\n<div class=\"celwidget\" data-csa-c-id=\"a6lyii-km9p7a-rn28vf-16zw1g\" data-cel-widget=\"sims-consolidated-4_csm_instrumentation_wrapper\">\n<div class=\"celwidget pd_rd_w-Gw2x2 pf_rd_p-1956ec8c-ae2d-4afa-9483-797f5397729d pd_rd_wg-cpegk pf_rd_r-TQMZTXABHR11DXD2W9YA pd_rd_r-97d77a63-4273-4336-bfd7-56e5285921ec\" data-csa-c-content-id=\"1956ec8c-ae2d-4afa-9483-797f5397729d\" data-csa-c-slot-id=\"desktop-dp-sims-3\" data-csa-c-type=\"widget\" data-csa-c-id=\"nzqvdh-g0rwrj-traxmi-ro40p5\" data-cel-widget=\"desktop-dp-sims_sb-dp-id\">\n<div id=\"7320a0f8-33e1-4218-911a-8f4b8a82a980\" class=\"threepsl thirdPartySponsorLink--twoAds MultiBrandCreativeDesktop celwidget\" data-csa-c-id=\"a3am95-gypapg-8avc9-xfqpvy\" data-cel-widget=\"MultiBrandCreativeDesktopCombined\">\n<hr class=\"a-divider-normal bucketDivider threepsl-divider\" \/>\n<\/div>\n<\/div>\n<\/div>","protected":false},"excerpt":{"rendered":"<ul class=\"a-unordered-list a-vertical a-spacing-mini\">\n<li><span class=\"a-list-item\"> \u3010Alta calidad\u3011 Cada bola est\u00e1 hecha de acero inoxidable 304 de alta calidad, por lo que es 100% libre de \u00f3xido, no hay riesgo de oxidaci\u00f3n o deformaci\u00f3n, y se puede reutilizar si es necesario. <\/span><\/li>\n<li><span class=\"a-list-item\"> \u3010F\u00e1cil de usar\u3011 Simplemente agregue la cantidad adecuada de perlas de limpieza de acuerdo con el tama\u00f1o de la botella y agregue agua, vinagre o jugo de lim\u00f3n para agitar suavemente la botella y limpiar la suciedad. Seque las perlas de limpieza despu\u00e9s de su uso y gu\u00e1rdelas para el pr\u00f3ximo uso. <\/span><\/li>\n<li><span class=\"a-list-item\"> \u3010Limpieza profunda\u3011 Puede limpiar hasta las esquinas que el cepillo no puede alcanzar y limpiar su botella como nueva. Es un reemplazo perfecto para los cepillos de limpieza cl\u00e1sicos y un limpiador de por vida para su cocina y hogar. <\/span><\/li>\n<li><span class=\"a-list-item\"> \u3010Amplia gama de usos\u3011 \u00a1Puede limpiar f\u00e1cilmente botellas, recipientes de agua, botellas de vidrio, jarrones, termos y m\u00e1s! <\/span><\/li>\n<li><span class=\"a-list-item\"> \u3010Recibir\u00e1: un juego de limpieza\u3011 que consta de 1000 perlas de limpieza de acero inoxidable plateadas de 3 mm y una caja de silicona de alta calidad para su limpieza y almacenamiento. <\/span><\/li>\n<\/ul>","protected":false},"featured_media":1416,"template":"","meta":{"_et_pb_use_builder":"","_et_pb_old_content":"","_et_gb_content_width":""},"product_cat":[30,33,25],"product_tag":[],"yoast_head":"<!-- This site is optimized with the Yoast SEO plugin v22.3 - https:\/\/yoast.com\/wordpress\/plugins\/seo\/ -->\n<title>ZSTKEKE Perlas de limpieza 1000 PCS,Reutilizables Bolas de acero inoxidable de Limpieza para Decantador, Jarr\u00f3n, Jarras, Botellas - econeteges.es | empresa de limpieza<\/title>\n<meta name=\"robots\" content=\"index, follow, max-snippet:-1, max-image-preview:large, max-video-preview:-1\" \/>\n<link rel=\"canonical\" href=\"https:\/\/econeteges.es\/ca\/producte\/zstkeke-perlas-de-limpieza-1000-pcsreutilizables-bolas-de-acero-inoxidable-de-limpieza-para-decantador-jarron-jarras-botellas\/\" \/>\n<meta property=\"og:locale\" content=\"ca_ES\" \/>\n<meta property=\"og:type\" content=\"article\" \/>\n<meta property=\"og:title\" content=\"ZSTKEKE Perlas de limpieza 1000 PCS,Reutilizables Bolas de acero inoxidable de Limpieza para Decantador, Jarr\u00f3n, Jarras, Botellas - econeteges.es | empresa de limpieza\" \/>\n<meta property=\"og:description\" content=\"\u3010Alta calidad\u3011 Cada bola est\u00e1 hecha de acero inoxidable 304 de alta calidad, por lo que es 100% libre de \u00f3xido, no hay riesgo de oxidaci\u00f3n o deformaci\u00f3n, y se puede reutilizar si es necesario.   \u3010F\u00e1cil de usar\u3011 Simplemente agregue la cantidad adecuada de perlas de limpieza de acuerdo con el tama\u00f1o de la botella y agregue agua, vinagre o jugo de lim\u00f3n para agitar suavemente la botella y limpiar la suciedad. Seque las perlas de limpieza despu\u00e9s de su uso y gu\u00e1rdelas para el pr\u00f3ximo uso.   \u3010Limpieza profunda\u3011 Puede limpiar hasta las esquinas que el cepillo no puede alcanzar y limpiar su botella como nueva. Es un reemplazo perfecto para los cepillos de limpieza cl\u00e1sicos y un limpiador de por vida para su cocina y hogar.   \u3010Amplia gama de usos\u3011 \u00a1Puede limpiar f\u00e1cilmente botellas, recipientes de agua, botellas de vidrio, jarrones, termos y m\u00e1s!   \u3010Recibir\u00e1: un juego de limpieza\u3011 que consta de 1000 perlas de limpieza de acero inoxidable plateadas de 3 mm y una caja de silicona de alta calidad para su limpieza y almacenamiento.\" \/>\n<meta property=\"og:url\" content=\"https:\/\/econeteges.es\/ca\/producte\/zstkeke-perlas-de-limpieza-1000-pcsreutilizables-bolas-de-acero-inoxidable-de-limpieza-para-decantador-jarron-jarras-botellas\/\" \/>\n<meta property=\"og:site_name\" content=\"econeteges.es | empresa de limpieza\" \/>\n<meta property=\"article:modified_time\" content=\"2021-06-14T15:21:31+00:00\" \/>\n<meta property=\"og:image\" content=\"https:\/\/econeteges.es\/wp-content\/uploads\/2021\/06\/perlas-de-limpieza-acero-1.jpg\" \/>\n\t<meta property=\"og:image:width\" content=\"1370\" \/>\n\t<meta property=\"og:image:height\" content=\"1055\" \/>\n\t<meta property=\"og:image:type\" content=\"image\/jpeg\" \/>\n<meta name=\"twitter:card\" content=\"summary_large_image\" \/>\n<meta name=\"twitter:label1\" content=\"Temps estimat de lectura\" \/>\n\t<meta name=\"twitter:data1\" content=\"1 minut\" \/>\n<script type=\"application\/ld+json\" class=\"yoast-schema-graph\">{\"@context\":\"https:\/\/schema.org\",\"@graph\":[{\"@type\":\"WebPage\",\"@id\":\"https:\/\/econeteges.es\/ca\/producte\/zstkeke-perlas-de-limpieza-1000-pcsreutilizables-bolas-de-acero-inoxidable-de-limpieza-para-decantador-jarron-jarras-botellas\/\",\"url\":\"https:\/\/econeteges.es\/ca\/producte\/zstkeke-perlas-de-limpieza-1000-pcsreutilizables-bolas-de-acero-inoxidable-de-limpieza-para-decantador-jarron-jarras-botellas\/\",\"name\":\"ZSTKEKE Perlas de limpieza 1000 PCS,Reutilizables Bolas de acero inoxidable de Limpieza para Decantador, Jarr\u00f3n, Jarras, Botellas - econeteges.es | empresa de limpieza\",\"isPartOf\":{\"@id\":\"https:\/\/econeteges.es\/#website\"},\"primaryImageOfPage\":{\"@id\":\"https:\/\/econeteges.es\/ca\/producte\/zstkeke-perlas-de-limpieza-1000-pcsreutilizables-bolas-de-acero-inoxidable-de-limpieza-para-decantador-jarron-jarras-botellas\/#primaryimage\"},\"image\":{\"@id\":\"https:\/\/econeteges.es\/ca\/producte\/zstkeke-perlas-de-limpieza-1000-pcsreutilizables-bolas-de-acero-inoxidable-de-limpieza-para-decantador-jarron-jarras-botellas\/#primaryimage\"},\"thumbnailUrl\":\"https:\/\/econeteges.es\/wp-content\/uploads\/2021\/06\/perlas-de-limpieza-acero-1.jpg\",\"datePublished\":\"2021-06-14T15:21:26+00:00\",\"dateModified\":\"2021-06-14T15:21:31+00:00\",\"breadcrumb\":{\"@id\":\"https:\/\/econeteges.es\/ca\/producte\/zstkeke-perlas-de-limpieza-1000-pcsreutilizables-bolas-de-acero-inoxidable-de-limpieza-para-decantador-jarron-jarras-botellas\/#breadcrumb\"},\"inLanguage\":\"ca\",\"potentialAction\":[{\"@type\":\"ReadAction\",\"target\":[\"https:\/\/econeteges.es\/ca\/producte\/zstkeke-perlas-de-limpieza-1000-pcsreutilizables-bolas-de-acero-inoxidable-de-limpieza-para-decantador-jarron-jarras-botellas\/\"]}]},{\"@type\":\"ImageObject\",\"inLanguage\":\"ca\",\"@id\":\"https:\/\/econeteges.es\/ca\/producte\/zstkeke-perlas-de-limpieza-1000-pcsreutilizables-bolas-de-acero-inoxidable-de-limpieza-para-decantador-jarron-jarras-botellas\/#primaryimage\",\"url\":\"https:\/\/econeteges.es\/wp-content\/uploads\/2021\/06\/perlas-de-limpieza-acero-1.jpg\",\"contentUrl\":\"https:\/\/econeteges.es\/wp-content\/uploads\/2021\/06\/perlas-de-limpieza-acero-1.jpg\",\"width\":1370,\"height\":1055,\"caption\":\"perlas de limpieza acero (1)\"},{\"@type\":\"BreadcrumbList\",\"@id\":\"https:\/\/econeteges.es\/ca\/producte\/zstkeke-perlas-de-limpieza-1000-pcsreutilizables-bolas-de-acero-inoxidable-de-limpieza-para-decantador-jarron-jarras-botellas\/#breadcrumb\",\"itemListElement\":[{\"@type\":\"ListItem\",\"position\":1,\"name\":\"Portada\",\"item\":\"https:\/\/econeteges.es\/\"},{\"@type\":\"ListItem\",\"position\":2,\"name\":\"Tienda\",\"item\":\"https:\/\/econeteges.es\/ca\/tienda\/\"},{\"@type\":\"ListItem\",\"position\":3,\"name\":\"ZSTKEKE Perlas de limpieza 1000 PCS,Reutilizables Bolas de acero inoxidable de Limpieza para Decantador, Jarr\u00f3n, Jarras, Botellas\"}]},{\"@type\":\"WebSite\",\"@id\":\"https:\/\/econeteges.es\/#website\",\"url\":\"https:\/\/econeteges.es\/\",\"name\":\"econeteges.es | empresa de limpieza\",\"description\":\"Limpieza a domicilio | pulidos y abrillantados | mantenimiento de comunidades\",\"publisher\":{\"@id\":\"https:\/\/econeteges.es\/#organization\"},\"potentialAction\":[{\"@type\":\"SearchAction\",\"target\":{\"@type\":\"EntryPoint\",\"urlTemplate\":\"https:\/\/econeteges.es\/?s={search_term_string}\"},\"query-input\":\"required name=search_term_string\"}],\"inLanguage\":\"ca\"},{\"@type\":\"Organization\",\"@id\":\"https:\/\/econeteges.es\/#organization\",\"name\":\"Econeteges\",\"url\":\"https:\/\/econeteges.es\/\",\"logo\":{\"@type\":\"ImageObject\",\"inLanguage\":\"ca\",\"@id\":\"https:\/\/econeteges.es\/#\/schema\/logo\/image\/\",\"url\":\"https:\/\/econeteges.es\/wp-content\/uploads\/2020\/05\/nuestra-empresa_185260.jpg\",\"contentUrl\":\"https:\/\/econeteges.es\/wp-content\/uploads\/2020\/05\/nuestra-empresa_185260.jpg\",\"width\":600,\"height\":600,\"caption\":\"Econeteges\"},\"image\":{\"@id\":\"https:\/\/econeteges.es\/#\/schema\/logo\/image\/\"},\"sameAs\":[\"https:\/\/www.instagram.com\/econeteges\/\"]}]}<\/script>\n<!-- \/ Yoast SEO plugin. -->","yoast_head_json":{"title":"ZSTKEKE Perlas de limpieza 1000 PCS,Reutilizables Bolas de acero inoxidable de Limpieza para Decantador, Jarr\u00f3n, Jarras, Botellas - econeteges.es | empresa de limpieza","robots":{"index":"index","follow":"follow","max-snippet":"max-snippet:-1","max-image-preview":"max-image-preview:large","max-video-preview":"max-video-preview:-1"},"canonical":"https:\/\/econeteges.es\/ca\/producte\/zstkeke-perlas-de-limpieza-1000-pcsreutilizables-bolas-de-acero-inoxidable-de-limpieza-para-decantador-jarron-jarras-botellas\/","og_locale":"ca_ES","og_type":"article","og_title":"ZSTKEKE Perlas de limpieza 1000 PCS,Reutilizables Bolas de acero inoxidable de Limpieza para Decantador, Jarr\u00f3n, Jarras, Botellas - econeteges.es | empresa de limpieza","og_description":"\u3010Alta calidad\u3011 Cada bola est\u00e1 hecha de acero inoxidable 304 de alta calidad, por lo que es 100% libre de \u00f3xido, no hay riesgo de oxidaci\u00f3n o deformaci\u00f3n, y se puede reutilizar si es necesario.   \u3010F\u00e1cil de usar\u3011 Simplemente agregue la cantidad adecuada de perlas de limpieza de acuerdo con el tama\u00f1o de la botella y agregue agua, vinagre o jugo de lim\u00f3n para agitar suavemente la botella y limpiar la suciedad. Seque las perlas de limpieza despu\u00e9s de su uso y gu\u00e1rdelas para el pr\u00f3ximo uso.   \u3010Limpieza profunda\u3011 Puede limpiar hasta las esquinas que el cepillo no puede alcanzar y limpiar su botella como nueva. Es un reemplazo perfecto para los cepillos de limpieza cl\u00e1sicos y un limpiador de por vida para su cocina y hogar.   \u3010Amplia gama de usos\u3011 \u00a1Puede limpiar f\u00e1cilmente botellas, recipientes de agua, botellas de vidrio, jarrones, termos y m\u00e1s!   \u3010Recibir\u00e1: un juego de limpieza\u3011 que consta de 1000 perlas de limpieza de acero inoxidable plateadas de 3 mm y una caja de silicona de alta calidad para su limpieza y almacenamiento.","og_url":"https:\/\/econeteges.es\/ca\/producte\/zstkeke-perlas-de-limpieza-1000-pcsreutilizables-bolas-de-acero-inoxidable-de-limpieza-para-decantador-jarron-jarras-botellas\/","og_site_name":"econeteges.es | empresa de limpieza","article_modified_time":"2021-06-14T15:21:31+00:00","og_image":[{"width":1370,"height":1055,"url":"https:\/\/econeteges.es\/wp-content\/uploads\/2021\/06\/perlas-de-limpieza-acero-1.jpg","type":"image\/jpeg"}],"twitter_card":"summary_large_image","twitter_misc":{"Temps estimat de lectura":"1 minut"},"schema":{"@context":"https:\/\/schema.org","@graph":[{"@type":"WebPage","@id":"https:\/\/econeteges.es\/ca\/producte\/zstkeke-perlas-de-limpieza-1000-pcsreutilizables-bolas-de-acero-inoxidable-de-limpieza-para-decantador-jarron-jarras-botellas\/","url":"https:\/\/econeteges.es\/ca\/producte\/zstkeke-perlas-de-limpieza-1000-pcsreutilizables-bolas-de-acero-inoxidable-de-limpieza-para-decantador-jarron-jarras-botellas\/","name":"ZSTKEKE Perlas de limpieza 1000 PCS,Reutilizables Bolas de acero inoxidable de Limpieza para Decantador, Jarr\u00f3n, Jarras, Botellas - econeteges.es | empresa de limpieza","isPartOf":{"@id":"https:\/\/econeteges.es\/#website"},"primaryImageOfPage":{"@id":"https:\/\/econeteges.es\/ca\/producte\/zstkeke-perlas-de-limpieza-1000-pcsreutilizables-bolas-de-acero-inoxidable-de-limpieza-para-decantador-jarron-jarras-botellas\/#primaryimage"},"image":{"@id":"https:\/\/econeteges.es\/ca\/producte\/zstkeke-perlas-de-limpieza-1000-pcsreutilizables-bolas-de-acero-inoxidable-de-limpieza-para-decantador-jarron-jarras-botellas\/#primaryimage"},"thumbnailUrl":"https:\/\/econeteges.es\/wp-content\/uploads\/2021\/06\/perlas-de-limpieza-acero-1.jpg","datePublished":"2021-06-14T15:21:26+00:00","dateModified":"2021-06-14T15:21:31+00:00","breadcrumb":{"@id":"https:\/\/econeteges.es\/ca\/producte\/zstkeke-perlas-de-limpieza-1000-pcsreutilizables-bolas-de-acero-inoxidable-de-limpieza-para-decantador-jarron-jarras-botellas\/#breadcrumb"},"inLanguage":"ca","potentialAction":[{"@type":"ReadAction","target":["https:\/\/econeteges.es\/ca\/producte\/zstkeke-perlas-de-limpieza-1000-pcsreutilizables-bolas-de-acero-inoxidable-de-limpieza-para-decantador-jarron-jarras-botellas\/"]}]},{"@type":"ImageObject","inLanguage":"ca","@id":"https:\/\/econeteges.es\/ca\/producte\/zstkeke-perlas-de-limpieza-1000-pcsreutilizables-bolas-de-acero-inoxidable-de-limpieza-para-decantador-jarron-jarras-botellas\/#primaryimage","url":"https:\/\/econeteges.es\/wp-content\/uploads\/2021\/06\/perlas-de-limpieza-acero-1.jpg","contentUrl":"https:\/\/econeteges.es\/wp-content\/uploads\/2021\/06\/perlas-de-limpieza-acero-1.jpg","width":1370,"height":1055,"caption":"perlas de limpieza acero (1)"},{"@type":"BreadcrumbList","@id":"https:\/\/econeteges.es\/ca\/producte\/zstkeke-perlas-de-limpieza-1000-pcsreutilizables-bolas-de-acero-inoxidable-de-limpieza-para-decantador-jarron-jarras-botellas\/#breadcrumb","itemListElement":[{"@type":"ListItem","position":1,"name":"Portada","item":"https:\/\/econeteges.es\/"},{"@type":"ListItem","position":2,"name":"Tienda","item":"https:\/\/econeteges.es\/ca\/tienda\/"},{"@type":"ListItem","position":3,"name":"ZSTKEKE Perlas de limpieza 1000 PCS,Reutilizables Bolas de acero inoxidable de Limpieza para Decantador, Jarr\u00f3n, Jarras, Botellas"}]},{"@type":"WebSite","@id":"https:\/\/econeteges.es\/#website","url":"https:\/\/econeteges.es\/","name":"econeteges.es | empresa de limpieza","description":"Limpieza a domicilio | pulidos y abrillantados | mantenimiento de comunidades","publisher":{"@id":"https:\/\/econeteges.es\/#organization"},"potentialAction":[{"@type":"SearchAction","target":{"@type":"EntryPoint","urlTemplate":"https:\/\/econeteges.es\/?s={search_term_string}"},"query-input":"required name=search_term_string"}],"inLanguage":"ca"},{"@type":"Organization","@id":"https:\/\/econeteges.es\/#organization","name":"Econeteges","url":"https:\/\/econeteges.es\/","logo":{"@type":"ImageObject","inLanguage":"ca","@id":"https:\/\/econeteges.es\/#\/schema\/logo\/image\/","url":"https:\/\/econeteges.es\/wp-content\/uploads\/2020\/05\/nuestra-empresa_185260.jpg","contentUrl":"https:\/\/econeteges.es\/wp-content\/uploads\/2020\/05\/nuestra-empresa_185260.jpg","width":600,"height":600,"caption":"Econeteges"},"image":{"@id":"https:\/\/econeteges.es\/#\/schema\/logo\/image\/"},"sameAs":["https:\/\/www.instagram.com\/econeteges\/"]}]}},"_links":{"self":[{"href":"https:\/\/econeteges.es\/ca\/wp-json\/wp\/v2\/product\/1415"}],"collection":[{"href":"https:\/\/econeteges.es\/ca\/wp-json\/wp\/v2\/product"}],"about":[{"href":"https:\/\/econeteges.es\/ca\/wp-json\/wp\/v2\/types\/product"}],"wp:featuredmedia":[{"embeddable":true,"href":"https:\/\/econeteges.es\/ca\/wp-json\/wp\/v2\/media\/1416"}],"wp:attachment":[{"href":"https:\/\/econeteges.es\/ca\/wp-json\/wp\/v2\/media?parent=1415"}],"wp:term":[{"taxonomy":"product_cat","embeddable":true,"href":"https:\/\/econeteges.es\/ca\/wp-json\/wp\/v2\/product_cat?post=1415"},{"taxonomy":"product_tag","embeddable":true,"href":"https:\/\/econeteges.es\/ca\/wp-json\/wp\/v2\/product_tag?post=1415"}],"curies":[{"name":"wp","href":"https:\/\/api.w.org\/{rel}","templated":true}]}}