{"id":1419,"date":"2021-06-14T15:31:53","date_gmt":"2021-06-14T15:31:53","guid":{"rendered":"https:\/\/econeteges.es\/?post_type=product&#038;p=1419"},"modified":"2021-06-14T15:31:58","modified_gmt":"2021-06-14T15:31:58","slug":"leather-honey-limpiador-para-cuero-el-mejor-limpiador-de-cuero-para-vinilo-y-ropa-de-cuero-muebles-interior-de-automoviles-zapatos-y-accesorios","status":"publish","type":"product","link":"https:\/\/econeteges.es\/ca\/producte\/leather-honey-limpiador-para-cuero-el-mejor-limpiador-de-cuero-para-vinilo-y-ropa-de-cuero-muebles-interior-de-automoviles-zapatos-y-accesorios\/","title":{"rendered":"Leather Honey &#8211; Limpiador para cuero: El mejor limpiador de cuero para vinilo y ropa de cuero, muebles, interior de autom\u00f3viles, zapatos y accesorios."},"content":{"rendered":"<div id=\"productAlert_feature_div\" class=\"celwidget\" data-feature-name=\"productAlert\" data-csa-c-id=\"6l2wva-rcr6to-tdbtat-vmaahr\" data-cel-widget=\"productAlert_feature_div\">\n<div class=\"unified_widget rcmBody\">\n<div class=\"a-section a-spacing-none aplus-card-title\">\n<h1 class=\"aplus-h2 a-text-bold\">Limpiador de cuero<\/h1>\n<p>La rica f\u00f3rmula que penetra profundamente para proteger el cuero nuevo y rejuvenecer el cuero viejo. Suaviza, hidrata y promueve la flexibilidad, dejando el cuero suave y bonito.<\/p>\n<\/div>\n<div class=\"a-section a-spacing-none aplus-card-body\">\n<p class=\"aplus-p3\">F\u00f3rmula concentrada que limpia el cuero de forma suave y eficaz, eliminando f\u00e1cilmente la suciedad, la grasa y las manchas dif\u00edciles. Apto para el cuero sint\u00e9tico, vinilo y pl\u00e1stico.<\/p>\n<p>El pa\u00f1o antipelusas de primera calidad es perfecto para limpiar y acondicionar todos los art\u00edculos, grandes y peque\u00f1os. El pa\u00f1o suave y de alta calidad no raya ni da\u00f1a el cuero.<\/p>\n<div class=\"a-section a-spacing-none aplus-card-details-wrapper aplus-container-2\">\n<div class=\"a-section a-spacing-none aplus-card-detail\">\n<div class=\"a-section a-spacing-none aplus-table-cell\">\n<div class=\"a-section a-spacing-none aplus-text-background aplus-text-background-color\">\n<div class=\"a-section a-spacing-none card-description\">\n<h1 class=\"aplus-h1 a-text-bold\">Prueba antes de usar<\/h1>\n<p class=\"description aplus-p2\">Haz una peque\u00f1a prueba antes de usar el producto y deja que se seque. Puede oscurecer temporalmente.<\/p>\n<\/div>\n<\/div>\n<\/div>\n<\/div>\n<\/div>\n<\/div>\n<p>Usa el producto a temperatura ambiente con el pa\u00f1o antipelusas<\/p>\n<div class=\"a-section a-spacing-none aplus-card-details-wrapper aplus-container-2\">\n<div class=\"a-section a-spacing-none aplus-card-detail\">\n<div class=\"a-section a-spacing-none aplus-table-cell\">\n<div class=\"a-section a-spacing-none aplus-text-background aplus-text-background-color\">\n<div class=\"a-section a-spacing-none card-description\">\n<h1 class=\"aplus-h1 a-text-bold\">Cubre y seca<\/h1>\n<p class=\"description aplus-p2\">Cubre el cuero con una capa fina de acondicionador. Deja que se seque durante 24h preferiblemente.<\/p>\n<div class=\"a-section a-spacing-none aplus-card-details-wrapper aplus-container-2\">\n<div class=\"a-section a-spacing-none aplus-card-detail\">\n<div class=\"a-section a-spacing-none aplus-table-cell\">\n<div class=\"a-section a-spacing-none aplus-text-background aplus-text-background-color\">\n<div class=\"a-section a-spacing-none card-description\">\n<h1 class=\"aplus-h1 a-text-bold\">Pulir el exceso<\/h1>\n<p class=\"description aplus-p2\">Con un pa\u00f1o antupelusas podr\u00e1s pulir suavemente cualquier exceso de acondicionador.<\/p>\n<div class=\"a-section a-spacing-none aplus-card-details-wrapper aplus-container-2\">\n<div class=\"a-section a-spacing-none aplus-card-detail\">\n<div class=\"a-section a-spacing-none aplus-table-cell\">\n<div class=\"a-section a-spacing-none aplus-text-background aplus-text-background-color\">\n<div class=\"a-section a-spacing-none card-description\">\n<h1 class=\"aplus-h1 a-text-bold\">Repite el proceso<\/h1>\n<p class=\"description aplus-p2\">Repite el proceso si el acondicionador se absorbe r\u00e1pidamente o el cuero todav\u00eda parece seco.<\/p>\n<\/div>\n<\/div>\n<\/div>\n<\/div>\n<\/div>\n<\/div>\n<\/div>\n<\/div>\n<\/div>\n<\/div>\n<\/div>\n<\/div>\n<\/div>\n<\/div>\n<\/div>\n<h3 class=\"aplus-p3\">Asientos e interiores<\/h3>\n<h1 class=\"aplus-h1 a-text-bold\">Protege y restaura con nuestra f\u00f3rmula no t\u00f3xica<\/h1>\n<p class=\"description aplus-p1\">\n<ul class=\"a-unordered-list a-vertical\">\n<li><span class=\"a-list-item\">Asientos, tableros y molduras<\/span><\/li>\n<li><span class=\"a-list-item\">Interiores de puertas<\/span><\/li>\n<li><span class=\"a-list-item\">Asientos, alforjas y accesorios de moto<\/span><\/li>\n<\/ul>\n<h3><b>Advertencias:<\/b><img decoding=\"async\" data-src=\"https:\/\/m.media-amazon.com\/images\/I\/31mTHI4a8xL.png\" alt=\"Nocivo en caso de ingesti\u00f3n.\" width=\"44\" height=\"44\" src=\"data:image\/svg+xml;base64,PHN2ZyB3aWR0aD0iMSIgaGVpZ2h0PSIxIiB4bWxucz0iaHR0cDovL3d3dy53My5vcmcvMjAwMC9zdmciPjwvc3ZnPg==\" class=\"lazyload\" style=\"--smush-placeholder-width: 44px; --smush-placeholder-aspect-ratio: 44\/44;\" \/><\/h3>\n<ul>\n<li>Mantener fuera del alcance de los ni\u00f1os.<\/li>\n<\/ul>\n<\/div>\n<\/div>\n<div id=\"legalEUAtf_feature_div\" class=\"celwidget\" data-feature-name=\"legalEUAtf\" data-csa-c-id=\"8w8u5a-w5l4vy-q6cbxy-n2o68e\" data-cel-widget=\"legalEUAtf_feature_div\">\n<ul class=\"a-unordered-list a-vertical a-spacing-small\">\n<li>Nocivo en caso de ingesti\u00f3n.<\/li>\n<li>Provoca irritaci\u00f3n ocular grave.<\/li>\n<\/ul>\n<\/div>","protected":false},"excerpt":{"rendered":"<ul class=\"a-unordered-list a-vertical a-spacing-mini\">\n<li><span class=\"a-list-item\"> Fabricado en los Estados Unidos por una peque\u00f1a empresa familiar que se especializa en el mejor limpiador y acondicionador de cuero del mercado. Millones de clientes felices <\/span><\/li>\n<li><span class=\"a-list-item\"> F\u00f3rmula concentrada significa gran valor: Cada botella de 0,12 litros hace hasta 0,94 litros de limpiador de cuero cuando se diluye con agua <\/span><\/li>\n<li><span class=\"a-list-item\"> Limpia r\u00e1pidamente y suavemente: Todo tipo de piel y vinilo, eliminando la suciedad, el aceite, las manchas duras y la suciedad. El limpiador de cuero no t\u00f3xico es perfecto para todos los productos de cuero, incluyendo sillas de montar y tachuelas, interiores de autom\u00f3viles, muebles, bolsos, zapatos y chaquetas. No se puede usar en gamuza <\/span><\/li>\n<li><span class=\"a-list-item\"> Garant\u00eda 100% de satisfacci\u00f3n del cliente: Si no est\u00e1s satisfecho con cualquiera de nuestros productos, simplemente devu\u00e9lvelos para un reembolso completo de su precio de compra <\/span><\/li>\n<li><span class=\"a-list-item\"> Especialmente formulado: Para ser utilizado con el acondicionador de Leather Honey <\/span><\/li>\n<\/ul>","protected":false},"featured_media":1426,"template":"","meta":{"_et_pb_use_builder":"","_et_pb_old_content":"","_et_gb_content_width":""},"product_cat":[30],"product_tag":[],"yoast_head":"<!-- This site is optimized with the Yoast SEO plugin v22.3 - https:\/\/yoast.com\/wordpress\/plugins\/seo\/ -->\n<title>Leather Honey - Limpiador para cuero: El mejor limpiador de cuero para vinilo y ropa de cuero, muebles, interior de autom\u00f3viles, zapatos y accesorios. - econeteges.es | empresa de limpieza<\/title>\n<meta name=\"robots\" content=\"index, follow, max-snippet:-1, max-image-preview:large, max-video-preview:-1\" \/>\n<link rel=\"canonical\" href=\"https:\/\/econeteges.es\/ca\/producte\/leather-honey-limpiador-para-cuero-el-mejor-limpiador-de-cuero-para-vinilo-y-ropa-de-cuero-muebles-interior-de-automoviles-zapatos-y-accesorios\/\" \/>\n<meta property=\"og:locale\" content=\"ca_ES\" \/>\n<meta property=\"og:type\" content=\"article\" \/>\n<meta property=\"og:title\" content=\"Leather Honey - Limpiador para cuero: El mejor limpiador de cuero para vinilo y ropa de cuero, muebles, interior de autom\u00f3viles, zapatos y accesorios. - econeteges.es | empresa de limpieza\" \/>\n<meta property=\"og:description\" content=\"Fabricado en los Estados Unidos por una peque\u00f1a empresa familiar que se especializa en el mejor limpiador y acondicionador de cuero del mercado. Millones de clientes felices   F\u00f3rmula concentrada significa gran valor: Cada botella de 0,12 litros hace hasta 0,94 litros de limpiador de cuero cuando se diluye con agua   Limpia r\u00e1pidamente y suavemente: Todo tipo de piel y vinilo, eliminando la suciedad, el aceite, las manchas duras y la suciedad. El limpiador de cuero no t\u00f3xico es perfecto para todos los productos de cuero, incluyendo sillas de montar y tachuelas, interiores de autom\u00f3viles, muebles, bolsos, zapatos y chaquetas. No se puede usar en gamuza   Garant\u00eda 100% de satisfacci\u00f3n del cliente: Si no est\u00e1s satisfecho con cualquiera de nuestros productos, simplemente devu\u00e9lvelos para un reembolso completo de su precio de compra   Especialmente formulado: Para ser utilizado con el acondicionador de Leather Honey\" \/>\n<meta property=\"og:url\" content=\"https:\/\/econeteges.es\/ca\/producte\/leather-honey-limpiador-para-cuero-el-mejor-limpiador-de-cuero-para-vinilo-y-ropa-de-cuero-muebles-interior-de-automoviles-zapatos-y-accesorios\/\" \/>\n<meta property=\"og:site_name\" content=\"econeteges.es | empresa de limpieza\" \/>\n<meta property=\"article:modified_time\" content=\"2021-06-14T15:31:58+00:00\" \/>\n<meta property=\"og:image\" content=\"https:\/\/econeteges.es\/wp-content\/uploads\/2021\/06\/leatehr-honey-limpiador-de-cuero-2.jpg\" \/>\n\t<meta property=\"og:image:width\" content=\"460\" \/>\n\t<meta property=\"og:image:height\" content=\"810\" \/>\n\t<meta property=\"og:image:type\" content=\"image\/jpeg\" \/>\n<meta name=\"twitter:card\" content=\"summary_large_image\" \/>\n<meta name=\"twitter:label1\" content=\"Temps estimat de lectura\" \/>\n\t<meta name=\"twitter:data1\" content=\"2 minuts\" \/>\n<script type=\"application\/ld+json\" class=\"yoast-schema-graph\">{\"@context\":\"https:\/\/schema.org\",\"@graph\":[{\"@type\":\"WebPage\",\"@id\":\"https:\/\/econeteges.es\/ca\/producte\/leather-honey-limpiador-para-cuero-el-mejor-limpiador-de-cuero-para-vinilo-y-ropa-de-cuero-muebles-interior-de-automoviles-zapatos-y-accesorios\/\",\"url\":\"https:\/\/econeteges.es\/ca\/producte\/leather-honey-limpiador-para-cuero-el-mejor-limpiador-de-cuero-para-vinilo-y-ropa-de-cuero-muebles-interior-de-automoviles-zapatos-y-accesorios\/\",\"name\":\"Leather Honey - Limpiador para cuero: El mejor limpiador de cuero para vinilo y ropa de cuero, muebles, interior de autom\u00f3viles, zapatos y accesorios. - econeteges.es | empresa de limpieza\",\"isPartOf\":{\"@id\":\"https:\/\/econeteges.es\/#website\"},\"primaryImageOfPage\":{\"@id\":\"https:\/\/econeteges.es\/ca\/producte\/leather-honey-limpiador-para-cuero-el-mejor-limpiador-de-cuero-para-vinilo-y-ropa-de-cuero-muebles-interior-de-automoviles-zapatos-y-accesorios\/#primaryimage\"},\"image\":{\"@id\":\"https:\/\/econeteges.es\/ca\/producte\/leather-honey-limpiador-para-cuero-el-mejor-limpiador-de-cuero-para-vinilo-y-ropa-de-cuero-muebles-interior-de-automoviles-zapatos-y-accesorios\/#primaryimage\"},\"thumbnailUrl\":\"https:\/\/econeteges.es\/wp-content\/uploads\/2021\/06\/leatehr-honey-limpiador-de-cuero-2.jpg\",\"datePublished\":\"2021-06-14T15:31:53+00:00\",\"dateModified\":\"2021-06-14T15:31:58+00:00\",\"breadcrumb\":{\"@id\":\"https:\/\/econeteges.es\/ca\/producte\/leather-honey-limpiador-para-cuero-el-mejor-limpiador-de-cuero-para-vinilo-y-ropa-de-cuero-muebles-interior-de-automoviles-zapatos-y-accesorios\/#breadcrumb\"},\"inLanguage\":\"ca\",\"potentialAction\":[{\"@type\":\"ReadAction\",\"target\":[\"https:\/\/econeteges.es\/ca\/producte\/leather-honey-limpiador-para-cuero-el-mejor-limpiador-de-cuero-para-vinilo-y-ropa-de-cuero-muebles-interior-de-automoviles-zapatos-y-accesorios\/\"]}]},{\"@type\":\"ImageObject\",\"inLanguage\":\"ca\",\"@id\":\"https:\/\/econeteges.es\/ca\/producte\/leather-honey-limpiador-para-cuero-el-mejor-limpiador-de-cuero-para-vinilo-y-ropa-de-cuero-muebles-interior-de-automoviles-zapatos-y-accesorios\/#primaryimage\",\"url\":\"https:\/\/econeteges.es\/wp-content\/uploads\/2021\/06\/leatehr-honey-limpiador-de-cuero-2.jpg\",\"contentUrl\":\"https:\/\/econeteges.es\/wp-content\/uploads\/2021\/06\/leatehr-honey-limpiador-de-cuero-2.jpg\",\"width\":460,\"height\":810,\"caption\":\"leatehr honey limpiador de cuero (2)\"},{\"@type\":\"BreadcrumbList\",\"@id\":\"https:\/\/econeteges.es\/ca\/producte\/leather-honey-limpiador-para-cuero-el-mejor-limpiador-de-cuero-para-vinilo-y-ropa-de-cuero-muebles-interior-de-automoviles-zapatos-y-accesorios\/#breadcrumb\",\"itemListElement\":[{\"@type\":\"ListItem\",\"position\":1,\"name\":\"Portada\",\"item\":\"https:\/\/econeteges.es\/\"},{\"@type\":\"ListItem\",\"position\":2,\"name\":\"Tienda\",\"item\":\"https:\/\/econeteges.es\/ca\/tienda\/\"},{\"@type\":\"ListItem\",\"position\":3,\"name\":\"Leather Honey &#8211; Limpiador para cuero: El mejor limpiador de cuero para vinilo y ropa de cuero, muebles, interior de autom\u00f3viles, zapatos y accesorios.\"}]},{\"@type\":\"WebSite\",\"@id\":\"https:\/\/econeteges.es\/#website\",\"url\":\"https:\/\/econeteges.es\/\",\"name\":\"econeteges.es | empresa de limpieza\",\"description\":\"Limpieza a domicilio | pulidos y abrillantados | mantenimiento de comunidades\",\"publisher\":{\"@id\":\"https:\/\/econeteges.es\/#organization\"},\"potentialAction\":[{\"@type\":\"SearchAction\",\"target\":{\"@type\":\"EntryPoint\",\"urlTemplate\":\"https:\/\/econeteges.es\/?s={search_term_string}\"},\"query-input\":\"required name=search_term_string\"}],\"inLanguage\":\"ca\"},{\"@type\":\"Organization\",\"@id\":\"https:\/\/econeteges.es\/#organization\",\"name\":\"Econeteges\",\"url\":\"https:\/\/econeteges.es\/\",\"logo\":{\"@type\":\"ImageObject\",\"inLanguage\":\"ca\",\"@id\":\"https:\/\/econeteges.es\/#\/schema\/logo\/image\/\",\"url\":\"https:\/\/econeteges.es\/wp-content\/uploads\/2020\/05\/nuestra-empresa_185260.jpg\",\"contentUrl\":\"https:\/\/econeteges.es\/wp-content\/uploads\/2020\/05\/nuestra-empresa_185260.jpg\",\"width\":600,\"height\":600,\"caption\":\"Econeteges\"},\"image\":{\"@id\":\"https:\/\/econeteges.es\/#\/schema\/logo\/image\/\"},\"sameAs\":[\"https:\/\/www.instagram.com\/econeteges\/\"]}]}<\/script>\n<!-- \/ Yoast SEO plugin. -->","yoast_head_json":{"title":"Leather Honey - Limpiador para cuero: El mejor limpiador de cuero para vinilo y ropa de cuero, muebles, interior de autom\u00f3viles, zapatos y accesorios. - econeteges.es | empresa de limpieza","robots":{"index":"index","follow":"follow","max-snippet":"max-snippet:-1","max-image-preview":"max-image-preview:large","max-video-preview":"max-video-preview:-1"},"canonical":"https:\/\/econeteges.es\/ca\/producte\/leather-honey-limpiador-para-cuero-el-mejor-limpiador-de-cuero-para-vinilo-y-ropa-de-cuero-muebles-interior-de-automoviles-zapatos-y-accesorios\/","og_locale":"ca_ES","og_type":"article","og_title":"Leather Honey - Limpiador para cuero: El mejor limpiador de cuero para vinilo y ropa de cuero, muebles, interior de autom\u00f3viles, zapatos y accesorios. - econeteges.es | empresa de limpieza","og_description":"Fabricado en los Estados Unidos por una peque\u00f1a empresa familiar que se especializa en el mejor limpiador y acondicionador de cuero del mercado. Millones de clientes felices   F\u00f3rmula concentrada significa gran valor: Cada botella de 0,12 litros hace hasta 0,94 litros de limpiador de cuero cuando se diluye con agua   Limpia r\u00e1pidamente y suavemente: Todo tipo de piel y vinilo, eliminando la suciedad, el aceite, las manchas duras y la suciedad. El limpiador de cuero no t\u00f3xico es perfecto para todos los productos de cuero, incluyendo sillas de montar y tachuelas, interiores de autom\u00f3viles, muebles, bolsos, zapatos y chaquetas. No se puede usar en gamuza   Garant\u00eda 100% de satisfacci\u00f3n del cliente: Si no est\u00e1s satisfecho con cualquiera de nuestros productos, simplemente devu\u00e9lvelos para un reembolso completo de su precio de compra   Especialmente formulado: Para ser utilizado con el acondicionador de Leather Honey","og_url":"https:\/\/econeteges.es\/ca\/producte\/leather-honey-limpiador-para-cuero-el-mejor-limpiador-de-cuero-para-vinilo-y-ropa-de-cuero-muebles-interior-de-automoviles-zapatos-y-accesorios\/","og_site_name":"econeteges.es | empresa de limpieza","article_modified_time":"2021-06-14T15:31:58+00:00","og_image":[{"width":460,"height":810,"url":"https:\/\/econeteges.es\/wp-content\/uploads\/2021\/06\/leatehr-honey-limpiador-de-cuero-2.jpg","type":"image\/jpeg"}],"twitter_card":"summary_large_image","twitter_misc":{"Temps estimat de lectura":"2 minuts"},"schema":{"@context":"https:\/\/schema.org","@graph":[{"@type":"WebPage","@id":"https:\/\/econeteges.es\/ca\/producte\/leather-honey-limpiador-para-cuero-el-mejor-limpiador-de-cuero-para-vinilo-y-ropa-de-cuero-muebles-interior-de-automoviles-zapatos-y-accesorios\/","url":"https:\/\/econeteges.es\/ca\/producte\/leather-honey-limpiador-para-cuero-el-mejor-limpiador-de-cuero-para-vinilo-y-ropa-de-cuero-muebles-interior-de-automoviles-zapatos-y-accesorios\/","name":"Leather Honey - Limpiador para cuero: El mejor limpiador de cuero para vinilo y ropa de cuero, muebles, interior de autom\u00f3viles, zapatos y accesorios. - econeteges.es | empresa de limpieza","isPartOf":{"@id":"https:\/\/econeteges.es\/#website"},"primaryImageOfPage":{"@id":"https:\/\/econeteges.es\/ca\/producte\/leather-honey-limpiador-para-cuero-el-mejor-limpiador-de-cuero-para-vinilo-y-ropa-de-cuero-muebles-interior-de-automoviles-zapatos-y-accesorios\/#primaryimage"},"image":{"@id":"https:\/\/econeteges.es\/ca\/producte\/leather-honey-limpiador-para-cuero-el-mejor-limpiador-de-cuero-para-vinilo-y-ropa-de-cuero-muebles-interior-de-automoviles-zapatos-y-accesorios\/#primaryimage"},"thumbnailUrl":"https:\/\/econeteges.es\/wp-content\/uploads\/2021\/06\/leatehr-honey-limpiador-de-cuero-2.jpg","datePublished":"2021-06-14T15:31:53+00:00","dateModified":"2021-06-14T15:31:58+00:00","breadcrumb":{"@id":"https:\/\/econeteges.es\/ca\/producte\/leather-honey-limpiador-para-cuero-el-mejor-limpiador-de-cuero-para-vinilo-y-ropa-de-cuero-muebles-interior-de-automoviles-zapatos-y-accesorios\/#breadcrumb"},"inLanguage":"ca","potentialAction":[{"@type":"ReadAction","target":["https:\/\/econeteges.es\/ca\/producte\/leather-honey-limpiador-para-cuero-el-mejor-limpiador-de-cuero-para-vinilo-y-ropa-de-cuero-muebles-interior-de-automoviles-zapatos-y-accesorios\/"]}]},{"@type":"ImageObject","inLanguage":"ca","@id":"https:\/\/econeteges.es\/ca\/producte\/leather-honey-limpiador-para-cuero-el-mejor-limpiador-de-cuero-para-vinilo-y-ropa-de-cuero-muebles-interior-de-automoviles-zapatos-y-accesorios\/#primaryimage","url":"https:\/\/econeteges.es\/wp-content\/uploads\/2021\/06\/leatehr-honey-limpiador-de-cuero-2.jpg","contentUrl":"https:\/\/econeteges.es\/wp-content\/uploads\/2021\/06\/leatehr-honey-limpiador-de-cuero-2.jpg","width":460,"height":810,"caption":"leatehr honey limpiador de cuero (2)"},{"@type":"BreadcrumbList","@id":"https:\/\/econeteges.es\/ca\/producte\/leather-honey-limpiador-para-cuero-el-mejor-limpiador-de-cuero-para-vinilo-y-ropa-de-cuero-muebles-interior-de-automoviles-zapatos-y-accesorios\/#breadcrumb","itemListElement":[{"@type":"ListItem","position":1,"name":"Portada","item":"https:\/\/econeteges.es\/"},{"@type":"ListItem","position":2,"name":"Tienda","item":"https:\/\/econeteges.es\/ca\/tienda\/"},{"@type":"ListItem","position":3,"name":"Leather Honey &#8211; Limpiador para cuero: El mejor limpiador de cuero para vinilo y ropa de cuero, muebles, interior de autom\u00f3viles, zapatos y accesorios."}]},{"@type":"WebSite","@id":"https:\/\/econeteges.es\/#website","url":"https:\/\/econeteges.es\/","name":"econeteges.es | empresa de limpieza","description":"Limpieza a domicilio | pulidos y abrillantados | mantenimiento de comunidades","publisher":{"@id":"https:\/\/econeteges.es\/#organization"},"potentialAction":[{"@type":"SearchAction","target":{"@type":"EntryPoint","urlTemplate":"https:\/\/econeteges.es\/?s={search_term_string}"},"query-input":"required name=search_term_string"}],"inLanguage":"ca"},{"@type":"Organization","@id":"https:\/\/econeteges.es\/#organization","name":"Econeteges","url":"https:\/\/econeteges.es\/","logo":{"@type":"ImageObject","inLanguage":"ca","@id":"https:\/\/econeteges.es\/#\/schema\/logo\/image\/","url":"https:\/\/econeteges.es\/wp-content\/uploads\/2020\/05\/nuestra-empresa_185260.jpg","contentUrl":"https:\/\/econeteges.es\/wp-content\/uploads\/2020\/05\/nuestra-empresa_185260.jpg","width":600,"height":600,"caption":"Econeteges"},"image":{"@id":"https:\/\/econeteges.es\/#\/schema\/logo\/image\/"},"sameAs":["https:\/\/www.instagram.com\/econeteges\/"]}]}},"_links":{"self":[{"href":"https:\/\/econeteges.es\/ca\/wp-json\/wp\/v2\/product\/1419"}],"collection":[{"href":"https:\/\/econeteges.es\/ca\/wp-json\/wp\/v2\/product"}],"about":[{"href":"https:\/\/econeteges.es\/ca\/wp-json\/wp\/v2\/types\/product"}],"wp:featuredmedia":[{"embeddable":true,"href":"https:\/\/econeteges.es\/ca\/wp-json\/wp\/v2\/media\/1426"}],"wp:attachment":[{"href":"https:\/\/econeteges.es\/ca\/wp-json\/wp\/v2\/media?parent=1419"}],"wp:term":[{"taxonomy":"product_cat","embeddable":true,"href":"https:\/\/econeteges.es\/ca\/wp-json\/wp\/v2\/product_cat?post=1419"},{"taxonomy":"product_tag","embeddable":true,"href":"https:\/\/econeteges.es\/ca\/wp-json\/wp\/v2\/product_tag?post=1419"}],"curies":[{"name":"wp","href":"https:\/\/api.w.org\/{rel}","templated":true}]}}