{"id":1430,"date":"2021-06-14T15:37:10","date_gmt":"2021-06-14T15:37:10","guid":{"rendered":"https:\/\/econeteges.es\/?post_type=product&#038;p=1430"},"modified":"2021-06-14T15:37:13","modified_gmt":"2021-06-14T15:37:13","slug":"2-paquetes-de-toallas-de-rollo-de-cocina-de-bambu-organicas-reutilizables-toallitas-de-papel-ecologicas-absorbentes-seca-manos-o-limpieza-de-casa-panos-accesorio-de-cocina-reutilizable-de","status":"publish","type":"product","link":"https:\/\/econeteges.es\/ca\/producte\/2-paquetes-de-toallas-de-rollo-de-cocina-de-bambu-organicas-reutilizables-toallitas-de-papel-ecologicas-absorbentes-seca-manos-o-limpieza-de-casa-panos-accesorio-de-cocina-reutilizable-de\/","title":{"rendered":"2 Paquetes de Toallas de Rollo de Cocina De Bamb\u00fa Org\u00e1nicas reutilizables \u2013 Toallitas de Papel Ecol\u00f3gicas Absorbentes Seca Manos o Limpieza de Casa &#8211; Pa\u00f1os, Accesorio de Cocina Reutilizable de Bamboo"},"content":{"rendered":"<h2>2 paquetes de toallas de cocina hechas de bamb\u00fa, son ecol\u00f3gicas, org\u00e1nicas, y reutilizables.<\/h2>\n<p>&nbsp;<\/p>","protected":false},"excerpt":{"rendered":"<ul class=\"a-unordered-list a-vertical a-spacing-mini\">\n<li><span class=\"a-list-item\"> Material &#8211; Cada toalla de cocina est\u00e1 hecha de bamb\u00fa de origen org\u00e1nico. Un material renovable completamente ecol\u00f3gico. <\/span><\/li>\n<li><span class=\"a-list-item\"> Ahorro de dinero \u2013 Cada toallita es lavable a 40 grados. \u00a1Cada uno de los pa\u00f1os se pueden lavar hasta 85 veces, lo que hace que cada rollo de cocina sea el equivalente a 1700 toallas de cocina de papel; \u00a1Adem\u00e1s, muy econ\u00f3mico! <\/span><\/li>\n<li><span class=\"a-list-item\"> Pr\u00e1cticas y Vers\u00e1til &#8211; Estas toallas son el accesorio de cocina perfecto, son hechas de bamboo, son s\u00faper resistentes, duraderas, absorbentes y suaves. Perfectas para usar como toallas seca manos desechables, para secar platos, o cualquier trabajo de limpieza en la cocina y el hogar. <\/span><\/li>\n<li><span class=\"a-list-item\"> Ecol\u00f3gicas &#8211; Las toallas de cocina de bamb\u00fa son respetuosas al medio ambiente, son renovables, reciclables, reutilizables y reemplazan por completo a las costosas toallas de papel. Son ideales para llevar de viaje o de camping. <\/span><\/li>\n<li><span class=\"a-list-item\"> Garant\u00eda: La compra de este producto incluye una garant\u00eda del 100% de devoluci\u00f3n. \u00a1Si no est\u00e1s completamente satisfecho cont\u00e1ctanos y te devolveremos tu dinero sin problemas ni preguntas! <\/span><\/li>\n<\/ul>","protected":false},"featured_media":1432,"template":"","meta":{"_et_pb_use_builder":"","_et_pb_old_content":"","_et_gb_content_width":""},"product_cat":[30,33],"product_tag":[],"yoast_head":"<!-- This site is optimized with the Yoast SEO plugin v22.3 - https:\/\/yoast.com\/wordpress\/plugins\/seo\/ -->\n<title>2 Paquetes de Toallas de Rollo de Cocina De Bamb\u00fa Org\u00e1nicas reutilizables \u2013 Toallitas de Papel Ecol\u00f3gicas Absorbentes Seca Manos o Limpieza de Casa - Pa\u00f1os, Accesorio de Cocina Reutilizable de Bamboo - econeteges.es | empresa de limpieza<\/title>\n<meta name=\"robots\" content=\"index, follow, max-snippet:-1, max-image-preview:large, max-video-preview:-1\" \/>\n<link rel=\"canonical\" href=\"https:\/\/econeteges.es\/ca\/producte\/2-paquetes-de-toallas-de-rollo-de-cocina-de-bambu-organicas-reutilizables-toallitas-de-papel-ecologicas-absorbentes-seca-manos-o-limpieza-de-casa-panos-accesorio-de-cocina-reutilizable-de\/\" \/>\n<meta property=\"og:locale\" content=\"ca_ES\" \/>\n<meta property=\"og:type\" content=\"article\" \/>\n<meta property=\"og:title\" content=\"2 Paquetes de Toallas de Rollo de Cocina De Bamb\u00fa Org\u00e1nicas reutilizables \u2013 Toallitas de Papel Ecol\u00f3gicas Absorbentes Seca Manos o Limpieza de Casa - Pa\u00f1os, Accesorio de Cocina Reutilizable de Bamboo - econeteges.es | empresa de limpieza\" \/>\n<meta property=\"og:description\" content=\"Material - Cada toalla de cocina est\u00e1 hecha de bamb\u00fa de origen org\u00e1nico. Un material renovable completamente ecol\u00f3gico.   Ahorro de dinero \u2013 Cada toallita es lavable a 40 grados. \u00a1Cada uno de los pa\u00f1os se pueden lavar hasta 85 veces, lo que hace que cada rollo de cocina sea el equivalente a 1700 toallas de cocina de papel; \u00a1Adem\u00e1s, muy econ\u00f3mico!   Pr\u00e1cticas y Vers\u00e1til - Estas toallas son el accesorio de cocina perfecto, son hechas de bamboo, son s\u00faper resistentes, duraderas, absorbentes y suaves. Perfectas para usar como toallas seca manos desechables, para secar platos, o cualquier trabajo de limpieza en la cocina y el hogar.   Ecol\u00f3gicas - Las toallas de cocina de bamb\u00fa son respetuosas al medio ambiente, son renovables, reciclables, reutilizables y reemplazan por completo a las costosas toallas de papel. Son ideales para llevar de viaje o de camping.   Garant\u00eda: La compra de este producto incluye una garant\u00eda del 100% de devoluci\u00f3n. \u00a1Si no est\u00e1s completamente satisfecho cont\u00e1ctanos y te devolveremos tu dinero sin problemas ni preguntas!\" \/>\n<meta property=\"og:url\" content=\"https:\/\/econeteges.es\/ca\/producte\/2-paquetes-de-toallas-de-rollo-de-cocina-de-bambu-organicas-reutilizables-toallitas-de-papel-ecologicas-absorbentes-seca-manos-o-limpieza-de-casa-panos-accesorio-de-cocina-reutilizable-de\/\" \/>\n<meta property=\"og:site_name\" content=\"econeteges.es | empresa de limpieza\" \/>\n<meta property=\"article:modified_time\" content=\"2021-06-14T15:37:13+00:00\" \/>\n<meta property=\"og:image\" content=\"https:\/\/econeteges.es\/wp-content\/uploads\/2021\/06\/pack-2-rollos-toallas-de-bambu-reutilizables-2.jpg\" \/>\n\t<meta property=\"og:image:width\" content=\"981\" \/>\n\t<meta property=\"og:image:height\" content=\"900\" \/>\n\t<meta property=\"og:image:type\" content=\"image\/jpeg\" \/>\n<meta name=\"twitter:card\" content=\"summary_large_image\" \/>\n<meta name=\"twitter:label1\" content=\"Temps estimat de lectura\" \/>\n\t<meta name=\"twitter:data1\" content=\"1 minut\" \/>\n<script type=\"application\/ld+json\" class=\"yoast-schema-graph\">{\"@context\":\"https:\/\/schema.org\",\"@graph\":[{\"@type\":\"WebPage\",\"@id\":\"https:\/\/econeteges.es\/ca\/producte\/2-paquetes-de-toallas-de-rollo-de-cocina-de-bambu-organicas-reutilizables-toallitas-de-papel-ecologicas-absorbentes-seca-manos-o-limpieza-de-casa-panos-accesorio-de-cocina-reutilizable-de\/\",\"url\":\"https:\/\/econeteges.es\/ca\/producte\/2-paquetes-de-toallas-de-rollo-de-cocina-de-bambu-organicas-reutilizables-toallitas-de-papel-ecologicas-absorbentes-seca-manos-o-limpieza-de-casa-panos-accesorio-de-cocina-reutilizable-de\/\",\"name\":\"2 Paquetes de Toallas de Rollo de Cocina De Bamb\u00fa Org\u00e1nicas reutilizables \u2013 Toallitas de Papel Ecol\u00f3gicas Absorbentes Seca Manos o Limpieza de Casa - Pa\u00f1os, Accesorio de Cocina Reutilizable de Bamboo - econeteges.es | empresa de limpieza\",\"isPartOf\":{\"@id\":\"https:\/\/econeteges.es\/#website\"},\"primaryImageOfPage\":{\"@id\":\"https:\/\/econeteges.es\/ca\/producte\/2-paquetes-de-toallas-de-rollo-de-cocina-de-bambu-organicas-reutilizables-toallitas-de-papel-ecologicas-absorbentes-seca-manos-o-limpieza-de-casa-panos-accesorio-de-cocina-reutilizable-de\/#primaryimage\"},\"image\":{\"@id\":\"https:\/\/econeteges.es\/ca\/producte\/2-paquetes-de-toallas-de-rollo-de-cocina-de-bambu-organicas-reutilizables-toallitas-de-papel-ecologicas-absorbentes-seca-manos-o-limpieza-de-casa-panos-accesorio-de-cocina-reutilizable-de\/#primaryimage\"},\"thumbnailUrl\":\"https:\/\/econeteges.es\/wp-content\/uploads\/2021\/06\/pack-2-rollos-toallas-de-bambu-reutilizables-2.jpg\",\"datePublished\":\"2021-06-14T15:37:10+00:00\",\"dateModified\":\"2021-06-14T15:37:13+00:00\",\"breadcrumb\":{\"@id\":\"https:\/\/econeteges.es\/ca\/producte\/2-paquetes-de-toallas-de-rollo-de-cocina-de-bambu-organicas-reutilizables-toallitas-de-papel-ecologicas-absorbentes-seca-manos-o-limpieza-de-casa-panos-accesorio-de-cocina-reutilizable-de\/#breadcrumb\"},\"inLanguage\":\"ca\",\"potentialAction\":[{\"@type\":\"ReadAction\",\"target\":[\"https:\/\/econeteges.es\/ca\/producte\/2-paquetes-de-toallas-de-rollo-de-cocina-de-bambu-organicas-reutilizables-toallitas-de-papel-ecologicas-absorbentes-seca-manos-o-limpieza-de-casa-panos-accesorio-de-cocina-reutilizable-de\/\"]}]},{\"@type\":\"ImageObject\",\"inLanguage\":\"ca\",\"@id\":\"https:\/\/econeteges.es\/ca\/producte\/2-paquetes-de-toallas-de-rollo-de-cocina-de-bambu-organicas-reutilizables-toallitas-de-papel-ecologicas-absorbentes-seca-manos-o-limpieza-de-casa-panos-accesorio-de-cocina-reutilizable-de\/#primaryimage\",\"url\":\"https:\/\/econeteges.es\/wp-content\/uploads\/2021\/06\/pack-2-rollos-toallas-de-bambu-reutilizables-2.jpg\",\"contentUrl\":\"https:\/\/econeteges.es\/wp-content\/uploads\/2021\/06\/pack-2-rollos-toallas-de-bambu-reutilizables-2.jpg\",\"width\":981,\"height\":900,\"caption\":\"pack 2 rollos toallas de bambu reutilizables (2)\"},{\"@type\":\"BreadcrumbList\",\"@id\":\"https:\/\/econeteges.es\/ca\/producte\/2-paquetes-de-toallas-de-rollo-de-cocina-de-bambu-organicas-reutilizables-toallitas-de-papel-ecologicas-absorbentes-seca-manos-o-limpieza-de-casa-panos-accesorio-de-cocina-reutilizable-de\/#breadcrumb\",\"itemListElement\":[{\"@type\":\"ListItem\",\"position\":1,\"name\":\"Portada\",\"item\":\"https:\/\/econeteges.es\/\"},{\"@type\":\"ListItem\",\"position\":2,\"name\":\"Tienda\",\"item\":\"https:\/\/econeteges.es\/ca\/tienda\/\"},{\"@type\":\"ListItem\",\"position\":3,\"name\":\"2 Paquetes de Toallas de Rollo de Cocina De Bamb\u00fa Org\u00e1nicas reutilizables \u2013 Toallitas de Papel Ecol\u00f3gicas Absorbentes Seca Manos o Limpieza de Casa &#8211; Pa\u00f1os, Accesorio de Cocina Reutilizable de Bamboo\"}]},{\"@type\":\"WebSite\",\"@id\":\"https:\/\/econeteges.es\/#website\",\"url\":\"https:\/\/econeteges.es\/\",\"name\":\"econeteges.es | empresa de limpieza\",\"description\":\"Limpieza a domicilio | pulidos y abrillantados | mantenimiento de comunidades\",\"publisher\":{\"@id\":\"https:\/\/econeteges.es\/#organization\"},\"potentialAction\":[{\"@type\":\"SearchAction\",\"target\":{\"@type\":\"EntryPoint\",\"urlTemplate\":\"https:\/\/econeteges.es\/?s={search_term_string}\"},\"query-input\":\"required name=search_term_string\"}],\"inLanguage\":\"ca\"},{\"@type\":\"Organization\",\"@id\":\"https:\/\/econeteges.es\/#organization\",\"name\":\"Econeteges\",\"url\":\"https:\/\/econeteges.es\/\",\"logo\":{\"@type\":\"ImageObject\",\"inLanguage\":\"ca\",\"@id\":\"https:\/\/econeteges.es\/#\/schema\/logo\/image\/\",\"url\":\"https:\/\/econeteges.es\/wp-content\/uploads\/2020\/05\/nuestra-empresa_185260.jpg\",\"contentUrl\":\"https:\/\/econeteges.es\/wp-content\/uploads\/2020\/05\/nuestra-empresa_185260.jpg\",\"width\":600,\"height\":600,\"caption\":\"Econeteges\"},\"image\":{\"@id\":\"https:\/\/econeteges.es\/#\/schema\/logo\/image\/\"},\"sameAs\":[\"https:\/\/www.instagram.com\/econeteges\/\"]}]}<\/script>\n<!-- \/ Yoast SEO plugin. -->","yoast_head_json":{"title":"2 Paquetes de Toallas de Rollo de Cocina De Bamb\u00fa Org\u00e1nicas reutilizables \u2013 Toallitas de Papel Ecol\u00f3gicas Absorbentes Seca Manos o Limpieza de Casa - Pa\u00f1os, Accesorio de Cocina Reutilizable de Bamboo - econeteges.es | empresa de limpieza","robots":{"index":"index","follow":"follow","max-snippet":"max-snippet:-1","max-image-preview":"max-image-preview:large","max-video-preview":"max-video-preview:-1"},"canonical":"https:\/\/econeteges.es\/ca\/producte\/2-paquetes-de-toallas-de-rollo-de-cocina-de-bambu-organicas-reutilizables-toallitas-de-papel-ecologicas-absorbentes-seca-manos-o-limpieza-de-casa-panos-accesorio-de-cocina-reutilizable-de\/","og_locale":"ca_ES","og_type":"article","og_title":"2 Paquetes de Toallas de Rollo de Cocina De Bamb\u00fa Org\u00e1nicas reutilizables \u2013 Toallitas de Papel Ecol\u00f3gicas Absorbentes Seca Manos o Limpieza de Casa - Pa\u00f1os, Accesorio de Cocina Reutilizable de Bamboo - econeteges.es | empresa de limpieza","og_description":"Material - Cada toalla de cocina est\u00e1 hecha de bamb\u00fa de origen org\u00e1nico. Un material renovable completamente ecol\u00f3gico.   Ahorro de dinero \u2013 Cada toallita es lavable a 40 grados. \u00a1Cada uno de los pa\u00f1os se pueden lavar hasta 85 veces, lo que hace que cada rollo de cocina sea el equivalente a 1700 toallas de cocina de papel; \u00a1Adem\u00e1s, muy econ\u00f3mico!   Pr\u00e1cticas y Vers\u00e1til - Estas toallas son el accesorio de cocina perfecto, son hechas de bamboo, son s\u00faper resistentes, duraderas, absorbentes y suaves. Perfectas para usar como toallas seca manos desechables, para secar platos, o cualquier trabajo de limpieza en la cocina y el hogar.   Ecol\u00f3gicas - Las toallas de cocina de bamb\u00fa son respetuosas al medio ambiente, son renovables, reciclables, reutilizables y reemplazan por completo a las costosas toallas de papel. Son ideales para llevar de viaje o de camping.   Garant\u00eda: La compra de este producto incluye una garant\u00eda del 100% de devoluci\u00f3n. \u00a1Si no est\u00e1s completamente satisfecho cont\u00e1ctanos y te devolveremos tu dinero sin problemas ni preguntas!","og_url":"https:\/\/econeteges.es\/ca\/producte\/2-paquetes-de-toallas-de-rollo-de-cocina-de-bambu-organicas-reutilizables-toallitas-de-papel-ecologicas-absorbentes-seca-manos-o-limpieza-de-casa-panos-accesorio-de-cocina-reutilizable-de\/","og_site_name":"econeteges.es | empresa de limpieza","article_modified_time":"2021-06-14T15:37:13+00:00","og_image":[{"width":981,"height":900,"url":"https:\/\/econeteges.es\/wp-content\/uploads\/2021\/06\/pack-2-rollos-toallas-de-bambu-reutilizables-2.jpg","type":"image\/jpeg"}],"twitter_card":"summary_large_image","twitter_misc":{"Temps estimat de lectura":"1 minut"},"schema":{"@context":"https:\/\/schema.org","@graph":[{"@type":"WebPage","@id":"https:\/\/econeteges.es\/ca\/producte\/2-paquetes-de-toallas-de-rollo-de-cocina-de-bambu-organicas-reutilizables-toallitas-de-papel-ecologicas-absorbentes-seca-manos-o-limpieza-de-casa-panos-accesorio-de-cocina-reutilizable-de\/","url":"https:\/\/econeteges.es\/ca\/producte\/2-paquetes-de-toallas-de-rollo-de-cocina-de-bambu-organicas-reutilizables-toallitas-de-papel-ecologicas-absorbentes-seca-manos-o-limpieza-de-casa-panos-accesorio-de-cocina-reutilizable-de\/","name":"2 Paquetes de Toallas de Rollo de Cocina De Bamb\u00fa Org\u00e1nicas reutilizables \u2013 Toallitas de Papel Ecol\u00f3gicas Absorbentes Seca Manos o Limpieza de Casa - Pa\u00f1os, Accesorio de Cocina Reutilizable de Bamboo - econeteges.es | empresa de limpieza","isPartOf":{"@id":"https:\/\/econeteges.es\/#website"},"primaryImageOfPage":{"@id":"https:\/\/econeteges.es\/ca\/producte\/2-paquetes-de-toallas-de-rollo-de-cocina-de-bambu-organicas-reutilizables-toallitas-de-papel-ecologicas-absorbentes-seca-manos-o-limpieza-de-casa-panos-accesorio-de-cocina-reutilizable-de\/#primaryimage"},"image":{"@id":"https:\/\/econeteges.es\/ca\/producte\/2-paquetes-de-toallas-de-rollo-de-cocina-de-bambu-organicas-reutilizables-toallitas-de-papel-ecologicas-absorbentes-seca-manos-o-limpieza-de-casa-panos-accesorio-de-cocina-reutilizable-de\/#primaryimage"},"thumbnailUrl":"https:\/\/econeteges.es\/wp-content\/uploads\/2021\/06\/pack-2-rollos-toallas-de-bambu-reutilizables-2.jpg","datePublished":"2021-06-14T15:37:10+00:00","dateModified":"2021-06-14T15:37:13+00:00","breadcrumb":{"@id":"https:\/\/econeteges.es\/ca\/producte\/2-paquetes-de-toallas-de-rollo-de-cocina-de-bambu-organicas-reutilizables-toallitas-de-papel-ecologicas-absorbentes-seca-manos-o-limpieza-de-casa-panos-accesorio-de-cocina-reutilizable-de\/#breadcrumb"},"inLanguage":"ca","potentialAction":[{"@type":"ReadAction","target":["https:\/\/econeteges.es\/ca\/producte\/2-paquetes-de-toallas-de-rollo-de-cocina-de-bambu-organicas-reutilizables-toallitas-de-papel-ecologicas-absorbentes-seca-manos-o-limpieza-de-casa-panos-accesorio-de-cocina-reutilizable-de\/"]}]},{"@type":"ImageObject","inLanguage":"ca","@id":"https:\/\/econeteges.es\/ca\/producte\/2-paquetes-de-toallas-de-rollo-de-cocina-de-bambu-organicas-reutilizables-toallitas-de-papel-ecologicas-absorbentes-seca-manos-o-limpieza-de-casa-panos-accesorio-de-cocina-reutilizable-de\/#primaryimage","url":"https:\/\/econeteges.es\/wp-content\/uploads\/2021\/06\/pack-2-rollos-toallas-de-bambu-reutilizables-2.jpg","contentUrl":"https:\/\/econeteges.es\/wp-content\/uploads\/2021\/06\/pack-2-rollos-toallas-de-bambu-reutilizables-2.jpg","width":981,"height":900,"caption":"pack 2 rollos toallas de bambu reutilizables (2)"},{"@type":"BreadcrumbList","@id":"https:\/\/econeteges.es\/ca\/producte\/2-paquetes-de-toallas-de-rollo-de-cocina-de-bambu-organicas-reutilizables-toallitas-de-papel-ecologicas-absorbentes-seca-manos-o-limpieza-de-casa-panos-accesorio-de-cocina-reutilizable-de\/#breadcrumb","itemListElement":[{"@type":"ListItem","position":1,"name":"Portada","item":"https:\/\/econeteges.es\/"},{"@type":"ListItem","position":2,"name":"Tienda","item":"https:\/\/econeteges.es\/ca\/tienda\/"},{"@type":"ListItem","position":3,"name":"2 Paquetes de Toallas de Rollo de Cocina De Bamb\u00fa Org\u00e1nicas reutilizables \u2013 Toallitas de Papel Ecol\u00f3gicas Absorbentes Seca Manos o Limpieza de Casa &#8211; Pa\u00f1os, Accesorio de Cocina Reutilizable de Bamboo"}]},{"@type":"WebSite","@id":"https:\/\/econeteges.es\/#website","url":"https:\/\/econeteges.es\/","name":"econeteges.es | empresa de limpieza","description":"Limpieza a domicilio | pulidos y abrillantados | mantenimiento de comunidades","publisher":{"@id":"https:\/\/econeteges.es\/#organization"},"potentialAction":[{"@type":"SearchAction","target":{"@type":"EntryPoint","urlTemplate":"https:\/\/econeteges.es\/?s={search_term_string}"},"query-input":"required name=search_term_string"}],"inLanguage":"ca"},{"@type":"Organization","@id":"https:\/\/econeteges.es\/#organization","name":"Econeteges","url":"https:\/\/econeteges.es\/","logo":{"@type":"ImageObject","inLanguage":"ca","@id":"https:\/\/econeteges.es\/#\/schema\/logo\/image\/","url":"https:\/\/econeteges.es\/wp-content\/uploads\/2020\/05\/nuestra-empresa_185260.jpg","contentUrl":"https:\/\/econeteges.es\/wp-content\/uploads\/2020\/05\/nuestra-empresa_185260.jpg","width":600,"height":600,"caption":"Econeteges"},"image":{"@id":"https:\/\/econeteges.es\/#\/schema\/logo\/image\/"},"sameAs":["https:\/\/www.instagram.com\/econeteges\/"]}]}},"_links":{"self":[{"href":"https:\/\/econeteges.es\/ca\/wp-json\/wp\/v2\/product\/1430"}],"collection":[{"href":"https:\/\/econeteges.es\/ca\/wp-json\/wp\/v2\/product"}],"about":[{"href":"https:\/\/econeteges.es\/ca\/wp-json\/wp\/v2\/types\/product"}],"wp:featuredmedia":[{"embeddable":true,"href":"https:\/\/econeteges.es\/ca\/wp-json\/wp\/v2\/media\/1432"}],"wp:attachment":[{"href":"https:\/\/econeteges.es\/ca\/wp-json\/wp\/v2\/media?parent=1430"}],"wp:term":[{"taxonomy":"product_cat","embeddable":true,"href":"https:\/\/econeteges.es\/ca\/wp-json\/wp\/v2\/product_cat?post=1430"},{"taxonomy":"product_tag","embeddable":true,"href":"https:\/\/econeteges.es\/ca\/wp-json\/wp\/v2\/product_tag?post=1430"}],"curies":[{"name":"wp","href":"https:\/\/api.w.org\/{rel}","templated":true}]}}