{"id":1435,"date":"2021-06-14T15:42:15","date_gmt":"2021-06-14T15:42:15","guid":{"rendered":"https:\/\/econeteges.es\/?post_type=product&#038;p=1435"},"modified":"2021-06-14T15:42:17","modified_gmt":"2021-06-14T15:42:17","slug":"seventh-generation-spray-limpiador-multiusos-free-clear-500-ml-pack-de-3","status":"publish","type":"product","link":"https:\/\/econeteges.es\/ca\/producte\/seventh-generation-spray-limpiador-multiusos-free-clear-500-ml-pack-de-3\/","title":{"rendered":"Seventh Generation Spray Limpiador Multiusos Free &#038; Clear 500 ml &#8211; Pack de 3"},"content":{"rendered":"<h2>3x <span id=\"productTitle\" class=\"a-size-large product-title-word-break\">Seventh Generation Spray Limpiador Multiusos Free &amp; Clear 500 ml\u00a0\u00a0<\/span><\/h2>\n<p>El Spray Limpiador Multiusos Seventh Generation Free &amp; Clear es un limpiador en aerosol que elimina con eficacia la suciedad en tu casa. Olv\u00eddate de la grasa y la mugre m\u00e1s persistentes de los suelos, muebles y otras superficies. En Seventh Generation, creemos en el poder de las plantas para limpiar tu hogar y, por eso, nuestro spray es diferente de la mayor\u00eda de las marcas: el 86% de los ingredientes son de origen vegetal (excluyendo minerales y agua).<\/p>\n<p>l spray multiusos, certificado con la etiqueta ecol\u00f3gica de la Uni\u00f3n Europea, est\u00e1 libre de cloro y fragancias, y no contiene compuestos org\u00e1nicos vol\u00e1tiles (COV) que afecten la calidad del aire dentro de tu hogar. El producto est\u00e1 elaborado con una f\u00f3rmula biodegradable que es eficaz contra la suciedad, y respetuosa con el medio ambiente. Adem\u00e1s, el sello de Leaping Bunny avala que nunca probamos nuestros productos en animales y que nuestros productos no contienen ingredientes de origen animal.<\/p>\n<p>Para limpiar la superficie, sost\u00e9n la botella pulverizadora, hecha con pl\u00e1stico 100% reciclado (excluyendo el gatillo), a una distancia de 15 a 20 cm. Roc\u00eda el \u00e1rea y limpia con una toalla de papel, una esponja o un pa\u00f1o. Para obtener m\u00e1xima eficacia con las manchas dif\u00edciles, deja reposar 1 minuto antes de limpiar. No es necesario enjuagar.<\/p>\n<p>Al elegir los productos de origen vegetal de Seventh Generation, una marca de productos de limpieza ecol\u00f3gicos, te unir\u00e1s a nuestra misi\u00f3n de transformar el mundo en un lugar saludable y equitativo para las pr\u00f3ximas siete generaciones.<\/p>\n<p>La informaci\u00f3n que aparece en la p\u00e1gina web puede diferir de la informaci\u00f3n que aparece en el etiquetado del producto. Por favor verifica siempre el etiquetado del producto.<\/p>\n<p><span id=\"CPF-BTF-Certificate-Name-eu_ecolabel\" class=\"a-declarative\" data-action=\"a-modal\" data-a-modal=\"{&quot;padding&quot;:&quot;none&quot;,&quot;name&quot;:&quot;CPFBottomSheet-eu_ecolabel&quot;,&quot;width&quot;:&quot;800&quot;,&quot;header&quot;:&quot;EU Ecolabel&quot;}\"><span class=\"a-size-base\" dir=\"auto\">EU Ecolabel<\/span><\/span> Los productos certificados tienen un impacto ambiental reducido en m\u00faltiples etapas de su ciclo de vida.<\/p>","protected":false},"excerpt":{"rendered":"<ul class=\"a-unordered-list a-vertical a-spacing-mini\">\n<li><span class=\"a-list-item\"> El spray limpiador multiusos Seventh Generation es un limpiador altamente eficaz hecho con 86% de ingredientes de origen vegetal <\/span><\/li>\n<li><span class=\"a-list-item\"> Producto de limpieza respetuoso con el medio ambiente que no contiene cloro ni fragancias <\/span><\/li>\n<li><span class=\"a-list-item\"> Spray limpiador multiusos, certificado con la etiqueta ecol\u00f3gica de la Uni\u00f3n Europea, que reduce eficazmente la grasa, la mugre y la suciedad dando un toque de frescor <\/span><\/li>\n<li><span class=\"a-list-item\"> Spray limpiador envasado en una botella hecha con pl\u00e1stico 100% reciclado y que es posteriormente reciclable <\/span><\/li>\n<li><span class=\"a-list-item\"> Es un producto con el certificado Leaping Bunny que no contiene ingredientes de origen animal y nunca ha sido testado en animales <\/span><\/li>\n<li><span class=\"a-list-item\"> En Seventh Generation tenemos un compromiso: que en cada una de las decisiones que tomemos, tengamos siempre en cuenta el efecto de ellas en las pr\u00f3ximas Siete Generaciones <\/span><\/li>\n<\/ul>","protected":false},"featured_media":1439,"template":"","meta":{"_et_pb_use_builder":"","_et_pb_old_content":"","_et_gb_content_width":""},"product_cat":[30],"product_tag":[],"yoast_head":"<!-- This site is optimized with the Yoast SEO plugin v22.3 - https:\/\/yoast.com\/wordpress\/plugins\/seo\/ -->\n<title>Seventh Generation Spray Limpiador Multiusos Free &amp; Clear 500 ml - Pack de 3 - econeteges.es | empresa de limpieza<\/title>\n<meta name=\"robots\" content=\"index, follow, max-snippet:-1, max-image-preview:large, max-video-preview:-1\" \/>\n<link rel=\"canonical\" href=\"https:\/\/econeteges.es\/ca\/producte\/seventh-generation-spray-limpiador-multiusos-free-clear-500-ml-pack-de-3\/\" \/>\n<meta property=\"og:locale\" content=\"ca_ES\" \/>\n<meta property=\"og:type\" content=\"article\" \/>\n<meta property=\"og:title\" content=\"Seventh Generation Spray Limpiador Multiusos Free &amp; Clear 500 ml - Pack de 3 - econeteges.es | empresa de limpieza\" \/>\n<meta property=\"og:description\" content=\"El spray limpiador multiusos Seventh Generation es un limpiador altamente eficaz hecho con 86% de ingredientes de origen vegetal   Producto de limpieza respetuoso con el medio ambiente que no contiene cloro ni fragancias   Spray limpiador multiusos, certificado con la etiqueta ecol\u00f3gica de la Uni\u00f3n Europea, que reduce eficazmente la grasa, la mugre y la suciedad dando un toque de frescor   Spray limpiador envasado en una botella hecha con pl\u00e1stico 100% reciclado y que es posteriormente reciclable   Es un producto con el certificado Leaping Bunny que no contiene ingredientes de origen animal y nunca ha sido testado en animales   En Seventh Generation tenemos un compromiso: que en cada una de las decisiones que tomemos, tengamos siempre en cuenta el efecto de ellas en las pr\u00f3ximas Siete Generaciones\" \/>\n<meta property=\"og:url\" content=\"https:\/\/econeteges.es\/ca\/producte\/seventh-generation-spray-limpiador-multiusos-free-clear-500-ml-pack-de-3\/\" \/>\n<meta property=\"og:site_name\" content=\"econeteges.es | empresa de limpieza\" \/>\n<meta property=\"article:modified_time\" content=\"2021-06-14T15:42:17+00:00\" \/>\n<meta property=\"og:image\" content=\"https:\/\/econeteges.es\/wp-content\/uploads\/2021\/06\/seventh-generation-limpiador-ecologico-sin-fragrancia-4.jpg\" \/>\n\t<meta property=\"og:image:width\" content=\"900\" \/>\n\t<meta property=\"og:image:height\" content=\"900\" \/>\n\t<meta property=\"og:image:type\" content=\"image\/jpeg\" \/>\n<meta name=\"twitter:card\" content=\"summary_large_image\" \/>\n<meta name=\"twitter:label1\" content=\"Temps estimat de lectura\" \/>\n\t<meta name=\"twitter:data1\" content=\"2 minuts\" \/>\n<script type=\"application\/ld+json\" class=\"yoast-schema-graph\">{\"@context\":\"https:\/\/schema.org\",\"@graph\":[{\"@type\":\"WebPage\",\"@id\":\"https:\/\/econeteges.es\/producto\/seventh-generation-spray-limpiador-multiusos-free-clear-500-ml-pack-de-3\/\",\"url\":\"https:\/\/econeteges.es\/producto\/seventh-generation-spray-limpiador-multiusos-free-clear-500-ml-pack-de-3\/\",\"name\":\"Seventh Generation Spray Limpiador Multiusos Free & Clear 500 ml - Pack de 3 - econeteges.es | empresa de limpieza\",\"isPartOf\":{\"@id\":\"https:\/\/econeteges.es\/#website\"},\"primaryImageOfPage\":{\"@id\":\"https:\/\/econeteges.es\/producto\/seventh-generation-spray-limpiador-multiusos-free-clear-500-ml-pack-de-3\/#primaryimage\"},\"image\":{\"@id\":\"https:\/\/econeteges.es\/producto\/seventh-generation-spray-limpiador-multiusos-free-clear-500-ml-pack-de-3\/#primaryimage\"},\"thumbnailUrl\":\"https:\/\/econeteges.es\/wp-content\/uploads\/2021\/06\/seventh-generation-limpiador-ecologico-sin-fragrancia-4.jpg\",\"datePublished\":\"2021-06-14T15:42:15+00:00\",\"dateModified\":\"2021-06-14T15:42:17+00:00\",\"breadcrumb\":{\"@id\":\"https:\/\/econeteges.es\/producto\/seventh-generation-spray-limpiador-multiusos-free-clear-500-ml-pack-de-3\/#breadcrumb\"},\"inLanguage\":\"ca\",\"potentialAction\":[{\"@type\":\"ReadAction\",\"target\":[\"https:\/\/econeteges.es\/producto\/seventh-generation-spray-limpiador-multiusos-free-clear-500-ml-pack-de-3\/\"]}]},{\"@type\":\"ImageObject\",\"inLanguage\":\"ca\",\"@id\":\"https:\/\/econeteges.es\/producto\/seventh-generation-spray-limpiador-multiusos-free-clear-500-ml-pack-de-3\/#primaryimage\",\"url\":\"https:\/\/econeteges.es\/wp-content\/uploads\/2021\/06\/seventh-generation-limpiador-ecologico-sin-fragrancia-4.jpg\",\"contentUrl\":\"https:\/\/econeteges.es\/wp-content\/uploads\/2021\/06\/seventh-generation-limpiador-ecologico-sin-fragrancia-4.jpg\",\"width\":900,\"height\":900,\"caption\":\"seventh generation limpiador ecologico sin fragrancia (4)\"},{\"@type\":\"BreadcrumbList\",\"@id\":\"https:\/\/econeteges.es\/producto\/seventh-generation-spray-limpiador-multiusos-free-clear-500-ml-pack-de-3\/#breadcrumb\",\"itemListElement\":[{\"@type\":\"ListItem\",\"position\":1,\"name\":\"Portada\",\"item\":\"https:\/\/econeteges.es\/\"},{\"@type\":\"ListItem\",\"position\":2,\"name\":\"Tienda\",\"item\":\"https:\/\/econeteges.es\/ca\/tienda\/\"},{\"@type\":\"ListItem\",\"position\":3,\"name\":\"Seventh Generation Spray Limpiador Multiusos Free &#038; Clear 500 ml &#8211; Pack de 3\"}]},{\"@type\":\"WebSite\",\"@id\":\"https:\/\/econeteges.es\/#website\",\"url\":\"https:\/\/econeteges.es\/\",\"name\":\"econeteges.es | empresa de limpieza\",\"description\":\"Limpieza a domicilio | pulidos y abrillantados | mantenimiento de comunidades\",\"publisher\":{\"@id\":\"https:\/\/econeteges.es\/#organization\"},\"potentialAction\":[{\"@type\":\"SearchAction\",\"target\":{\"@type\":\"EntryPoint\",\"urlTemplate\":\"https:\/\/econeteges.es\/?s={search_term_string}\"},\"query-input\":\"required name=search_term_string\"}],\"inLanguage\":\"ca\"},{\"@type\":\"Organization\",\"@id\":\"https:\/\/econeteges.es\/#organization\",\"name\":\"Econeteges\",\"url\":\"https:\/\/econeteges.es\/\",\"logo\":{\"@type\":\"ImageObject\",\"inLanguage\":\"ca\",\"@id\":\"https:\/\/econeteges.es\/#\/schema\/logo\/image\/\",\"url\":\"https:\/\/econeteges.es\/wp-content\/uploads\/2020\/05\/nuestra-empresa_185260.jpg\",\"contentUrl\":\"https:\/\/econeteges.es\/wp-content\/uploads\/2020\/05\/nuestra-empresa_185260.jpg\",\"width\":600,\"height\":600,\"caption\":\"Econeteges\"},\"image\":{\"@id\":\"https:\/\/econeteges.es\/#\/schema\/logo\/image\/\"},\"sameAs\":[\"https:\/\/www.instagram.com\/econeteges\/\"]}]}<\/script>\n<!-- \/ Yoast SEO plugin. -->","yoast_head_json":{"title":"Seventh Generation Spray Limpiador Multiusos Free & Clear 500 ml - Pack de 3 - econeteges.es | empresa de limpieza","robots":{"index":"index","follow":"follow","max-snippet":"max-snippet:-1","max-image-preview":"max-image-preview:large","max-video-preview":"max-video-preview:-1"},"canonical":"https:\/\/econeteges.es\/ca\/producte\/seventh-generation-spray-limpiador-multiusos-free-clear-500-ml-pack-de-3\/","og_locale":"ca_ES","og_type":"article","og_title":"Seventh Generation Spray Limpiador Multiusos Free & Clear 500 ml - Pack de 3 - econeteges.es | empresa de limpieza","og_description":"El spray limpiador multiusos Seventh Generation es un limpiador altamente eficaz hecho con 86% de ingredientes de origen vegetal   Producto de limpieza respetuoso con el medio ambiente que no contiene cloro ni fragancias   Spray limpiador multiusos, certificado con la etiqueta ecol\u00f3gica de la Uni\u00f3n Europea, que reduce eficazmente la grasa, la mugre y la suciedad dando un toque de frescor   Spray limpiador envasado en una botella hecha con pl\u00e1stico 100% reciclado y que es posteriormente reciclable   Es un producto con el certificado Leaping Bunny que no contiene ingredientes de origen animal y nunca ha sido testado en animales   En Seventh Generation tenemos un compromiso: que en cada una de las decisiones que tomemos, tengamos siempre en cuenta el efecto de ellas en las pr\u00f3ximas Siete Generaciones","og_url":"https:\/\/econeteges.es\/ca\/producte\/seventh-generation-spray-limpiador-multiusos-free-clear-500-ml-pack-de-3\/","og_site_name":"econeteges.es | empresa de limpieza","article_modified_time":"2021-06-14T15:42:17+00:00","og_image":[{"width":900,"height":900,"url":"https:\/\/econeteges.es\/wp-content\/uploads\/2021\/06\/seventh-generation-limpiador-ecologico-sin-fragrancia-4.jpg","type":"image\/jpeg"}],"twitter_card":"summary_large_image","twitter_misc":{"Temps estimat de lectura":"2 minuts"},"schema":{"@context":"https:\/\/schema.org","@graph":[{"@type":"WebPage","@id":"https:\/\/econeteges.es\/producto\/seventh-generation-spray-limpiador-multiusos-free-clear-500-ml-pack-de-3\/","url":"https:\/\/econeteges.es\/producto\/seventh-generation-spray-limpiador-multiusos-free-clear-500-ml-pack-de-3\/","name":"Seventh Generation Spray Limpiador Multiusos Free & Clear 500 ml - Pack de 3 - econeteges.es | empresa de limpieza","isPartOf":{"@id":"https:\/\/econeteges.es\/#website"},"primaryImageOfPage":{"@id":"https:\/\/econeteges.es\/producto\/seventh-generation-spray-limpiador-multiusos-free-clear-500-ml-pack-de-3\/#primaryimage"},"image":{"@id":"https:\/\/econeteges.es\/producto\/seventh-generation-spray-limpiador-multiusos-free-clear-500-ml-pack-de-3\/#primaryimage"},"thumbnailUrl":"https:\/\/econeteges.es\/wp-content\/uploads\/2021\/06\/seventh-generation-limpiador-ecologico-sin-fragrancia-4.jpg","datePublished":"2021-06-14T15:42:15+00:00","dateModified":"2021-06-14T15:42:17+00:00","breadcrumb":{"@id":"https:\/\/econeteges.es\/producto\/seventh-generation-spray-limpiador-multiusos-free-clear-500-ml-pack-de-3\/#breadcrumb"},"inLanguage":"ca","potentialAction":[{"@type":"ReadAction","target":["https:\/\/econeteges.es\/producto\/seventh-generation-spray-limpiador-multiusos-free-clear-500-ml-pack-de-3\/"]}]},{"@type":"ImageObject","inLanguage":"ca","@id":"https:\/\/econeteges.es\/producto\/seventh-generation-spray-limpiador-multiusos-free-clear-500-ml-pack-de-3\/#primaryimage","url":"https:\/\/econeteges.es\/wp-content\/uploads\/2021\/06\/seventh-generation-limpiador-ecologico-sin-fragrancia-4.jpg","contentUrl":"https:\/\/econeteges.es\/wp-content\/uploads\/2021\/06\/seventh-generation-limpiador-ecologico-sin-fragrancia-4.jpg","width":900,"height":900,"caption":"seventh generation limpiador ecologico sin fragrancia (4)"},{"@type":"BreadcrumbList","@id":"https:\/\/econeteges.es\/producto\/seventh-generation-spray-limpiador-multiusos-free-clear-500-ml-pack-de-3\/#breadcrumb","itemListElement":[{"@type":"ListItem","position":1,"name":"Portada","item":"https:\/\/econeteges.es\/"},{"@type":"ListItem","position":2,"name":"Tienda","item":"https:\/\/econeteges.es\/ca\/tienda\/"},{"@type":"ListItem","position":3,"name":"Seventh Generation Spray Limpiador Multiusos Free &#038; Clear 500 ml &#8211; Pack de 3"}]},{"@type":"WebSite","@id":"https:\/\/econeteges.es\/#website","url":"https:\/\/econeteges.es\/","name":"econeteges.es | empresa de limpieza","description":"Limpieza a domicilio | pulidos y abrillantados | mantenimiento de comunidades","publisher":{"@id":"https:\/\/econeteges.es\/#organization"},"potentialAction":[{"@type":"SearchAction","target":{"@type":"EntryPoint","urlTemplate":"https:\/\/econeteges.es\/?s={search_term_string}"},"query-input":"required name=search_term_string"}],"inLanguage":"ca"},{"@type":"Organization","@id":"https:\/\/econeteges.es\/#organization","name":"Econeteges","url":"https:\/\/econeteges.es\/","logo":{"@type":"ImageObject","inLanguage":"ca","@id":"https:\/\/econeteges.es\/#\/schema\/logo\/image\/","url":"https:\/\/econeteges.es\/wp-content\/uploads\/2020\/05\/nuestra-empresa_185260.jpg","contentUrl":"https:\/\/econeteges.es\/wp-content\/uploads\/2020\/05\/nuestra-empresa_185260.jpg","width":600,"height":600,"caption":"Econeteges"},"image":{"@id":"https:\/\/econeteges.es\/#\/schema\/logo\/image\/"},"sameAs":["https:\/\/www.instagram.com\/econeteges\/"]}]}},"_links":{"self":[{"href":"https:\/\/econeteges.es\/ca\/wp-json\/wp\/v2\/product\/1435"}],"collection":[{"href":"https:\/\/econeteges.es\/ca\/wp-json\/wp\/v2\/product"}],"about":[{"href":"https:\/\/econeteges.es\/ca\/wp-json\/wp\/v2\/types\/product"}],"wp:featuredmedia":[{"embeddable":true,"href":"https:\/\/econeteges.es\/ca\/wp-json\/wp\/v2\/media\/1439"}],"wp:attachment":[{"href":"https:\/\/econeteges.es\/ca\/wp-json\/wp\/v2\/media?parent=1435"}],"wp:term":[{"taxonomy":"product_cat","embeddable":true,"href":"https:\/\/econeteges.es\/ca\/wp-json\/wp\/v2\/product_cat?post=1435"},{"taxonomy":"product_tag","embeddable":true,"href":"https:\/\/econeteges.es\/ca\/wp-json\/wp\/v2\/product_tag?post=1435"}],"curies":[{"name":"wp","href":"https:\/\/api.w.org\/{rel}","templated":true}]}}