{"id":1440,"date":"2021-06-14T15:44:33","date_gmt":"2021-06-14T15:44:33","guid":{"rendered":"https:\/\/econeteges.es\/?post_type=product&#038;p=1440"},"modified":"2021-06-14T15:46:08","modified_gmt":"2021-06-14T15:46:08","slug":"seventh-generation-pastillas-ecologicas-lavavajillas-free-clear-todo-en-uno-24-pastillas","status":"publish","type":"product","link":"https:\/\/econeteges.es\/ca\/producte\/seventh-generation-pastillas-ecologicas-lavavajillas-free-clear-todo-en-uno-24-pastillas\/","title":{"rendered":"Seventh Generation Pastillas Ecol\u00f3gicas Lavavajillas Free &#038; Clear Todo en Uno 24 pastillas"},"content":{"rendered":"<p>Las Pastillas Ecol\u00f3gicas Lavavajillas Seventh Generation Free &amp; Clear Todo en Uno limpian con eficacia la grasa y la suciedad m\u00e1s persistente de tu vajilla con cada lavado, dejando los platos, ollas y sartenes totalmente limpios y brillantes. En Seventh Generation, creemos en el poder de las plantas para limpiar tu hogar y, por eso, nuestras pastillas para lavavajillas son diferentes de la mayor\u00eda de las marcas: el 85% de los ingredientes son de origen vegetal y mineral. Esta f\u00f3rmula altamente natural da un toque de frescor a la vajilla.<\/p>\n<p>El detergente en pastillas para lavavajillas est\u00e1 libre de fragancias, colorantes y blanqueantes, lo que lo hace un producto biodegradable, eficaz contra la suciedad, y respetuoso con el medio ambiente. Adem\u00e1s, el sello de Leaping Bunny avala que nunca probamos nuestros detergentes en animales y que nuestros productos no contienen ingredientes de origen animal<\/p>\n<p>. Para quitar la grasa y eliminar los residuos dif\u00edciles, llena el lavavajillas y a\u00f1ade una pastilla. El sobre de la pastilla es 100% soluble, as\u00ed que no es necesario sacarla. Las pastillas para lavavajillas Seventh Generation son adecuadas para los programas a baja temperatura (50\u00b0C o menos).<\/p>\n<p>Para minimizar el impacto en el medio ambiente, raspa la vajilla sucia en lugar de enjuagarla previamente.<\/p>\n<p>Al elegir detergente de origen vegetal de Seventh Generation, una marca de productos de limpieza ecol\u00f3gicos, te unir\u00e1s a nuestra misi\u00f3n de transformar el mundo en un lugar saludable y equitativo para las pr\u00f3ximas siete generaciones. La informaci\u00f3n que aparece en la p\u00e1gina web puede diferir de la informaci\u00f3n que aparece en el etiquetado del producto. Por favor verifica siempre el etiquetado del producto.<\/p>\n<ul class=\"a-unordered-list a-vertical a-spacing-mini\">\n<li><span class=\"a-list-item\">Las pastillas para lavavajillas Seventh Generation Free &amp; Clear Todo en Uno est\u00e1n hechas con 85% de ingredientes de origen vegetal y mineral <\/span><\/li>\n<li><span class=\"a-list-item\"> Producto de limpieza sin fragancias, sin colorantes y sin cloro que es respetuoso con el medio ambiente <\/span><\/li>\n<li><span class=\"a-list-item\"> Las pastillas ecol\u00f3gicas para lavavajillas son 100% solubles en agua y limpian eficientemente la grasa persistente de tu vajilla, ollas y sartenes con cada lavado y dejan un brillo impecable <\/span><\/li>\n<li><span class=\"a-list-item\"> Envase en caja de cart\u00f3n fabricada con fibra 100% reciclada y reciclable <\/span><\/li>\n<li><span class=\"a-list-item\"> Es un producto con el certificado Leaping Bunny que no contiene ingredientes de origen animal y nunca ha sido testado en animales <\/span><\/li>\n<li><span class=\"a-list-item\"> En Seventh Generation tenemos un compromiso: que en cada una de las decisiones que tomemos, tengamos siempre en cuenta el efecto de ellas en las pr\u00f3ximas Siete Generaciones<\/span><\/li>\n<\/ul>\n<p>&nbsp;<\/p>\n<h3>Avisos<img decoding=\"async\" data-src=\"https:\/\/m.media-amazon.com\/images\/I\/31mTHI4a8xL.png\" alt=\"Provoca irritaci\u00f3n ocular grave.\" width=\"44\" height=\"44\" src=\"data:image\/svg+xml;base64,PHN2ZyB3aWR0aD0iMSIgaGVpZ2h0PSIxIiB4bWxucz0iaHR0cDovL3d3dy53My5vcmcvMjAwMC9zdmciPjwvc3ZnPg==\" class=\"lazyload\" style=\"--smush-placeholder-width: 44px; --smush-placeholder-aspect-ratio: 44\/44;\" \/><\/h3>\n<ul class=\"a-unordered-list a-vertical a-spacing-small\">\n<li>Contiene sustancia sensibilizante. Puede provocar una reacci\u00f3n al\u00e9rgica.<\/li>\n<li>Provoca irritaci\u00f3n ocular grave.<\/li>\n<\/ul>","protected":false},"excerpt":{"rendered":"<p>Las Pastillas Ecol\u00f3gicas Lavavajillas Seventh Generation Free &amp; Clear Todo en Uno limpian con eficacia la grasa y la suciedad m\u00e1s persistente de tu vajilla con cada lavado, dejando los platos, ollas y sartenes totalmente limpios y brillantes. En Seventh Generation, creemos en el poder de las plantas para limpiar tu hogar y, por eso, [&hellip;]<\/p>\n","protected":false},"featured_media":1441,"template":"","meta":{"_et_pb_use_builder":"","_et_pb_old_content":"","_et_gb_content_width":""},"product_cat":[30],"product_tag":[],"yoast_head":"<!-- This site is optimized with the Yoast SEO plugin v22.3 - https:\/\/yoast.com\/wordpress\/plugins\/seo\/ -->\n<title>Seventh Generation Pastillas Ecol\u00f3gicas Lavavajillas Free &amp; Clear Todo en Uno 24 pastillas - econeteges.es | empresa de limpieza<\/title>\n<meta name=\"robots\" content=\"index, follow, max-snippet:-1, max-image-preview:large, max-video-preview:-1\" \/>\n<link rel=\"canonical\" href=\"https:\/\/econeteges.es\/ca\/producte\/seventh-generation-pastillas-ecologicas-lavavajillas-free-clear-todo-en-uno-24-pastillas\/\" \/>\n<meta property=\"og:locale\" content=\"ca_ES\" \/>\n<meta property=\"og:type\" content=\"article\" \/>\n<meta property=\"og:title\" content=\"Seventh Generation Pastillas Ecol\u00f3gicas Lavavajillas Free &amp; Clear Todo en Uno 24 pastillas - econeteges.es | empresa de limpieza\" \/>\n<meta property=\"og:description\" content=\"Las Pastillas Ecol\u00f3gicas Lavavajillas Seventh Generation Free &amp; Clear Todo en Uno limpian con eficacia la grasa y la suciedad m\u00e1s persistente de tu vajilla con cada lavado, dejando los platos, ollas y sartenes totalmente limpios y brillantes. En Seventh Generation, creemos en el poder de las plantas para limpiar tu hogar y, por eso, [&hellip;]\" \/>\n<meta property=\"og:url\" content=\"https:\/\/econeteges.es\/ca\/producte\/seventh-generation-pastillas-ecologicas-lavavajillas-free-clear-todo-en-uno-24-pastillas\/\" \/>\n<meta property=\"og:site_name\" content=\"econeteges.es | empresa de limpieza\" \/>\n<meta property=\"article:modified_time\" content=\"2021-06-14T15:46:08+00:00\" \/>\n<meta property=\"og:image\" content=\"https:\/\/econeteges.es\/wp-content\/uploads\/2021\/06\/seventh-generation-pastillas-ecologicas-lavavajillas-1.jpg\" \/>\n\t<meta property=\"og:image:width\" content=\"882\" \/>\n\t<meta property=\"og:image:height\" content=\"900\" \/>\n\t<meta property=\"og:image:type\" content=\"image\/jpeg\" \/>\n<meta name=\"twitter:card\" content=\"summary_large_image\" \/>\n<meta name=\"twitter:label1\" content=\"Temps estimat de lectura\" \/>\n\t<meta name=\"twitter:data1\" content=\"3 minuts\" \/>\n<script type=\"application\/ld+json\" class=\"yoast-schema-graph\">{\"@context\":\"https:\/\/schema.org\",\"@graph\":[{\"@type\":\"WebPage\",\"@id\":\"https:\/\/econeteges.es\/producto\/seventh-generation-pastillas-ecologicas-lavavajillas-free-clear-todo-en-uno-24-pastillas\/\",\"url\":\"https:\/\/econeteges.es\/producto\/seventh-generation-pastillas-ecologicas-lavavajillas-free-clear-todo-en-uno-24-pastillas\/\",\"name\":\"Seventh Generation Pastillas Ecol\u00f3gicas Lavavajillas Free & Clear Todo en Uno 24 pastillas - econeteges.es | empresa de limpieza\",\"isPartOf\":{\"@id\":\"https:\/\/econeteges.es\/#website\"},\"primaryImageOfPage\":{\"@id\":\"https:\/\/econeteges.es\/producto\/seventh-generation-pastillas-ecologicas-lavavajillas-free-clear-todo-en-uno-24-pastillas\/#primaryimage\"},\"image\":{\"@id\":\"https:\/\/econeteges.es\/producto\/seventh-generation-pastillas-ecologicas-lavavajillas-free-clear-todo-en-uno-24-pastillas\/#primaryimage\"},\"thumbnailUrl\":\"https:\/\/econeteges.es\/wp-content\/uploads\/2021\/06\/seventh-generation-pastillas-ecologicas-lavavajillas-1.jpg\",\"datePublished\":\"2021-06-14T15:44:33+00:00\",\"dateModified\":\"2021-06-14T15:46:08+00:00\",\"breadcrumb\":{\"@id\":\"https:\/\/econeteges.es\/producto\/seventh-generation-pastillas-ecologicas-lavavajillas-free-clear-todo-en-uno-24-pastillas\/#breadcrumb\"},\"inLanguage\":\"ca\",\"potentialAction\":[{\"@type\":\"ReadAction\",\"target\":[\"https:\/\/econeteges.es\/producto\/seventh-generation-pastillas-ecologicas-lavavajillas-free-clear-todo-en-uno-24-pastillas\/\"]}]},{\"@type\":\"ImageObject\",\"inLanguage\":\"ca\",\"@id\":\"https:\/\/econeteges.es\/producto\/seventh-generation-pastillas-ecologicas-lavavajillas-free-clear-todo-en-uno-24-pastillas\/#primaryimage\",\"url\":\"https:\/\/econeteges.es\/wp-content\/uploads\/2021\/06\/seventh-generation-pastillas-ecologicas-lavavajillas-1.jpg\",\"contentUrl\":\"https:\/\/econeteges.es\/wp-content\/uploads\/2021\/06\/seventh-generation-pastillas-ecologicas-lavavajillas-1.jpg\",\"width\":882,\"height\":900,\"caption\":\"seventh generation pastillas ecologicas lavavajillas (1)\"},{\"@type\":\"BreadcrumbList\",\"@id\":\"https:\/\/econeteges.es\/producto\/seventh-generation-pastillas-ecologicas-lavavajillas-free-clear-todo-en-uno-24-pastillas\/#breadcrumb\",\"itemListElement\":[{\"@type\":\"ListItem\",\"position\":1,\"name\":\"Portada\",\"item\":\"https:\/\/econeteges.es\/\"},{\"@type\":\"ListItem\",\"position\":2,\"name\":\"Tienda\",\"item\":\"https:\/\/econeteges.es\/ca\/tienda\/\"},{\"@type\":\"ListItem\",\"position\":3,\"name\":\"Seventh Generation Pastillas Ecol\u00f3gicas Lavavajillas Free &#038; Clear Todo en Uno 24 pastillas\"}]},{\"@type\":\"WebSite\",\"@id\":\"https:\/\/econeteges.es\/#website\",\"url\":\"https:\/\/econeteges.es\/\",\"name\":\"econeteges.es | empresa de limpieza\",\"description\":\"Limpieza a domicilio | pulidos y abrillantados | mantenimiento de comunidades\",\"publisher\":{\"@id\":\"https:\/\/econeteges.es\/#organization\"},\"potentialAction\":[{\"@type\":\"SearchAction\",\"target\":{\"@type\":\"EntryPoint\",\"urlTemplate\":\"https:\/\/econeteges.es\/?s={search_term_string}\"},\"query-input\":\"required name=search_term_string\"}],\"inLanguage\":\"ca\"},{\"@type\":\"Organization\",\"@id\":\"https:\/\/econeteges.es\/#organization\",\"name\":\"Econeteges\",\"url\":\"https:\/\/econeteges.es\/\",\"logo\":{\"@type\":\"ImageObject\",\"inLanguage\":\"ca\",\"@id\":\"https:\/\/econeteges.es\/#\/schema\/logo\/image\/\",\"url\":\"https:\/\/econeteges.es\/wp-content\/uploads\/2020\/05\/nuestra-empresa_185260.jpg\",\"contentUrl\":\"https:\/\/econeteges.es\/wp-content\/uploads\/2020\/05\/nuestra-empresa_185260.jpg\",\"width\":600,\"height\":600,\"caption\":\"Econeteges\"},\"image\":{\"@id\":\"https:\/\/econeteges.es\/#\/schema\/logo\/image\/\"},\"sameAs\":[\"https:\/\/www.instagram.com\/econeteges\/\"]}]}<\/script>\n<!-- \/ Yoast SEO plugin. -->","yoast_head_json":{"title":"Seventh Generation Pastillas Ecol\u00f3gicas Lavavajillas Free & Clear Todo en Uno 24 pastillas - econeteges.es | empresa de limpieza","robots":{"index":"index","follow":"follow","max-snippet":"max-snippet:-1","max-image-preview":"max-image-preview:large","max-video-preview":"max-video-preview:-1"},"canonical":"https:\/\/econeteges.es\/ca\/producte\/seventh-generation-pastillas-ecologicas-lavavajillas-free-clear-todo-en-uno-24-pastillas\/","og_locale":"ca_ES","og_type":"article","og_title":"Seventh Generation Pastillas Ecol\u00f3gicas Lavavajillas Free & Clear Todo en Uno 24 pastillas - econeteges.es | empresa de limpieza","og_description":"Las Pastillas Ecol\u00f3gicas Lavavajillas Seventh Generation Free &amp; Clear Todo en Uno limpian con eficacia la grasa y la suciedad m\u00e1s persistente de tu vajilla con cada lavado, dejando los platos, ollas y sartenes totalmente limpios y brillantes. En Seventh Generation, creemos en el poder de las plantas para limpiar tu hogar y, por eso, [&hellip;]","og_url":"https:\/\/econeteges.es\/ca\/producte\/seventh-generation-pastillas-ecologicas-lavavajillas-free-clear-todo-en-uno-24-pastillas\/","og_site_name":"econeteges.es | empresa de limpieza","article_modified_time":"2021-06-14T15:46:08+00:00","og_image":[{"width":882,"height":900,"url":"https:\/\/econeteges.es\/wp-content\/uploads\/2021\/06\/seventh-generation-pastillas-ecologicas-lavavajillas-1.jpg","type":"image\/jpeg"}],"twitter_card":"summary_large_image","twitter_misc":{"Temps estimat de lectura":"3 minuts"},"schema":{"@context":"https:\/\/schema.org","@graph":[{"@type":"WebPage","@id":"https:\/\/econeteges.es\/producto\/seventh-generation-pastillas-ecologicas-lavavajillas-free-clear-todo-en-uno-24-pastillas\/","url":"https:\/\/econeteges.es\/producto\/seventh-generation-pastillas-ecologicas-lavavajillas-free-clear-todo-en-uno-24-pastillas\/","name":"Seventh Generation Pastillas Ecol\u00f3gicas Lavavajillas Free & Clear Todo en Uno 24 pastillas - econeteges.es | empresa de limpieza","isPartOf":{"@id":"https:\/\/econeteges.es\/#website"},"primaryImageOfPage":{"@id":"https:\/\/econeteges.es\/producto\/seventh-generation-pastillas-ecologicas-lavavajillas-free-clear-todo-en-uno-24-pastillas\/#primaryimage"},"image":{"@id":"https:\/\/econeteges.es\/producto\/seventh-generation-pastillas-ecologicas-lavavajillas-free-clear-todo-en-uno-24-pastillas\/#primaryimage"},"thumbnailUrl":"https:\/\/econeteges.es\/wp-content\/uploads\/2021\/06\/seventh-generation-pastillas-ecologicas-lavavajillas-1.jpg","datePublished":"2021-06-14T15:44:33+00:00","dateModified":"2021-06-14T15:46:08+00:00","breadcrumb":{"@id":"https:\/\/econeteges.es\/producto\/seventh-generation-pastillas-ecologicas-lavavajillas-free-clear-todo-en-uno-24-pastillas\/#breadcrumb"},"inLanguage":"ca","potentialAction":[{"@type":"ReadAction","target":["https:\/\/econeteges.es\/producto\/seventh-generation-pastillas-ecologicas-lavavajillas-free-clear-todo-en-uno-24-pastillas\/"]}]},{"@type":"ImageObject","inLanguage":"ca","@id":"https:\/\/econeteges.es\/producto\/seventh-generation-pastillas-ecologicas-lavavajillas-free-clear-todo-en-uno-24-pastillas\/#primaryimage","url":"https:\/\/econeteges.es\/wp-content\/uploads\/2021\/06\/seventh-generation-pastillas-ecologicas-lavavajillas-1.jpg","contentUrl":"https:\/\/econeteges.es\/wp-content\/uploads\/2021\/06\/seventh-generation-pastillas-ecologicas-lavavajillas-1.jpg","width":882,"height":900,"caption":"seventh generation pastillas ecologicas lavavajillas (1)"},{"@type":"BreadcrumbList","@id":"https:\/\/econeteges.es\/producto\/seventh-generation-pastillas-ecologicas-lavavajillas-free-clear-todo-en-uno-24-pastillas\/#breadcrumb","itemListElement":[{"@type":"ListItem","position":1,"name":"Portada","item":"https:\/\/econeteges.es\/"},{"@type":"ListItem","position":2,"name":"Tienda","item":"https:\/\/econeteges.es\/ca\/tienda\/"},{"@type":"ListItem","position":3,"name":"Seventh Generation Pastillas Ecol\u00f3gicas Lavavajillas Free &#038; Clear Todo en Uno 24 pastillas"}]},{"@type":"WebSite","@id":"https:\/\/econeteges.es\/#website","url":"https:\/\/econeteges.es\/","name":"econeteges.es | empresa de limpieza","description":"Limpieza a domicilio | pulidos y abrillantados | mantenimiento de comunidades","publisher":{"@id":"https:\/\/econeteges.es\/#organization"},"potentialAction":[{"@type":"SearchAction","target":{"@type":"EntryPoint","urlTemplate":"https:\/\/econeteges.es\/?s={search_term_string}"},"query-input":"required name=search_term_string"}],"inLanguage":"ca"},{"@type":"Organization","@id":"https:\/\/econeteges.es\/#organization","name":"Econeteges","url":"https:\/\/econeteges.es\/","logo":{"@type":"ImageObject","inLanguage":"ca","@id":"https:\/\/econeteges.es\/#\/schema\/logo\/image\/","url":"https:\/\/econeteges.es\/wp-content\/uploads\/2020\/05\/nuestra-empresa_185260.jpg","contentUrl":"https:\/\/econeteges.es\/wp-content\/uploads\/2020\/05\/nuestra-empresa_185260.jpg","width":600,"height":600,"caption":"Econeteges"},"image":{"@id":"https:\/\/econeteges.es\/#\/schema\/logo\/image\/"},"sameAs":["https:\/\/www.instagram.com\/econeteges\/"]}]}},"_links":{"self":[{"href":"https:\/\/econeteges.es\/ca\/wp-json\/wp\/v2\/product\/1440"}],"collection":[{"href":"https:\/\/econeteges.es\/ca\/wp-json\/wp\/v2\/product"}],"about":[{"href":"https:\/\/econeteges.es\/ca\/wp-json\/wp\/v2\/types\/product"}],"wp:featuredmedia":[{"embeddable":true,"href":"https:\/\/econeteges.es\/ca\/wp-json\/wp\/v2\/media\/1441"}],"wp:attachment":[{"href":"https:\/\/econeteges.es\/ca\/wp-json\/wp\/v2\/media?parent=1440"}],"wp:term":[{"taxonomy":"product_cat","embeddable":true,"href":"https:\/\/econeteges.es\/ca\/wp-json\/wp\/v2\/product_cat?post=1440"},{"taxonomy":"product_tag","embeddable":true,"href":"https:\/\/econeteges.es\/ca\/wp-json\/wp\/v2\/product_tag?post=1440"}],"curies":[{"name":"wp","href":"https:\/\/api.w.org\/{rel}","templated":true}]}}