{"id":1445,"date":"2021-06-14T15:48:54","date_gmt":"2021-06-14T15:48:54","guid":{"rendered":"https:\/\/econeteges.es\/?post_type=product&#038;p=1445"},"modified":"2021-06-14T15:48:57","modified_gmt":"2021-06-14T15:48:57","slug":"befree-greenfloor-detergente-suelos-ecologico-biodegradable-y-biologico-friegasuelos-ecofriendly-1-l-jabon-ecologico-concentrado-propiedades-enzimaticas-y-abrillantadoras-ecodiseno","status":"publish","type":"product","link":"https:\/\/econeteges.es\/ca\/producte\/befree-greenfloor-detergente-suelos-ecologico-biodegradable-y-biologico-friegasuelos-ecofriendly-1-l-jabon-ecologico-concentrado-propiedades-enzimaticas-y-abrillantadoras-ecodiseno\/","title":{"rendered":"Befree Greenfloor: Detergente suelos ecologico biodegradable y biol\u00f3gico. Friegasuelos ecofriendly 1 l. Jab\u00f3n ecol\u00f3gico concentrado. Propiedades enzim\u00e1ticas y abrillantadoras. Ecodise\u00f1o."},"content":{"rendered":"<p>En BEFREE limpiamos como limpia la naturaleza: efectividad, ecolog\u00eda y seguridad. Mediante la investigaci\u00f3n y la biotecnolog\u00eda, hemos encontrado la alternativa verde a la limpieza tradicional. Productos con microorganismos y enzimas presentes en la naturaleza que eliminan la suciedad de manera natural.<\/p>\n<p>LIMPIEZA INTELIGENTE: Un producto para una necesidad; adaptados a todas las superficies y materiales. Olvida tener un producto para cada material.<\/p>\n<p>SIN PICTOGRAMAS DE PELIGROSIDAD, porque nuestros productos no son pleigrosos, no son inflamables ni t\u00f3xicos. M\u00e1xima seguridad para toda la familia.<\/p>\n<p>Productos libres de: Al\u00e9rgenos seg\u00fan el Reg. UE 1169\/2011, Fosfatos ni metales (niquel, plomo,cromo&#8230;), ni ingredientes de origen animal. Productos si metales pesados en su formulaci\u00f3n (plomo, cromo, cadmio, n\u00edquel\u2026).<\/p>\n<p>Certificado ECOLABEL n\u00ba reg. 66\/2010.Fabricado seg\u00fan exigentes criterios ecol\u00f3gicos y de calidad establecidos a nivel europeo, entre los que destacan la exclusi\u00f3n de sustancias nocivas para el medio ambiente y la salud.<\/p>\n<p>Certificado Ecodise\u00f1o seg\u00fan norma ISO 14006. Dise\u00f1amos y fabricamos productos con el m\u00ednimo impacto ambiental durante su ciclo de vida, desde la fase de fabricaci\u00f3n y uso hasta su posible reciclado. Envase reciclable 100%.<\/p>\n<p>BIOTECNOLOG\u00cdA + QU\u00cdMICA VERDE + ECOLABEL + ECODISE\u00d1O. LIMPIAMOS COMO LIMPIA LA NATURALEZA.<\/p>","protected":false},"excerpt":{"rendered":"<ul class=\"a-unordered-list a-vertical a-spacing-mini\">\n<li><span class=\"a-list-item\"> BIOL\u00d3GICO Y ECOL\u00d3GICO &#8211; Formulado con agentes biol\u00f3gicos enzim\u00e1tico. Con bajo impacto ambiental, fabricado con materias primas seguras para el medio ambiente. Certificado bajo norma ISO14006. Sin fosfatos ni biocidas. Ecodesign, el producto que menor impacto ambiental tiene del mercado, durante todo su ciclo de vida. <\/span><\/li>\n<li><span class=\"a-list-item\"> 4 EN 1 \u2013 Limpia, higieniza, desengrasa y abrillanta; evita utilizar otros productos complementarios. Con agentes biol\u00f3gicos que aumentan el poder de limpieza. M\u00e1s eficaz que un producto de limpieza qu\u00edmico. <\/span><\/li>\n<li><span class=\"a-list-item\"> MENOS, ES M\u00c1S \u2013 Detergente concentrado, con una menor cantidad de producto conseguir\u00e1s una limpieza igual o superior. Envase de 1 litro que te servir\u00e1 para 50 cubos. Se recomienda usar medio tap\u00f3n (20 ml) para 5 litros de agua y en caso de suciedad persistente a\u00f1adir un tap\u00f3n completo (40 ml). No exceda la dosis recomendada. <\/span><\/li>\n<li><span class=\"a-list-item\"> TODO TIPO DE SUELOS \u2013 Limpiasuelos biodegradable apto para cualquier tipo de superficie. Para limpieza diaria de todo tipo de suelos: terraza, mosaico, plaqueta, cer\u00e1mica, gres\u2026 Escurrir bien la fregona antes de usar en suelos de madera. Realice una prueba antes de aplicar sobre superficies delicadas o da\u00f1adas. <\/span><\/li>\n<li><span class=\"a-list-item\"> NO-CORROSIVO, NO-INFLAMABLE, NO-T\u00d3XICO \u2013 Producto totalmente seguro, sin pictogramas de peligrosidad, no peligroso para la salud ni el medio ambiente. Apto para todo tipo de materiales y superficies. No contiene propelentes ni componentes met\u00e1licos, ni al\u00e9rgenos, ni fosfatos. No testado en animales. <\/span><\/li>\n<\/ul>","protected":false},"featured_media":1446,"template":"","meta":{"_et_pb_use_builder":"","_et_pb_old_content":"","_et_gb_content_width":""},"product_cat":[30,31],"product_tag":[],"yoast_head":"<!-- This site is optimized with the Yoast SEO plugin v22.3 - https:\/\/yoast.com\/wordpress\/plugins\/seo\/ -->\n<title>Befree Greenfloor: Detergente suelos ecologico biodegradable y biol\u00f3gico. Friegasuelos ecofriendly 1 l. Jab\u00f3n ecol\u00f3gico concentrado. Propiedades enzim\u00e1ticas y abrillantadoras. Ecodise\u00f1o. - econeteges.es | empresa de limpieza<\/title>\n<meta name=\"robots\" content=\"index, follow, max-snippet:-1, max-image-preview:large, max-video-preview:-1\" \/>\n<link rel=\"canonical\" href=\"https:\/\/econeteges.es\/ca\/producte\/befree-greenfloor-detergente-suelos-ecologico-biodegradable-y-biologico-friegasuelos-ecofriendly-1-l-jabon-ecologico-concentrado-propiedades-enzimaticas-y-abrillantadoras-ecodiseno\/\" \/>\n<meta property=\"og:locale\" content=\"ca_ES\" \/>\n<meta property=\"og:type\" content=\"article\" \/>\n<meta property=\"og:title\" content=\"Befree Greenfloor: Detergente suelos ecologico biodegradable y biol\u00f3gico. Friegasuelos ecofriendly 1 l. Jab\u00f3n ecol\u00f3gico concentrado. Propiedades enzim\u00e1ticas y abrillantadoras. Ecodise\u00f1o. - econeteges.es | empresa de limpieza\" \/>\n<meta property=\"og:description\" content=\"BIOL\u00d3GICO Y ECOL\u00d3GICO - Formulado con agentes biol\u00f3gicos enzim\u00e1tico. Con bajo impacto ambiental, fabricado con materias primas seguras para el medio ambiente. Certificado bajo norma ISO14006. Sin fosfatos ni biocidas. Ecodesign, el producto que menor impacto ambiental tiene del mercado, durante todo su ciclo de vida.   4 EN 1 \u2013 Limpia, higieniza, desengrasa y abrillanta; evita utilizar otros productos complementarios. Con agentes biol\u00f3gicos que aumentan el poder de limpieza. M\u00e1s eficaz que un producto de limpieza qu\u00edmico.   MENOS, ES M\u00c1S \u2013 Detergente concentrado, con una menor cantidad de producto conseguir\u00e1s una limpieza igual o superior. Envase de 1 litro que te servir\u00e1 para 50 cubos. Se recomienda usar medio tap\u00f3n (20 ml) para 5 litros de agua y en caso de suciedad persistente a\u00f1adir un tap\u00f3n completo (40 ml). No exceda la dosis recomendada.   TODO TIPO DE SUELOS \u2013 Limpiasuelos biodegradable apto para cualquier tipo de superficie. Para limpieza diaria de todo tipo de suelos: terraza, mosaico, plaqueta, cer\u00e1mica, gres\u2026 Escurrir bien la fregona antes de usar en suelos de madera. Realice una prueba antes de aplicar sobre superficies delicadas o da\u00f1adas.   NO-CORROSIVO, NO-INFLAMABLE, NO-T\u00d3XICO \u2013 Producto totalmente seguro, sin pictogramas de peligrosidad, no peligroso para la salud ni el medio ambiente. Apto para todo tipo de materiales y superficies. No contiene propelentes ni componentes met\u00e1licos, ni al\u00e9rgenos, ni fosfatos. No testado en animales.\" \/>\n<meta property=\"og:url\" content=\"https:\/\/econeteges.es\/ca\/producte\/befree-greenfloor-detergente-suelos-ecologico-biodegradable-y-biologico-friegasuelos-ecofriendly-1-l-jabon-ecologico-concentrado-propiedades-enzimaticas-y-abrillantadoras-ecodiseno\/\" \/>\n<meta property=\"og:site_name\" content=\"econeteges.es | empresa de limpieza\" \/>\n<meta property=\"article:modified_time\" content=\"2021-06-14T15:48:57+00:00\" \/>\n<meta property=\"og:image\" content=\"https:\/\/econeteges.es\/wp-content\/uploads\/2021\/06\/greenfloor-limpiasuelos-1.jpg\" \/>\n\t<meta property=\"og:image:width\" content=\"273\" \/>\n\t<meta property=\"og:image:height\" content=\"900\" \/>\n\t<meta property=\"og:image:type\" content=\"image\/jpeg\" \/>\n<meta name=\"twitter:card\" content=\"summary_large_image\" \/>\n<meta name=\"twitter:label1\" content=\"Temps estimat de lectura\" \/>\n\t<meta name=\"twitter:data1\" content=\"1 minut\" \/>\n<script type=\"application\/ld+json\" class=\"yoast-schema-graph\">{\"@context\":\"https:\/\/schema.org\",\"@graph\":[{\"@type\":\"WebPage\",\"@id\":\"https:\/\/econeteges.es\/ca\/producte\/befree-greenfloor-detergente-suelos-ecologico-biodegradable-y-biologico-friegasuelos-ecofriendly-1-l-jabon-ecologico-concentrado-propiedades-enzimaticas-y-abrillantadoras-ecodiseno\/\",\"url\":\"https:\/\/econeteges.es\/ca\/producte\/befree-greenfloor-detergente-suelos-ecologico-biodegradable-y-biologico-friegasuelos-ecofriendly-1-l-jabon-ecologico-concentrado-propiedades-enzimaticas-y-abrillantadoras-ecodiseno\/\",\"name\":\"Befree Greenfloor: Detergente suelos ecologico biodegradable y biol\u00f3gico. Friegasuelos ecofriendly 1 l. Jab\u00f3n ecol\u00f3gico concentrado. Propiedades enzim\u00e1ticas y abrillantadoras. Ecodise\u00f1o. - econeteges.es | empresa de limpieza\",\"isPartOf\":{\"@id\":\"https:\/\/econeteges.es\/#website\"},\"primaryImageOfPage\":{\"@id\":\"https:\/\/econeteges.es\/ca\/producte\/befree-greenfloor-detergente-suelos-ecologico-biodegradable-y-biologico-friegasuelos-ecofriendly-1-l-jabon-ecologico-concentrado-propiedades-enzimaticas-y-abrillantadoras-ecodiseno\/#primaryimage\"},\"image\":{\"@id\":\"https:\/\/econeteges.es\/ca\/producte\/befree-greenfloor-detergente-suelos-ecologico-biodegradable-y-biologico-friegasuelos-ecofriendly-1-l-jabon-ecologico-concentrado-propiedades-enzimaticas-y-abrillantadoras-ecodiseno\/#primaryimage\"},\"thumbnailUrl\":\"https:\/\/econeteges.es\/wp-content\/uploads\/2021\/06\/greenfloor-limpiasuelos-1.jpg\",\"datePublished\":\"2021-06-14T15:48:54+00:00\",\"dateModified\":\"2021-06-14T15:48:57+00:00\",\"breadcrumb\":{\"@id\":\"https:\/\/econeteges.es\/ca\/producte\/befree-greenfloor-detergente-suelos-ecologico-biodegradable-y-biologico-friegasuelos-ecofriendly-1-l-jabon-ecologico-concentrado-propiedades-enzimaticas-y-abrillantadoras-ecodiseno\/#breadcrumb\"},\"inLanguage\":\"ca\",\"potentialAction\":[{\"@type\":\"ReadAction\",\"target\":[\"https:\/\/econeteges.es\/ca\/producte\/befree-greenfloor-detergente-suelos-ecologico-biodegradable-y-biologico-friegasuelos-ecofriendly-1-l-jabon-ecologico-concentrado-propiedades-enzimaticas-y-abrillantadoras-ecodiseno\/\"]}]},{\"@type\":\"ImageObject\",\"inLanguage\":\"ca\",\"@id\":\"https:\/\/econeteges.es\/ca\/producte\/befree-greenfloor-detergente-suelos-ecologico-biodegradable-y-biologico-friegasuelos-ecofriendly-1-l-jabon-ecologico-concentrado-propiedades-enzimaticas-y-abrillantadoras-ecodiseno\/#primaryimage\",\"url\":\"https:\/\/econeteges.es\/wp-content\/uploads\/2021\/06\/greenfloor-limpiasuelos-1.jpg\",\"contentUrl\":\"https:\/\/econeteges.es\/wp-content\/uploads\/2021\/06\/greenfloor-limpiasuelos-1.jpg\",\"width\":273,\"height\":900,\"caption\":\"greenfloor limpiasuelos (1)\"},{\"@type\":\"BreadcrumbList\",\"@id\":\"https:\/\/econeteges.es\/ca\/producte\/befree-greenfloor-detergente-suelos-ecologico-biodegradable-y-biologico-friegasuelos-ecofriendly-1-l-jabon-ecologico-concentrado-propiedades-enzimaticas-y-abrillantadoras-ecodiseno\/#breadcrumb\",\"itemListElement\":[{\"@type\":\"ListItem\",\"position\":1,\"name\":\"Portada\",\"item\":\"https:\/\/econeteges.es\/\"},{\"@type\":\"ListItem\",\"position\":2,\"name\":\"Tienda\",\"item\":\"https:\/\/econeteges.es\/ca\/tienda\/\"},{\"@type\":\"ListItem\",\"position\":3,\"name\":\"Befree Greenfloor: Detergente suelos ecologico biodegradable y biol\u00f3gico. Friegasuelos ecofriendly 1 l. Jab\u00f3n ecol\u00f3gico concentrado. Propiedades enzim\u00e1ticas y abrillantadoras. Ecodise\u00f1o.\"}]},{\"@type\":\"WebSite\",\"@id\":\"https:\/\/econeteges.es\/#website\",\"url\":\"https:\/\/econeteges.es\/\",\"name\":\"econeteges.es | empresa de limpieza\",\"description\":\"Limpieza a domicilio | pulidos y abrillantados | mantenimiento de comunidades\",\"publisher\":{\"@id\":\"https:\/\/econeteges.es\/#organization\"},\"potentialAction\":[{\"@type\":\"SearchAction\",\"target\":{\"@type\":\"EntryPoint\",\"urlTemplate\":\"https:\/\/econeteges.es\/?s={search_term_string}\"},\"query-input\":\"required name=search_term_string\"}],\"inLanguage\":\"ca\"},{\"@type\":\"Organization\",\"@id\":\"https:\/\/econeteges.es\/#organization\",\"name\":\"Econeteges\",\"url\":\"https:\/\/econeteges.es\/\",\"logo\":{\"@type\":\"ImageObject\",\"inLanguage\":\"ca\",\"@id\":\"https:\/\/econeteges.es\/#\/schema\/logo\/image\/\",\"url\":\"https:\/\/econeteges.es\/wp-content\/uploads\/2020\/05\/nuestra-empresa_185260.jpg\",\"contentUrl\":\"https:\/\/econeteges.es\/wp-content\/uploads\/2020\/05\/nuestra-empresa_185260.jpg\",\"width\":600,\"height\":600,\"caption\":\"Econeteges\"},\"image\":{\"@id\":\"https:\/\/econeteges.es\/#\/schema\/logo\/image\/\"},\"sameAs\":[\"https:\/\/www.instagram.com\/econeteges\/\"]}]}<\/script>\n<!-- \/ Yoast SEO plugin. -->","yoast_head_json":{"title":"Befree Greenfloor: Detergente suelos ecologico biodegradable y biol\u00f3gico. Friegasuelos ecofriendly 1 l. Jab\u00f3n ecol\u00f3gico concentrado. Propiedades enzim\u00e1ticas y abrillantadoras. Ecodise\u00f1o. - econeteges.es | empresa de limpieza","robots":{"index":"index","follow":"follow","max-snippet":"max-snippet:-1","max-image-preview":"max-image-preview:large","max-video-preview":"max-video-preview:-1"},"canonical":"https:\/\/econeteges.es\/ca\/producte\/befree-greenfloor-detergente-suelos-ecologico-biodegradable-y-biologico-friegasuelos-ecofriendly-1-l-jabon-ecologico-concentrado-propiedades-enzimaticas-y-abrillantadoras-ecodiseno\/","og_locale":"ca_ES","og_type":"article","og_title":"Befree Greenfloor: Detergente suelos ecologico biodegradable y biol\u00f3gico. Friegasuelos ecofriendly 1 l. Jab\u00f3n ecol\u00f3gico concentrado. Propiedades enzim\u00e1ticas y abrillantadoras. Ecodise\u00f1o. - econeteges.es | empresa de limpieza","og_description":"BIOL\u00d3GICO Y ECOL\u00d3GICO - Formulado con agentes biol\u00f3gicos enzim\u00e1tico. Con bajo impacto ambiental, fabricado con materias primas seguras para el medio ambiente. Certificado bajo norma ISO14006. Sin fosfatos ni biocidas. Ecodesign, el producto que menor impacto ambiental tiene del mercado, durante todo su ciclo de vida.   4 EN 1 \u2013 Limpia, higieniza, desengrasa y abrillanta; evita utilizar otros productos complementarios. Con agentes biol\u00f3gicos que aumentan el poder de limpieza. M\u00e1s eficaz que un producto de limpieza qu\u00edmico.   MENOS, ES M\u00c1S \u2013 Detergente concentrado, con una menor cantidad de producto conseguir\u00e1s una limpieza igual o superior. Envase de 1 litro que te servir\u00e1 para 50 cubos. Se recomienda usar medio tap\u00f3n (20 ml) para 5 litros de agua y en caso de suciedad persistente a\u00f1adir un tap\u00f3n completo (40 ml). No exceda la dosis recomendada.   TODO TIPO DE SUELOS \u2013 Limpiasuelos biodegradable apto para cualquier tipo de superficie. Para limpieza diaria de todo tipo de suelos: terraza, mosaico, plaqueta, cer\u00e1mica, gres\u2026 Escurrir bien la fregona antes de usar en suelos de madera. Realice una prueba antes de aplicar sobre superficies delicadas o da\u00f1adas.   NO-CORROSIVO, NO-INFLAMABLE, NO-T\u00d3XICO \u2013 Producto totalmente seguro, sin pictogramas de peligrosidad, no peligroso para la salud ni el medio ambiente. Apto para todo tipo de materiales y superficies. No contiene propelentes ni componentes met\u00e1licos, ni al\u00e9rgenos, ni fosfatos. No testado en animales.","og_url":"https:\/\/econeteges.es\/ca\/producte\/befree-greenfloor-detergente-suelos-ecologico-biodegradable-y-biologico-friegasuelos-ecofriendly-1-l-jabon-ecologico-concentrado-propiedades-enzimaticas-y-abrillantadoras-ecodiseno\/","og_site_name":"econeteges.es | empresa de limpieza","article_modified_time":"2021-06-14T15:48:57+00:00","og_image":[{"width":273,"height":900,"url":"https:\/\/econeteges.es\/wp-content\/uploads\/2021\/06\/greenfloor-limpiasuelos-1.jpg","type":"image\/jpeg"}],"twitter_card":"summary_large_image","twitter_misc":{"Temps estimat de lectura":"1 minut"},"schema":{"@context":"https:\/\/schema.org","@graph":[{"@type":"WebPage","@id":"https:\/\/econeteges.es\/ca\/producte\/befree-greenfloor-detergente-suelos-ecologico-biodegradable-y-biologico-friegasuelos-ecofriendly-1-l-jabon-ecologico-concentrado-propiedades-enzimaticas-y-abrillantadoras-ecodiseno\/","url":"https:\/\/econeteges.es\/ca\/producte\/befree-greenfloor-detergente-suelos-ecologico-biodegradable-y-biologico-friegasuelos-ecofriendly-1-l-jabon-ecologico-concentrado-propiedades-enzimaticas-y-abrillantadoras-ecodiseno\/","name":"Befree Greenfloor: Detergente suelos ecologico biodegradable y biol\u00f3gico. Friegasuelos ecofriendly 1 l. Jab\u00f3n ecol\u00f3gico concentrado. Propiedades enzim\u00e1ticas y abrillantadoras. Ecodise\u00f1o. - econeteges.es | empresa de limpieza","isPartOf":{"@id":"https:\/\/econeteges.es\/#website"},"primaryImageOfPage":{"@id":"https:\/\/econeteges.es\/ca\/producte\/befree-greenfloor-detergente-suelos-ecologico-biodegradable-y-biologico-friegasuelos-ecofriendly-1-l-jabon-ecologico-concentrado-propiedades-enzimaticas-y-abrillantadoras-ecodiseno\/#primaryimage"},"image":{"@id":"https:\/\/econeteges.es\/ca\/producte\/befree-greenfloor-detergente-suelos-ecologico-biodegradable-y-biologico-friegasuelos-ecofriendly-1-l-jabon-ecologico-concentrado-propiedades-enzimaticas-y-abrillantadoras-ecodiseno\/#primaryimage"},"thumbnailUrl":"https:\/\/econeteges.es\/wp-content\/uploads\/2021\/06\/greenfloor-limpiasuelos-1.jpg","datePublished":"2021-06-14T15:48:54+00:00","dateModified":"2021-06-14T15:48:57+00:00","breadcrumb":{"@id":"https:\/\/econeteges.es\/ca\/producte\/befree-greenfloor-detergente-suelos-ecologico-biodegradable-y-biologico-friegasuelos-ecofriendly-1-l-jabon-ecologico-concentrado-propiedades-enzimaticas-y-abrillantadoras-ecodiseno\/#breadcrumb"},"inLanguage":"ca","potentialAction":[{"@type":"ReadAction","target":["https:\/\/econeteges.es\/ca\/producte\/befree-greenfloor-detergente-suelos-ecologico-biodegradable-y-biologico-friegasuelos-ecofriendly-1-l-jabon-ecologico-concentrado-propiedades-enzimaticas-y-abrillantadoras-ecodiseno\/"]}]},{"@type":"ImageObject","inLanguage":"ca","@id":"https:\/\/econeteges.es\/ca\/producte\/befree-greenfloor-detergente-suelos-ecologico-biodegradable-y-biologico-friegasuelos-ecofriendly-1-l-jabon-ecologico-concentrado-propiedades-enzimaticas-y-abrillantadoras-ecodiseno\/#primaryimage","url":"https:\/\/econeteges.es\/wp-content\/uploads\/2021\/06\/greenfloor-limpiasuelos-1.jpg","contentUrl":"https:\/\/econeteges.es\/wp-content\/uploads\/2021\/06\/greenfloor-limpiasuelos-1.jpg","width":273,"height":900,"caption":"greenfloor limpiasuelos (1)"},{"@type":"BreadcrumbList","@id":"https:\/\/econeteges.es\/ca\/producte\/befree-greenfloor-detergente-suelos-ecologico-biodegradable-y-biologico-friegasuelos-ecofriendly-1-l-jabon-ecologico-concentrado-propiedades-enzimaticas-y-abrillantadoras-ecodiseno\/#breadcrumb","itemListElement":[{"@type":"ListItem","position":1,"name":"Portada","item":"https:\/\/econeteges.es\/"},{"@type":"ListItem","position":2,"name":"Tienda","item":"https:\/\/econeteges.es\/ca\/tienda\/"},{"@type":"ListItem","position":3,"name":"Befree Greenfloor: Detergente suelos ecologico biodegradable y biol\u00f3gico. Friegasuelos ecofriendly 1 l. Jab\u00f3n ecol\u00f3gico concentrado. Propiedades enzim\u00e1ticas y abrillantadoras. Ecodise\u00f1o."}]},{"@type":"WebSite","@id":"https:\/\/econeteges.es\/#website","url":"https:\/\/econeteges.es\/","name":"econeteges.es | empresa de limpieza","description":"Limpieza a domicilio | pulidos y abrillantados | mantenimiento de comunidades","publisher":{"@id":"https:\/\/econeteges.es\/#organization"},"potentialAction":[{"@type":"SearchAction","target":{"@type":"EntryPoint","urlTemplate":"https:\/\/econeteges.es\/?s={search_term_string}"},"query-input":"required name=search_term_string"}],"inLanguage":"ca"},{"@type":"Organization","@id":"https:\/\/econeteges.es\/#organization","name":"Econeteges","url":"https:\/\/econeteges.es\/","logo":{"@type":"ImageObject","inLanguage":"ca","@id":"https:\/\/econeteges.es\/#\/schema\/logo\/image\/","url":"https:\/\/econeteges.es\/wp-content\/uploads\/2020\/05\/nuestra-empresa_185260.jpg","contentUrl":"https:\/\/econeteges.es\/wp-content\/uploads\/2020\/05\/nuestra-empresa_185260.jpg","width":600,"height":600,"caption":"Econeteges"},"image":{"@id":"https:\/\/econeteges.es\/#\/schema\/logo\/image\/"},"sameAs":["https:\/\/www.instagram.com\/econeteges\/"]}]}},"_links":{"self":[{"href":"https:\/\/econeteges.es\/ca\/wp-json\/wp\/v2\/product\/1445"}],"collection":[{"href":"https:\/\/econeteges.es\/ca\/wp-json\/wp\/v2\/product"}],"about":[{"href":"https:\/\/econeteges.es\/ca\/wp-json\/wp\/v2\/types\/product"}],"wp:featuredmedia":[{"embeddable":true,"href":"https:\/\/econeteges.es\/ca\/wp-json\/wp\/v2\/media\/1446"}],"wp:attachment":[{"href":"https:\/\/econeteges.es\/ca\/wp-json\/wp\/v2\/media?parent=1445"}],"wp:term":[{"taxonomy":"product_cat","embeddable":true,"href":"https:\/\/econeteges.es\/ca\/wp-json\/wp\/v2\/product_cat?post=1445"},{"taxonomy":"product_tag","embeddable":true,"href":"https:\/\/econeteges.es\/ca\/wp-json\/wp\/v2\/product_tag?post=1445"}],"curies":[{"name":"wp","href":"https:\/\/api.w.org\/{rel}","templated":true}]}}