{"id":1456,"date":"2021-06-14T16:02:17","date_gmt":"2021-06-14T16:02:17","guid":{"rendered":"https:\/\/econeteges.es\/?post_type=product&#038;p=1456"},"modified":"2021-06-14T16:02:20","modified_gmt":"2021-06-14T16:02:20","slug":"bacterisan-desincrus-wc-ecologico-5l-limpiador-anti-calcareo-para-banos-profesional-concentrado-y-perfumado-5-ml","status":"publish","type":"product","link":"https:\/\/econeteges.es\/ca\/producte\/bacterisan-desincrus-wc-ecologico-5l-limpiador-anti-calcareo-para-banos-profesional-concentrado-y-perfumado-5-ml\/","title":{"rendered":"Bacterisan Desincrus Wc Ecol\u00f3gico 5L | Limpiador Anti Calc\u00e1reo Para Ba\u00f1os Profesional | Concentrado Y Perfumado 5 ml"},"content":{"rendered":"<h2>Bacterisan Desincrustante\u00a0 Wc Ecol\u00f3gico 5L | Limpiador Anti Calc\u00e1reo Para Ba\u00f1os Profesional | Concentrado Y Perfumado 5 ml<\/h2>\n<p>Limpiador desincrustante ecol\u00f3gico de uso profesional concentrado y perfumado para la limpieza y desodorizaci\u00f3n de los ba\u00f1os. Especialmente dise\u00f1ado para eliminar y prevenir la formaci\u00f3n de incrustaciones calcareas y dep\u00f3sitos de suciedad tanto mineral como org\u00e1nico-mineral en lavabos, ba\u00f1eras, grifer\u00eda, inodoros, mamparas, paredes, etc. Cumple con todos los requisitos de la etiqueta ecol\u00f3gica comunitaria de la Uni\u00f3n Europea Ecolabel. USO PURO: El producto no necesita diluci\u00f3n. Para su aplicaci\u00f3n, pulverizar el producto sobre las superficies a tratar dejando actuar unos instantes, limpiar con una bayeta y aclarar con agua.<\/p>","protected":false},"excerpt":{"rendered":"<ul class=\"a-unordered-list a-vertical a-spacing-mini\">\n<li><span class=\"a-list-item\"> Especialmente dise\u00f1ado para eliminar y prevenir la formaci\u00f3n de incrustaciones calcareas y dep\u00f3sitos de suciedad tanto mineral como org\u00e1nico-mineral. <\/span><\/li>\n<li><span class=\"a-list-item\"> USO PURO: El producto no necesita diluci\u00f3n. Para su aplicaci\u00f3n, pulverizar el producto sobre las superficies a tratar dejando actuar unos instantes, limpiar con una bayeta y aclarar con agua. <\/span><\/li>\n<li><span class=\"a-list-item\"> No da\u00f1a los cromados ni las superficies esmaltadas. <\/span><\/li>\n<li><span class=\"a-list-item\"> Desoxidante: act\u00faa r\u00e1pidamente sobre los restos de \u00f3xido de hierro existentes. <\/span><\/li>\n<li><span class=\"a-list-item\"> Desodorizante: act\u00faa sobre las suciedades causantes del mal olor dejando un agradable perfume. <\/span><\/li>\n<\/ul>","protected":false},"featured_media":1458,"template":"","meta":{"_et_pb_use_builder":"","_et_pb_old_content":"","_et_gb_content_width":""},"product_cat":[30],"product_tag":[],"yoast_head":"<!-- This site is optimized with the Yoast SEO plugin v22.3 - https:\/\/yoast.com\/wordpress\/plugins\/seo\/ -->\n<title>Bacterisan Desincrus Wc Ecol\u00f3gico 5L | Limpiador Anti Calc\u00e1reo Para Ba\u00f1os Profesional | Concentrado Y Perfumado 5 ml - econeteges.es | empresa de limpieza<\/title>\n<meta name=\"robots\" content=\"index, follow, max-snippet:-1, max-image-preview:large, max-video-preview:-1\" \/>\n<link rel=\"canonical\" href=\"https:\/\/econeteges.es\/ca\/producte\/bacterisan-desincrus-wc-ecologico-5l-limpiador-anti-calcareo-para-banos-profesional-concentrado-y-perfumado-5-ml\/\" \/>\n<meta property=\"og:locale\" content=\"ca_ES\" \/>\n<meta property=\"og:type\" content=\"article\" \/>\n<meta property=\"og:title\" content=\"Bacterisan Desincrus Wc Ecol\u00f3gico 5L | Limpiador Anti Calc\u00e1reo Para Ba\u00f1os Profesional | Concentrado Y Perfumado 5 ml - econeteges.es | empresa de limpieza\" \/>\n<meta property=\"og:description\" content=\"Especialmente dise\u00f1ado para eliminar y prevenir la formaci\u00f3n de incrustaciones calcareas y dep\u00f3sitos de suciedad tanto mineral como org\u00e1nico-mineral.   USO PURO: El producto no necesita diluci\u00f3n. Para su aplicaci\u00f3n, pulverizar el producto sobre las superficies a tratar dejando actuar unos instantes, limpiar con una bayeta y aclarar con agua.   No da\u00f1a los cromados ni las superficies esmaltadas.   Desoxidante: act\u00faa r\u00e1pidamente sobre los restos de \u00f3xido de hierro existentes.   Desodorizante: act\u00faa sobre las suciedades causantes del mal olor dejando un agradable perfume.\" \/>\n<meta property=\"og:url\" content=\"https:\/\/econeteges.es\/ca\/producte\/bacterisan-desincrus-wc-ecologico-5l-limpiador-anti-calcareo-para-banos-profesional-concentrado-y-perfumado-5-ml\/\" \/>\n<meta property=\"og:site_name\" content=\"econeteges.es | empresa de limpieza\" \/>\n<meta property=\"article:modified_time\" content=\"2021-06-14T16:02:20+00:00\" \/>\n<meta property=\"og:image\" content=\"https:\/\/econeteges.es\/wp-content\/uploads\/2021\/06\/desincrustante-calcaro-concentrado-ecologico-2.jpg\" \/>\n\t<meta property=\"og:image:width\" content=\"568\" \/>\n\t<meta property=\"og:image:height\" content=\"900\" \/>\n\t<meta property=\"og:image:type\" content=\"image\/jpeg\" \/>\n<meta name=\"twitter:card\" content=\"summary_large_image\" \/>\n<meta name=\"twitter:label1\" content=\"Temps estimat de lectura\" \/>\n\t<meta name=\"twitter:data1\" content=\"1 minut\" \/>\n<script type=\"application\/ld+json\" class=\"yoast-schema-graph\">{\"@context\":\"https:\/\/schema.org\",\"@graph\":[{\"@type\":\"WebPage\",\"@id\":\"https:\/\/econeteges.es\/ca\/producte\/bacterisan-desincrus-wc-ecologico-5l-limpiador-anti-calcareo-para-banos-profesional-concentrado-y-perfumado-5-ml\/\",\"url\":\"https:\/\/econeteges.es\/ca\/producte\/bacterisan-desincrus-wc-ecologico-5l-limpiador-anti-calcareo-para-banos-profesional-concentrado-y-perfumado-5-ml\/\",\"name\":\"Bacterisan Desincrus Wc Ecol\u00f3gico 5L | Limpiador Anti Calc\u00e1reo Para Ba\u00f1os Profesional | Concentrado Y Perfumado 5 ml - econeteges.es | empresa de limpieza\",\"isPartOf\":{\"@id\":\"https:\/\/econeteges.es\/#website\"},\"primaryImageOfPage\":{\"@id\":\"https:\/\/econeteges.es\/ca\/producte\/bacterisan-desincrus-wc-ecologico-5l-limpiador-anti-calcareo-para-banos-profesional-concentrado-y-perfumado-5-ml\/#primaryimage\"},\"image\":{\"@id\":\"https:\/\/econeteges.es\/ca\/producte\/bacterisan-desincrus-wc-ecologico-5l-limpiador-anti-calcareo-para-banos-profesional-concentrado-y-perfumado-5-ml\/#primaryimage\"},\"thumbnailUrl\":\"https:\/\/econeteges.es\/wp-content\/uploads\/2021\/06\/desincrustante-calcaro-concentrado-ecologico-2.jpg\",\"datePublished\":\"2021-06-14T16:02:17+00:00\",\"dateModified\":\"2021-06-14T16:02:20+00:00\",\"breadcrumb\":{\"@id\":\"https:\/\/econeteges.es\/ca\/producte\/bacterisan-desincrus-wc-ecologico-5l-limpiador-anti-calcareo-para-banos-profesional-concentrado-y-perfumado-5-ml\/#breadcrumb\"},\"inLanguage\":\"ca\",\"potentialAction\":[{\"@type\":\"ReadAction\",\"target\":[\"https:\/\/econeteges.es\/ca\/producte\/bacterisan-desincrus-wc-ecologico-5l-limpiador-anti-calcareo-para-banos-profesional-concentrado-y-perfumado-5-ml\/\"]}]},{\"@type\":\"ImageObject\",\"inLanguage\":\"ca\",\"@id\":\"https:\/\/econeteges.es\/ca\/producte\/bacterisan-desincrus-wc-ecologico-5l-limpiador-anti-calcareo-para-banos-profesional-concentrado-y-perfumado-5-ml\/#primaryimage\",\"url\":\"https:\/\/econeteges.es\/wp-content\/uploads\/2021\/06\/desincrustante-calcaro-concentrado-ecologico-2.jpg\",\"contentUrl\":\"https:\/\/econeteges.es\/wp-content\/uploads\/2021\/06\/desincrustante-calcaro-concentrado-ecologico-2.jpg\",\"width\":568,\"height\":900,\"caption\":\"desincrustante calcaro concentrado ecol\u00f3gico (2)\"},{\"@type\":\"BreadcrumbList\",\"@id\":\"https:\/\/econeteges.es\/ca\/producte\/bacterisan-desincrus-wc-ecologico-5l-limpiador-anti-calcareo-para-banos-profesional-concentrado-y-perfumado-5-ml\/#breadcrumb\",\"itemListElement\":[{\"@type\":\"ListItem\",\"position\":1,\"name\":\"Portada\",\"item\":\"https:\/\/econeteges.es\/\"},{\"@type\":\"ListItem\",\"position\":2,\"name\":\"Tienda\",\"item\":\"https:\/\/econeteges.es\/ca\/tienda\/\"},{\"@type\":\"ListItem\",\"position\":3,\"name\":\"Bacterisan Desincrus Wc Ecol\u00f3gico 5L | Limpiador Anti Calc\u00e1reo Para Ba\u00f1os Profesional | Concentrado Y Perfumado 5 ml\"}]},{\"@type\":\"WebSite\",\"@id\":\"https:\/\/econeteges.es\/#website\",\"url\":\"https:\/\/econeteges.es\/\",\"name\":\"econeteges.es | empresa de limpieza\",\"description\":\"Limpieza a domicilio | pulidos y abrillantados | mantenimiento de comunidades\",\"publisher\":{\"@id\":\"https:\/\/econeteges.es\/#organization\"},\"potentialAction\":[{\"@type\":\"SearchAction\",\"target\":{\"@type\":\"EntryPoint\",\"urlTemplate\":\"https:\/\/econeteges.es\/?s={search_term_string}\"},\"query-input\":\"required name=search_term_string\"}],\"inLanguage\":\"ca\"},{\"@type\":\"Organization\",\"@id\":\"https:\/\/econeteges.es\/#organization\",\"name\":\"Econeteges\",\"url\":\"https:\/\/econeteges.es\/\",\"logo\":{\"@type\":\"ImageObject\",\"inLanguage\":\"ca\",\"@id\":\"https:\/\/econeteges.es\/#\/schema\/logo\/image\/\",\"url\":\"https:\/\/econeteges.es\/wp-content\/uploads\/2020\/05\/nuestra-empresa_185260.jpg\",\"contentUrl\":\"https:\/\/econeteges.es\/wp-content\/uploads\/2020\/05\/nuestra-empresa_185260.jpg\",\"width\":600,\"height\":600,\"caption\":\"Econeteges\"},\"image\":{\"@id\":\"https:\/\/econeteges.es\/#\/schema\/logo\/image\/\"},\"sameAs\":[\"https:\/\/www.instagram.com\/econeteges\/\"]}]}<\/script>\n<!-- \/ Yoast SEO plugin. -->","yoast_head_json":{"title":"Bacterisan Desincrus Wc Ecol\u00f3gico 5L | Limpiador Anti Calc\u00e1reo Para Ba\u00f1os Profesional | Concentrado Y Perfumado 5 ml - econeteges.es | empresa de limpieza","robots":{"index":"index","follow":"follow","max-snippet":"max-snippet:-1","max-image-preview":"max-image-preview:large","max-video-preview":"max-video-preview:-1"},"canonical":"https:\/\/econeteges.es\/ca\/producte\/bacterisan-desincrus-wc-ecologico-5l-limpiador-anti-calcareo-para-banos-profesional-concentrado-y-perfumado-5-ml\/","og_locale":"ca_ES","og_type":"article","og_title":"Bacterisan Desincrus Wc Ecol\u00f3gico 5L | Limpiador Anti Calc\u00e1reo Para Ba\u00f1os Profesional | Concentrado Y Perfumado 5 ml - econeteges.es | empresa de limpieza","og_description":"Especialmente dise\u00f1ado para eliminar y prevenir la formaci\u00f3n de incrustaciones calcareas y dep\u00f3sitos de suciedad tanto mineral como org\u00e1nico-mineral.   USO PURO: El producto no necesita diluci\u00f3n. Para su aplicaci\u00f3n, pulverizar el producto sobre las superficies a tratar dejando actuar unos instantes, limpiar con una bayeta y aclarar con agua.   No da\u00f1a los cromados ni las superficies esmaltadas.   Desoxidante: act\u00faa r\u00e1pidamente sobre los restos de \u00f3xido de hierro existentes.   Desodorizante: act\u00faa sobre las suciedades causantes del mal olor dejando un agradable perfume.","og_url":"https:\/\/econeteges.es\/ca\/producte\/bacterisan-desincrus-wc-ecologico-5l-limpiador-anti-calcareo-para-banos-profesional-concentrado-y-perfumado-5-ml\/","og_site_name":"econeteges.es | empresa de limpieza","article_modified_time":"2021-06-14T16:02:20+00:00","og_image":[{"width":568,"height":900,"url":"https:\/\/econeteges.es\/wp-content\/uploads\/2021\/06\/desincrustante-calcaro-concentrado-ecologico-2.jpg","type":"image\/jpeg"}],"twitter_card":"summary_large_image","twitter_misc":{"Temps estimat de lectura":"1 minut"},"schema":{"@context":"https:\/\/schema.org","@graph":[{"@type":"WebPage","@id":"https:\/\/econeteges.es\/ca\/producte\/bacterisan-desincrus-wc-ecologico-5l-limpiador-anti-calcareo-para-banos-profesional-concentrado-y-perfumado-5-ml\/","url":"https:\/\/econeteges.es\/ca\/producte\/bacterisan-desincrus-wc-ecologico-5l-limpiador-anti-calcareo-para-banos-profesional-concentrado-y-perfumado-5-ml\/","name":"Bacterisan Desincrus Wc Ecol\u00f3gico 5L | Limpiador Anti Calc\u00e1reo Para Ba\u00f1os Profesional | Concentrado Y Perfumado 5 ml - econeteges.es | empresa de limpieza","isPartOf":{"@id":"https:\/\/econeteges.es\/#website"},"primaryImageOfPage":{"@id":"https:\/\/econeteges.es\/ca\/producte\/bacterisan-desincrus-wc-ecologico-5l-limpiador-anti-calcareo-para-banos-profesional-concentrado-y-perfumado-5-ml\/#primaryimage"},"image":{"@id":"https:\/\/econeteges.es\/ca\/producte\/bacterisan-desincrus-wc-ecologico-5l-limpiador-anti-calcareo-para-banos-profesional-concentrado-y-perfumado-5-ml\/#primaryimage"},"thumbnailUrl":"https:\/\/econeteges.es\/wp-content\/uploads\/2021\/06\/desincrustante-calcaro-concentrado-ecologico-2.jpg","datePublished":"2021-06-14T16:02:17+00:00","dateModified":"2021-06-14T16:02:20+00:00","breadcrumb":{"@id":"https:\/\/econeteges.es\/ca\/producte\/bacterisan-desincrus-wc-ecologico-5l-limpiador-anti-calcareo-para-banos-profesional-concentrado-y-perfumado-5-ml\/#breadcrumb"},"inLanguage":"ca","potentialAction":[{"@type":"ReadAction","target":["https:\/\/econeteges.es\/ca\/producte\/bacterisan-desincrus-wc-ecologico-5l-limpiador-anti-calcareo-para-banos-profesional-concentrado-y-perfumado-5-ml\/"]}]},{"@type":"ImageObject","inLanguage":"ca","@id":"https:\/\/econeteges.es\/ca\/producte\/bacterisan-desincrus-wc-ecologico-5l-limpiador-anti-calcareo-para-banos-profesional-concentrado-y-perfumado-5-ml\/#primaryimage","url":"https:\/\/econeteges.es\/wp-content\/uploads\/2021\/06\/desincrustante-calcaro-concentrado-ecologico-2.jpg","contentUrl":"https:\/\/econeteges.es\/wp-content\/uploads\/2021\/06\/desincrustante-calcaro-concentrado-ecologico-2.jpg","width":568,"height":900,"caption":"desincrustante calcaro concentrado ecol\u00f3gico (2)"},{"@type":"BreadcrumbList","@id":"https:\/\/econeteges.es\/ca\/producte\/bacterisan-desincrus-wc-ecologico-5l-limpiador-anti-calcareo-para-banos-profesional-concentrado-y-perfumado-5-ml\/#breadcrumb","itemListElement":[{"@type":"ListItem","position":1,"name":"Portada","item":"https:\/\/econeteges.es\/"},{"@type":"ListItem","position":2,"name":"Tienda","item":"https:\/\/econeteges.es\/ca\/tienda\/"},{"@type":"ListItem","position":3,"name":"Bacterisan Desincrus Wc Ecol\u00f3gico 5L | Limpiador Anti Calc\u00e1reo Para Ba\u00f1os Profesional | Concentrado Y Perfumado 5 ml"}]},{"@type":"WebSite","@id":"https:\/\/econeteges.es\/#website","url":"https:\/\/econeteges.es\/","name":"econeteges.es | empresa de limpieza","description":"Limpieza a domicilio | pulidos y abrillantados | mantenimiento de comunidades","publisher":{"@id":"https:\/\/econeteges.es\/#organization"},"potentialAction":[{"@type":"SearchAction","target":{"@type":"EntryPoint","urlTemplate":"https:\/\/econeteges.es\/?s={search_term_string}"},"query-input":"required name=search_term_string"}],"inLanguage":"ca"},{"@type":"Organization","@id":"https:\/\/econeteges.es\/#organization","name":"Econeteges","url":"https:\/\/econeteges.es\/","logo":{"@type":"ImageObject","inLanguage":"ca","@id":"https:\/\/econeteges.es\/#\/schema\/logo\/image\/","url":"https:\/\/econeteges.es\/wp-content\/uploads\/2020\/05\/nuestra-empresa_185260.jpg","contentUrl":"https:\/\/econeteges.es\/wp-content\/uploads\/2020\/05\/nuestra-empresa_185260.jpg","width":600,"height":600,"caption":"Econeteges"},"image":{"@id":"https:\/\/econeteges.es\/#\/schema\/logo\/image\/"},"sameAs":["https:\/\/www.instagram.com\/econeteges\/"]}]}},"_links":{"self":[{"href":"https:\/\/econeteges.es\/ca\/wp-json\/wp\/v2\/product\/1456"}],"collection":[{"href":"https:\/\/econeteges.es\/ca\/wp-json\/wp\/v2\/product"}],"about":[{"href":"https:\/\/econeteges.es\/ca\/wp-json\/wp\/v2\/types\/product"}],"wp:featuredmedia":[{"embeddable":true,"href":"https:\/\/econeteges.es\/ca\/wp-json\/wp\/v2\/media\/1458"}],"wp:attachment":[{"href":"https:\/\/econeteges.es\/ca\/wp-json\/wp\/v2\/media?parent=1456"}],"wp:term":[{"taxonomy":"product_cat","embeddable":true,"href":"https:\/\/econeteges.es\/ca\/wp-json\/wp\/v2\/product_cat?post=1456"},{"taxonomy":"product_tag","embeddable":true,"href":"https:\/\/econeteges.es\/ca\/wp-json\/wp\/v2\/product_tag?post=1456"}],"curies":[{"name":"wp","href":"https:\/\/api.w.org\/{rel}","templated":true}]}}