{"id":1461,"date":"2021-06-14T16:08:12","date_gmt":"2021-06-14T16:08:12","guid":{"rendered":"https:\/\/econeteges.es\/?post_type=product&#038;p=1461"},"modified":"2021-06-14T16:08:14","modified_gmt":"2021-06-14T16:08:14","slug":"tru-earth-tiras-ecologicas-de-detergente-para-ropa-sin-fragancia-sin-perfume-hojas-de-detergente-ecologico-ultraconcentrado-hipoalergenico-y-biodegradable-sin-plastico","status":"publish","type":"product","link":"https:\/\/econeteges.es\/ca\/producte\/tru-earth-tiras-ecologicas-de-detergente-para-ropa-sin-fragancia-sin-perfume-hojas-de-detergente-ecologico-ultraconcentrado-hipoalergenico-y-biodegradable-sin-plastico\/","title":{"rendered":"Tru Earth Tiras ecol\u00f3gicas de detergente para ropa (sin fragancia\/sin perfume), hojas de detergente ecol\u00f3gico ultraconcentrado hipoalerg\u00e9nico y biodegradable sin pl\u00e1stico"},"content":{"rendered":"<div id=\"productDescription\" class=\"a-section a-spacing-small\">\n<div class=\"disclaim\">Aroma: <strong>Sin perfumantes<\/strong><\/div>\n<p>Tru Earth Fragancia Eco-Strips hacen que la ropa sea tan simple como 1,2,3 :<\/p>\n<ol>\n<li>\u00a0Retira las tiras de detergente de la bolsa.<\/li>\n<li>\u00a0Coloca la tira en la lavadora (se derriten por completo en agua fr\u00eda o caliente)<\/li>\n<li>A\u00f1ade ropa<\/li>\n<\/ol>\n<p>Tru Earth Eco-Strips son la forma m\u00e1s inteligente de limpiar la ropa, punto. Nuestras s\u00e1banas de detergente ecol\u00f3gico envuelven ultra concentradas, hipoalerg\u00e9nicas, de potencia de limpieza en peque\u00f1as tiras de ropa premedidas, que solo se pueden meter en el lavado. Su f\u00f3rmula de baja sustracci\u00f3n funciona en todo tipo de lavadoras, incluyendo alta eficiencia (HE).<\/p>\n<p>La formulaci\u00f3n inteligente busca y desaloja eficazmente las mol\u00e9culas de suciedad y las manchas, manteni\u00e9ndolas en suspensi\u00f3n hasta que se enjuaguen. Hace que tu tarea de lavado de ropa sea m\u00e1s f\u00e1cil, m\u00e1s saludable, econ\u00f3mico y mucho m\u00e1s amable con nuestro planeta.<\/p>\n<p>Limpio, verde y simple.<\/p>\n<p>Certificaciones Tru Earth<br \/>\n&#8211; Sin parabenos.<br \/>\n&#8211; Sin fosfatos.<br \/>\n&#8211; Sin colorantes a\u00f1adidos.<br \/>\n&#8211; Libre de cloro.<br \/>\n&#8211; Libre de 1,4-dioxano, certificado por pruebas independientes de laboratorio<br \/>\n&#8211; Hipoalerg\u00e9nico, certificado por dermat\u00f3logos independientes.<br \/>\n&#8211; F\u00e1cilmente biodegradable de acuerdo con la OCDE 310D<br \/>\n&#8211; Vegano: sin ingredientes a base de animales ni pruebas en animales por nosotros o nuestros proveedores de ingredientes<\/p>\n<p>Dimensiones del paquete Tru Earth<br \/>\nLongitud: 22 cm.<br \/>\nAncho: 14 cm.<br \/>\nAltura: 2 cm.<\/p>\n<\/div>","protected":false},"excerpt":{"rendered":"<ul class=\"a-unordered-list a-vertical a-spacing-mini\">\n<li><span class=\"a-list-item\"> Suave para una piel sensible: nos enorgullecemos de la seguridad y la salud. Las tiras ecol\u00f3gicas Tru Earth sin fragancia son incre\u00edblemente convenientes, y tambi\u00e9n hipoalerg\u00e9nicas, veganas, libres de parabenos. Suficientemente suave para la piel m\u00e1s sensible. <\/span><\/li>\n<li><span class=\"a-list-item\"> 94% MENOS CONTAMINACI\u00d3N DE TRANSPORTE: el embalaje sin residuos de Tru Earth, compostable y sin pl\u00e1stico reduce el consumo de combustible de transporte y las emisiones de carbono que se calientan globalmente en un 94% en comparaci\u00f3n con el detergente l\u00edquido y polvo l\u00edder de la marca actual. <\/span><\/li>\n<li><span class=\"a-list-item\"> Sin medir, sin ensuciar. El detergente tradicional es desordenado y pierde mucho espacio. La medici\u00f3n del detergente casi siempre resulta en derrames. Con tiras ecol\u00f3gicas Tru Earth, 1 tira es igual a 1 carga. Sin mediciones y nada que derramar. <\/span><\/li>\n<li><span class=\"a-list-item\"> Potencia de limpieza sin compromiso: cada tira de detergente Tru Earth pesa solo 3 g, y contiene la misma potencia que 40 g de detergente l\u00edquido o polvo de alta calidad: elimina las manchas m\u00e1s duras, revela colores vibrantes y restaura los blancos radiantes. <\/span><\/li>\n<li><span class=\"a-list-item\"> No m\u00e1s espacio desperdiciado: las tiras ecol\u00f3gicas Tru Earth ahorran espacio con nuestro embalaje compacto ultra eficiente. 400 cargas de Tru Earth Eco-Strips ocupa el mismo espacio que una sola jarra de 100 cargas de detergente tradicional. <\/span><\/li>\n<\/ul>","protected":false},"featured_media":1462,"template":"","meta":{"_et_pb_use_builder":"","_et_pb_old_content":"","_et_gb_content_width":""},"product_cat":[30],"product_tag":[],"yoast_head":"<!-- This site is optimized with the Yoast SEO plugin v22.3 - https:\/\/yoast.com\/wordpress\/plugins\/seo\/ -->\n<title>Tru Earth Tiras ecol\u00f3gicas de detergente para ropa (sin fragancia\/sin perfume), hojas de detergente ecol\u00f3gico ultraconcentrado hipoalerg\u00e9nico y biodegradable sin pl\u00e1stico - econeteges.es | empresa de limpieza<\/title>\n<meta name=\"robots\" content=\"index, follow, max-snippet:-1, max-image-preview:large, max-video-preview:-1\" \/>\n<link rel=\"canonical\" href=\"https:\/\/econeteges.es\/ca\/producte\/tru-earth-tiras-ecologicas-de-detergente-para-ropa-sin-fragancia-sin-perfume-hojas-de-detergente-ecologico-ultraconcentrado-hipoalergenico-y-biodegradable-sin-plastico\/\" \/>\n<meta property=\"og:locale\" content=\"ca_ES\" \/>\n<meta property=\"og:type\" content=\"article\" \/>\n<meta property=\"og:title\" content=\"Tru Earth Tiras ecol\u00f3gicas de detergente para ropa (sin fragancia\/sin perfume), hojas de detergente ecol\u00f3gico ultraconcentrado hipoalerg\u00e9nico y biodegradable sin pl\u00e1stico - econeteges.es | empresa de limpieza\" \/>\n<meta property=\"og:description\" content=\"Suave para una piel sensible: nos enorgullecemos de la seguridad y la salud. Las tiras ecol\u00f3gicas Tru Earth sin fragancia son incre\u00edblemente convenientes, y tambi\u00e9n hipoalerg\u00e9nicas, veganas, libres de parabenos. Suficientemente suave para la piel m\u00e1s sensible.   94% MENOS CONTAMINACI\u00d3N DE TRANSPORTE: el embalaje sin residuos de Tru Earth, compostable y sin pl\u00e1stico reduce el consumo de combustible de transporte y las emisiones de carbono que se calientan globalmente en un 94% en comparaci\u00f3n con el detergente l\u00edquido y polvo l\u00edder de la marca actual.   Sin medir, sin ensuciar. El detergente tradicional es desordenado y pierde mucho espacio. La medici\u00f3n del detergente casi siempre resulta en derrames. Con tiras ecol\u00f3gicas Tru Earth, 1 tira es igual a 1 carga. Sin mediciones y nada que derramar.   Potencia de limpieza sin compromiso: cada tira de detergente Tru Earth pesa solo 3 g, y contiene la misma potencia que 40 g de detergente l\u00edquido o polvo de alta calidad: elimina las manchas m\u00e1s duras, revela colores vibrantes y restaura los blancos radiantes.   No m\u00e1s espacio desperdiciado: las tiras ecol\u00f3gicas Tru Earth ahorran espacio con nuestro embalaje compacto ultra eficiente. 400 cargas de Tru Earth Eco-Strips ocupa el mismo espacio que una sola jarra de 100 cargas de detergente tradicional.\" \/>\n<meta property=\"og:url\" content=\"https:\/\/econeteges.es\/ca\/producte\/tru-earth-tiras-ecologicas-de-detergente-para-ropa-sin-fragancia-sin-perfume-hojas-de-detergente-ecologico-ultraconcentrado-hipoalergenico-y-biodegradable-sin-plastico\/\" \/>\n<meta property=\"og:site_name\" content=\"econeteges.es | empresa de limpieza\" \/>\n<meta property=\"article:modified_time\" content=\"2021-06-14T16:08:14+00:00\" \/>\n<meta property=\"og:image\" content=\"https:\/\/econeteges.es\/wp-content\/uploads\/2021\/06\/tiras-ecologicas-de-deternte-de-ropa-tru-earth-1.jpg\" \/>\n\t<meta property=\"og:image:width\" content=\"694\" \/>\n\t<meta property=\"og:image:height\" content=\"900\" \/>\n\t<meta property=\"og:image:type\" content=\"image\/jpeg\" \/>\n<meta name=\"twitter:card\" content=\"summary_large_image\" \/>\n<meta name=\"twitter:label1\" content=\"Temps estimat de lectura\" \/>\n\t<meta name=\"twitter:data1\" content=\"1 minut\" \/>\n<script type=\"application\/ld+json\" class=\"yoast-schema-graph\">{\"@context\":\"https:\/\/schema.org\",\"@graph\":[{\"@type\":\"WebPage\",\"@id\":\"https:\/\/econeteges.es\/producto\/tru-earth-tiras-ecologicas-de-detergente-para-ropa-sin-fragancia-sin-perfume-hojas-de-detergente-ecologico-ultraconcentrado-hipoalergenico-y-biodegradable-sin-plastico\/\",\"url\":\"https:\/\/econeteges.es\/producto\/tru-earth-tiras-ecologicas-de-detergente-para-ropa-sin-fragancia-sin-perfume-hojas-de-detergente-ecologico-ultraconcentrado-hipoalergenico-y-biodegradable-sin-plastico\/\",\"name\":\"Tru Earth Tiras ecol\u00f3gicas de detergente para ropa (sin fragancia\/sin perfume), hojas de detergente ecol\u00f3gico ultraconcentrado hipoalerg\u00e9nico y biodegradable sin pl\u00e1stico - econeteges.es | empresa de limpieza\",\"isPartOf\":{\"@id\":\"https:\/\/econeteges.es\/#website\"},\"primaryImageOfPage\":{\"@id\":\"https:\/\/econeteges.es\/producto\/tru-earth-tiras-ecologicas-de-detergente-para-ropa-sin-fragancia-sin-perfume-hojas-de-detergente-ecologico-ultraconcentrado-hipoalergenico-y-biodegradable-sin-plastico\/#primaryimage\"},\"image\":{\"@id\":\"https:\/\/econeteges.es\/producto\/tru-earth-tiras-ecologicas-de-detergente-para-ropa-sin-fragancia-sin-perfume-hojas-de-detergente-ecologico-ultraconcentrado-hipoalergenico-y-biodegradable-sin-plastico\/#primaryimage\"},\"thumbnailUrl\":\"https:\/\/econeteges.es\/wp-content\/uploads\/2021\/06\/tiras-ecologicas-de-deternte-de-ropa-tru-earth-1.jpg\",\"datePublished\":\"2021-06-14T16:08:12+00:00\",\"dateModified\":\"2021-06-14T16:08:14+00:00\",\"breadcrumb\":{\"@id\":\"https:\/\/econeteges.es\/producto\/tru-earth-tiras-ecologicas-de-detergente-para-ropa-sin-fragancia-sin-perfume-hojas-de-detergente-ecologico-ultraconcentrado-hipoalergenico-y-biodegradable-sin-plastico\/#breadcrumb\"},\"inLanguage\":\"ca\",\"potentialAction\":[{\"@type\":\"ReadAction\",\"target\":[\"https:\/\/econeteges.es\/producto\/tru-earth-tiras-ecologicas-de-detergente-para-ropa-sin-fragancia-sin-perfume-hojas-de-detergente-ecologico-ultraconcentrado-hipoalergenico-y-biodegradable-sin-plastico\/\"]}]},{\"@type\":\"ImageObject\",\"inLanguage\":\"ca\",\"@id\":\"https:\/\/econeteges.es\/producto\/tru-earth-tiras-ecologicas-de-detergente-para-ropa-sin-fragancia-sin-perfume-hojas-de-detergente-ecologico-ultraconcentrado-hipoalergenico-y-biodegradable-sin-plastico\/#primaryimage\",\"url\":\"https:\/\/econeteges.es\/wp-content\/uploads\/2021\/06\/tiras-ecologicas-de-deternte-de-ropa-tru-earth-1.jpg\",\"contentUrl\":\"https:\/\/econeteges.es\/wp-content\/uploads\/2021\/06\/tiras-ecologicas-de-deternte-de-ropa-tru-earth-1.jpg\",\"width\":694,\"height\":900,\"caption\":\"tiras ecologicas de deternte de ropa tru earth (1)\"},{\"@type\":\"BreadcrumbList\",\"@id\":\"https:\/\/econeteges.es\/producto\/tru-earth-tiras-ecologicas-de-detergente-para-ropa-sin-fragancia-sin-perfume-hojas-de-detergente-ecologico-ultraconcentrado-hipoalergenico-y-biodegradable-sin-plastico\/#breadcrumb\",\"itemListElement\":[{\"@type\":\"ListItem\",\"position\":1,\"name\":\"Portada\",\"item\":\"https:\/\/econeteges.es\/\"},{\"@type\":\"ListItem\",\"position\":2,\"name\":\"Tienda\",\"item\":\"https:\/\/econeteges.es\/ca\/tienda\/\"},{\"@type\":\"ListItem\",\"position\":3,\"name\":\"Tru Earth Tiras ecol\u00f3gicas de detergente para ropa (sin fragancia\/sin perfume), hojas de detergente ecol\u00f3gico ultraconcentrado hipoalerg\u00e9nico y biodegradable sin pl\u00e1stico\"}]},{\"@type\":\"WebSite\",\"@id\":\"https:\/\/econeteges.es\/#website\",\"url\":\"https:\/\/econeteges.es\/\",\"name\":\"econeteges.es | empresa de limpieza\",\"description\":\"Limpieza a domicilio | pulidos y abrillantados | mantenimiento de comunidades\",\"publisher\":{\"@id\":\"https:\/\/econeteges.es\/#organization\"},\"potentialAction\":[{\"@type\":\"SearchAction\",\"target\":{\"@type\":\"EntryPoint\",\"urlTemplate\":\"https:\/\/econeteges.es\/?s={search_term_string}\"},\"query-input\":\"required name=search_term_string\"}],\"inLanguage\":\"ca\"},{\"@type\":\"Organization\",\"@id\":\"https:\/\/econeteges.es\/#organization\",\"name\":\"Econeteges\",\"url\":\"https:\/\/econeteges.es\/\",\"logo\":{\"@type\":\"ImageObject\",\"inLanguage\":\"ca\",\"@id\":\"https:\/\/econeteges.es\/#\/schema\/logo\/image\/\",\"url\":\"https:\/\/econeteges.es\/wp-content\/uploads\/2020\/05\/nuestra-empresa_185260.jpg\",\"contentUrl\":\"https:\/\/econeteges.es\/wp-content\/uploads\/2020\/05\/nuestra-empresa_185260.jpg\",\"width\":600,\"height\":600,\"caption\":\"Econeteges\"},\"image\":{\"@id\":\"https:\/\/econeteges.es\/#\/schema\/logo\/image\/\"},\"sameAs\":[\"https:\/\/www.instagram.com\/econeteges\/\"]}]}<\/script>\n<!-- \/ Yoast SEO plugin. -->","yoast_head_json":{"title":"Tru Earth Tiras ecol\u00f3gicas de detergente para ropa (sin fragancia\/sin perfume), hojas de detergente ecol\u00f3gico ultraconcentrado hipoalerg\u00e9nico y biodegradable sin pl\u00e1stico - econeteges.es | empresa de limpieza","robots":{"index":"index","follow":"follow","max-snippet":"max-snippet:-1","max-image-preview":"max-image-preview:large","max-video-preview":"max-video-preview:-1"},"canonical":"https:\/\/econeteges.es\/ca\/producte\/tru-earth-tiras-ecologicas-de-detergente-para-ropa-sin-fragancia-sin-perfume-hojas-de-detergente-ecologico-ultraconcentrado-hipoalergenico-y-biodegradable-sin-plastico\/","og_locale":"ca_ES","og_type":"article","og_title":"Tru Earth Tiras ecol\u00f3gicas de detergente para ropa (sin fragancia\/sin perfume), hojas de detergente ecol\u00f3gico ultraconcentrado hipoalerg\u00e9nico y biodegradable sin pl\u00e1stico - econeteges.es | empresa de limpieza","og_description":"Suave para una piel sensible: nos enorgullecemos de la seguridad y la salud. Las tiras ecol\u00f3gicas Tru Earth sin fragancia son incre\u00edblemente convenientes, y tambi\u00e9n hipoalerg\u00e9nicas, veganas, libres de parabenos. Suficientemente suave para la piel m\u00e1s sensible.   94% MENOS CONTAMINACI\u00d3N DE TRANSPORTE: el embalaje sin residuos de Tru Earth, compostable y sin pl\u00e1stico reduce el consumo de combustible de transporte y las emisiones de carbono que se calientan globalmente en un 94% en comparaci\u00f3n con el detergente l\u00edquido y polvo l\u00edder de la marca actual.   Sin medir, sin ensuciar. El detergente tradicional es desordenado y pierde mucho espacio. La medici\u00f3n del detergente casi siempre resulta en derrames. Con tiras ecol\u00f3gicas Tru Earth, 1 tira es igual a 1 carga. Sin mediciones y nada que derramar.   Potencia de limpieza sin compromiso: cada tira de detergente Tru Earth pesa solo 3 g, y contiene la misma potencia que 40 g de detergente l\u00edquido o polvo de alta calidad: elimina las manchas m\u00e1s duras, revela colores vibrantes y restaura los blancos radiantes.   No m\u00e1s espacio desperdiciado: las tiras ecol\u00f3gicas Tru Earth ahorran espacio con nuestro embalaje compacto ultra eficiente. 400 cargas de Tru Earth Eco-Strips ocupa el mismo espacio que una sola jarra de 100 cargas de detergente tradicional.","og_url":"https:\/\/econeteges.es\/ca\/producte\/tru-earth-tiras-ecologicas-de-detergente-para-ropa-sin-fragancia-sin-perfume-hojas-de-detergente-ecologico-ultraconcentrado-hipoalergenico-y-biodegradable-sin-plastico\/","og_site_name":"econeteges.es | empresa de limpieza","article_modified_time":"2021-06-14T16:08:14+00:00","og_image":[{"width":694,"height":900,"url":"https:\/\/econeteges.es\/wp-content\/uploads\/2021\/06\/tiras-ecologicas-de-deternte-de-ropa-tru-earth-1.jpg","type":"image\/jpeg"}],"twitter_card":"summary_large_image","twitter_misc":{"Temps estimat de lectura":"1 minut"},"schema":{"@context":"https:\/\/schema.org","@graph":[{"@type":"WebPage","@id":"https:\/\/econeteges.es\/producto\/tru-earth-tiras-ecologicas-de-detergente-para-ropa-sin-fragancia-sin-perfume-hojas-de-detergente-ecologico-ultraconcentrado-hipoalergenico-y-biodegradable-sin-plastico\/","url":"https:\/\/econeteges.es\/producto\/tru-earth-tiras-ecologicas-de-detergente-para-ropa-sin-fragancia-sin-perfume-hojas-de-detergente-ecologico-ultraconcentrado-hipoalergenico-y-biodegradable-sin-plastico\/","name":"Tru Earth Tiras ecol\u00f3gicas de detergente para ropa (sin fragancia\/sin perfume), hojas de detergente ecol\u00f3gico ultraconcentrado hipoalerg\u00e9nico y biodegradable sin pl\u00e1stico - econeteges.es | empresa de limpieza","isPartOf":{"@id":"https:\/\/econeteges.es\/#website"},"primaryImageOfPage":{"@id":"https:\/\/econeteges.es\/producto\/tru-earth-tiras-ecologicas-de-detergente-para-ropa-sin-fragancia-sin-perfume-hojas-de-detergente-ecologico-ultraconcentrado-hipoalergenico-y-biodegradable-sin-plastico\/#primaryimage"},"image":{"@id":"https:\/\/econeteges.es\/producto\/tru-earth-tiras-ecologicas-de-detergente-para-ropa-sin-fragancia-sin-perfume-hojas-de-detergente-ecologico-ultraconcentrado-hipoalergenico-y-biodegradable-sin-plastico\/#primaryimage"},"thumbnailUrl":"https:\/\/econeteges.es\/wp-content\/uploads\/2021\/06\/tiras-ecologicas-de-deternte-de-ropa-tru-earth-1.jpg","datePublished":"2021-06-14T16:08:12+00:00","dateModified":"2021-06-14T16:08:14+00:00","breadcrumb":{"@id":"https:\/\/econeteges.es\/producto\/tru-earth-tiras-ecologicas-de-detergente-para-ropa-sin-fragancia-sin-perfume-hojas-de-detergente-ecologico-ultraconcentrado-hipoalergenico-y-biodegradable-sin-plastico\/#breadcrumb"},"inLanguage":"ca","potentialAction":[{"@type":"ReadAction","target":["https:\/\/econeteges.es\/producto\/tru-earth-tiras-ecologicas-de-detergente-para-ropa-sin-fragancia-sin-perfume-hojas-de-detergente-ecologico-ultraconcentrado-hipoalergenico-y-biodegradable-sin-plastico\/"]}]},{"@type":"ImageObject","inLanguage":"ca","@id":"https:\/\/econeteges.es\/producto\/tru-earth-tiras-ecologicas-de-detergente-para-ropa-sin-fragancia-sin-perfume-hojas-de-detergente-ecologico-ultraconcentrado-hipoalergenico-y-biodegradable-sin-plastico\/#primaryimage","url":"https:\/\/econeteges.es\/wp-content\/uploads\/2021\/06\/tiras-ecologicas-de-deternte-de-ropa-tru-earth-1.jpg","contentUrl":"https:\/\/econeteges.es\/wp-content\/uploads\/2021\/06\/tiras-ecologicas-de-deternte-de-ropa-tru-earth-1.jpg","width":694,"height":900,"caption":"tiras ecologicas de deternte de ropa tru earth (1)"},{"@type":"BreadcrumbList","@id":"https:\/\/econeteges.es\/producto\/tru-earth-tiras-ecologicas-de-detergente-para-ropa-sin-fragancia-sin-perfume-hojas-de-detergente-ecologico-ultraconcentrado-hipoalergenico-y-biodegradable-sin-plastico\/#breadcrumb","itemListElement":[{"@type":"ListItem","position":1,"name":"Portada","item":"https:\/\/econeteges.es\/"},{"@type":"ListItem","position":2,"name":"Tienda","item":"https:\/\/econeteges.es\/ca\/tienda\/"},{"@type":"ListItem","position":3,"name":"Tru Earth Tiras ecol\u00f3gicas de detergente para ropa (sin fragancia\/sin perfume), hojas de detergente ecol\u00f3gico ultraconcentrado hipoalerg\u00e9nico y biodegradable sin pl\u00e1stico"}]},{"@type":"WebSite","@id":"https:\/\/econeteges.es\/#website","url":"https:\/\/econeteges.es\/","name":"econeteges.es | empresa de limpieza","description":"Limpieza a domicilio | pulidos y abrillantados | mantenimiento de comunidades","publisher":{"@id":"https:\/\/econeteges.es\/#organization"},"potentialAction":[{"@type":"SearchAction","target":{"@type":"EntryPoint","urlTemplate":"https:\/\/econeteges.es\/?s={search_term_string}"},"query-input":"required name=search_term_string"}],"inLanguage":"ca"},{"@type":"Organization","@id":"https:\/\/econeteges.es\/#organization","name":"Econeteges","url":"https:\/\/econeteges.es\/","logo":{"@type":"ImageObject","inLanguage":"ca","@id":"https:\/\/econeteges.es\/#\/schema\/logo\/image\/","url":"https:\/\/econeteges.es\/wp-content\/uploads\/2020\/05\/nuestra-empresa_185260.jpg","contentUrl":"https:\/\/econeteges.es\/wp-content\/uploads\/2020\/05\/nuestra-empresa_185260.jpg","width":600,"height":600,"caption":"Econeteges"},"image":{"@id":"https:\/\/econeteges.es\/#\/schema\/logo\/image\/"},"sameAs":["https:\/\/www.instagram.com\/econeteges\/"]}]}},"_links":{"self":[{"href":"https:\/\/econeteges.es\/ca\/wp-json\/wp\/v2\/product\/1461"}],"collection":[{"href":"https:\/\/econeteges.es\/ca\/wp-json\/wp\/v2\/product"}],"about":[{"href":"https:\/\/econeteges.es\/ca\/wp-json\/wp\/v2\/types\/product"}],"wp:featuredmedia":[{"embeddable":true,"href":"https:\/\/econeteges.es\/ca\/wp-json\/wp\/v2\/media\/1462"}],"wp:attachment":[{"href":"https:\/\/econeteges.es\/ca\/wp-json\/wp\/v2\/media?parent=1461"}],"wp:term":[{"taxonomy":"product_cat","embeddable":true,"href":"https:\/\/econeteges.es\/ca\/wp-json\/wp\/v2\/product_cat?post=1461"},{"taxonomy":"product_tag","embeddable":true,"href":"https:\/\/econeteges.es\/ca\/wp-json\/wp\/v2\/product_tag?post=1461"}],"curies":[{"name":"wp","href":"https:\/\/api.w.org\/{rel}","templated":true}]}}