{"id":1466,"date":"2021-06-14T16:11:48","date_gmt":"2021-06-14T16:11:48","guid":{"rendered":"https:\/\/econeteges.es\/?post_type=product&#038;p=1466"},"modified":"2021-06-15T07:56:59","modified_gmt":"2021-06-15T07:56:59","slug":"neutral-odors-eliminador-de-olores-multiusos-hogar-coche-tejidos-etc-750-ml","status":"publish","type":"product","link":"https:\/\/econeteges.es\/ca\/producte\/neutral-odors-eliminador-de-olores-multiusos-hogar-coche-tejidos-etc-750-ml\/","title":{"rendered":"NEUTRAL ODORS &#8211; Eliminador de Olores Multiusos (Hogar, coche, tejidos, etc.) &#8211; 750 ml"},"content":{"rendered":"<p>Potente eliminador de olores Multiusos. Nuestra f\u00f3rmula exclusiva elimina los malos olores de m\u00faltiples or\u00edgenes y tiene un amplio espectro de aplicaci\u00f3n: Hogar, ba\u00f1os, tejidos, alfombras, coches, tapicer\u00edas, etc.<\/p>\n<p>El producto tiene un ligero aroma a c\u00edtrico.<\/p>","protected":false},"excerpt":{"rendered":"<ul class=\"a-unordered-list a-vertical a-spacing-mini\">\n<li><span class=\"a-list-item\"> Elimina definitivamente malos olores. <\/span><\/li>\n<li><span class=\"a-list-item\"> Para aplicaci\u00f3n en coches y en el hogar. Utilizaci\u00f3n en tejidos, moquetas, jardines, coches neutralizando los malos olores que puedan surgir en el \u00e1mbito dom\u00e9stico. <\/span><\/li>\n<li><span class=\"a-list-item\"> Act\u00faa de manera r\u00e1pida y eficaz eliminando cualquier rastro de olores. Seguro para utilizaci\u00f3n en todos los ambientes. <\/span><\/li>\n<li><span class=\"a-list-item\"> Si tiene malos olores espec\u00edficos, consulte el resto de la gama de Neutral Odors. En esta se incluyen f\u00f3rmulas exclusivas de aplicaci\u00f3n a malos olores concretos. <\/span><\/li>\n<li><span class=\"a-list-item\"> Este producto se especializa en neutralizar y eliminar olores espec\u00edficos, no en difundir un compuesto arom\u00e1tico en el ambiente. Deja un ligero aroma a C\u00edtrico. <\/span><\/li>\n<\/ul>","protected":false},"featured_media":1467,"template":"","meta":{"_et_pb_use_builder":"","_et_pb_old_content":"","_et_gb_content_width":""},"product_cat":[37,30],"product_tag":[],"yoast_head":"<!-- This site is optimized with the Yoast SEO plugin v22.3 - https:\/\/yoast.com\/wordpress\/plugins\/seo\/ -->\n<title>NEUTRAL ODORS - Eliminador de Olores Multiusos (Hogar, coche, tejidos, etc.) - 750 ml - econeteges.es | empresa de limpieza<\/title>\n<meta name=\"robots\" content=\"index, follow, max-snippet:-1, max-image-preview:large, max-video-preview:-1\" \/>\n<link rel=\"canonical\" href=\"https:\/\/econeteges.es\/ca\/producte\/neutral-odors-eliminador-de-olores-multiusos-hogar-coche-tejidos-etc-750-ml\/\" \/>\n<meta property=\"og:locale\" content=\"ca_ES\" \/>\n<meta property=\"og:type\" content=\"article\" \/>\n<meta property=\"og:title\" content=\"NEUTRAL ODORS - Eliminador de Olores Multiusos (Hogar, coche, tejidos, etc.) - 750 ml - econeteges.es | empresa de limpieza\" \/>\n<meta property=\"og:description\" content=\"Elimina definitivamente malos olores.   Para aplicaci\u00f3n en coches y en el hogar. Utilizaci\u00f3n en tejidos, moquetas, jardines, coches neutralizando los malos olores que puedan surgir en el \u00e1mbito dom\u00e9stico.   Act\u00faa de manera r\u00e1pida y eficaz eliminando cualquier rastro de olores. Seguro para utilizaci\u00f3n en todos los ambientes.   Si tiene malos olores espec\u00edficos, consulte el resto de la gama de Neutral Odors. En esta se incluyen f\u00f3rmulas exclusivas de aplicaci\u00f3n a malos olores concretos.   Este producto se especializa en neutralizar y eliminar olores espec\u00edficos, no en difundir un compuesto arom\u00e1tico en el ambiente. Deja un ligero aroma a C\u00edtrico.\" \/>\n<meta property=\"og:url\" content=\"https:\/\/econeteges.es\/ca\/producte\/neutral-odors-eliminador-de-olores-multiusos-hogar-coche-tejidos-etc-750-ml\/\" \/>\n<meta property=\"og:site_name\" content=\"econeteges.es | empresa de limpieza\" \/>\n<meta property=\"article:modified_time\" content=\"2021-06-15T07:56:59+00:00\" \/>\n<meta property=\"og:image\" content=\"https:\/\/econeteges.es\/wp-content\/uploads\/2021\/06\/eliminador-de-olores-multiusos-1.jpg\" \/>\n\t<meta property=\"og:image:width\" content=\"247\" \/>\n\t<meta property=\"og:image:height\" content=\"919\" \/>\n\t<meta property=\"og:image:type\" content=\"image\/jpeg\" \/>\n<meta name=\"twitter:card\" content=\"summary_large_image\" \/>\n<meta name=\"twitter:label1\" content=\"Temps estimat de lectura\" \/>\n\t<meta name=\"twitter:data1\" content=\"1 minut\" \/>\n<script type=\"application\/ld+json\" class=\"yoast-schema-graph\">{\"@context\":\"https:\/\/schema.org\",\"@graph\":[{\"@type\":\"WebPage\",\"@id\":\"https:\/\/econeteges.es\/ca\/producte\/neutral-odors-eliminador-de-olores-multiusos-hogar-coche-tejidos-etc-750-ml\/\",\"url\":\"https:\/\/econeteges.es\/ca\/producte\/neutral-odors-eliminador-de-olores-multiusos-hogar-coche-tejidos-etc-750-ml\/\",\"name\":\"NEUTRAL ODORS - Eliminador de Olores Multiusos (Hogar, coche, tejidos, etc.) - 750 ml - econeteges.es | empresa de limpieza\",\"isPartOf\":{\"@id\":\"https:\/\/econeteges.es\/#website\"},\"primaryImageOfPage\":{\"@id\":\"https:\/\/econeteges.es\/ca\/producte\/neutral-odors-eliminador-de-olores-multiusos-hogar-coche-tejidos-etc-750-ml\/#primaryimage\"},\"image\":{\"@id\":\"https:\/\/econeteges.es\/ca\/producte\/neutral-odors-eliminador-de-olores-multiusos-hogar-coche-tejidos-etc-750-ml\/#primaryimage\"},\"thumbnailUrl\":\"https:\/\/econeteges.es\/wp-content\/uploads\/2021\/06\/eliminador-de-olores-multiusos-1.jpg\",\"datePublished\":\"2021-06-14T16:11:48+00:00\",\"dateModified\":\"2021-06-15T07:56:59+00:00\",\"breadcrumb\":{\"@id\":\"https:\/\/econeteges.es\/ca\/producte\/neutral-odors-eliminador-de-olores-multiusos-hogar-coche-tejidos-etc-750-ml\/#breadcrumb\"},\"inLanguage\":\"ca\",\"potentialAction\":[{\"@type\":\"ReadAction\",\"target\":[\"https:\/\/econeteges.es\/ca\/producte\/neutral-odors-eliminador-de-olores-multiusos-hogar-coche-tejidos-etc-750-ml\/\"]}]},{\"@type\":\"ImageObject\",\"inLanguage\":\"ca\",\"@id\":\"https:\/\/econeteges.es\/ca\/producte\/neutral-odors-eliminador-de-olores-multiusos-hogar-coche-tejidos-etc-750-ml\/#primaryimage\",\"url\":\"https:\/\/econeteges.es\/wp-content\/uploads\/2021\/06\/eliminador-de-olores-multiusos-1.jpg\",\"contentUrl\":\"https:\/\/econeteges.es\/wp-content\/uploads\/2021\/06\/eliminador-de-olores-multiusos-1.jpg\",\"width\":247,\"height\":919,\"caption\":\"eliminador de olores multiusos (1)\"},{\"@type\":\"BreadcrumbList\",\"@id\":\"https:\/\/econeteges.es\/ca\/producte\/neutral-odors-eliminador-de-olores-multiusos-hogar-coche-tejidos-etc-750-ml\/#breadcrumb\",\"itemListElement\":[{\"@type\":\"ListItem\",\"position\":1,\"name\":\"Portada\",\"item\":\"https:\/\/econeteges.es\/\"},{\"@type\":\"ListItem\",\"position\":2,\"name\":\"Tienda\",\"item\":\"https:\/\/econeteges.es\/ca\/tienda\/\"},{\"@type\":\"ListItem\",\"position\":3,\"name\":\"NEUTRAL ODORS &#8211; Eliminador de Olores Multiusos (Hogar, coche, tejidos, etc.) &#8211; 750 ml\"}]},{\"@type\":\"WebSite\",\"@id\":\"https:\/\/econeteges.es\/#website\",\"url\":\"https:\/\/econeteges.es\/\",\"name\":\"econeteges.es | empresa de limpieza\",\"description\":\"Limpieza a domicilio | pulidos y abrillantados | mantenimiento de comunidades\",\"publisher\":{\"@id\":\"https:\/\/econeteges.es\/#organization\"},\"potentialAction\":[{\"@type\":\"SearchAction\",\"target\":{\"@type\":\"EntryPoint\",\"urlTemplate\":\"https:\/\/econeteges.es\/?s={search_term_string}\"},\"query-input\":\"required name=search_term_string\"}],\"inLanguage\":\"ca\"},{\"@type\":\"Organization\",\"@id\":\"https:\/\/econeteges.es\/#organization\",\"name\":\"Econeteges\",\"url\":\"https:\/\/econeteges.es\/\",\"logo\":{\"@type\":\"ImageObject\",\"inLanguage\":\"ca\",\"@id\":\"https:\/\/econeteges.es\/#\/schema\/logo\/image\/\",\"url\":\"https:\/\/econeteges.es\/wp-content\/uploads\/2020\/05\/nuestra-empresa_185260.jpg\",\"contentUrl\":\"https:\/\/econeteges.es\/wp-content\/uploads\/2020\/05\/nuestra-empresa_185260.jpg\",\"width\":600,\"height\":600,\"caption\":\"Econeteges\"},\"image\":{\"@id\":\"https:\/\/econeteges.es\/#\/schema\/logo\/image\/\"},\"sameAs\":[\"https:\/\/www.instagram.com\/econeteges\/\"]}]}<\/script>\n<!-- \/ Yoast SEO plugin. -->","yoast_head_json":{"title":"NEUTRAL ODORS - Eliminador de Olores Multiusos (Hogar, coche, tejidos, etc.) - 750 ml - econeteges.es | empresa de limpieza","robots":{"index":"index","follow":"follow","max-snippet":"max-snippet:-1","max-image-preview":"max-image-preview:large","max-video-preview":"max-video-preview:-1"},"canonical":"https:\/\/econeteges.es\/ca\/producte\/neutral-odors-eliminador-de-olores-multiusos-hogar-coche-tejidos-etc-750-ml\/","og_locale":"ca_ES","og_type":"article","og_title":"NEUTRAL ODORS - Eliminador de Olores Multiusos (Hogar, coche, tejidos, etc.) - 750 ml - econeteges.es | empresa de limpieza","og_description":"Elimina definitivamente malos olores.   Para aplicaci\u00f3n en coches y en el hogar. Utilizaci\u00f3n en tejidos, moquetas, jardines, coches neutralizando los malos olores que puedan surgir en el \u00e1mbito dom\u00e9stico.   Act\u00faa de manera r\u00e1pida y eficaz eliminando cualquier rastro de olores. Seguro para utilizaci\u00f3n en todos los ambientes.   Si tiene malos olores espec\u00edficos, consulte el resto de la gama de Neutral Odors. En esta se incluyen f\u00f3rmulas exclusivas de aplicaci\u00f3n a malos olores concretos.   Este producto se especializa en neutralizar y eliminar olores espec\u00edficos, no en difundir un compuesto arom\u00e1tico en el ambiente. Deja un ligero aroma a C\u00edtrico.","og_url":"https:\/\/econeteges.es\/ca\/producte\/neutral-odors-eliminador-de-olores-multiusos-hogar-coche-tejidos-etc-750-ml\/","og_site_name":"econeteges.es | empresa de limpieza","article_modified_time":"2021-06-15T07:56:59+00:00","og_image":[{"width":247,"height":919,"url":"https:\/\/econeteges.es\/wp-content\/uploads\/2021\/06\/eliminador-de-olores-multiusos-1.jpg","type":"image\/jpeg"}],"twitter_card":"summary_large_image","twitter_misc":{"Temps estimat de lectura":"1 minut"},"schema":{"@context":"https:\/\/schema.org","@graph":[{"@type":"WebPage","@id":"https:\/\/econeteges.es\/ca\/producte\/neutral-odors-eliminador-de-olores-multiusos-hogar-coche-tejidos-etc-750-ml\/","url":"https:\/\/econeteges.es\/ca\/producte\/neutral-odors-eliminador-de-olores-multiusos-hogar-coche-tejidos-etc-750-ml\/","name":"NEUTRAL ODORS - Eliminador de Olores Multiusos (Hogar, coche, tejidos, etc.) - 750 ml - econeteges.es | empresa de limpieza","isPartOf":{"@id":"https:\/\/econeteges.es\/#website"},"primaryImageOfPage":{"@id":"https:\/\/econeteges.es\/ca\/producte\/neutral-odors-eliminador-de-olores-multiusos-hogar-coche-tejidos-etc-750-ml\/#primaryimage"},"image":{"@id":"https:\/\/econeteges.es\/ca\/producte\/neutral-odors-eliminador-de-olores-multiusos-hogar-coche-tejidos-etc-750-ml\/#primaryimage"},"thumbnailUrl":"https:\/\/econeteges.es\/wp-content\/uploads\/2021\/06\/eliminador-de-olores-multiusos-1.jpg","datePublished":"2021-06-14T16:11:48+00:00","dateModified":"2021-06-15T07:56:59+00:00","breadcrumb":{"@id":"https:\/\/econeteges.es\/ca\/producte\/neutral-odors-eliminador-de-olores-multiusos-hogar-coche-tejidos-etc-750-ml\/#breadcrumb"},"inLanguage":"ca","potentialAction":[{"@type":"ReadAction","target":["https:\/\/econeteges.es\/ca\/producte\/neutral-odors-eliminador-de-olores-multiusos-hogar-coche-tejidos-etc-750-ml\/"]}]},{"@type":"ImageObject","inLanguage":"ca","@id":"https:\/\/econeteges.es\/ca\/producte\/neutral-odors-eliminador-de-olores-multiusos-hogar-coche-tejidos-etc-750-ml\/#primaryimage","url":"https:\/\/econeteges.es\/wp-content\/uploads\/2021\/06\/eliminador-de-olores-multiusos-1.jpg","contentUrl":"https:\/\/econeteges.es\/wp-content\/uploads\/2021\/06\/eliminador-de-olores-multiusos-1.jpg","width":247,"height":919,"caption":"eliminador de olores multiusos (1)"},{"@type":"BreadcrumbList","@id":"https:\/\/econeteges.es\/ca\/producte\/neutral-odors-eliminador-de-olores-multiusos-hogar-coche-tejidos-etc-750-ml\/#breadcrumb","itemListElement":[{"@type":"ListItem","position":1,"name":"Portada","item":"https:\/\/econeteges.es\/"},{"@type":"ListItem","position":2,"name":"Tienda","item":"https:\/\/econeteges.es\/ca\/tienda\/"},{"@type":"ListItem","position":3,"name":"NEUTRAL ODORS &#8211; Eliminador de Olores Multiusos (Hogar, coche, tejidos, etc.) &#8211; 750 ml"}]},{"@type":"WebSite","@id":"https:\/\/econeteges.es\/#website","url":"https:\/\/econeteges.es\/","name":"econeteges.es | empresa de limpieza","description":"Limpieza a domicilio | pulidos y abrillantados | mantenimiento de comunidades","publisher":{"@id":"https:\/\/econeteges.es\/#organization"},"potentialAction":[{"@type":"SearchAction","target":{"@type":"EntryPoint","urlTemplate":"https:\/\/econeteges.es\/?s={search_term_string}"},"query-input":"required name=search_term_string"}],"inLanguage":"ca"},{"@type":"Organization","@id":"https:\/\/econeteges.es\/#organization","name":"Econeteges","url":"https:\/\/econeteges.es\/","logo":{"@type":"ImageObject","inLanguage":"ca","@id":"https:\/\/econeteges.es\/#\/schema\/logo\/image\/","url":"https:\/\/econeteges.es\/wp-content\/uploads\/2020\/05\/nuestra-empresa_185260.jpg","contentUrl":"https:\/\/econeteges.es\/wp-content\/uploads\/2020\/05\/nuestra-empresa_185260.jpg","width":600,"height":600,"caption":"Econeteges"},"image":{"@id":"https:\/\/econeteges.es\/#\/schema\/logo\/image\/"},"sameAs":["https:\/\/www.instagram.com\/econeteges\/"]}]}},"_links":{"self":[{"href":"https:\/\/econeteges.es\/ca\/wp-json\/wp\/v2\/product\/1466"}],"collection":[{"href":"https:\/\/econeteges.es\/ca\/wp-json\/wp\/v2\/product"}],"about":[{"href":"https:\/\/econeteges.es\/ca\/wp-json\/wp\/v2\/types\/product"}],"wp:featuredmedia":[{"embeddable":true,"href":"https:\/\/econeteges.es\/ca\/wp-json\/wp\/v2\/media\/1467"}],"wp:attachment":[{"href":"https:\/\/econeteges.es\/ca\/wp-json\/wp\/v2\/media?parent=1466"}],"wp:term":[{"taxonomy":"product_cat","embeddable":true,"href":"https:\/\/econeteges.es\/ca\/wp-json\/wp\/v2\/product_cat?post=1466"},{"taxonomy":"product_tag","embeddable":true,"href":"https:\/\/econeteges.es\/ca\/wp-json\/wp\/v2\/product_tag?post=1466"}],"curies":[{"name":"wp","href":"https:\/\/api.w.org\/{rel}","templated":true}]}}