{"id":1471,"date":"2021-06-14T16:15:04","date_gmt":"2021-06-14T16:15:04","guid":{"rendered":"https:\/\/econeteges.es\/?post_type=product&#038;p=1471"},"modified":"2021-06-15T07:56:57","modified_gmt":"2021-06-15T07:56:57","slug":"lote-3-sprays-neutralizadores-de-olores-freshwave-250ml","status":"publish","type":"product","link":"https:\/\/econeteges.es\/ca\/producte\/lote-3-sprays-neutralizadores-de-olores-freshwave-250ml\/","title":{"rendered":"Lote 3 Sprays Neutralizadores de Olores freshwave\u00ae 250ml"},"content":{"rendered":"<h3 class=\"a-spacing-mini\">BYE BYE OLORES CON FRESHWAVE<\/h3>\n<p class=\"a-spacing-base\"><span class=\"a-text-bold\">Los neutralizadores de olor Freshwave Bye bye olores<\/span> <span class=\"a-text-bold\">eliminan de manera r\u00e1pida y eficaz los olores desagradables<\/span> del ambiente, la ropa y los tejidos del hogar.<\/p>\n<p class=\"a-spacing-base\">Freshwave no enmascara ni disimula los olores, los absorbe y los elimina definitivamente gracias a la f\u00f3rmula cient\u00edficamente testada. Contiene una gran variedad de ingredientes naturales: extractos de lima, hoja de pino, an\u00eds, clavo y cedro. Por eso, y porque Freshwave no es un ambientador, los productos emiten una suave y fresca fragancia que desaparece al cabo de pocos segundos, cuando el olor ya ha sido eliminado.<\/p>\n<h2>ELIMINA LOS OLORES M\u00c1S DESAGRADABLES<\/h2>\n<p>olor comida; olores cocina; comida; cocinar; freshwave<\/p>\n<p>ropa sucia; olor ropa sucia; olor zapatos; olor zapatillas; olor deportivas; freshwave<\/p>\n<p>mascotas; olor mascotas; olor perro; olor animales; freshwave<\/p>\n<p>olor tabaco; olor fumadores; eliminar olor a tabaco; freshwave<\/p>\n<h3>\nALIMENTOS<\/h3>\n<p>Los olores de los alimentos al ser cocinados provocan olores muchas veces desagradables y que permacen en la cocina y el resto de estancias de la casa. \u00a1Elim\u00ednalos con Freshwave!<\/p>\n<h3>ROPA Y ZAPATOS<\/h3>\n<p>La ropa sucia y los zapatos pueden generar olores fuertes y persistentes. Utiliza los productos Freshwave para eliminar los olores m\u00e1s resistentes y para almacenar la ropa libre de olores desagradables. \u00a1Bye bye olores!<\/p>\n<h3>MASCOTAS<\/h3>\n<p>Nuestras mascotas pueden generar olores en su cama, en el sof\u00e1 y en las diferentes estancias de la casa.<\/p>\n<p>\u00a1Elimina los olores con Freshwave y disfruta de tu mascota!<\/p>\n<h3>TABACO<\/h3>\n<p>El olor a tabaco se impregna en tejidos y permanece en el ambiente.<\/p>\n<p>\u00a1Olv\u00eddate del desagradable olor del tabaco con Freshwave!<\/p>\n<p>&nbsp;<\/p>\n<div class=\"apm-sidemodule-textright\">\n<h3 class=\"a-spacing-mini\">HUMEX<\/h3>\n<p>Humex. empresa familiar fundada en 1986, con sede en Espa\u00f1a y representaci\u00f3n en Alemania y EE.UU., somos especialistas en dise\u00f1o, producci\u00f3n y comercializaci\u00f3n de productos antihumedad y neutralizadores de olor.<\/p>\n<p>\u00a1M\u00e1s de 30 a\u00f1os creando buen ambiente en tu hogar!<\/p>\n<\/div>","protected":false},"excerpt":{"rendered":"<ul class=\"a-unordered-list a-vertical a-spacing-mini\">\n<li><span class=\"a-list-item\"> Oferta: 3 Sprays freshwave 250ml con un 10% de descuento. <\/span><\/li>\n<li><span class=\"a-list-item\"> Soluci\u00f3n inmediata contra los malos olores presentes en tejidos y en el ambiente. <\/span><\/li>\n<li><span class=\"a-list-item\"> No enmascara ni disimula el mal olor. Lo elimina definitivamente. <\/span><\/li>\n<li><span class=\"a-list-item\"> La f\u00f3rmula freshwave contiene mol\u00e9culas activas que atrapan y eliminan las part\u00edculas del mal olor. <\/span><\/li>\n<li><span class=\"a-list-item\"> F\u00f3rmula profesional. Eficacia comprobada. Contenido: 250ml <\/span><\/li>\n<\/ul>","protected":false},"featured_media":1472,"template":"","meta":{"_et_pb_use_builder":"","_et_pb_old_content":"","_et_gb_content_width":""},"product_cat":[37,30],"product_tag":[],"yoast_head":"<!-- This site is optimized with the Yoast SEO plugin v22.3 - https:\/\/yoast.com\/wordpress\/plugins\/seo\/ -->\n<title>Lote 3 Sprays Neutralizadores de Olores freshwave\u00ae 250ml - econeteges.es | empresa de limpieza<\/title>\n<meta name=\"robots\" content=\"index, follow, max-snippet:-1, max-image-preview:large, max-video-preview:-1\" \/>\n<link rel=\"canonical\" href=\"https:\/\/econeteges.es\/ca\/producte\/lote-3-sprays-neutralizadores-de-olores-freshwave-250ml\/\" \/>\n<meta property=\"og:locale\" content=\"ca_ES\" \/>\n<meta property=\"og:type\" content=\"article\" \/>\n<meta property=\"og:title\" content=\"Lote 3 Sprays Neutralizadores de Olores freshwave\u00ae 250ml - econeteges.es | empresa de limpieza\" \/>\n<meta property=\"og:description\" content=\"Oferta: 3 Sprays freshwave 250ml con un 10% de descuento.   Soluci\u00f3n inmediata contra los malos olores presentes en tejidos y en el ambiente.   No enmascara ni disimula el mal olor. Lo elimina definitivamente.   La f\u00f3rmula freshwave contiene mol\u00e9culas activas que atrapan y eliminan las part\u00edculas del mal olor.   F\u00f3rmula profesional. Eficacia comprobada. Contenido: 250ml\" \/>\n<meta property=\"og:url\" content=\"https:\/\/econeteges.es\/ca\/producte\/lote-3-sprays-neutralizadores-de-olores-freshwave-250ml\/\" \/>\n<meta property=\"og:site_name\" content=\"econeteges.es | empresa de limpieza\" \/>\n<meta property=\"article:modified_time\" content=\"2021-06-15T07:56:57+00:00\" \/>\n<meta property=\"og:image\" content=\"https:\/\/econeteges.es\/wp-content\/uploads\/2021\/06\/neutralizadores-de-olores-freshwave-3x-250ml.jpg\" \/>\n\t<meta property=\"og:image:width\" content=\"749\" \/>\n\t<meta property=\"og:image:height\" content=\"900\" \/>\n\t<meta property=\"og:image:type\" content=\"image\/jpeg\" \/>\n<meta name=\"twitter:card\" content=\"summary_large_image\" \/>\n<meta name=\"twitter:label1\" content=\"Temps estimat de lectura\" \/>\n\t<meta name=\"twitter:data1\" content=\"2 minuts\" \/>\n<script type=\"application\/ld+json\" class=\"yoast-schema-graph\">{\"@context\":\"https:\/\/schema.org\",\"@graph\":[{\"@type\":\"WebPage\",\"@id\":\"https:\/\/econeteges.es\/ca\/producte\/lote-3-sprays-neutralizadores-de-olores-freshwave-250ml\/\",\"url\":\"https:\/\/econeteges.es\/ca\/producte\/lote-3-sprays-neutralizadores-de-olores-freshwave-250ml\/\",\"name\":\"Lote 3 Sprays Neutralizadores de Olores freshwave\u00ae 250ml - econeteges.es | empresa de limpieza\",\"isPartOf\":{\"@id\":\"https:\/\/econeteges.es\/#website\"},\"primaryImageOfPage\":{\"@id\":\"https:\/\/econeteges.es\/ca\/producte\/lote-3-sprays-neutralizadores-de-olores-freshwave-250ml\/#primaryimage\"},\"image\":{\"@id\":\"https:\/\/econeteges.es\/ca\/producte\/lote-3-sprays-neutralizadores-de-olores-freshwave-250ml\/#primaryimage\"},\"thumbnailUrl\":\"https:\/\/econeteges.es\/wp-content\/uploads\/2021\/06\/neutralizadores-de-olores-freshwave-3x-250ml.jpg\",\"datePublished\":\"2021-06-14T16:15:04+00:00\",\"dateModified\":\"2021-06-15T07:56:57+00:00\",\"breadcrumb\":{\"@id\":\"https:\/\/econeteges.es\/ca\/producte\/lote-3-sprays-neutralizadores-de-olores-freshwave-250ml\/#breadcrumb\"},\"inLanguage\":\"ca\",\"potentialAction\":[{\"@type\":\"ReadAction\",\"target\":[\"https:\/\/econeteges.es\/ca\/producte\/lote-3-sprays-neutralizadores-de-olores-freshwave-250ml\/\"]}]},{\"@type\":\"ImageObject\",\"inLanguage\":\"ca\",\"@id\":\"https:\/\/econeteges.es\/ca\/producte\/lote-3-sprays-neutralizadores-de-olores-freshwave-250ml\/#primaryimage\",\"url\":\"https:\/\/econeteges.es\/wp-content\/uploads\/2021\/06\/neutralizadores-de-olores-freshwave-3x-250ml.jpg\",\"contentUrl\":\"https:\/\/econeteges.es\/wp-content\/uploads\/2021\/06\/neutralizadores-de-olores-freshwave-3x-250ml.jpg\",\"width\":749,\"height\":900,\"caption\":\"neutralizadores de olores freshwave 3x 250ml\"},{\"@type\":\"BreadcrumbList\",\"@id\":\"https:\/\/econeteges.es\/ca\/producte\/lote-3-sprays-neutralizadores-de-olores-freshwave-250ml\/#breadcrumb\",\"itemListElement\":[{\"@type\":\"ListItem\",\"position\":1,\"name\":\"Portada\",\"item\":\"https:\/\/econeteges.es\/\"},{\"@type\":\"ListItem\",\"position\":2,\"name\":\"Tienda\",\"item\":\"https:\/\/econeteges.es\/ca\/tienda\/\"},{\"@type\":\"ListItem\",\"position\":3,\"name\":\"Lote 3 Sprays Neutralizadores de Olores freshwave\u00ae 250ml\"}]},{\"@type\":\"WebSite\",\"@id\":\"https:\/\/econeteges.es\/#website\",\"url\":\"https:\/\/econeteges.es\/\",\"name\":\"econeteges.es | empresa de limpieza\",\"description\":\"Limpieza a domicilio | pulidos y abrillantados | mantenimiento de comunidades\",\"publisher\":{\"@id\":\"https:\/\/econeteges.es\/#organization\"},\"potentialAction\":[{\"@type\":\"SearchAction\",\"target\":{\"@type\":\"EntryPoint\",\"urlTemplate\":\"https:\/\/econeteges.es\/?s={search_term_string}\"},\"query-input\":\"required name=search_term_string\"}],\"inLanguage\":\"ca\"},{\"@type\":\"Organization\",\"@id\":\"https:\/\/econeteges.es\/#organization\",\"name\":\"Econeteges\",\"url\":\"https:\/\/econeteges.es\/\",\"logo\":{\"@type\":\"ImageObject\",\"inLanguage\":\"ca\",\"@id\":\"https:\/\/econeteges.es\/#\/schema\/logo\/image\/\",\"url\":\"https:\/\/econeteges.es\/wp-content\/uploads\/2020\/05\/nuestra-empresa_185260.jpg\",\"contentUrl\":\"https:\/\/econeteges.es\/wp-content\/uploads\/2020\/05\/nuestra-empresa_185260.jpg\",\"width\":600,\"height\":600,\"caption\":\"Econeteges\"},\"image\":{\"@id\":\"https:\/\/econeteges.es\/#\/schema\/logo\/image\/\"},\"sameAs\":[\"https:\/\/www.instagram.com\/econeteges\/\"]}]}<\/script>\n<!-- \/ Yoast SEO plugin. -->","yoast_head_json":{"title":"Lote 3 Sprays Neutralizadores de Olores freshwave\u00ae 250ml - econeteges.es | empresa de limpieza","robots":{"index":"index","follow":"follow","max-snippet":"max-snippet:-1","max-image-preview":"max-image-preview:large","max-video-preview":"max-video-preview:-1"},"canonical":"https:\/\/econeteges.es\/ca\/producte\/lote-3-sprays-neutralizadores-de-olores-freshwave-250ml\/","og_locale":"ca_ES","og_type":"article","og_title":"Lote 3 Sprays Neutralizadores de Olores freshwave\u00ae 250ml - econeteges.es | empresa de limpieza","og_description":"Oferta: 3 Sprays freshwave 250ml con un 10% de descuento.   Soluci\u00f3n inmediata contra los malos olores presentes en tejidos y en el ambiente.   No enmascara ni disimula el mal olor. Lo elimina definitivamente.   La f\u00f3rmula freshwave contiene mol\u00e9culas activas que atrapan y eliminan las part\u00edculas del mal olor.   F\u00f3rmula profesional. Eficacia comprobada. Contenido: 250ml","og_url":"https:\/\/econeteges.es\/ca\/producte\/lote-3-sprays-neutralizadores-de-olores-freshwave-250ml\/","og_site_name":"econeteges.es | empresa de limpieza","article_modified_time":"2021-06-15T07:56:57+00:00","og_image":[{"width":749,"height":900,"url":"https:\/\/econeteges.es\/wp-content\/uploads\/2021\/06\/neutralizadores-de-olores-freshwave-3x-250ml.jpg","type":"image\/jpeg"}],"twitter_card":"summary_large_image","twitter_misc":{"Temps estimat de lectura":"2 minuts"},"schema":{"@context":"https:\/\/schema.org","@graph":[{"@type":"WebPage","@id":"https:\/\/econeteges.es\/ca\/producte\/lote-3-sprays-neutralizadores-de-olores-freshwave-250ml\/","url":"https:\/\/econeteges.es\/ca\/producte\/lote-3-sprays-neutralizadores-de-olores-freshwave-250ml\/","name":"Lote 3 Sprays Neutralizadores de Olores freshwave\u00ae 250ml - econeteges.es | empresa de limpieza","isPartOf":{"@id":"https:\/\/econeteges.es\/#website"},"primaryImageOfPage":{"@id":"https:\/\/econeteges.es\/ca\/producte\/lote-3-sprays-neutralizadores-de-olores-freshwave-250ml\/#primaryimage"},"image":{"@id":"https:\/\/econeteges.es\/ca\/producte\/lote-3-sprays-neutralizadores-de-olores-freshwave-250ml\/#primaryimage"},"thumbnailUrl":"https:\/\/econeteges.es\/wp-content\/uploads\/2021\/06\/neutralizadores-de-olores-freshwave-3x-250ml.jpg","datePublished":"2021-06-14T16:15:04+00:00","dateModified":"2021-06-15T07:56:57+00:00","breadcrumb":{"@id":"https:\/\/econeteges.es\/ca\/producte\/lote-3-sprays-neutralizadores-de-olores-freshwave-250ml\/#breadcrumb"},"inLanguage":"ca","potentialAction":[{"@type":"ReadAction","target":["https:\/\/econeteges.es\/ca\/producte\/lote-3-sprays-neutralizadores-de-olores-freshwave-250ml\/"]}]},{"@type":"ImageObject","inLanguage":"ca","@id":"https:\/\/econeteges.es\/ca\/producte\/lote-3-sprays-neutralizadores-de-olores-freshwave-250ml\/#primaryimage","url":"https:\/\/econeteges.es\/wp-content\/uploads\/2021\/06\/neutralizadores-de-olores-freshwave-3x-250ml.jpg","contentUrl":"https:\/\/econeteges.es\/wp-content\/uploads\/2021\/06\/neutralizadores-de-olores-freshwave-3x-250ml.jpg","width":749,"height":900,"caption":"neutralizadores de olores freshwave 3x 250ml"},{"@type":"BreadcrumbList","@id":"https:\/\/econeteges.es\/ca\/producte\/lote-3-sprays-neutralizadores-de-olores-freshwave-250ml\/#breadcrumb","itemListElement":[{"@type":"ListItem","position":1,"name":"Portada","item":"https:\/\/econeteges.es\/"},{"@type":"ListItem","position":2,"name":"Tienda","item":"https:\/\/econeteges.es\/ca\/tienda\/"},{"@type":"ListItem","position":3,"name":"Lote 3 Sprays Neutralizadores de Olores freshwave\u00ae 250ml"}]},{"@type":"WebSite","@id":"https:\/\/econeteges.es\/#website","url":"https:\/\/econeteges.es\/","name":"econeteges.es | empresa de limpieza","description":"Limpieza a domicilio | pulidos y abrillantados | mantenimiento de comunidades","publisher":{"@id":"https:\/\/econeteges.es\/#organization"},"potentialAction":[{"@type":"SearchAction","target":{"@type":"EntryPoint","urlTemplate":"https:\/\/econeteges.es\/?s={search_term_string}"},"query-input":"required name=search_term_string"}],"inLanguage":"ca"},{"@type":"Organization","@id":"https:\/\/econeteges.es\/#organization","name":"Econeteges","url":"https:\/\/econeteges.es\/","logo":{"@type":"ImageObject","inLanguage":"ca","@id":"https:\/\/econeteges.es\/#\/schema\/logo\/image\/","url":"https:\/\/econeteges.es\/wp-content\/uploads\/2020\/05\/nuestra-empresa_185260.jpg","contentUrl":"https:\/\/econeteges.es\/wp-content\/uploads\/2020\/05\/nuestra-empresa_185260.jpg","width":600,"height":600,"caption":"Econeteges"},"image":{"@id":"https:\/\/econeteges.es\/#\/schema\/logo\/image\/"},"sameAs":["https:\/\/www.instagram.com\/econeteges\/"]}]}},"_links":{"self":[{"href":"https:\/\/econeteges.es\/ca\/wp-json\/wp\/v2\/product\/1471"}],"collection":[{"href":"https:\/\/econeteges.es\/ca\/wp-json\/wp\/v2\/product"}],"about":[{"href":"https:\/\/econeteges.es\/ca\/wp-json\/wp\/v2\/types\/product"}],"wp:featuredmedia":[{"embeddable":true,"href":"https:\/\/econeteges.es\/ca\/wp-json\/wp\/v2\/media\/1472"}],"wp:attachment":[{"href":"https:\/\/econeteges.es\/ca\/wp-json\/wp\/v2\/media?parent=1471"}],"wp:term":[{"taxonomy":"product_cat","embeddable":true,"href":"https:\/\/econeteges.es\/ca\/wp-json\/wp\/v2\/product_cat?post=1471"},{"taxonomy":"product_tag","embeddable":true,"href":"https:\/\/econeteges.es\/ca\/wp-json\/wp\/v2\/product_tag?post=1471"}],"curies":[{"name":"wp","href":"https:\/\/api.w.org\/{rel}","templated":true}]}}