{"id":1473,"date":"2021-06-14T16:20:31","date_gmt":"2021-06-14T16:20:31","guid":{"rendered":"https:\/\/econeteges.es\/?post_type=product&#038;p=1473"},"modified":"2021-06-15T07:57:00","modified_gmt":"2021-06-15T07:57:00","slug":"1473","status":"publish","type":"product","link":"https:\/\/econeteges.es\/ca\/producte\/1473\/","title":{"rendered":"Apalus \u00ae Bolsa de Carb\u00f3n Activo De Bamb\u00fa, Deshumidificador Y Purificador De Aire. Ambientador Natural Eficaz y Desodorante para Eliminar los Olores De Armario, Cocina, Zona de Mascotas VARIOS TAMA\u00d1OS"},"content":{"rendered":"<div class=\"celwidget aplus-module 3p-module-b aplus-standard\" data-csa-c-id=\"4m6k4u-2owgy0-dlu0h6-ihqik9\" data-cel-widget=\"aplus-3p-module-b\">\n<div class=\"aplus-module-wrapper aplus-3p-fixed-width\">\n<h2>Elige el tama\u00f1o de purificador que necesitas<\/h2>\n<h3 id=\"title\" class=\"a-size-large a-spacing-none\"><span id=\"productTitle\" class=\"a-size-large product-title-word-break\">Apalus Bolsa Desodorante para Zapatos, Bolsa De Carb\u00f3n Activo De Bamb\u00fa, Elimina los Olores de Zapatos,Deshumidificador Y Purificador De Aire. Bolsas de Gimnasio, Areneros de Gatos, 75GX2 <\/span><\/h3>\n<p>Elige si necesitas el pack de bolsas de purificador 2x 75\u202fg para zapatos y espacios peque\u00f1os.<\/p>\n<h3 id=\"title\" class=\"a-size-large a-spacing-none\"><span id=\"productTitle\" class=\"a-size-large product-title-word-break\">Apalus \u00ae Bolsa de Carb\u00f3n Activo De Bamb\u00fa, Deshumidificador Y Purificador De Aire. Ambientador Natural Eficaz y Desodorante para Eliminar los Olores De Armario, Cocina, Zona de Mascotas, (200g o pack 2x200g ) <\/span><\/h3>\n<p>El purificador de 200\u202fg para armarios, armarios de cocina, neveras. (disponible y en pack de 2x 200 g)<\/p>\n<h3 id=\"title\" class=\"a-size-large a-spacing-none\"><span id=\"productTitle\" class=\"a-size-large product-title-word-break\">Apalus \u00ae Bolsa de Carb\u00f3n Activo De Bamb\u00fa, Deshumidificador Y Purificador De Aire. Ambientador Natural Eficaz y Desodorante para Eliminar los Olores del Autom\u00f3vil, Armarios,Ba\u00f1os,(500g o pack 2x 500g) <\/span><\/h3>\n<p>Purificador 500\u202fg para coches, habitaciones armarios grandes (disponible y en pack 2x 500 g)<\/p>\n<h3 id=\"title\" class=\"a-size-large a-spacing-none\"><span id=\"productTitle\" class=\"a-size-large product-title-word-break\">Apalus \u00ae Bolsa de Carb\u00f3n Activo De Bamb\u00fa, Deshumidificador Y Purificador De Aire. Ambientador Natural, Desodorante para Eliminar los Olores del Autom\u00f3vil, Armarios, Zapatos, (Set Familia pack ahorro) <\/span><\/h3>\n<p>Pack ahorro familiar: 2 x 75 g + 2 x 200 g + 2x 500 g\u00a0 para todas las necesidades de eliminaci\u00f3n de olor y humedad.<\/p>\n<p>&nbsp;<\/p>\n<h2 class=\"a-spacing-base\"><span class=\"a-text-bold\">\u00a1Respire aire fresco con las Bolsas Purificadoras Apalus!<\/span><\/h2>\n<p class=\"a-spacing-base\">\u00bfTu cocina a\u00fan huele a la cena del d\u00eda anterior? No hay nada de malo en que una cocina huela a comida, pero si los olores de comida se vuelven muy incomodos, las Bolsas Purificadoras Apalus proporcionan la manera m\u00e1s sencilla de eliminar esos desagradables olores y purificar el aire.<\/p>\n<p class=\"a-spacing-base\">Mucha de la humedad se produce en la cocina. Cocinar, lavar y comer comidas a\u00f1aden humedad al aire de la cocina. S\u00f3lo coloca unas cuantas bolsas Apalus para prevenir que el moho se forme y mantener su comida m\u00e1s fresca.<\/p>\n<p class=\"a-spacing-base\">Mantenga su cocina limpia y acogedora para usted y su familia simplemente colocando la bolsa purificadora APALUS de 200gr en el armario de su cocina para evitar la formaci\u00f3n de moho y olores desagradables.<\/p>\n<div class=\"a-column a-span8 a-spacing-base a-span-last\">\n<p>Las bolsas de purificaci\u00f3n Apalus est\u00e1n disponibles en tres tama\u00f1os diferentes, es una forma ecol\u00f3gica simple. Est\u00e1n llenas de carb\u00f3n de bamb\u00fa activo, que se absorbe de forma natural al filtrar los contaminantes y olores peligrosos, con efectos notables observados en pocos d\u00edas.<\/p>\n<p>Tambi\u00e9n absorbe la humedad, reduce el moho y evita el crecimiento de bacterias da\u00f1inas en las \u00e1reas h\u00famedas de su hogar. \u00a1Con las bolsas de purificaci\u00f3n de Apalus no necesita bater\u00edas ni electricidad! Funciona las 24 horas del d\u00eda, los 7 d\u00edas de la semana para mantener su aire fresco, seco e inodoro.<\/p>\n<p>\u00a1Evita los perfumes, aerosoles y otros productos qu\u00edmicas que pueden ser da\u00f1inos para tu familia y tus mascotas!<\/p>\n<div class=\"a-column a-span8 a-spacing-base a-span-last\">\n<p>El carb\u00f3n activado es un elemento natural derivado del bamb\u00fa que absorbe naturalmente los olores y contaminantes del aire. Simplemente coloque su bolsa de purificador Apalus en la cocina o en un armario.<\/p>\n<p>Para prolongar su efecto, col\u00f3quelo fuera de su hogar, directamente debajo de los rayos del sol durante aproximadamente 1-2 horas. Gracias a los rayos UV, el carb\u00f3n de bamb\u00fa expulsa componentes acumulados y est\u00e1 listo para absorber olores, contaminantes y moho nuevamente. Puedes repetir el proceso hasta 2 a\u00f1os.<\/p>\n<p>Pero despu\u00e9s de este tiempo, \u00a1no lo tire a la basura! La bolsa de Apalus es reutilizable. Abra la bolsa Apalus y use su contenido como fertilizante vegetal. No contiene contaminantes residuales perjudiciales para el medioambiente.<\/p>\n<p>Utilice una <strong>bolsa de 200g en su frigor\u00edfico<\/strong> para neutralizar olores como el de pescado o queso. Adem\u00e1s, absorbe la humedad para prevenir que se formen las bacterias y el moho.<\/p>\n<p>Es perfecto para \u00e1reas peque\u00f1as como<strong> canastos, \u00e1reas de lavado y closets<\/strong>.<strong> Cada bolsa de 200g cubre hasta 9 metros cuadrados. <\/strong><\/p>\n<p><strong>Utilice una bolsa de 200gr en su escritorio para tener una oficina libre de olores<\/strong>. \u00a1Sin aerosoles, sin perfumes y <strong>sin agentes qu\u00edmicos!<\/strong><\/p>\n<ul class=\"a-unordered-list a-vertical a-spacing-mini\">\n<li><span class=\"a-list-item\">ELIJA LA NATURALEZA CON APALUS- PARA UNA VIDA M\u00c1S SALUDABLE SIN PRODUCTOS QU\u00cdMICOS &#8211; Hoy las contaminaciones como las toxinas y los productos qu\u00edmicos se encuentran pr\u00e1cticamente en todas partes. \u00a1En el aire, en productos limpieza, en la ropa, en el desodorante, en cosm\u00e9ticos, en las velas! Evitarlos a todos es pr\u00e1cticamente imposible, pero hay algo que podemos hacer para reducir la exposici\u00f3n a estas sustancias y reducir los riesgos para nosotros y nuestra familia. <\/span><\/li>\n<li><span class=\"a-list-item\"> LA BOLSA PURIFICADORA DE AIRE NATURAL APALUS CON FILTRO DE CARBON ACTIVO filtra y purifica el aire de bacterias, al\u00e9rgenos, moho, productos qu\u00edmicos como benceno, amon\u00edaco y aldeh\u00eddo y refresca el aire de la casa, act\u00faa como humo absorbente para un ambiente m\u00e1s saludable y fresco. El carb\u00f3n activo de bamb\u00fa absorbe naturalmente los malos olores y los neutraliza. \u00a1Gracias a nuestra eliminaci\u00f3n de olores para ambientes naturales de APALUS! No contiene fragancias. <\/span><\/li>\n<li><span class=\"a-list-item\"> DESHUMIDIFICADOR DE CARBON ACTIVO PARA EL HOGAR Y EL COCHE- El carb\u00f3n activo de Bamb\u00fa neutraliza el olor a humedad presente en el aire y tiene un poder antibacteriano que combate la formaci\u00f3n de olores desagradables.Tambi\u00e9n perfecto para eliminar el olor del perfume de autom\u00f3viles. ATENCI\u00d3N; Este producto no elimina el moho , neutraliza su olor. <\/span><\/li>\n<li><span class=\"a-list-item\"> REUTILIZABLE &#8211; Exponer la bolsa de carb\u00f3n activo APALUS al sol durante 1 o 2 horas cada mes. Esta precauci\u00f3n elimina los contaminantes absorbidos por el carb\u00f3n activado y hace posible extender la duraci\u00f3n del deshumidificador hasta 2 a\u00f1os. Gracias al pr\u00e1ctico ojal, la bolsa se puede colgar en el autom\u00f3vil o en el armario, en los armarios de la cocina o en el armario del ba\u00f1o.<\/span><\/li>\n<\/ul>\n<p>&nbsp;<\/p>\n<\/div>\n<\/div>\n<\/div>\n<\/div>","protected":false},"excerpt":{"rendered":"<p><span class=\"a-list-item\"> ELIMINE OLORES DESAGRADABLES SIN SUSTANCIAS QU\u00cdMICAS: el aroma de APALUS es perfecto para eliminar los olores del frigor\u00edfico y refrescar los armarios.El medio ambiente contiene productos qu\u00edmicos nocivos, gases y perfumes que a veces causan alergias,la bolsa es un desodorizante y deshumidificador natural y seguro. El deshumidificador APALUS es ideal en cualquier lugar que necesite ser aireado como en el autom\u00f3vil,la cocina,la bolsa de deporte,la sala de estar,armario,ba\u00f1o,etc.<\/span><\/p>","protected":false},"featured_media":1488,"template":"","meta":{"_et_pb_use_builder":"","_et_pb_old_content":"","_et_gb_content_width":""},"product_cat":[37,30,33,25],"product_tag":[],"yoast_head":"<!-- This site is optimized with the Yoast SEO plugin v22.3 - https:\/\/yoast.com\/wordpress\/plugins\/seo\/ -->\n<title>Apalus \u00ae Bolsa de Carb\u00f3n Activo De Bamb\u00fa, Deshumidificador Y Purificador De Aire. Ambientador Natural Eficaz y Desodorante para Eliminar los Olores De Armario, Cocina, Zona de Mascotas VARIOS TAMA\u00d1OS - econeteges.es | empresa de limpieza<\/title>\n<meta name=\"robots\" content=\"index, follow, max-snippet:-1, max-image-preview:large, max-video-preview:-1\" \/>\n<link rel=\"canonical\" href=\"https:\/\/econeteges.es\/ca\/producte\/1473\/\" \/>\n<meta property=\"og:locale\" content=\"ca_ES\" \/>\n<meta property=\"og:type\" content=\"article\" \/>\n<meta property=\"og:title\" content=\"Apalus \u00ae Bolsa de Carb\u00f3n Activo De Bamb\u00fa, Deshumidificador Y Purificador De Aire. Ambientador Natural Eficaz y Desodorante para Eliminar los Olores De Armario, Cocina, Zona de Mascotas VARIOS TAMA\u00d1OS - econeteges.es | empresa de limpieza\" \/>\n<meta property=\"og:description\" content=\"ELIMINE OLORES DESAGRADABLES SIN SUSTANCIAS QU\u00cdMICAS: el aroma de APALUS es perfecto para eliminar los olores del frigor\u00edfico y refrescar los armarios.El medio ambiente contiene productos qu\u00edmicos nocivos, gases y perfumes que a veces causan alergias,la bolsa es un desodorizante y deshumidificador natural y seguro. El deshumidificador APALUS es ideal en cualquier lugar que necesite ser aireado como en el autom\u00f3vil,la cocina,la bolsa de deporte,la sala de estar,armario,ba\u00f1o,etc.\" \/>\n<meta property=\"og:url\" content=\"https:\/\/econeteges.es\/ca\/producte\/1473\/\" \/>\n<meta property=\"og:site_name\" content=\"econeteges.es | empresa de limpieza\" \/>\n<meta property=\"article:modified_time\" content=\"2021-06-15T07:57:00+00:00\" \/>\n<meta property=\"og:image\" content=\"https:\/\/econeteges.es\/wp-content\/uploads\/2021\/06\/81TuOSPZzhL._AC_SL1500_.jpg\" \/>\n\t<meta property=\"og:image:width\" content=\"900\" \/>\n\t<meta property=\"og:image:height\" content=\"900\" \/>\n\t<meta property=\"og:image:type\" content=\"image\/jpeg\" \/>\n<meta name=\"twitter:card\" content=\"summary_large_image\" \/>\n<meta name=\"twitter:label1\" content=\"Temps estimat de lectura\" \/>\n\t<meta name=\"twitter:data1\" content=\"4 minuts\" \/>\n<script type=\"application\/ld+json\" class=\"yoast-schema-graph\">{\"@context\":\"https:\/\/schema.org\",\"@graph\":[{\"@type\":\"WebPage\",\"@id\":\"https:\/\/econeteges.es\/ca\/producte\/1473\/\",\"url\":\"https:\/\/econeteges.es\/ca\/producte\/1473\/\",\"name\":\"Apalus \u00ae Bolsa de Carb\u00f3n Activo De Bamb\u00fa, Deshumidificador Y Purificador De Aire. Ambientador Natural Eficaz y Desodorante para Eliminar los Olores De Armario, Cocina, Zona de Mascotas VARIOS TAMA\u00d1OS - econeteges.es | empresa de limpieza\",\"isPartOf\":{\"@id\":\"https:\/\/econeteges.es\/#website\"},\"primaryImageOfPage\":{\"@id\":\"https:\/\/econeteges.es\/ca\/producte\/1473\/#primaryimage\"},\"image\":{\"@id\":\"https:\/\/econeteges.es\/ca\/producte\/1473\/#primaryimage\"},\"thumbnailUrl\":\"https:\/\/econeteges.es\/wp-content\/uploads\/2021\/06\/81TuOSPZzhL._AC_SL1500_.jpg\",\"datePublished\":\"2021-06-14T16:20:31+00:00\",\"dateModified\":\"2021-06-15T07:57:00+00:00\",\"breadcrumb\":{\"@id\":\"https:\/\/econeteges.es\/ca\/producte\/1473\/#breadcrumb\"},\"inLanguage\":\"ca\",\"potentialAction\":[{\"@type\":\"ReadAction\",\"target\":[\"https:\/\/econeteges.es\/ca\/producte\/1473\/\"]}]},{\"@type\":\"ImageObject\",\"inLanguage\":\"ca\",\"@id\":\"https:\/\/econeteges.es\/ca\/producte\/1473\/#primaryimage\",\"url\":\"https:\/\/econeteges.es\/wp-content\/uploads\/2021\/06\/81TuOSPZzhL._AC_SL1500_.jpg\",\"contentUrl\":\"https:\/\/econeteges.es\/wp-content\/uploads\/2021\/06\/81TuOSPZzhL._AC_SL1500_.jpg\",\"width\":900,\"height\":900,\"caption\":\"81TuOSPZzhL._AC_SL1500_\"},{\"@type\":\"BreadcrumbList\",\"@id\":\"https:\/\/econeteges.es\/ca\/producte\/1473\/#breadcrumb\",\"itemListElement\":[{\"@type\":\"ListItem\",\"position\":1,\"name\":\"Portada\",\"item\":\"https:\/\/econeteges.es\/\"},{\"@type\":\"ListItem\",\"position\":2,\"name\":\"Tienda\",\"item\":\"https:\/\/econeteges.es\/ca\/tienda\/\"},{\"@type\":\"ListItem\",\"position\":3,\"name\":\"Apalus \u00ae Bolsa de Carb\u00f3n Activo De Bamb\u00fa, Deshumidificador Y Purificador De Aire. Ambientador Natural Eficaz y Desodorante para Eliminar los Olores De Armario, Cocina, Zona de Mascotas VARIOS TAMA\u00d1OS\"}]},{\"@type\":\"WebSite\",\"@id\":\"https:\/\/econeteges.es\/#website\",\"url\":\"https:\/\/econeteges.es\/\",\"name\":\"econeteges.es | empresa de limpieza\",\"description\":\"Limpieza a domicilio | pulidos y abrillantados | mantenimiento de comunidades\",\"publisher\":{\"@id\":\"https:\/\/econeteges.es\/#organization\"},\"potentialAction\":[{\"@type\":\"SearchAction\",\"target\":{\"@type\":\"EntryPoint\",\"urlTemplate\":\"https:\/\/econeteges.es\/?s={search_term_string}\"},\"query-input\":\"required name=search_term_string\"}],\"inLanguage\":\"ca\"},{\"@type\":\"Organization\",\"@id\":\"https:\/\/econeteges.es\/#organization\",\"name\":\"Econeteges\",\"url\":\"https:\/\/econeteges.es\/\",\"logo\":{\"@type\":\"ImageObject\",\"inLanguage\":\"ca\",\"@id\":\"https:\/\/econeteges.es\/#\/schema\/logo\/image\/\",\"url\":\"https:\/\/econeteges.es\/wp-content\/uploads\/2020\/05\/nuestra-empresa_185260.jpg\",\"contentUrl\":\"https:\/\/econeteges.es\/wp-content\/uploads\/2020\/05\/nuestra-empresa_185260.jpg\",\"width\":600,\"height\":600,\"caption\":\"Econeteges\"},\"image\":{\"@id\":\"https:\/\/econeteges.es\/#\/schema\/logo\/image\/\"},\"sameAs\":[\"https:\/\/www.instagram.com\/econeteges\/\"]}]}<\/script>\n<!-- \/ Yoast SEO plugin. -->","yoast_head_json":{"title":"Apalus \u00ae Bolsa de Carb\u00f3n Activo De Bamb\u00fa, Deshumidificador Y Purificador De Aire. Ambientador Natural Eficaz y Desodorante para Eliminar los Olores De Armario, Cocina, Zona de Mascotas VARIOS TAMA\u00d1OS - econeteges.es | empresa de limpieza","robots":{"index":"index","follow":"follow","max-snippet":"max-snippet:-1","max-image-preview":"max-image-preview:large","max-video-preview":"max-video-preview:-1"},"canonical":"https:\/\/econeteges.es\/ca\/producte\/1473\/","og_locale":"ca_ES","og_type":"article","og_title":"Apalus \u00ae Bolsa de Carb\u00f3n Activo De Bamb\u00fa, Deshumidificador Y Purificador De Aire. Ambientador Natural Eficaz y Desodorante para Eliminar los Olores De Armario, Cocina, Zona de Mascotas VARIOS TAMA\u00d1OS - econeteges.es | empresa de limpieza","og_description":"ELIMINE OLORES DESAGRADABLES SIN SUSTANCIAS QU\u00cdMICAS: el aroma de APALUS es perfecto para eliminar los olores del frigor\u00edfico y refrescar los armarios.El medio ambiente contiene productos qu\u00edmicos nocivos, gases y perfumes que a veces causan alergias,la bolsa es un desodorizante y deshumidificador natural y seguro. El deshumidificador APALUS es ideal en cualquier lugar que necesite ser aireado como en el autom\u00f3vil,la cocina,la bolsa de deporte,la sala de estar,armario,ba\u00f1o,etc.","og_url":"https:\/\/econeteges.es\/ca\/producte\/1473\/","og_site_name":"econeteges.es | empresa de limpieza","article_modified_time":"2021-06-15T07:57:00+00:00","og_image":[{"width":900,"height":900,"url":"https:\/\/econeteges.es\/wp-content\/uploads\/2021\/06\/81TuOSPZzhL._AC_SL1500_.jpg","type":"image\/jpeg"}],"twitter_card":"summary_large_image","twitter_misc":{"Temps estimat de lectura":"4 minuts"},"schema":{"@context":"https:\/\/schema.org","@graph":[{"@type":"WebPage","@id":"https:\/\/econeteges.es\/ca\/producte\/1473\/","url":"https:\/\/econeteges.es\/ca\/producte\/1473\/","name":"Apalus \u00ae Bolsa de Carb\u00f3n Activo De Bamb\u00fa, Deshumidificador Y Purificador De Aire. Ambientador Natural Eficaz y Desodorante para Eliminar los Olores De Armario, Cocina, Zona de Mascotas VARIOS TAMA\u00d1OS - econeteges.es | empresa de limpieza","isPartOf":{"@id":"https:\/\/econeteges.es\/#website"},"primaryImageOfPage":{"@id":"https:\/\/econeteges.es\/ca\/producte\/1473\/#primaryimage"},"image":{"@id":"https:\/\/econeteges.es\/ca\/producte\/1473\/#primaryimage"},"thumbnailUrl":"https:\/\/econeteges.es\/wp-content\/uploads\/2021\/06\/81TuOSPZzhL._AC_SL1500_.jpg","datePublished":"2021-06-14T16:20:31+00:00","dateModified":"2021-06-15T07:57:00+00:00","breadcrumb":{"@id":"https:\/\/econeteges.es\/ca\/producte\/1473\/#breadcrumb"},"inLanguage":"ca","potentialAction":[{"@type":"ReadAction","target":["https:\/\/econeteges.es\/ca\/producte\/1473\/"]}]},{"@type":"ImageObject","inLanguage":"ca","@id":"https:\/\/econeteges.es\/ca\/producte\/1473\/#primaryimage","url":"https:\/\/econeteges.es\/wp-content\/uploads\/2021\/06\/81TuOSPZzhL._AC_SL1500_.jpg","contentUrl":"https:\/\/econeteges.es\/wp-content\/uploads\/2021\/06\/81TuOSPZzhL._AC_SL1500_.jpg","width":900,"height":900,"caption":"81TuOSPZzhL._AC_SL1500_"},{"@type":"BreadcrumbList","@id":"https:\/\/econeteges.es\/ca\/producte\/1473\/#breadcrumb","itemListElement":[{"@type":"ListItem","position":1,"name":"Portada","item":"https:\/\/econeteges.es\/"},{"@type":"ListItem","position":2,"name":"Tienda","item":"https:\/\/econeteges.es\/ca\/tienda\/"},{"@type":"ListItem","position":3,"name":"Apalus \u00ae Bolsa de Carb\u00f3n Activo De Bamb\u00fa, Deshumidificador Y Purificador De Aire. Ambientador Natural Eficaz y Desodorante para Eliminar los Olores De Armario, Cocina, Zona de Mascotas VARIOS TAMA\u00d1OS"}]},{"@type":"WebSite","@id":"https:\/\/econeteges.es\/#website","url":"https:\/\/econeteges.es\/","name":"econeteges.es | empresa de limpieza","description":"Limpieza a domicilio | pulidos y abrillantados | mantenimiento de comunidades","publisher":{"@id":"https:\/\/econeteges.es\/#organization"},"potentialAction":[{"@type":"SearchAction","target":{"@type":"EntryPoint","urlTemplate":"https:\/\/econeteges.es\/?s={search_term_string}"},"query-input":"required name=search_term_string"}],"inLanguage":"ca"},{"@type":"Organization","@id":"https:\/\/econeteges.es\/#organization","name":"Econeteges","url":"https:\/\/econeteges.es\/","logo":{"@type":"ImageObject","inLanguage":"ca","@id":"https:\/\/econeteges.es\/#\/schema\/logo\/image\/","url":"https:\/\/econeteges.es\/wp-content\/uploads\/2020\/05\/nuestra-empresa_185260.jpg","contentUrl":"https:\/\/econeteges.es\/wp-content\/uploads\/2020\/05\/nuestra-empresa_185260.jpg","width":600,"height":600,"caption":"Econeteges"},"image":{"@id":"https:\/\/econeteges.es\/#\/schema\/logo\/image\/"},"sameAs":["https:\/\/www.instagram.com\/econeteges\/"]}]}},"_links":{"self":[{"href":"https:\/\/econeteges.es\/ca\/wp-json\/wp\/v2\/product\/1473"}],"collection":[{"href":"https:\/\/econeteges.es\/ca\/wp-json\/wp\/v2\/product"}],"about":[{"href":"https:\/\/econeteges.es\/ca\/wp-json\/wp\/v2\/types\/product"}],"wp:featuredmedia":[{"embeddable":true,"href":"https:\/\/econeteges.es\/ca\/wp-json\/wp\/v2\/media\/1488"}],"wp:attachment":[{"href":"https:\/\/econeteges.es\/ca\/wp-json\/wp\/v2\/media?parent=1473"}],"wp:term":[{"taxonomy":"product_cat","embeddable":true,"href":"https:\/\/econeteges.es\/ca\/wp-json\/wp\/v2\/product_cat?post=1473"},{"taxonomy":"product_tag","embeddable":true,"href":"https:\/\/econeteges.es\/ca\/wp-json\/wp\/v2\/product_tag?post=1473"}],"curies":[{"name":"wp","href":"https:\/\/api.w.org\/{rel}","templated":true}]}}