{"id":1504,"date":"2021-06-14T17:01:37","date_gmt":"2021-06-14T17:01:37","guid":{"rendered":"https:\/\/econeteges.es\/?post_type=product&#038;p=1504"},"modified":"2021-06-15T07:56:44","modified_gmt":"2021-06-15T07:56:44","slug":"furuix-10-bolsas-purificadoras-de-aire-de-carbon-de-bambu-bolsas-de-carbon-activado-ambientador-de-zapatos-eliminadores-de-olores-domesticos-mascotas-5-x200g-5-x75g-5-ganchos%ef%bc%89","status":"publish","type":"product","link":"https:\/\/econeteges.es\/ca\/producte\/furuix-10-bolsas-purificadoras-de-aire-de-carbon-de-bambu-bolsas-de-carbon-activado-ambientador-de-zapatos-eliminadores-de-olores-domesticos-mascotas-5-x200g-5-x75g-5-ganchos%ef%bc%89\/","title":{"rendered":"Furuix, 10 bolsas purificadoras de aire de carb\u00f3n de bamb\u00fa, bolsas de carb\u00f3n activado, ambientador de zapatos, eliminadores de olores dom\u00e9sticos (mascotas), (5 x200g, 5 x75g, 5 ganchos\uff09"},"content":{"rendered":"<p>Pack ahorro de purificadores de aire con carb\u00f3n de bamb\u00fa.<\/p>","protected":false},"excerpt":{"rendered":"<p>Pack ahorro de purificadores de aire con carb\u00f3n de bamb\u00fa. 10 bolsas.<\/p>","protected":false},"featured_media":1509,"template":"","meta":{"_et_pb_use_builder":"","_et_pb_old_content":"","_et_gb_content_width":""},"product_cat":[37,30,25],"product_tag":[],"yoast_head":"<!-- This site is optimized with the Yoast SEO plugin v22.3 - https:\/\/yoast.com\/wordpress\/plugins\/seo\/ -->\n<title>Furuix, 10 bolsas purificadoras de aire de carb\u00f3n de bamb\u00fa, bolsas de carb\u00f3n activado, ambientador de zapatos, eliminadores de olores dom\u00e9sticos (mascotas), (5 x200g, 5 x75g, 5 ganchos\uff09 - econeteges.es | empresa de limpieza<\/title>\n<meta name=\"robots\" content=\"index, follow, max-snippet:-1, max-image-preview:large, max-video-preview:-1\" \/>\n<link rel=\"canonical\" href=\"https:\/\/econeteges.es\/ca\/producte\/furuix-10-bolsas-purificadoras-de-aire-de-carbon-de-bambu-bolsas-de-carbon-activado-ambientador-de-zapatos-eliminadores-de-olores-domesticos-mascotas-5-x200g-5-x75g-5-ganchos\uff09\/\" \/>\n<meta property=\"og:locale\" content=\"ca_ES\" \/>\n<meta property=\"og:type\" content=\"article\" \/>\n<meta property=\"og:title\" content=\"Furuix, 10 bolsas purificadoras de aire de carb\u00f3n de bamb\u00fa, bolsas de carb\u00f3n activado, ambientador de zapatos, eliminadores de olores dom\u00e9sticos (mascotas), (5 x200g, 5 x75g, 5 ganchos\uff09 - econeteges.es | empresa de limpieza\" \/>\n<meta property=\"og:description\" content=\"Pack ahorro de purificadores de aire con carb\u00f3n de bamb\u00fa. 10 bolsas.\" \/>\n<meta property=\"og:url\" content=\"https:\/\/econeteges.es\/ca\/producte\/furuix-10-bolsas-purificadoras-de-aire-de-carbon-de-bambu-bolsas-de-carbon-activado-ambientador-de-zapatos-eliminadores-de-olores-domesticos-mascotas-5-x200g-5-x75g-5-ganchos\uff09\/\" \/>\n<meta property=\"og:site_name\" content=\"econeteges.es | empresa de limpieza\" \/>\n<meta property=\"article:modified_time\" content=\"2021-06-15T07:56:44+00:00\" \/>\n<meta property=\"og:image\" content=\"https:\/\/econeteges.es\/wp-content\/uploads\/2021\/06\/furuix-10-bolsas-deshumidificador-anti-olores-carbon-de-bambu-5.jpg\" \/>\n\t<meta property=\"og:image:width\" content=\"900\" \/>\n\t<meta property=\"og:image:height\" content=\"900\" \/>\n\t<meta property=\"og:image:type\" content=\"image\/jpeg\" \/>\n<meta name=\"twitter:card\" content=\"summary_large_image\" \/>\n<meta name=\"twitter:label1\" content=\"Temps estimat de lectura\" \/>\n\t<meta name=\"twitter:data1\" content=\"1 minut\" \/>\n<script type=\"application\/ld+json\" class=\"yoast-schema-graph\">{\"@context\":\"https:\/\/schema.org\",\"@graph\":[{\"@type\":\"WebPage\",\"@id\":\"https:\/\/econeteges.es\/ca\/producte\/furuix-10-bolsas-purificadoras-de-aire-de-carbon-de-bambu-bolsas-de-carbon-activado-ambientador-de-zapatos-eliminadores-de-olores-domesticos-mascotas-5-x200g-5-x75g-5-ganchos%ef%bc%89\/\",\"url\":\"https:\/\/econeteges.es\/ca\/producte\/furuix-10-bolsas-purificadoras-de-aire-de-carbon-de-bambu-bolsas-de-carbon-activado-ambientador-de-zapatos-eliminadores-de-olores-domesticos-mascotas-5-x200g-5-x75g-5-ganchos%ef%bc%89\/\",\"name\":\"Furuix, 10 bolsas purificadoras de aire de carb\u00f3n de bamb\u00fa, bolsas de carb\u00f3n activado, ambientador de zapatos, eliminadores de olores dom\u00e9sticos (mascotas), (5 x200g, 5 x75g, 5 ganchos\uff09 - econeteges.es | empresa de limpieza\",\"isPartOf\":{\"@id\":\"https:\/\/econeteges.es\/#website\"},\"primaryImageOfPage\":{\"@id\":\"https:\/\/econeteges.es\/ca\/producte\/furuix-10-bolsas-purificadoras-de-aire-de-carbon-de-bambu-bolsas-de-carbon-activado-ambientador-de-zapatos-eliminadores-de-olores-domesticos-mascotas-5-x200g-5-x75g-5-ganchos%ef%bc%89\/#primaryimage\"},\"image\":{\"@id\":\"https:\/\/econeteges.es\/ca\/producte\/furuix-10-bolsas-purificadoras-de-aire-de-carbon-de-bambu-bolsas-de-carbon-activado-ambientador-de-zapatos-eliminadores-de-olores-domesticos-mascotas-5-x200g-5-x75g-5-ganchos%ef%bc%89\/#primaryimage\"},\"thumbnailUrl\":\"https:\/\/econeteges.es\/wp-content\/uploads\/2021\/06\/furuix-10-bolsas-deshumidificador-anti-olores-carbon-de-bambu-5.jpg\",\"datePublished\":\"2021-06-14T17:01:37+00:00\",\"dateModified\":\"2021-06-15T07:56:44+00:00\",\"breadcrumb\":{\"@id\":\"https:\/\/econeteges.es\/ca\/producte\/furuix-10-bolsas-purificadoras-de-aire-de-carbon-de-bambu-bolsas-de-carbon-activado-ambientador-de-zapatos-eliminadores-de-olores-domesticos-mascotas-5-x200g-5-x75g-5-ganchos%ef%bc%89\/#breadcrumb\"},\"inLanguage\":\"ca\",\"potentialAction\":[{\"@type\":\"ReadAction\",\"target\":[\"https:\/\/econeteges.es\/ca\/producte\/furuix-10-bolsas-purificadoras-de-aire-de-carbon-de-bambu-bolsas-de-carbon-activado-ambientador-de-zapatos-eliminadores-de-olores-domesticos-mascotas-5-x200g-5-x75g-5-ganchos%ef%bc%89\/\"]}]},{\"@type\":\"ImageObject\",\"inLanguage\":\"ca\",\"@id\":\"https:\/\/econeteges.es\/ca\/producte\/furuix-10-bolsas-purificadoras-de-aire-de-carbon-de-bambu-bolsas-de-carbon-activado-ambientador-de-zapatos-eliminadores-de-olores-domesticos-mascotas-5-x200g-5-x75g-5-ganchos%ef%bc%89\/#primaryimage\",\"url\":\"https:\/\/econeteges.es\/wp-content\/uploads\/2021\/06\/furuix-10-bolsas-deshumidificador-anti-olores-carbon-de-bambu-5.jpg\",\"contentUrl\":\"https:\/\/econeteges.es\/wp-content\/uploads\/2021\/06\/furuix-10-bolsas-deshumidificador-anti-olores-carbon-de-bambu-5.jpg\",\"width\":900,\"height\":900,\"caption\":\"furuix 10 bolsas deshumidificador anti olores carbon de bambu (5)\"},{\"@type\":\"BreadcrumbList\",\"@id\":\"https:\/\/econeteges.es\/ca\/producte\/furuix-10-bolsas-purificadoras-de-aire-de-carbon-de-bambu-bolsas-de-carbon-activado-ambientador-de-zapatos-eliminadores-de-olores-domesticos-mascotas-5-x200g-5-x75g-5-ganchos%ef%bc%89\/#breadcrumb\",\"itemListElement\":[{\"@type\":\"ListItem\",\"position\":1,\"name\":\"Portada\",\"item\":\"https:\/\/econeteges.es\/\"},{\"@type\":\"ListItem\",\"position\":2,\"name\":\"Tienda\",\"item\":\"https:\/\/econeteges.es\/ca\/tienda\/\"},{\"@type\":\"ListItem\",\"position\":3,\"name\":\"Furuix, 10 bolsas purificadoras de aire de carb\u00f3n de bamb\u00fa, bolsas de carb\u00f3n activado, ambientador de zapatos, eliminadores de olores dom\u00e9sticos (mascotas), (5 x200g, 5 x75g, 5 ganchos\uff09\"}]},{\"@type\":\"WebSite\",\"@id\":\"https:\/\/econeteges.es\/#website\",\"url\":\"https:\/\/econeteges.es\/\",\"name\":\"econeteges.es | empresa de limpieza\",\"description\":\"Limpieza a domicilio | pulidos y abrillantados | mantenimiento de comunidades\",\"publisher\":{\"@id\":\"https:\/\/econeteges.es\/#organization\"},\"potentialAction\":[{\"@type\":\"SearchAction\",\"target\":{\"@type\":\"EntryPoint\",\"urlTemplate\":\"https:\/\/econeteges.es\/?s={search_term_string}\"},\"query-input\":\"required name=search_term_string\"}],\"inLanguage\":\"ca\"},{\"@type\":\"Organization\",\"@id\":\"https:\/\/econeteges.es\/#organization\",\"name\":\"Econeteges\",\"url\":\"https:\/\/econeteges.es\/\",\"logo\":{\"@type\":\"ImageObject\",\"inLanguage\":\"ca\",\"@id\":\"https:\/\/econeteges.es\/#\/schema\/logo\/image\/\",\"url\":\"https:\/\/econeteges.es\/wp-content\/uploads\/2020\/05\/nuestra-empresa_185260.jpg\",\"contentUrl\":\"https:\/\/econeteges.es\/wp-content\/uploads\/2020\/05\/nuestra-empresa_185260.jpg\",\"width\":600,\"height\":600,\"caption\":\"Econeteges\"},\"image\":{\"@id\":\"https:\/\/econeteges.es\/#\/schema\/logo\/image\/\"},\"sameAs\":[\"https:\/\/www.instagram.com\/econeteges\/\"]}]}<\/script>\n<!-- \/ Yoast SEO plugin. -->","yoast_head_json":{"title":"Furuix, 10 bolsas purificadoras de aire de carb\u00f3n de bamb\u00fa, bolsas de carb\u00f3n activado, ambientador de zapatos, eliminadores de olores dom\u00e9sticos (mascotas), (5 x200g, 5 x75g, 5 ganchos\uff09 - econeteges.es | empresa de limpieza","robots":{"index":"index","follow":"follow","max-snippet":"max-snippet:-1","max-image-preview":"max-image-preview:large","max-video-preview":"max-video-preview:-1"},"canonical":"https:\/\/econeteges.es\/ca\/producte\/furuix-10-bolsas-purificadoras-de-aire-de-carbon-de-bambu-bolsas-de-carbon-activado-ambientador-de-zapatos-eliminadores-de-olores-domesticos-mascotas-5-x200g-5-x75g-5-ganchos\uff09\/","og_locale":"ca_ES","og_type":"article","og_title":"Furuix, 10 bolsas purificadoras de aire de carb\u00f3n de bamb\u00fa, bolsas de carb\u00f3n activado, ambientador de zapatos, eliminadores de olores dom\u00e9sticos (mascotas), (5 x200g, 5 x75g, 5 ganchos\uff09 - econeteges.es | empresa de limpieza","og_description":"Pack ahorro de purificadores de aire con carb\u00f3n de bamb\u00fa. 10 bolsas.","og_url":"https:\/\/econeteges.es\/ca\/producte\/furuix-10-bolsas-purificadoras-de-aire-de-carbon-de-bambu-bolsas-de-carbon-activado-ambientador-de-zapatos-eliminadores-de-olores-domesticos-mascotas-5-x200g-5-x75g-5-ganchos\uff09\/","og_site_name":"econeteges.es | empresa de limpieza","article_modified_time":"2021-06-15T07:56:44+00:00","og_image":[{"width":900,"height":900,"url":"https:\/\/econeteges.es\/wp-content\/uploads\/2021\/06\/furuix-10-bolsas-deshumidificador-anti-olores-carbon-de-bambu-5.jpg","type":"image\/jpeg"}],"twitter_card":"summary_large_image","twitter_misc":{"Temps estimat de lectura":"1 minut"},"schema":{"@context":"https:\/\/schema.org","@graph":[{"@type":"WebPage","@id":"https:\/\/econeteges.es\/ca\/producte\/furuix-10-bolsas-purificadoras-de-aire-de-carbon-de-bambu-bolsas-de-carbon-activado-ambientador-de-zapatos-eliminadores-de-olores-domesticos-mascotas-5-x200g-5-x75g-5-ganchos%ef%bc%89\/","url":"https:\/\/econeteges.es\/ca\/producte\/furuix-10-bolsas-purificadoras-de-aire-de-carbon-de-bambu-bolsas-de-carbon-activado-ambientador-de-zapatos-eliminadores-de-olores-domesticos-mascotas-5-x200g-5-x75g-5-ganchos%ef%bc%89\/","name":"Furuix, 10 bolsas purificadoras de aire de carb\u00f3n de bamb\u00fa, bolsas de carb\u00f3n activado, ambientador de zapatos, eliminadores de olores dom\u00e9sticos (mascotas), (5 x200g, 5 x75g, 5 ganchos\uff09 - econeteges.es | empresa de limpieza","isPartOf":{"@id":"https:\/\/econeteges.es\/#website"},"primaryImageOfPage":{"@id":"https:\/\/econeteges.es\/ca\/producte\/furuix-10-bolsas-purificadoras-de-aire-de-carbon-de-bambu-bolsas-de-carbon-activado-ambientador-de-zapatos-eliminadores-de-olores-domesticos-mascotas-5-x200g-5-x75g-5-ganchos%ef%bc%89\/#primaryimage"},"image":{"@id":"https:\/\/econeteges.es\/ca\/producte\/furuix-10-bolsas-purificadoras-de-aire-de-carbon-de-bambu-bolsas-de-carbon-activado-ambientador-de-zapatos-eliminadores-de-olores-domesticos-mascotas-5-x200g-5-x75g-5-ganchos%ef%bc%89\/#primaryimage"},"thumbnailUrl":"https:\/\/econeteges.es\/wp-content\/uploads\/2021\/06\/furuix-10-bolsas-deshumidificador-anti-olores-carbon-de-bambu-5.jpg","datePublished":"2021-06-14T17:01:37+00:00","dateModified":"2021-06-15T07:56:44+00:00","breadcrumb":{"@id":"https:\/\/econeteges.es\/ca\/producte\/furuix-10-bolsas-purificadoras-de-aire-de-carbon-de-bambu-bolsas-de-carbon-activado-ambientador-de-zapatos-eliminadores-de-olores-domesticos-mascotas-5-x200g-5-x75g-5-ganchos%ef%bc%89\/#breadcrumb"},"inLanguage":"ca","potentialAction":[{"@type":"ReadAction","target":["https:\/\/econeteges.es\/ca\/producte\/furuix-10-bolsas-purificadoras-de-aire-de-carbon-de-bambu-bolsas-de-carbon-activado-ambientador-de-zapatos-eliminadores-de-olores-domesticos-mascotas-5-x200g-5-x75g-5-ganchos%ef%bc%89\/"]}]},{"@type":"ImageObject","inLanguage":"ca","@id":"https:\/\/econeteges.es\/ca\/producte\/furuix-10-bolsas-purificadoras-de-aire-de-carbon-de-bambu-bolsas-de-carbon-activado-ambientador-de-zapatos-eliminadores-de-olores-domesticos-mascotas-5-x200g-5-x75g-5-ganchos%ef%bc%89\/#primaryimage","url":"https:\/\/econeteges.es\/wp-content\/uploads\/2021\/06\/furuix-10-bolsas-deshumidificador-anti-olores-carbon-de-bambu-5.jpg","contentUrl":"https:\/\/econeteges.es\/wp-content\/uploads\/2021\/06\/furuix-10-bolsas-deshumidificador-anti-olores-carbon-de-bambu-5.jpg","width":900,"height":900,"caption":"furuix 10 bolsas deshumidificador anti olores carbon de bambu (5)"},{"@type":"BreadcrumbList","@id":"https:\/\/econeteges.es\/ca\/producte\/furuix-10-bolsas-purificadoras-de-aire-de-carbon-de-bambu-bolsas-de-carbon-activado-ambientador-de-zapatos-eliminadores-de-olores-domesticos-mascotas-5-x200g-5-x75g-5-ganchos%ef%bc%89\/#breadcrumb","itemListElement":[{"@type":"ListItem","position":1,"name":"Portada","item":"https:\/\/econeteges.es\/"},{"@type":"ListItem","position":2,"name":"Tienda","item":"https:\/\/econeteges.es\/ca\/tienda\/"},{"@type":"ListItem","position":3,"name":"Furuix, 10 bolsas purificadoras de aire de carb\u00f3n de bamb\u00fa, bolsas de carb\u00f3n activado, ambientador de zapatos, eliminadores de olores dom\u00e9sticos (mascotas), (5 x200g, 5 x75g, 5 ganchos\uff09"}]},{"@type":"WebSite","@id":"https:\/\/econeteges.es\/#website","url":"https:\/\/econeteges.es\/","name":"econeteges.es | empresa de limpieza","description":"Limpieza a domicilio | pulidos y abrillantados | mantenimiento de comunidades","publisher":{"@id":"https:\/\/econeteges.es\/#organization"},"potentialAction":[{"@type":"SearchAction","target":{"@type":"EntryPoint","urlTemplate":"https:\/\/econeteges.es\/?s={search_term_string}"},"query-input":"required name=search_term_string"}],"inLanguage":"ca"},{"@type":"Organization","@id":"https:\/\/econeteges.es\/#organization","name":"Econeteges","url":"https:\/\/econeteges.es\/","logo":{"@type":"ImageObject","inLanguage":"ca","@id":"https:\/\/econeteges.es\/#\/schema\/logo\/image\/","url":"https:\/\/econeteges.es\/wp-content\/uploads\/2020\/05\/nuestra-empresa_185260.jpg","contentUrl":"https:\/\/econeteges.es\/wp-content\/uploads\/2020\/05\/nuestra-empresa_185260.jpg","width":600,"height":600,"caption":"Econeteges"},"image":{"@id":"https:\/\/econeteges.es\/#\/schema\/logo\/image\/"},"sameAs":["https:\/\/www.instagram.com\/econeteges\/"]}]}},"_links":{"self":[{"href":"https:\/\/econeteges.es\/ca\/wp-json\/wp\/v2\/product\/1504"}],"collection":[{"href":"https:\/\/econeteges.es\/ca\/wp-json\/wp\/v2\/product"}],"about":[{"href":"https:\/\/econeteges.es\/ca\/wp-json\/wp\/v2\/types\/product"}],"wp:featuredmedia":[{"embeddable":true,"href":"https:\/\/econeteges.es\/ca\/wp-json\/wp\/v2\/media\/1509"}],"wp:attachment":[{"href":"https:\/\/econeteges.es\/ca\/wp-json\/wp\/v2\/media?parent=1504"}],"wp:term":[{"taxonomy":"product_cat","embeddable":true,"href":"https:\/\/econeteges.es\/ca\/wp-json\/wp\/v2\/product_cat?post=1504"},{"taxonomy":"product_tag","embeddable":true,"href":"https:\/\/econeteges.es\/ca\/wp-json\/wp\/v2\/product_tag?post=1504"}],"curies":[{"name":"wp","href":"https:\/\/api.w.org\/{rel}","templated":true}]}}