{"id":1511,"date":"2021-06-14T17:05:07","date_gmt":"2021-06-14T17:05:07","guid":{"rendered":"https:\/\/econeteges.es\/?post_type=product&#038;p=1511"},"modified":"2021-06-15T07:56:42","modified_gmt":"2021-06-15T07:56:42","slug":"lote-humydry-antihumedad-6-mini-75g-algodon-cotton-fresh","status":"publish","type":"product","link":"https:\/\/econeteges.es\/ca\/producte\/lote-humydry-antihumedad-6-mini-75g-algodon-cotton-fresh\/","title":{"rendered":"Lote HUMYDRY Antihumedad 6 Mini 75g Algod\u00f3n &#8211; Cotton Fresh"},"content":{"rendered":"<h3 class=\"a-spacing-mini\">HUMYDRY- PRODUCTOS CONTRA LA HUMEDAD<\/h3>\n<ul class=\"a-unordered-list a-vertical a-spacing-mini\">\n<li><span class=\"a-list-item\"> Evita eficazmente la humedad por condensaci\u00f3n, la aparici\u00f3n de moho y el olor a humedad. <\/span><\/li>\n<li><span class=\"a-list-item\"> Ideal para absorber el exceso de humedad en peque\u00f1os espacios: ba\u00f1os, aseos, armarios&#8230; <\/span><\/li>\n<li><span class=\"a-list-item\"> Doble funci\u00f3n: antihumedad y ambientador con fragancia de algod\u00f3n. <\/span><\/li>\n<li><span class=\"a-list-item\"> Funciona sin electricidad.<\/span><\/li>\n<\/ul>\n<h3 class=\"a-spacing-mini\">LA SOLUCI\u00d3N M\u00c1S R\u00c1PIDA, EFICAZ Y ECON\u00d3MICA CONTRA LA HUMEDAD<\/h3>\n<p class=\"a-spacing-base\">Humydry es la soluci\u00f3n m\u00e1s r\u00e1pida, eficaz y econ\u00f3mica contra el exceso de humedad ambiental. Los aparatos antihumedad Humydry mantienen los niveles \u00f3ptimos de humedad en tu casa (40-60%) evitando as\u00ed la humedad por condensaci\u00f3n.<\/p>\n<p class=\"a-spacing-base\">Mantener un aire limpio y sano, libre de humedad, es imprescindible para proteger tu casa de desperfectos tales como moho, desconchados en paredes, deterioro de tus pertenencias, as\u00ed como problemas graves de salud como asma o al\u00e9rgias.<\/p>\n<p class=\"a-spacing-base\"><span class=\"a-text-bold\">Humydry, <\/span>marca especialista en problemas de humedad desde hace casi 30 a\u00f1os, <span class=\"a-text-bold\">tiene una amplia gama de soluciones antihumedad especialmente pensadas para crear el ambiente perfecto en cada una de las estancias de tu hogar.<\/span><\/p>\n<p class=\"a-spacing-base\">Descubre todos los productos Humydry y encuentra el que mejor se adapta a tus necesidades.<\/p>","protected":false},"excerpt":{"rendered":"<p><span class=\"a-list-item\">\u00a120% de descuento! M\u00e1s producto, menos precio!<\/span><\/p>","protected":false},"featured_media":1512,"template":"","meta":{"_et_pb_use_builder":"","_et_pb_old_content":"","_et_gb_content_width":""},"product_cat":[37,30,25],"product_tag":[],"yoast_head":"<!-- This site is optimized with the Yoast SEO plugin v22.3 - https:\/\/yoast.com\/wordpress\/plugins\/seo\/ -->\n<title>Lote HUMYDRY Antihumedad 6 Mini 75g Algod\u00f3n - Cotton Fresh - econeteges.es | empresa de limpieza<\/title>\n<meta name=\"robots\" content=\"index, follow, max-snippet:-1, max-image-preview:large, max-video-preview:-1\" \/>\n<link rel=\"canonical\" href=\"https:\/\/econeteges.es\/ca\/producte\/lote-humydry-antihumedad-6-mini-75g-algodon-cotton-fresh\/\" \/>\n<meta property=\"og:locale\" content=\"ca_ES\" \/>\n<meta property=\"og:type\" content=\"article\" \/>\n<meta property=\"og:title\" content=\"Lote HUMYDRY Antihumedad 6 Mini 75g Algod\u00f3n - Cotton Fresh - econeteges.es | empresa de limpieza\" \/>\n<meta property=\"og:description\" content=\"\u00a120% de descuento! M\u00e1s producto, menos precio!\" \/>\n<meta property=\"og:url\" content=\"https:\/\/econeteges.es\/ca\/producte\/lote-humydry-antihumedad-6-mini-75g-algodon-cotton-fresh\/\" \/>\n<meta property=\"og:site_name\" content=\"econeteges.es | empresa de limpieza\" \/>\n<meta property=\"article:modified_time\" content=\"2021-06-15T07:56:42+00:00\" \/>\n<meta property=\"og:image\" content=\"https:\/\/econeteges.es\/wp-content\/uploads\/2021\/06\/81EzaRWBKL._AC_SL1500_.jpg\" \/>\n\t<meta property=\"og:image:width\" content=\"1063\" \/>\n\t<meta property=\"og:image:height\" content=\"900\" \/>\n\t<meta property=\"og:image:type\" content=\"image\/jpeg\" \/>\n<meta name=\"twitter:card\" content=\"summary_large_image\" \/>\n<meta name=\"twitter:label1\" content=\"Temps estimat de lectura\" \/>\n\t<meta name=\"twitter:data1\" content=\"1 minut\" \/>\n<script type=\"application\/ld+json\" class=\"yoast-schema-graph\">{\"@context\":\"https:\/\/schema.org\",\"@graph\":[{\"@type\":\"WebPage\",\"@id\":\"https:\/\/econeteges.es\/ca\/producte\/lote-humydry-antihumedad-6-mini-75g-algodon-cotton-fresh\/\",\"url\":\"https:\/\/econeteges.es\/ca\/producte\/lote-humydry-antihumedad-6-mini-75g-algodon-cotton-fresh\/\",\"name\":\"Lote HUMYDRY Antihumedad 6 Mini 75g Algod\u00f3n - Cotton Fresh - econeteges.es | empresa de limpieza\",\"isPartOf\":{\"@id\":\"https:\/\/econeteges.es\/#website\"},\"primaryImageOfPage\":{\"@id\":\"https:\/\/econeteges.es\/ca\/producte\/lote-humydry-antihumedad-6-mini-75g-algodon-cotton-fresh\/#primaryimage\"},\"image\":{\"@id\":\"https:\/\/econeteges.es\/ca\/producte\/lote-humydry-antihumedad-6-mini-75g-algodon-cotton-fresh\/#primaryimage\"},\"thumbnailUrl\":\"https:\/\/econeteges.es\/wp-content\/uploads\/2021\/06\/81EzaRWBKL._AC_SL1500_.jpg\",\"datePublished\":\"2021-06-14T17:05:07+00:00\",\"dateModified\":\"2021-06-15T07:56:42+00:00\",\"breadcrumb\":{\"@id\":\"https:\/\/econeteges.es\/ca\/producte\/lote-humydry-antihumedad-6-mini-75g-algodon-cotton-fresh\/#breadcrumb\"},\"inLanguage\":\"ca\",\"potentialAction\":[{\"@type\":\"ReadAction\",\"target\":[\"https:\/\/econeteges.es\/ca\/producte\/lote-humydry-antihumedad-6-mini-75g-algodon-cotton-fresh\/\"]}]},{\"@type\":\"ImageObject\",\"inLanguage\":\"ca\",\"@id\":\"https:\/\/econeteges.es\/ca\/producte\/lote-humydry-antihumedad-6-mini-75g-algodon-cotton-fresh\/#primaryimage\",\"url\":\"https:\/\/econeteges.es\/wp-content\/uploads\/2021\/06\/81EzaRWBKL._AC_SL1500_.jpg\",\"contentUrl\":\"https:\/\/econeteges.es\/wp-content\/uploads\/2021\/06\/81EzaRWBKL._AC_SL1500_.jpg\",\"width\":1063,\"height\":900,\"caption\":\"humdry deshumidificador cotton fresh\"},{\"@type\":\"BreadcrumbList\",\"@id\":\"https:\/\/econeteges.es\/ca\/producte\/lote-humydry-antihumedad-6-mini-75g-algodon-cotton-fresh\/#breadcrumb\",\"itemListElement\":[{\"@type\":\"ListItem\",\"position\":1,\"name\":\"Portada\",\"item\":\"https:\/\/econeteges.es\/\"},{\"@type\":\"ListItem\",\"position\":2,\"name\":\"Tienda\",\"item\":\"https:\/\/econeteges.es\/ca\/tienda\/\"},{\"@type\":\"ListItem\",\"position\":3,\"name\":\"Lote HUMYDRY Antihumedad 6 Mini 75g Algod\u00f3n &#8211; Cotton Fresh\"}]},{\"@type\":\"WebSite\",\"@id\":\"https:\/\/econeteges.es\/#website\",\"url\":\"https:\/\/econeteges.es\/\",\"name\":\"econeteges.es | empresa de limpieza\",\"description\":\"Limpieza a domicilio | pulidos y abrillantados | mantenimiento de comunidades\",\"publisher\":{\"@id\":\"https:\/\/econeteges.es\/#organization\"},\"potentialAction\":[{\"@type\":\"SearchAction\",\"target\":{\"@type\":\"EntryPoint\",\"urlTemplate\":\"https:\/\/econeteges.es\/?s={search_term_string}\"},\"query-input\":\"required name=search_term_string\"}],\"inLanguage\":\"ca\"},{\"@type\":\"Organization\",\"@id\":\"https:\/\/econeteges.es\/#organization\",\"name\":\"Econeteges\",\"url\":\"https:\/\/econeteges.es\/\",\"logo\":{\"@type\":\"ImageObject\",\"inLanguage\":\"ca\",\"@id\":\"https:\/\/econeteges.es\/#\/schema\/logo\/image\/\",\"url\":\"https:\/\/econeteges.es\/wp-content\/uploads\/2020\/05\/nuestra-empresa_185260.jpg\",\"contentUrl\":\"https:\/\/econeteges.es\/wp-content\/uploads\/2020\/05\/nuestra-empresa_185260.jpg\",\"width\":600,\"height\":600,\"caption\":\"Econeteges\"},\"image\":{\"@id\":\"https:\/\/econeteges.es\/#\/schema\/logo\/image\/\"},\"sameAs\":[\"https:\/\/www.instagram.com\/econeteges\/\"]}]}<\/script>\n<!-- \/ Yoast SEO plugin. -->","yoast_head_json":{"title":"Lote HUMYDRY Antihumedad 6 Mini 75g Algod\u00f3n - Cotton Fresh - econeteges.es | empresa de limpieza","robots":{"index":"index","follow":"follow","max-snippet":"max-snippet:-1","max-image-preview":"max-image-preview:large","max-video-preview":"max-video-preview:-1"},"canonical":"https:\/\/econeteges.es\/ca\/producte\/lote-humydry-antihumedad-6-mini-75g-algodon-cotton-fresh\/","og_locale":"ca_ES","og_type":"article","og_title":"Lote HUMYDRY Antihumedad 6 Mini 75g Algod\u00f3n - Cotton Fresh - econeteges.es | empresa de limpieza","og_description":"\u00a120% de descuento! M\u00e1s producto, menos precio!","og_url":"https:\/\/econeteges.es\/ca\/producte\/lote-humydry-antihumedad-6-mini-75g-algodon-cotton-fresh\/","og_site_name":"econeteges.es | empresa de limpieza","article_modified_time":"2021-06-15T07:56:42+00:00","og_image":[{"width":1063,"height":900,"url":"https:\/\/econeteges.es\/wp-content\/uploads\/2021\/06\/81EzaRWBKL._AC_SL1500_.jpg","type":"image\/jpeg"}],"twitter_card":"summary_large_image","twitter_misc":{"Temps estimat de lectura":"1 minut"},"schema":{"@context":"https:\/\/schema.org","@graph":[{"@type":"WebPage","@id":"https:\/\/econeteges.es\/ca\/producte\/lote-humydry-antihumedad-6-mini-75g-algodon-cotton-fresh\/","url":"https:\/\/econeteges.es\/ca\/producte\/lote-humydry-antihumedad-6-mini-75g-algodon-cotton-fresh\/","name":"Lote HUMYDRY Antihumedad 6 Mini 75g Algod\u00f3n - Cotton Fresh - econeteges.es | empresa de limpieza","isPartOf":{"@id":"https:\/\/econeteges.es\/#website"},"primaryImageOfPage":{"@id":"https:\/\/econeteges.es\/ca\/producte\/lote-humydry-antihumedad-6-mini-75g-algodon-cotton-fresh\/#primaryimage"},"image":{"@id":"https:\/\/econeteges.es\/ca\/producte\/lote-humydry-antihumedad-6-mini-75g-algodon-cotton-fresh\/#primaryimage"},"thumbnailUrl":"https:\/\/econeteges.es\/wp-content\/uploads\/2021\/06\/81EzaRWBKL._AC_SL1500_.jpg","datePublished":"2021-06-14T17:05:07+00:00","dateModified":"2021-06-15T07:56:42+00:00","breadcrumb":{"@id":"https:\/\/econeteges.es\/ca\/producte\/lote-humydry-antihumedad-6-mini-75g-algodon-cotton-fresh\/#breadcrumb"},"inLanguage":"ca","potentialAction":[{"@type":"ReadAction","target":["https:\/\/econeteges.es\/ca\/producte\/lote-humydry-antihumedad-6-mini-75g-algodon-cotton-fresh\/"]}]},{"@type":"ImageObject","inLanguage":"ca","@id":"https:\/\/econeteges.es\/ca\/producte\/lote-humydry-antihumedad-6-mini-75g-algodon-cotton-fresh\/#primaryimage","url":"https:\/\/econeteges.es\/wp-content\/uploads\/2021\/06\/81EzaRWBKL._AC_SL1500_.jpg","contentUrl":"https:\/\/econeteges.es\/wp-content\/uploads\/2021\/06\/81EzaRWBKL._AC_SL1500_.jpg","width":1063,"height":900,"caption":"humdry deshumidificador cotton fresh"},{"@type":"BreadcrumbList","@id":"https:\/\/econeteges.es\/ca\/producte\/lote-humydry-antihumedad-6-mini-75g-algodon-cotton-fresh\/#breadcrumb","itemListElement":[{"@type":"ListItem","position":1,"name":"Portada","item":"https:\/\/econeteges.es\/"},{"@type":"ListItem","position":2,"name":"Tienda","item":"https:\/\/econeteges.es\/ca\/tienda\/"},{"@type":"ListItem","position":3,"name":"Lote HUMYDRY Antihumedad 6 Mini 75g Algod\u00f3n &#8211; Cotton Fresh"}]},{"@type":"WebSite","@id":"https:\/\/econeteges.es\/#website","url":"https:\/\/econeteges.es\/","name":"econeteges.es | empresa de limpieza","description":"Limpieza a domicilio | pulidos y abrillantados | mantenimiento de comunidades","publisher":{"@id":"https:\/\/econeteges.es\/#organization"},"potentialAction":[{"@type":"SearchAction","target":{"@type":"EntryPoint","urlTemplate":"https:\/\/econeteges.es\/?s={search_term_string}"},"query-input":"required name=search_term_string"}],"inLanguage":"ca"},{"@type":"Organization","@id":"https:\/\/econeteges.es\/#organization","name":"Econeteges","url":"https:\/\/econeteges.es\/","logo":{"@type":"ImageObject","inLanguage":"ca","@id":"https:\/\/econeteges.es\/#\/schema\/logo\/image\/","url":"https:\/\/econeteges.es\/wp-content\/uploads\/2020\/05\/nuestra-empresa_185260.jpg","contentUrl":"https:\/\/econeteges.es\/wp-content\/uploads\/2020\/05\/nuestra-empresa_185260.jpg","width":600,"height":600,"caption":"Econeteges"},"image":{"@id":"https:\/\/econeteges.es\/#\/schema\/logo\/image\/"},"sameAs":["https:\/\/www.instagram.com\/econeteges\/"]}]}},"_links":{"self":[{"href":"https:\/\/econeteges.es\/ca\/wp-json\/wp\/v2\/product\/1511"}],"collection":[{"href":"https:\/\/econeteges.es\/ca\/wp-json\/wp\/v2\/product"}],"about":[{"href":"https:\/\/econeteges.es\/ca\/wp-json\/wp\/v2\/types\/product"}],"wp:featuredmedia":[{"embeddable":true,"href":"https:\/\/econeteges.es\/ca\/wp-json\/wp\/v2\/media\/1512"}],"wp:attachment":[{"href":"https:\/\/econeteges.es\/ca\/wp-json\/wp\/v2\/media?parent=1511"}],"wp:term":[{"taxonomy":"product_cat","embeddable":true,"href":"https:\/\/econeteges.es\/ca\/wp-json\/wp\/v2\/product_cat?post=1511"},{"taxonomy":"product_tag","embeddable":true,"href":"https:\/\/econeteges.es\/ca\/wp-json\/wp\/v2\/product_tag?post=1511"}],"curies":[{"name":"wp","href":"https:\/\/api.w.org\/{rel}","templated":true}]}}