{"id":1513,"date":"2021-06-14T17:11:32","date_gmt":"2021-06-14T17:11:32","guid":{"rendered":"https:\/\/econeteges.es\/?post_type=product&#038;p=1513"},"modified":"2021-06-14T17:12:21","modified_gmt":"2021-06-14T17:12:21","slug":"superscandi-panos-de-limpieza-suecos-ecologicos-reutilizables-sostenibles-biodegradables-esponjas-de-celulosa","status":"publish","type":"product","link":"https:\/\/econeteges.es\/ca\/producte\/superscandi-panos-de-limpieza-suecos-ecologicos-reutilizables-sostenibles-biodegradables-esponjas-de-celulosa\/","title":{"rendered":"SUPERSCANDI &#8211; 10 x Pa\u00f1os de Limpieza suecos ecol\u00f3gicos, Reutilizables, sostenibles, biodegradables, esponjas de celulosa"},"content":{"rendered":"<ul class=\"a-unordered-list a-vertical a-spacing-mini\">\n<li><span class=\"a-list-item\"> Limpieza f\u00e1cil y eficiente: paquete de 10 pa\u00f1os grises (8 x 7 pulgadas). Nuestros pa\u00f1os para lavavajillas tienen la funcionalidad de una esponja de celulosa con la durabilidad de hasta 15 rollos de toallas de papel. M\u00e1s vers\u00e1tiles que un pa\u00f1o de limpieza de microfibra, son perfectos para limpiar superficies, lavar platos y limpiar derrames, as\u00ed como para usar en el ba\u00f1o, mascotas, coche, jard\u00edn y oficina. S\u00faper absorbente, absorbe 20 veces m\u00e1s l\u00edquido que su peso. Secado r\u00e1pido, no m\u00e1s olores. <\/span><\/li>\n<li><span class=\"a-list-item\"> 100% biodegradable y respetuoso con el medio ambiente. Sin productos qu\u00edmicos, sin vertederos. Hecho de materiales naturales y sostenibles, 30% algod\u00f3n, 70% pulpa de madera de celulosa y compostables, nuestros pa\u00f1os de cocina son perfectos tanto para tu hogar como para el planeta. <\/span><\/li>\n<li><span class=\"a-list-item\"> Calidad premium y rentable: nuestros pa\u00f1os de limpieza est\u00e1n fabricados en Alemania con materiales de primera calidad. Cada toalla de mano durar\u00e1 al menos 8 semanas y se puede lavar hasta 200 veces. Tenga en cuenta las imitaciones baratas. Estos se ven similares con una estructura de diamante pero est\u00e1n construidos de manera diferente con una masa suave en el interior que comenzar\u00e1 a desmoronarse despu\u00e9s de un tiempo muy corto. <\/span><\/li>\n<li><span class=\"a-list-item\"> El regalo perfecto para un hogar elegante: nuestra marca sueca tiene un borde de escaneo fuerte y fresco, por lo que es el regalo perfecto para los amantes del interior y los apasionados del medio ambiente. Con un paquete limpio y llamativo y colores modernos \u00fanicos, nuestros pa\u00f1os complementar\u00e1n tu hogar.<\/span><\/li>\n<\/ul>\n<div class=\"celwidget aplus-module launchpad-brand-description-left aplus-standard\" data-cel-widget=\"aplus-launchpad-brand-description-left\" data-csa-c-id=\"sn1jb2-sazlv5-kiy6fu-wr6vog\">\n<div class=\"a-section launchpad-module launchpad-module-brand-description-left\">\n<div class=\"a-section launchpad-text-left-justify\">\n<p>Superscandi es una marca sueca responsable con el medio ambiente que es sin\u00f3nimo de calidad sueca, practicidad e integridad ambiental.<\/p>\n<p>Superscandi suministra productos ecol\u00f3gicos de origen responsable que reducen la cantidad de residuos dom\u00e9sticos que producimos. Todos nuestros productos se fabrican en la UE a partir de fuentes sostenibles y nuestro embalaje es de origen vegetal, por lo que deber\u00eda haber poco o ning\u00fan rastro de consumo una vez utilizado.<\/p>\n<p>Nuestra misi\u00f3n en Superscandi es apoyar h\u00e1bitos de compra responsables que sean a la vez asequibles y pr\u00e1cticos para que todo el mundo pueda aprovechar las recompensas de la vida ecol\u00f3gica: )<\/p>\n<\/div>\n<\/div>\n<\/div>\n<div class=\"celwidget aplus-module module-2 aplus-standard\" data-cel-widget=\"aplus-module-2\" data-csa-c-id=\"ebvdbd-cq7g6m-acwc46-dm9vts\">\n<div class=\"a-expander-collapsed-height a-row a-expander-container a-expander-partial-collapse-container\" aria-live=\"polite\" data-a-expander-name=\"aplus-module-expander\" data-a-expander-collapsed-height=\"700\">\n<div class=\"a-expander-content a-expander-partial-collapse-content\" aria-expanded=\"false\">\n<div class=\"aplus-module-wrapper apm-floatnone apm-fixed-width\">\n<div class=\"apm-sidemodule apm-spacing\">\n<div class=\"apm-sidemodule-imageleft\"><img decoding=\"async\" class=\"alignright\" src=\"https:\/\/m.media-amazon.com\/images\/S\/aplus-media\/sc\/82272ba3-5853-4e39-9bc0-8a09b4fe9a8d.__CR33,0,327,327_PT0_SX300_V1___.jpg\" alt=\"Reutilizable.\" data-src=\"https:\/\/m.media-amazon.com\/images\/S\/aplus-media\/sc\/82272ba3-5853-4e39-9bc0-8a09b4fe9a8d.__CR33,0,327,327_PT0_SX300_V1___.jpg\" \/><\/div>\n<div class=\"apm-sidemodule-textright\">\n<h3 class=\"a-spacing-mini\">Alternativas ecol\u00f3gicas a productos dom\u00e9sticos.<\/h3>\n<p>SUPERSCANDI ofrece alternativas duraderas y ecol\u00f3gicas a productos de un solo uso.<\/p>\n<div class=\"apm-sidemodule-textleft\">\n<h3 class=\"a-spacing-mini\">Fabricado con bosques sostenibles con certificaci\u00f3n FSC.<\/h3>\n<p>Todos nuestros productos son cosechados de bosques sostenibles en la UE con certificado FSC.<\/p>\n<\/div>\n<p>&nbsp;<\/p>\n<\/div>\n<\/div>\n<\/div>\n<\/div>\n<\/div>\n<\/div>\n<h3>Uso<\/h3>\n<p>Moje el pa\u00f1o antes de usar. Lavavajillas y m\u00e1quina lavable a 60 grados. Evite secar en secadora y el uso de suavizante de telas, ya que provocan encogimiento. Para desechar, simplemente c\u00f3rtelo en trozos peque\u00f1os y agr\u00e9guelos a su abono casero.<\/p>","protected":false},"excerpt":{"rendered":"<p>6 pa\u00f1os de 7<span class=\"a-size-base\"><span class=\"a-truncate\" data-a-word-break=\"normal\" data-a-max-rows=\"3\" data-a-overflow-marker=\"&amp;hellip;\" data-a-recalculate=\"false\" data-a-updated=\"true\"><span class=\"a-truncate-cut\" aria-hidden=\"true\">0% pulpa de madera procedente de bosques suecos certificados, 30% algod\u00f3n de desecho. Envases 100% no pl\u00e1sticos. Empacado en Suecia.<\/span><\/span><\/span><\/p>","protected":false},"featured_media":1517,"template":"","meta":{"_et_pb_use_builder":"","_et_pb_old_content":"","_et_gb_content_width":""},"product_cat":[30,33,32],"product_tag":[],"yoast_head":"<!-- This site is optimized with the Yoast SEO plugin v22.3 - https:\/\/yoast.com\/wordpress\/plugins\/seo\/ -->\n<title>SUPERSCANDI - 10 x Pa\u00f1os de Limpieza suecos ecol\u00f3gicos, Reutilizables, sostenibles, biodegradables, esponjas de celulosa - econeteges.es | empresa de limpieza<\/title>\n<meta name=\"robots\" content=\"index, follow, max-snippet:-1, max-image-preview:large, max-video-preview:-1\" \/>\n<link rel=\"canonical\" href=\"https:\/\/econeteges.es\/ca\/producte\/superscandi-panos-de-limpieza-suecos-ecologicos-reutilizables-sostenibles-biodegradables-esponjas-de-celulosa\/\" \/>\n<meta property=\"og:locale\" content=\"ca_ES\" \/>\n<meta property=\"og:type\" content=\"article\" \/>\n<meta property=\"og:title\" content=\"SUPERSCANDI - 10 x Pa\u00f1os de Limpieza suecos ecol\u00f3gicos, Reutilizables, sostenibles, biodegradables, esponjas de celulosa - econeteges.es | empresa de limpieza\" \/>\n<meta property=\"og:description\" content=\"6 pa\u00f1os de 70% pulpa de madera procedente de bosques suecos certificados, 30% algod\u00f3n de desecho. Envases 100% no pl\u00e1sticos. Empacado en Suecia.\" \/>\n<meta property=\"og:url\" content=\"https:\/\/econeteges.es\/ca\/producte\/superscandi-panos-de-limpieza-suecos-ecologicos-reutilizables-sostenibles-biodegradables-esponjas-de-celulosa\/\" \/>\n<meta property=\"og:site_name\" content=\"econeteges.es | empresa de limpieza\" \/>\n<meta property=\"article:modified_time\" content=\"2021-06-14T17:12:21+00:00\" \/>\n<meta property=\"og:image\" content=\"https:\/\/econeteges.es\/wp-content\/uploads\/2021\/06\/panos-de-limpieza-ecologicos-reutilizables-4.jpg\" \/>\n\t<meta property=\"og:image:width\" content=\"948\" \/>\n\t<meta property=\"og:image:height\" content=\"900\" \/>\n\t<meta property=\"og:image:type\" content=\"image\/jpeg\" \/>\n<meta name=\"twitter:card\" content=\"summary_large_image\" \/>\n<meta name=\"twitter:label1\" content=\"Temps estimat de lectura\" \/>\n\t<meta name=\"twitter:data1\" content=\"3 minuts\" \/>\n<script type=\"application\/ld+json\" class=\"yoast-schema-graph\">{\"@context\":\"https:\/\/schema.org\",\"@graph\":[{\"@type\":\"WebPage\",\"@id\":\"https:\/\/econeteges.es\/ca\/producte\/superscandi-panos-de-limpieza-suecos-ecologicos-reutilizables-sostenibles-biodegradables-esponjas-de-celulosa\/\",\"url\":\"https:\/\/econeteges.es\/ca\/producte\/superscandi-panos-de-limpieza-suecos-ecologicos-reutilizables-sostenibles-biodegradables-esponjas-de-celulosa\/\",\"name\":\"SUPERSCANDI - 10 x Pa\u00f1os de Limpieza suecos ecol\u00f3gicos, Reutilizables, sostenibles, biodegradables, esponjas de celulosa - econeteges.es | empresa de limpieza\",\"isPartOf\":{\"@id\":\"https:\/\/econeteges.es\/#website\"},\"primaryImageOfPage\":{\"@id\":\"https:\/\/econeteges.es\/ca\/producte\/superscandi-panos-de-limpieza-suecos-ecologicos-reutilizables-sostenibles-biodegradables-esponjas-de-celulosa\/#primaryimage\"},\"image\":{\"@id\":\"https:\/\/econeteges.es\/ca\/producte\/superscandi-panos-de-limpieza-suecos-ecologicos-reutilizables-sostenibles-biodegradables-esponjas-de-celulosa\/#primaryimage\"},\"thumbnailUrl\":\"https:\/\/econeteges.es\/wp-content\/uploads\/2021\/06\/panos-de-limpieza-ecologicos-reutilizables-4.jpg\",\"datePublished\":\"2021-06-14T17:11:32+00:00\",\"dateModified\":\"2021-06-14T17:12:21+00:00\",\"breadcrumb\":{\"@id\":\"https:\/\/econeteges.es\/ca\/producte\/superscandi-panos-de-limpieza-suecos-ecologicos-reutilizables-sostenibles-biodegradables-esponjas-de-celulosa\/#breadcrumb\"},\"inLanguage\":\"ca\",\"potentialAction\":[{\"@type\":\"ReadAction\",\"target\":[\"https:\/\/econeteges.es\/ca\/producte\/superscandi-panos-de-limpieza-suecos-ecologicos-reutilizables-sostenibles-biodegradables-esponjas-de-celulosa\/\"]}]},{\"@type\":\"ImageObject\",\"inLanguage\":\"ca\",\"@id\":\"https:\/\/econeteges.es\/ca\/producte\/superscandi-panos-de-limpieza-suecos-ecologicos-reutilizables-sostenibles-biodegradables-esponjas-de-celulosa\/#primaryimage\",\"url\":\"https:\/\/econeteges.es\/wp-content\/uploads\/2021\/06\/panos-de-limpieza-ecologicos-reutilizables-4.jpg\",\"contentUrl\":\"https:\/\/econeteges.es\/wp-content\/uploads\/2021\/06\/panos-de-limpieza-ecologicos-reutilizables-4.jpg\",\"width\":948,\"height\":900,\"caption\":\"pa\u00f1os de limpieza ecologicos reutilizables (4)\"},{\"@type\":\"BreadcrumbList\",\"@id\":\"https:\/\/econeteges.es\/ca\/producte\/superscandi-panos-de-limpieza-suecos-ecologicos-reutilizables-sostenibles-biodegradables-esponjas-de-celulosa\/#breadcrumb\",\"itemListElement\":[{\"@type\":\"ListItem\",\"position\":1,\"name\":\"Portada\",\"item\":\"https:\/\/econeteges.es\/\"},{\"@type\":\"ListItem\",\"position\":2,\"name\":\"Tienda\",\"item\":\"https:\/\/econeteges.es\/ca\/tienda\/\"},{\"@type\":\"ListItem\",\"position\":3,\"name\":\"SUPERSCANDI &#8211; 10 x Pa\u00f1os de Limpieza suecos ecol\u00f3gicos, Reutilizables, sostenibles, biodegradables, esponjas de celulosa\"}]},{\"@type\":\"WebSite\",\"@id\":\"https:\/\/econeteges.es\/#website\",\"url\":\"https:\/\/econeteges.es\/\",\"name\":\"econeteges.es | empresa de limpieza\",\"description\":\"Limpieza a domicilio | pulidos y abrillantados | mantenimiento de comunidades\",\"publisher\":{\"@id\":\"https:\/\/econeteges.es\/#organization\"},\"potentialAction\":[{\"@type\":\"SearchAction\",\"target\":{\"@type\":\"EntryPoint\",\"urlTemplate\":\"https:\/\/econeteges.es\/?s={search_term_string}\"},\"query-input\":\"required name=search_term_string\"}],\"inLanguage\":\"ca\"},{\"@type\":\"Organization\",\"@id\":\"https:\/\/econeteges.es\/#organization\",\"name\":\"Econeteges\",\"url\":\"https:\/\/econeteges.es\/\",\"logo\":{\"@type\":\"ImageObject\",\"inLanguage\":\"ca\",\"@id\":\"https:\/\/econeteges.es\/#\/schema\/logo\/image\/\",\"url\":\"https:\/\/econeteges.es\/wp-content\/uploads\/2020\/05\/nuestra-empresa_185260.jpg\",\"contentUrl\":\"https:\/\/econeteges.es\/wp-content\/uploads\/2020\/05\/nuestra-empresa_185260.jpg\",\"width\":600,\"height\":600,\"caption\":\"Econeteges\"},\"image\":{\"@id\":\"https:\/\/econeteges.es\/#\/schema\/logo\/image\/\"},\"sameAs\":[\"https:\/\/www.instagram.com\/econeteges\/\"]}]}<\/script>\n<!-- \/ Yoast SEO plugin. -->","yoast_head_json":{"title":"SUPERSCANDI - 10 x Pa\u00f1os de Limpieza suecos ecol\u00f3gicos, Reutilizables, sostenibles, biodegradables, esponjas de celulosa - econeteges.es | empresa de limpieza","robots":{"index":"index","follow":"follow","max-snippet":"max-snippet:-1","max-image-preview":"max-image-preview:large","max-video-preview":"max-video-preview:-1"},"canonical":"https:\/\/econeteges.es\/ca\/producte\/superscandi-panos-de-limpieza-suecos-ecologicos-reutilizables-sostenibles-biodegradables-esponjas-de-celulosa\/","og_locale":"ca_ES","og_type":"article","og_title":"SUPERSCANDI - 10 x Pa\u00f1os de Limpieza suecos ecol\u00f3gicos, Reutilizables, sostenibles, biodegradables, esponjas de celulosa - econeteges.es | empresa de limpieza","og_description":"6 pa\u00f1os de 70% pulpa de madera procedente de bosques suecos certificados, 30% algod\u00f3n de desecho. Envases 100% no pl\u00e1sticos. Empacado en Suecia.","og_url":"https:\/\/econeteges.es\/ca\/producte\/superscandi-panos-de-limpieza-suecos-ecologicos-reutilizables-sostenibles-biodegradables-esponjas-de-celulosa\/","og_site_name":"econeteges.es | empresa de limpieza","article_modified_time":"2021-06-14T17:12:21+00:00","og_image":[{"width":948,"height":900,"url":"https:\/\/econeteges.es\/wp-content\/uploads\/2021\/06\/panos-de-limpieza-ecologicos-reutilizables-4.jpg","type":"image\/jpeg"}],"twitter_card":"summary_large_image","twitter_misc":{"Temps estimat de lectura":"3 minuts"},"schema":{"@context":"https:\/\/schema.org","@graph":[{"@type":"WebPage","@id":"https:\/\/econeteges.es\/ca\/producte\/superscandi-panos-de-limpieza-suecos-ecologicos-reutilizables-sostenibles-biodegradables-esponjas-de-celulosa\/","url":"https:\/\/econeteges.es\/ca\/producte\/superscandi-panos-de-limpieza-suecos-ecologicos-reutilizables-sostenibles-biodegradables-esponjas-de-celulosa\/","name":"SUPERSCANDI - 10 x Pa\u00f1os de Limpieza suecos ecol\u00f3gicos, Reutilizables, sostenibles, biodegradables, esponjas de celulosa - econeteges.es | empresa de limpieza","isPartOf":{"@id":"https:\/\/econeteges.es\/#website"},"primaryImageOfPage":{"@id":"https:\/\/econeteges.es\/ca\/producte\/superscandi-panos-de-limpieza-suecos-ecologicos-reutilizables-sostenibles-biodegradables-esponjas-de-celulosa\/#primaryimage"},"image":{"@id":"https:\/\/econeteges.es\/ca\/producte\/superscandi-panos-de-limpieza-suecos-ecologicos-reutilizables-sostenibles-biodegradables-esponjas-de-celulosa\/#primaryimage"},"thumbnailUrl":"https:\/\/econeteges.es\/wp-content\/uploads\/2021\/06\/panos-de-limpieza-ecologicos-reutilizables-4.jpg","datePublished":"2021-06-14T17:11:32+00:00","dateModified":"2021-06-14T17:12:21+00:00","breadcrumb":{"@id":"https:\/\/econeteges.es\/ca\/producte\/superscandi-panos-de-limpieza-suecos-ecologicos-reutilizables-sostenibles-biodegradables-esponjas-de-celulosa\/#breadcrumb"},"inLanguage":"ca","potentialAction":[{"@type":"ReadAction","target":["https:\/\/econeteges.es\/ca\/producte\/superscandi-panos-de-limpieza-suecos-ecologicos-reutilizables-sostenibles-biodegradables-esponjas-de-celulosa\/"]}]},{"@type":"ImageObject","inLanguage":"ca","@id":"https:\/\/econeteges.es\/ca\/producte\/superscandi-panos-de-limpieza-suecos-ecologicos-reutilizables-sostenibles-biodegradables-esponjas-de-celulosa\/#primaryimage","url":"https:\/\/econeteges.es\/wp-content\/uploads\/2021\/06\/panos-de-limpieza-ecologicos-reutilizables-4.jpg","contentUrl":"https:\/\/econeteges.es\/wp-content\/uploads\/2021\/06\/panos-de-limpieza-ecologicos-reutilizables-4.jpg","width":948,"height":900,"caption":"pa\u00f1os de limpieza ecologicos reutilizables (4)"},{"@type":"BreadcrumbList","@id":"https:\/\/econeteges.es\/ca\/producte\/superscandi-panos-de-limpieza-suecos-ecologicos-reutilizables-sostenibles-biodegradables-esponjas-de-celulosa\/#breadcrumb","itemListElement":[{"@type":"ListItem","position":1,"name":"Portada","item":"https:\/\/econeteges.es\/"},{"@type":"ListItem","position":2,"name":"Tienda","item":"https:\/\/econeteges.es\/ca\/tienda\/"},{"@type":"ListItem","position":3,"name":"SUPERSCANDI &#8211; 10 x Pa\u00f1os de Limpieza suecos ecol\u00f3gicos, Reutilizables, sostenibles, biodegradables, esponjas de celulosa"}]},{"@type":"WebSite","@id":"https:\/\/econeteges.es\/#website","url":"https:\/\/econeteges.es\/","name":"econeteges.es | empresa de limpieza","description":"Limpieza a domicilio | pulidos y abrillantados | mantenimiento de comunidades","publisher":{"@id":"https:\/\/econeteges.es\/#organization"},"potentialAction":[{"@type":"SearchAction","target":{"@type":"EntryPoint","urlTemplate":"https:\/\/econeteges.es\/?s={search_term_string}"},"query-input":"required name=search_term_string"}],"inLanguage":"ca"},{"@type":"Organization","@id":"https:\/\/econeteges.es\/#organization","name":"Econeteges","url":"https:\/\/econeteges.es\/","logo":{"@type":"ImageObject","inLanguage":"ca","@id":"https:\/\/econeteges.es\/#\/schema\/logo\/image\/","url":"https:\/\/econeteges.es\/wp-content\/uploads\/2020\/05\/nuestra-empresa_185260.jpg","contentUrl":"https:\/\/econeteges.es\/wp-content\/uploads\/2020\/05\/nuestra-empresa_185260.jpg","width":600,"height":600,"caption":"Econeteges"},"image":{"@id":"https:\/\/econeteges.es\/#\/schema\/logo\/image\/"},"sameAs":["https:\/\/www.instagram.com\/econeteges\/"]}]}},"_links":{"self":[{"href":"https:\/\/econeteges.es\/ca\/wp-json\/wp\/v2\/product\/1513"}],"collection":[{"href":"https:\/\/econeteges.es\/ca\/wp-json\/wp\/v2\/product"}],"about":[{"href":"https:\/\/econeteges.es\/ca\/wp-json\/wp\/v2\/types\/product"}],"wp:featuredmedia":[{"embeddable":true,"href":"https:\/\/econeteges.es\/ca\/wp-json\/wp\/v2\/media\/1517"}],"wp:attachment":[{"href":"https:\/\/econeteges.es\/ca\/wp-json\/wp\/v2\/media?parent=1513"}],"wp:term":[{"taxonomy":"product_cat","embeddable":true,"href":"https:\/\/econeteges.es\/ca\/wp-json\/wp\/v2\/product_cat?post=1513"},{"taxonomy":"product_tag","embeddable":true,"href":"https:\/\/econeteges.es\/ca\/wp-json\/wp\/v2\/product_tag?post=1513"}],"curies":[{"name":"wp","href":"https:\/\/api.w.org\/{rel}","templated":true}]}}