{"id":1518,"date":"2021-06-14T17:15:22","date_gmt":"2021-06-14T17:15:22","guid":{"rendered":"https:\/\/econeteges.es\/?post_type=product&#038;p=1518"},"modified":"2021-06-15T07:55:55","modified_gmt":"2021-06-15T07:55:55","slug":"biosso-juego-de-6-panos-de-cera-de-abejas-reutilizables-para-conservar-alimentos-biodegradables-con-cera-de-abeja-y-algodon-pequenos-medianos-y-grandes-almacenamiento-sostenible-para-alimentos","status":"publish","type":"product","link":"https:\/\/econeteges.es\/ca\/producte\/biosso-juego-de-6-panos-de-cera-de-abejas-reutilizables-para-conservar-alimentos-biodegradables-con-cera-de-abeja-y-algodon-pequenos-medianos-y-grandes-almacenamiento-sostenible-para-alimentos\/","title":{"rendered":"Biosso Juego de 6 pa\u00f1os de cera de abejas reutilizables para conservar alimentos, biodegradables, con cera de abeja y algod\u00f3n, peque\u00f1os, medianos y grandes, almacenamiento sostenible para alimentos"},"content":{"rendered":"<p>Disfruta de tus alimentos favoritos durante m\u00e1s tiempo, de una manera sostenible.<\/p>\n<p>Color: verde.<\/p>\n<p>El almacenamiento de alimentos puede ser muy complicado si se quiere hacerlo con conciencia medioambiental. Esto se debe a que la mayor\u00eda de los paquetes disponibles son demasiado delgados o demasiado pegajosos.<\/p>\n<p>Lo que necesitas es una soluci\u00f3n bien pensada para almacenar alimentos que es elegante, reutilizable y f\u00e1cil de usar. Adem\u00e1s, deber\u00eda ser vers\u00e1til y lo suficientemente resistente para el uso diario.<\/p>\n<p>Extiende la frescura y el buen sabor de los alimentos con los pa\u00f1os de crecimiento de abejas de Biosso.<\/p>\n<p>Hecho a mano y fabricado con componentes robustos y sostenibles, nuestros manteles encerados de abeja son la alternativa perfecta a los contenedores desechables de papel film transparente. Incluso puedes utilizarlos como un recipiente para patatas fritas, nueces, dulces y similares cuando vayas a hacer un p\u00edcnic la pr\u00f3xima vez.<\/p>\n<p>Otra ventaja de nuestros manteles de cera de abeja son los maravillosos dise\u00f1os. Con patrones est\u00e9ticamente atractivos, nuestros envases de alimentos reutilizables dan un toque elegante y encantador. Y a diferencia de otros productos en el mercado, nuestros son lo suficientemente resistentes para soportar varios lavados sin romperse.<\/p>\n<p>\u00bfTodav\u00eda est\u00e1s buscando un regalo pr\u00e1ctico pero fant\u00e1stico? Este juego de cera de abeja es un regalo ideal para cualquier ocasi\u00f3n.<\/p>\n<p>Otras ventajas:<\/p>\n<p>\u2705 Dimensiones: peque\u00f1o 18 x 20 cm, mediano 26 x 28 cm, grande 35 x 33 cm.<br \/>\nPuede permanecer en excelentes condiciones incluso despu\u00e9s de un uso repetido.<br \/>\n\u2705 Se entrega en un elegante y estable embalaje de papel.<\/p>","protected":false},"excerpt":{"rendered":"<ul class=\"a-unordered-list a-vertical a-spacing-mini\">\n<li><span class=\"a-list-item\"> Mantente fresco durante m\u00e1s tiempo: evita que se estropeen las frutas, las piezas de carne y el pan. Cada paquete contiene 6 pa\u00f1os en 3 tama\u00f1os diferentes (S 18 x 20 cm, M 26 x 28 cm, L 33 x 35 cm). <\/span><\/li>\n<li><span class=\"a-list-item\"> Fabricaci\u00f3n cuidadosa: nuestros hules est\u00e1n hechos de algod\u00f3n org\u00e1nico, cera de abeja natural, resina de \u00e1rbol y aceite de jojoba y no contienen bisfenol A (BPA), bueno para tu salud <\/span><\/li>\n<li><span class=\"a-list-item\"> Sostenible y reutilizable: nuestro papel de cera es la alternativa perfecta al film transparente. Adem\u00e1s, es completamente biodegradable y est\u00e1 fabricado con materiales sostenibles. <\/span><\/li>\n<li><span class=\"a-list-item\"> F\u00e1cil de usar: este juego resistente al agua es ideal para s\u00e1ndwiches, panecillos y queso. Despu\u00e9s de su uso, simplemente limpiar con detergente y dejar secar al aire <\/span><\/li>\n<\/ul>","protected":false},"featured_media":1521,"template":"","meta":{"_et_pb_use_builder":"","_et_pb_old_content":"","_et_gb_content_width":""},"product_cat":[36,30,33,25],"product_tag":[],"yoast_head":"<!-- This site is optimized with the Yoast SEO plugin v22.3 - https:\/\/yoast.com\/wordpress\/plugins\/seo\/ -->\n<title>Biosso Juego de 6 pa\u00f1os de cera de abejas reutilizables para conservar alimentos, biodegradables, con cera de abeja y algod\u00f3n, peque\u00f1os, medianos y grandes, almacenamiento sostenible para alimentos - econeteges.es | empresa de limpieza<\/title>\n<meta name=\"robots\" content=\"index, follow, max-snippet:-1, max-image-preview:large, max-video-preview:-1\" \/>\n<link rel=\"canonical\" href=\"https:\/\/econeteges.es\/ca\/producte\/biosso-juego-de-6-panos-de-cera-de-abejas-reutilizables-para-conservar-alimentos-biodegradables-con-cera-de-abeja-y-algodon-pequenos-medianos-y-grandes-almacenamiento-sostenible-para-alimentos\/\" \/>\n<meta property=\"og:locale\" content=\"ca_ES\" \/>\n<meta property=\"og:type\" content=\"article\" \/>\n<meta property=\"og:title\" content=\"Biosso Juego de 6 pa\u00f1os de cera de abejas reutilizables para conservar alimentos, biodegradables, con cera de abeja y algod\u00f3n, peque\u00f1os, medianos y grandes, almacenamiento sostenible para alimentos - econeteges.es | empresa de limpieza\" \/>\n<meta property=\"og:description\" content=\"Mantente fresco durante m\u00e1s tiempo: evita que se estropeen las frutas, las piezas de carne y el pan. Cada paquete contiene 6 pa\u00f1os en 3 tama\u00f1os diferentes (S 18 x 20 cm, M 26 x 28 cm, L 33 x 35 cm).   Fabricaci\u00f3n cuidadosa: nuestros hules est\u00e1n hechos de algod\u00f3n org\u00e1nico, cera de abeja natural, resina de \u00e1rbol y aceite de jojoba y no contienen bisfenol A (BPA), bueno para tu salud   Sostenible y reutilizable: nuestro papel de cera es la alternativa perfecta al film transparente. Adem\u00e1s, es completamente biodegradable y est\u00e1 fabricado con materiales sostenibles.   F\u00e1cil de usar: este juego resistente al agua es ideal para s\u00e1ndwiches, panecillos y queso. Despu\u00e9s de su uso, simplemente limpiar con detergente y dejar secar al aire\" \/>\n<meta property=\"og:url\" content=\"https:\/\/econeteges.es\/ca\/producte\/biosso-juego-de-6-panos-de-cera-de-abejas-reutilizables-para-conservar-alimentos-biodegradables-con-cera-de-abeja-y-algodon-pequenos-medianos-y-grandes-almacenamiento-sostenible-para-alimentos\/\" \/>\n<meta property=\"og:site_name\" content=\"econeteges.es | empresa de limpieza\" \/>\n<meta property=\"article:modified_time\" content=\"2021-06-15T07:55:55+00:00\" \/>\n<meta property=\"og:image\" content=\"https:\/\/econeteges.es\/wp-content\/uploads\/2021\/06\/panos-ecologicos-con-cera-de-abejas-3.jpg\" \/>\n\t<meta property=\"og:image:width\" content=\"936\" \/>\n\t<meta property=\"og:image:height\" content=\"900\" \/>\n\t<meta property=\"og:image:type\" content=\"image\/jpeg\" \/>\n<meta name=\"twitter:card\" content=\"summary_large_image\" \/>\n<meta name=\"twitter:label1\" content=\"Temps estimat de lectura\" \/>\n\t<meta name=\"twitter:data1\" content=\"2 minuts\" \/>\n<script type=\"application\/ld+json\" class=\"yoast-schema-graph\">{\"@context\":\"https:\/\/schema.org\",\"@graph\":[{\"@type\":\"WebPage\",\"@id\":\"https:\/\/econeteges.es\/ca\/producte\/biosso-juego-de-6-panos-de-cera-de-abejas-reutilizables-para-conservar-alimentos-biodegradables-con-cera-de-abeja-y-algodon-pequenos-medianos-y-grandes-almacenamiento-sostenible-para-alimentos\/\",\"url\":\"https:\/\/econeteges.es\/ca\/producte\/biosso-juego-de-6-panos-de-cera-de-abejas-reutilizables-para-conservar-alimentos-biodegradables-con-cera-de-abeja-y-algodon-pequenos-medianos-y-grandes-almacenamiento-sostenible-para-alimentos\/\",\"name\":\"Biosso Juego de 6 pa\u00f1os de cera de abejas reutilizables para conservar alimentos, biodegradables, con cera de abeja y algod\u00f3n, peque\u00f1os, medianos y grandes, almacenamiento sostenible para alimentos - econeteges.es | empresa de limpieza\",\"isPartOf\":{\"@id\":\"https:\/\/econeteges.es\/#website\"},\"primaryImageOfPage\":{\"@id\":\"https:\/\/econeteges.es\/ca\/producte\/biosso-juego-de-6-panos-de-cera-de-abejas-reutilizables-para-conservar-alimentos-biodegradables-con-cera-de-abeja-y-algodon-pequenos-medianos-y-grandes-almacenamiento-sostenible-para-alimentos\/#primaryimage\"},\"image\":{\"@id\":\"https:\/\/econeteges.es\/ca\/producte\/biosso-juego-de-6-panos-de-cera-de-abejas-reutilizables-para-conservar-alimentos-biodegradables-con-cera-de-abeja-y-algodon-pequenos-medianos-y-grandes-almacenamiento-sostenible-para-alimentos\/#primaryimage\"},\"thumbnailUrl\":\"https:\/\/econeteges.es\/wp-content\/uploads\/2021\/06\/panos-ecologicos-con-cera-de-abejas-3.jpg\",\"datePublished\":\"2021-06-14T17:15:22+00:00\",\"dateModified\":\"2021-06-15T07:55:55+00:00\",\"breadcrumb\":{\"@id\":\"https:\/\/econeteges.es\/ca\/producte\/biosso-juego-de-6-panos-de-cera-de-abejas-reutilizables-para-conservar-alimentos-biodegradables-con-cera-de-abeja-y-algodon-pequenos-medianos-y-grandes-almacenamiento-sostenible-para-alimentos\/#breadcrumb\"},\"inLanguage\":\"ca\",\"potentialAction\":[{\"@type\":\"ReadAction\",\"target\":[\"https:\/\/econeteges.es\/ca\/producte\/biosso-juego-de-6-panos-de-cera-de-abejas-reutilizables-para-conservar-alimentos-biodegradables-con-cera-de-abeja-y-algodon-pequenos-medianos-y-grandes-almacenamiento-sostenible-para-alimentos\/\"]}]},{\"@type\":\"ImageObject\",\"inLanguage\":\"ca\",\"@id\":\"https:\/\/econeteges.es\/ca\/producte\/biosso-juego-de-6-panos-de-cera-de-abejas-reutilizables-para-conservar-alimentos-biodegradables-con-cera-de-abeja-y-algodon-pequenos-medianos-y-grandes-almacenamiento-sostenible-para-alimentos\/#primaryimage\",\"url\":\"https:\/\/econeteges.es\/wp-content\/uploads\/2021\/06\/panos-ecologicos-con-cera-de-abejas-3.jpg\",\"contentUrl\":\"https:\/\/econeteges.es\/wp-content\/uploads\/2021\/06\/panos-ecologicos-con-cera-de-abejas-3.jpg\",\"width\":936,\"height\":900,\"caption\":\"pa\u00f1os ecologicos con cera de abejas (3)\"},{\"@type\":\"BreadcrumbList\",\"@id\":\"https:\/\/econeteges.es\/ca\/producte\/biosso-juego-de-6-panos-de-cera-de-abejas-reutilizables-para-conservar-alimentos-biodegradables-con-cera-de-abeja-y-algodon-pequenos-medianos-y-grandes-almacenamiento-sostenible-para-alimentos\/#breadcrumb\",\"itemListElement\":[{\"@type\":\"ListItem\",\"position\":1,\"name\":\"Portada\",\"item\":\"https:\/\/econeteges.es\/\"},{\"@type\":\"ListItem\",\"position\":2,\"name\":\"Tienda\",\"item\":\"https:\/\/econeteges.es\/ca\/tienda\/\"},{\"@type\":\"ListItem\",\"position\":3,\"name\":\"Biosso Juego de 6 pa\u00f1os de cera de abejas reutilizables para conservar alimentos, biodegradables, con cera de abeja y algod\u00f3n, peque\u00f1os, medianos y grandes, almacenamiento sostenible para alimentos\"}]},{\"@type\":\"WebSite\",\"@id\":\"https:\/\/econeteges.es\/#website\",\"url\":\"https:\/\/econeteges.es\/\",\"name\":\"econeteges.es | empresa de limpieza\",\"description\":\"Limpieza a domicilio | pulidos y abrillantados | mantenimiento de comunidades\",\"publisher\":{\"@id\":\"https:\/\/econeteges.es\/#organization\"},\"potentialAction\":[{\"@type\":\"SearchAction\",\"target\":{\"@type\":\"EntryPoint\",\"urlTemplate\":\"https:\/\/econeteges.es\/?s={search_term_string}\"},\"query-input\":\"required name=search_term_string\"}],\"inLanguage\":\"ca\"},{\"@type\":\"Organization\",\"@id\":\"https:\/\/econeteges.es\/#organization\",\"name\":\"Econeteges\",\"url\":\"https:\/\/econeteges.es\/\",\"logo\":{\"@type\":\"ImageObject\",\"inLanguage\":\"ca\",\"@id\":\"https:\/\/econeteges.es\/#\/schema\/logo\/image\/\",\"url\":\"https:\/\/econeteges.es\/wp-content\/uploads\/2020\/05\/nuestra-empresa_185260.jpg\",\"contentUrl\":\"https:\/\/econeteges.es\/wp-content\/uploads\/2020\/05\/nuestra-empresa_185260.jpg\",\"width\":600,\"height\":600,\"caption\":\"Econeteges\"},\"image\":{\"@id\":\"https:\/\/econeteges.es\/#\/schema\/logo\/image\/\"},\"sameAs\":[\"https:\/\/www.instagram.com\/econeteges\/\"]}]}<\/script>\n<!-- \/ Yoast SEO plugin. -->","yoast_head_json":{"title":"Biosso Juego de 6 pa\u00f1os de cera de abejas reutilizables para conservar alimentos, biodegradables, con cera de abeja y algod\u00f3n, peque\u00f1os, medianos y grandes, almacenamiento sostenible para alimentos - econeteges.es | empresa de limpieza","robots":{"index":"index","follow":"follow","max-snippet":"max-snippet:-1","max-image-preview":"max-image-preview:large","max-video-preview":"max-video-preview:-1"},"canonical":"https:\/\/econeteges.es\/ca\/producte\/biosso-juego-de-6-panos-de-cera-de-abejas-reutilizables-para-conservar-alimentos-biodegradables-con-cera-de-abeja-y-algodon-pequenos-medianos-y-grandes-almacenamiento-sostenible-para-alimentos\/","og_locale":"ca_ES","og_type":"article","og_title":"Biosso Juego de 6 pa\u00f1os de cera de abejas reutilizables para conservar alimentos, biodegradables, con cera de abeja y algod\u00f3n, peque\u00f1os, medianos y grandes, almacenamiento sostenible para alimentos - econeteges.es | empresa de limpieza","og_description":"Mantente fresco durante m\u00e1s tiempo: evita que se estropeen las frutas, las piezas de carne y el pan. Cada paquete contiene 6 pa\u00f1os en 3 tama\u00f1os diferentes (S 18 x 20 cm, M 26 x 28 cm, L 33 x 35 cm).   Fabricaci\u00f3n cuidadosa: nuestros hules est\u00e1n hechos de algod\u00f3n org\u00e1nico, cera de abeja natural, resina de \u00e1rbol y aceite de jojoba y no contienen bisfenol A (BPA), bueno para tu salud   Sostenible y reutilizable: nuestro papel de cera es la alternativa perfecta al film transparente. Adem\u00e1s, es completamente biodegradable y est\u00e1 fabricado con materiales sostenibles.   F\u00e1cil de usar: este juego resistente al agua es ideal para s\u00e1ndwiches, panecillos y queso. Despu\u00e9s de su uso, simplemente limpiar con detergente y dejar secar al aire","og_url":"https:\/\/econeteges.es\/ca\/producte\/biosso-juego-de-6-panos-de-cera-de-abejas-reutilizables-para-conservar-alimentos-biodegradables-con-cera-de-abeja-y-algodon-pequenos-medianos-y-grandes-almacenamiento-sostenible-para-alimentos\/","og_site_name":"econeteges.es | empresa de limpieza","article_modified_time":"2021-06-15T07:55:55+00:00","og_image":[{"width":936,"height":900,"url":"https:\/\/econeteges.es\/wp-content\/uploads\/2021\/06\/panos-ecologicos-con-cera-de-abejas-3.jpg","type":"image\/jpeg"}],"twitter_card":"summary_large_image","twitter_misc":{"Temps estimat de lectura":"2 minuts"},"schema":{"@context":"https:\/\/schema.org","@graph":[{"@type":"WebPage","@id":"https:\/\/econeteges.es\/ca\/producte\/biosso-juego-de-6-panos-de-cera-de-abejas-reutilizables-para-conservar-alimentos-biodegradables-con-cera-de-abeja-y-algodon-pequenos-medianos-y-grandes-almacenamiento-sostenible-para-alimentos\/","url":"https:\/\/econeteges.es\/ca\/producte\/biosso-juego-de-6-panos-de-cera-de-abejas-reutilizables-para-conservar-alimentos-biodegradables-con-cera-de-abeja-y-algodon-pequenos-medianos-y-grandes-almacenamiento-sostenible-para-alimentos\/","name":"Biosso Juego de 6 pa\u00f1os de cera de abejas reutilizables para conservar alimentos, biodegradables, con cera de abeja y algod\u00f3n, peque\u00f1os, medianos y grandes, almacenamiento sostenible para alimentos - econeteges.es | empresa de limpieza","isPartOf":{"@id":"https:\/\/econeteges.es\/#website"},"primaryImageOfPage":{"@id":"https:\/\/econeteges.es\/ca\/producte\/biosso-juego-de-6-panos-de-cera-de-abejas-reutilizables-para-conservar-alimentos-biodegradables-con-cera-de-abeja-y-algodon-pequenos-medianos-y-grandes-almacenamiento-sostenible-para-alimentos\/#primaryimage"},"image":{"@id":"https:\/\/econeteges.es\/ca\/producte\/biosso-juego-de-6-panos-de-cera-de-abejas-reutilizables-para-conservar-alimentos-biodegradables-con-cera-de-abeja-y-algodon-pequenos-medianos-y-grandes-almacenamiento-sostenible-para-alimentos\/#primaryimage"},"thumbnailUrl":"https:\/\/econeteges.es\/wp-content\/uploads\/2021\/06\/panos-ecologicos-con-cera-de-abejas-3.jpg","datePublished":"2021-06-14T17:15:22+00:00","dateModified":"2021-06-15T07:55:55+00:00","breadcrumb":{"@id":"https:\/\/econeteges.es\/ca\/producte\/biosso-juego-de-6-panos-de-cera-de-abejas-reutilizables-para-conservar-alimentos-biodegradables-con-cera-de-abeja-y-algodon-pequenos-medianos-y-grandes-almacenamiento-sostenible-para-alimentos\/#breadcrumb"},"inLanguage":"ca","potentialAction":[{"@type":"ReadAction","target":["https:\/\/econeteges.es\/ca\/producte\/biosso-juego-de-6-panos-de-cera-de-abejas-reutilizables-para-conservar-alimentos-biodegradables-con-cera-de-abeja-y-algodon-pequenos-medianos-y-grandes-almacenamiento-sostenible-para-alimentos\/"]}]},{"@type":"ImageObject","inLanguage":"ca","@id":"https:\/\/econeteges.es\/ca\/producte\/biosso-juego-de-6-panos-de-cera-de-abejas-reutilizables-para-conservar-alimentos-biodegradables-con-cera-de-abeja-y-algodon-pequenos-medianos-y-grandes-almacenamiento-sostenible-para-alimentos\/#primaryimage","url":"https:\/\/econeteges.es\/wp-content\/uploads\/2021\/06\/panos-ecologicos-con-cera-de-abejas-3.jpg","contentUrl":"https:\/\/econeteges.es\/wp-content\/uploads\/2021\/06\/panos-ecologicos-con-cera-de-abejas-3.jpg","width":936,"height":900,"caption":"pa\u00f1os ecologicos con cera de abejas (3)"},{"@type":"BreadcrumbList","@id":"https:\/\/econeteges.es\/ca\/producte\/biosso-juego-de-6-panos-de-cera-de-abejas-reutilizables-para-conservar-alimentos-biodegradables-con-cera-de-abeja-y-algodon-pequenos-medianos-y-grandes-almacenamiento-sostenible-para-alimentos\/#breadcrumb","itemListElement":[{"@type":"ListItem","position":1,"name":"Portada","item":"https:\/\/econeteges.es\/"},{"@type":"ListItem","position":2,"name":"Tienda","item":"https:\/\/econeteges.es\/ca\/tienda\/"},{"@type":"ListItem","position":3,"name":"Biosso Juego de 6 pa\u00f1os de cera de abejas reutilizables para conservar alimentos, biodegradables, con cera de abeja y algod\u00f3n, peque\u00f1os, medianos y grandes, almacenamiento sostenible para alimentos"}]},{"@type":"WebSite","@id":"https:\/\/econeteges.es\/#website","url":"https:\/\/econeteges.es\/","name":"econeteges.es | empresa de limpieza","description":"Limpieza a domicilio | pulidos y abrillantados | mantenimiento de comunidades","publisher":{"@id":"https:\/\/econeteges.es\/#organization"},"potentialAction":[{"@type":"SearchAction","target":{"@type":"EntryPoint","urlTemplate":"https:\/\/econeteges.es\/?s={search_term_string}"},"query-input":"required name=search_term_string"}],"inLanguage":"ca"},{"@type":"Organization","@id":"https:\/\/econeteges.es\/#organization","name":"Econeteges","url":"https:\/\/econeteges.es\/","logo":{"@type":"ImageObject","inLanguage":"ca","@id":"https:\/\/econeteges.es\/#\/schema\/logo\/image\/","url":"https:\/\/econeteges.es\/wp-content\/uploads\/2020\/05\/nuestra-empresa_185260.jpg","contentUrl":"https:\/\/econeteges.es\/wp-content\/uploads\/2020\/05\/nuestra-empresa_185260.jpg","width":600,"height":600,"caption":"Econeteges"},"image":{"@id":"https:\/\/econeteges.es\/#\/schema\/logo\/image\/"},"sameAs":["https:\/\/www.instagram.com\/econeteges\/"]}]}},"_links":{"self":[{"href":"https:\/\/econeteges.es\/ca\/wp-json\/wp\/v2\/product\/1518"}],"collection":[{"href":"https:\/\/econeteges.es\/ca\/wp-json\/wp\/v2\/product"}],"about":[{"href":"https:\/\/econeteges.es\/ca\/wp-json\/wp\/v2\/types\/product"}],"wp:featuredmedia":[{"embeddable":true,"href":"https:\/\/econeteges.es\/ca\/wp-json\/wp\/v2\/media\/1521"}],"wp:attachment":[{"href":"https:\/\/econeteges.es\/ca\/wp-json\/wp\/v2\/media?parent=1518"}],"wp:term":[{"taxonomy":"product_cat","embeddable":true,"href":"https:\/\/econeteges.es\/ca\/wp-json\/wp\/v2\/product_cat?post=1518"},{"taxonomy":"product_tag","embeddable":true,"href":"https:\/\/econeteges.es\/ca\/wp-json\/wp\/v2\/product_tag?post=1518"}],"curies":[{"name":"wp","href":"https:\/\/api.w.org\/{rel}","templated":true}]}}