{"id":1535,"date":"2021-06-15T07:32:03","date_gmt":"2021-06-15T07:32:03","guid":{"rendered":"https:\/\/econeteges.es\/?post_type=product&#038;p=1535"},"modified":"2021-06-15T07:35:43","modified_gmt":"2021-06-15T07:35:43","slug":"bolsas-de-silicona-reutilizables-4-pcs-usetcc-bolsas-de-comida-bolsa-de-conservacion-bolsas-de-congelacion-de-silicona-para-fruta-verduras-carne-cocina-hogar-y-viajes","status":"publish","type":"product","link":"https:\/\/econeteges.es\/ca\/producte\/bolsas-de-silicona-reutilizables-4-pcs-usetcc-bolsas-de-comida-bolsa-de-conservacion-bolsas-de-congelacion-de-silicona-para-fruta-verduras-carne-cocina-hogar-y-viajes\/","title":{"rendered":"Bolsas de Silicona Reutilizables 4 PCS, Usetcc Bolsas de Comida Bolsa de Conservaci\u00f3n, Bolsas de Congelaci\u00f3n de Silicona para Fruta Verduras Carne Cocina Hogar y Viajes"},"content":{"rendered":"<h2>Bolsas de Silicona Reutilizables 4 PCS<\/h2>\n<p>Contiene: 4 bolsas de almacenamiento de alimentos<\/p>\n<p>A diferencia de la vieja bolsa de comida, la bolsa de bocadillos actualizada es dif\u00edcil de unir los dos lados opuestos, lo que contribuye a abrirla y cerrarla m\u00e1s f\u00e1cilmente.<\/p>\n<p><b>Especificaciones:<\/b><br \/>\nMarca: Usetcc<br \/>\nMaterial: Silicona<br \/>\nRango de temperatura: -30 \u2103 \u301c200 \u2103<br \/>\nTama\u00f1o (aprox.): 9.1 * 7.1 \u00ab\u00bb\/ 23 * 18cm<br \/>\nVolumen (aprox.): 1L<br \/>\nColores: Rojo y blanco y azul y verde<\/p>\n<p>Nuestro producto Usetcc viene con 1 a\u00f1o de garant\u00eda.<\/p>","protected":false},"excerpt":{"rendered":"<p><span class=\"a-list-item\">\u3010Silicona Ecol\u00f3gica y de Grado Alimenticio\u3011Las bolsas reutilizables de silicona para almacenamiento de alimentos est\u00e1n hechas de silicona de grado alimenticio aprobada por la FDA y SGS y sin productos qu\u00edmicos t\u00f3xicos, lo que le permite sentirse aliviado por el uso y tambi\u00e9n una soluci\u00f3n ideal para proteger el medio ambiente. <\/span><\/p>\n<p><span class=\"a-list-item\">\u3010Resistente al Fr\u00edo y al Calor\u3011Con una temperatura aceptable de -30 \u2103 a 200 \u2103, las bolsas de alimentos de silicona son seguras para usar en lavavajillas, congeladores, microondas, hornos o agua hirviendo. Adecuado para frutas, carnes, verduras, l\u00edquidos, aperitivos, almuerzos. <\/span><\/p>\n<p><span class=\"a-list-item\">\u3010Duradero y Reutilizable\u3011El paquete incluye 4 bolsas selladas para alimentos de diferentes colores. 1000 ml de capacidad, es lo suficientemente grande como para contener lo que necesita empacar. Las bolsas de congelador con grosor extra son fuertes y duraderas. <\/span><\/p>\n<p><span class=\"a-list-item\">\u3010Mantenga los Alimentos Frescos y a Prueba de Fugas\u3011Las bolsas de conservaci\u00f3n de alimentos adoptan un dise\u00f1o 100% a prueba de fugas al vac\u00edo y con cierre de cremallera, capaz de mantener los alimentos frescos y el l\u00edquido que contiene no se derrama, f\u00e1cil de transportar y almacenar durante los viajes de campamento. <\/span><\/p>\n<p><span class=\"a-list-item\">\u3010F\u00e1cil y Conveniente de Usar\u3011Tire de la peque\u00f1a pesta\u00f1a con una mano y deslice el control deslizante en la direcci\u00f3n opuesta, es realmente f\u00e1cil de abrir y cerrar. Puede doblarlos o colocarlos planos, y guardarlos en los cajones de la cocina o colgarlos en los ganchos de la cocina despu\u00e9s de usarlos. <\/span><\/p>","protected":false},"featured_media":1540,"template":"","meta":{"_et_pb_use_builder":"","_et_pb_old_content":"","_et_gb_content_width":""},"product_cat":[36],"product_tag":[],"yoast_head":"<!-- This site is optimized with the Yoast SEO plugin v22.3 - https:\/\/yoast.com\/wordpress\/plugins\/seo\/ -->\n<title>Bolsas de Silicona Reutilizables 4 PCS, Usetcc Bolsas de Comida Bolsa de Conservaci\u00f3n, Bolsas de Congelaci\u00f3n de Silicona para Fruta Verduras Carne Cocina Hogar y Viajes - econeteges.es | empresa de limpieza<\/title>\n<meta name=\"robots\" content=\"index, follow, max-snippet:-1, max-image-preview:large, max-video-preview:-1\" \/>\n<link rel=\"canonical\" href=\"https:\/\/econeteges.es\/ca\/producte\/bolsas-de-silicona-reutilizables-4-pcs-usetcc-bolsas-de-comida-bolsa-de-conservacion-bolsas-de-congelacion-de-silicona-para-fruta-verduras-carne-cocina-hogar-y-viajes\/\" \/>\n<meta property=\"og:locale\" content=\"ca_ES\" \/>\n<meta property=\"og:type\" content=\"article\" \/>\n<meta property=\"og:title\" content=\"Bolsas de Silicona Reutilizables 4 PCS, Usetcc Bolsas de Comida Bolsa de Conservaci\u00f3n, Bolsas de Congelaci\u00f3n de Silicona para Fruta Verduras Carne Cocina Hogar y Viajes - econeteges.es | empresa de limpieza\" \/>\n<meta property=\"og:description\" content=\"\u3010Silicona Ecol\u00f3gica y de Grado Alimenticio\u3011Las bolsas reutilizables de silicona para almacenamiento de alimentos est\u00e1n hechas de silicona de grado alimenticio aprobada por la FDA y SGS y sin productos qu\u00edmicos t\u00f3xicos, lo que le permite sentirse aliviado por el uso y tambi\u00e9n una soluci\u00f3n ideal para proteger el medio ambiente.   \u3010Resistente al Fr\u00edo y al Calor\u3011Con una temperatura aceptable de -30 \u2103 a 200 \u2103, las bolsas de alimentos de silicona son seguras para usar en lavavajillas, congeladores, microondas, hornos o agua hirviendo. Adecuado para frutas, carnes, verduras, l\u00edquidos, aperitivos, almuerzos.   \u3010Duradero y Reutilizable\u3011El paquete incluye 4 bolsas selladas para alimentos de diferentes colores. 1000 ml de capacidad, es lo suficientemente grande como para contener lo que necesita empacar. Las bolsas de congelador con grosor extra son fuertes y duraderas.   \u3010Mantenga los Alimentos Frescos y a Prueba de Fugas\u3011Las bolsas de conservaci\u00f3n de alimentos adoptan un dise\u00f1o 100% a prueba de fugas al vac\u00edo y con cierre de cremallera, capaz de mantener los alimentos frescos y el l\u00edquido que contiene no se derrama, f\u00e1cil de transportar y almacenar durante los viajes de campamento.   \u3010F\u00e1cil y Conveniente de Usar\u3011Tire de la peque\u00f1a pesta\u00f1a con una mano y deslice el control deslizante en la direcci\u00f3n opuesta, es realmente f\u00e1cil de abrir y cerrar. Puede doblarlos o colocarlos planos, y guardarlos en los cajones de la cocina o colgarlos en los ganchos de la cocina despu\u00e9s de usarlos.\" \/>\n<meta property=\"og:url\" content=\"https:\/\/econeteges.es\/ca\/producte\/bolsas-de-silicona-reutilizables-4-pcs-usetcc-bolsas-de-comida-bolsa-de-conservacion-bolsas-de-congelacion-de-silicona-para-fruta-verduras-carne-cocina-hogar-y-viajes\/\" \/>\n<meta property=\"og:site_name\" content=\"econeteges.es | empresa de limpieza\" \/>\n<meta property=\"article:modified_time\" content=\"2021-06-15T07:35:43+00:00\" \/>\n<meta property=\"og:image\" content=\"https:\/\/econeteges.es\/wp-content\/uploads\/2021\/06\/pack-4-bolsas-reutilizables-de-silicona-5.jpg\" \/>\n\t<meta property=\"og:image:width\" content=\"978\" \/>\n\t<meta property=\"og:image:height\" content=\"900\" \/>\n\t<meta property=\"og:image:type\" content=\"image\/jpeg\" \/>\n<meta name=\"twitter:card\" content=\"summary_large_image\" \/>\n<meta name=\"twitter:label1\" content=\"Temps estimat de lectura\" \/>\n\t<meta name=\"twitter:data1\" content=\"1 minut\" \/>\n<script type=\"application\/ld+json\" class=\"yoast-schema-graph\">{\"@context\":\"https:\/\/schema.org\",\"@graph\":[{\"@type\":\"WebPage\",\"@id\":\"https:\/\/econeteges.es\/ca\/producte\/bolsas-de-silicona-reutilizables-4-pcs-usetcc-bolsas-de-comida-bolsa-de-conservacion-bolsas-de-congelacion-de-silicona-para-fruta-verduras-carne-cocina-hogar-y-viajes\/\",\"url\":\"https:\/\/econeteges.es\/ca\/producte\/bolsas-de-silicona-reutilizables-4-pcs-usetcc-bolsas-de-comida-bolsa-de-conservacion-bolsas-de-congelacion-de-silicona-para-fruta-verduras-carne-cocina-hogar-y-viajes\/\",\"name\":\"Bolsas de Silicona Reutilizables 4 PCS, Usetcc Bolsas de Comida Bolsa de Conservaci\u00f3n, Bolsas de Congelaci\u00f3n de Silicona para Fruta Verduras Carne Cocina Hogar y Viajes - econeteges.es | empresa de limpieza\",\"isPartOf\":{\"@id\":\"https:\/\/econeteges.es\/#website\"},\"primaryImageOfPage\":{\"@id\":\"https:\/\/econeteges.es\/ca\/producte\/bolsas-de-silicona-reutilizables-4-pcs-usetcc-bolsas-de-comida-bolsa-de-conservacion-bolsas-de-congelacion-de-silicona-para-fruta-verduras-carne-cocina-hogar-y-viajes\/#primaryimage\"},\"image\":{\"@id\":\"https:\/\/econeteges.es\/ca\/producte\/bolsas-de-silicona-reutilizables-4-pcs-usetcc-bolsas-de-comida-bolsa-de-conservacion-bolsas-de-congelacion-de-silicona-para-fruta-verduras-carne-cocina-hogar-y-viajes\/#primaryimage\"},\"thumbnailUrl\":\"https:\/\/econeteges.es\/wp-content\/uploads\/2021\/06\/pack-4-bolsas-reutilizables-de-silicona-5.jpg\",\"datePublished\":\"2021-06-15T07:32:03+00:00\",\"dateModified\":\"2021-06-15T07:35:43+00:00\",\"breadcrumb\":{\"@id\":\"https:\/\/econeteges.es\/ca\/producte\/bolsas-de-silicona-reutilizables-4-pcs-usetcc-bolsas-de-comida-bolsa-de-conservacion-bolsas-de-congelacion-de-silicona-para-fruta-verduras-carne-cocina-hogar-y-viajes\/#breadcrumb\"},\"inLanguage\":\"ca\",\"potentialAction\":[{\"@type\":\"ReadAction\",\"target\":[\"https:\/\/econeteges.es\/ca\/producte\/bolsas-de-silicona-reutilizables-4-pcs-usetcc-bolsas-de-comida-bolsa-de-conservacion-bolsas-de-congelacion-de-silicona-para-fruta-verduras-carne-cocina-hogar-y-viajes\/\"]}]},{\"@type\":\"ImageObject\",\"inLanguage\":\"ca\",\"@id\":\"https:\/\/econeteges.es\/ca\/producte\/bolsas-de-silicona-reutilizables-4-pcs-usetcc-bolsas-de-comida-bolsa-de-conservacion-bolsas-de-congelacion-de-silicona-para-fruta-verduras-carne-cocina-hogar-y-viajes\/#primaryimage\",\"url\":\"https:\/\/econeteges.es\/wp-content\/uploads\/2021\/06\/pack-4-bolsas-reutilizables-de-silicona-5.jpg\",\"contentUrl\":\"https:\/\/econeteges.es\/wp-content\/uploads\/2021\/06\/pack-4-bolsas-reutilizables-de-silicona-5.jpg\",\"width\":978,\"height\":900,\"caption\":\"pack 4 bolsas reutilizables de silicona (5)\"},{\"@type\":\"BreadcrumbList\",\"@id\":\"https:\/\/econeteges.es\/ca\/producte\/bolsas-de-silicona-reutilizables-4-pcs-usetcc-bolsas-de-comida-bolsa-de-conservacion-bolsas-de-congelacion-de-silicona-para-fruta-verduras-carne-cocina-hogar-y-viajes\/#breadcrumb\",\"itemListElement\":[{\"@type\":\"ListItem\",\"position\":1,\"name\":\"Portada\",\"item\":\"https:\/\/econeteges.es\/\"},{\"@type\":\"ListItem\",\"position\":2,\"name\":\"Tienda\",\"item\":\"https:\/\/econeteges.es\/ca\/tienda\/\"},{\"@type\":\"ListItem\",\"position\":3,\"name\":\"Bolsas de Silicona Reutilizables 4 PCS, Usetcc Bolsas de Comida Bolsa de Conservaci\u00f3n, Bolsas de Congelaci\u00f3n de Silicona para Fruta Verduras Carne Cocina Hogar y Viajes\"}]},{\"@type\":\"WebSite\",\"@id\":\"https:\/\/econeteges.es\/#website\",\"url\":\"https:\/\/econeteges.es\/\",\"name\":\"econeteges.es | empresa de limpieza\",\"description\":\"Limpieza a domicilio | pulidos y abrillantados | mantenimiento de comunidades\",\"publisher\":{\"@id\":\"https:\/\/econeteges.es\/#organization\"},\"potentialAction\":[{\"@type\":\"SearchAction\",\"target\":{\"@type\":\"EntryPoint\",\"urlTemplate\":\"https:\/\/econeteges.es\/?s={search_term_string}\"},\"query-input\":\"required name=search_term_string\"}],\"inLanguage\":\"ca\"},{\"@type\":\"Organization\",\"@id\":\"https:\/\/econeteges.es\/#organization\",\"name\":\"Econeteges\",\"url\":\"https:\/\/econeteges.es\/\",\"logo\":{\"@type\":\"ImageObject\",\"inLanguage\":\"ca\",\"@id\":\"https:\/\/econeteges.es\/#\/schema\/logo\/image\/\",\"url\":\"https:\/\/econeteges.es\/wp-content\/uploads\/2020\/05\/nuestra-empresa_185260.jpg\",\"contentUrl\":\"https:\/\/econeteges.es\/wp-content\/uploads\/2020\/05\/nuestra-empresa_185260.jpg\",\"width\":600,\"height\":600,\"caption\":\"Econeteges\"},\"image\":{\"@id\":\"https:\/\/econeteges.es\/#\/schema\/logo\/image\/\"},\"sameAs\":[\"https:\/\/www.instagram.com\/econeteges\/\"]}]}<\/script>\n<!-- \/ Yoast SEO plugin. -->","yoast_head_json":{"title":"Bolsas de Silicona Reutilizables 4 PCS, Usetcc Bolsas de Comida Bolsa de Conservaci\u00f3n, Bolsas de Congelaci\u00f3n de Silicona para Fruta Verduras Carne Cocina Hogar y Viajes - econeteges.es | empresa de limpieza","robots":{"index":"index","follow":"follow","max-snippet":"max-snippet:-1","max-image-preview":"max-image-preview:large","max-video-preview":"max-video-preview:-1"},"canonical":"https:\/\/econeteges.es\/ca\/producte\/bolsas-de-silicona-reutilizables-4-pcs-usetcc-bolsas-de-comida-bolsa-de-conservacion-bolsas-de-congelacion-de-silicona-para-fruta-verduras-carne-cocina-hogar-y-viajes\/","og_locale":"ca_ES","og_type":"article","og_title":"Bolsas de Silicona Reutilizables 4 PCS, Usetcc Bolsas de Comida Bolsa de Conservaci\u00f3n, Bolsas de Congelaci\u00f3n de Silicona para Fruta Verduras Carne Cocina Hogar y Viajes - econeteges.es | empresa de limpieza","og_description":"\u3010Silicona Ecol\u00f3gica y de Grado Alimenticio\u3011Las bolsas reutilizables de silicona para almacenamiento de alimentos est\u00e1n hechas de silicona de grado alimenticio aprobada por la FDA y SGS y sin productos qu\u00edmicos t\u00f3xicos, lo que le permite sentirse aliviado por el uso y tambi\u00e9n una soluci\u00f3n ideal para proteger el medio ambiente.   \u3010Resistente al Fr\u00edo y al Calor\u3011Con una temperatura aceptable de -30 \u2103 a 200 \u2103, las bolsas de alimentos de silicona son seguras para usar en lavavajillas, congeladores, microondas, hornos o agua hirviendo. Adecuado para frutas, carnes, verduras, l\u00edquidos, aperitivos, almuerzos.   \u3010Duradero y Reutilizable\u3011El paquete incluye 4 bolsas selladas para alimentos de diferentes colores. 1000 ml de capacidad, es lo suficientemente grande como para contener lo que necesita empacar. Las bolsas de congelador con grosor extra son fuertes y duraderas.   \u3010Mantenga los Alimentos Frescos y a Prueba de Fugas\u3011Las bolsas de conservaci\u00f3n de alimentos adoptan un dise\u00f1o 100% a prueba de fugas al vac\u00edo y con cierre de cremallera, capaz de mantener los alimentos frescos y el l\u00edquido que contiene no se derrama, f\u00e1cil de transportar y almacenar durante los viajes de campamento.   \u3010F\u00e1cil y Conveniente de Usar\u3011Tire de la peque\u00f1a pesta\u00f1a con una mano y deslice el control deslizante en la direcci\u00f3n opuesta, es realmente f\u00e1cil de abrir y cerrar. Puede doblarlos o colocarlos planos, y guardarlos en los cajones de la cocina o colgarlos en los ganchos de la cocina despu\u00e9s de usarlos.","og_url":"https:\/\/econeteges.es\/ca\/producte\/bolsas-de-silicona-reutilizables-4-pcs-usetcc-bolsas-de-comida-bolsa-de-conservacion-bolsas-de-congelacion-de-silicona-para-fruta-verduras-carne-cocina-hogar-y-viajes\/","og_site_name":"econeteges.es | empresa de limpieza","article_modified_time":"2021-06-15T07:35:43+00:00","og_image":[{"width":978,"height":900,"url":"https:\/\/econeteges.es\/wp-content\/uploads\/2021\/06\/pack-4-bolsas-reutilizables-de-silicona-5.jpg","type":"image\/jpeg"}],"twitter_card":"summary_large_image","twitter_misc":{"Temps estimat de lectura":"1 minut"},"schema":{"@context":"https:\/\/schema.org","@graph":[{"@type":"WebPage","@id":"https:\/\/econeteges.es\/ca\/producte\/bolsas-de-silicona-reutilizables-4-pcs-usetcc-bolsas-de-comida-bolsa-de-conservacion-bolsas-de-congelacion-de-silicona-para-fruta-verduras-carne-cocina-hogar-y-viajes\/","url":"https:\/\/econeteges.es\/ca\/producte\/bolsas-de-silicona-reutilizables-4-pcs-usetcc-bolsas-de-comida-bolsa-de-conservacion-bolsas-de-congelacion-de-silicona-para-fruta-verduras-carne-cocina-hogar-y-viajes\/","name":"Bolsas de Silicona Reutilizables 4 PCS, Usetcc Bolsas de Comida Bolsa de Conservaci\u00f3n, Bolsas de Congelaci\u00f3n de Silicona para Fruta Verduras Carne Cocina Hogar y Viajes - econeteges.es | empresa de limpieza","isPartOf":{"@id":"https:\/\/econeteges.es\/#website"},"primaryImageOfPage":{"@id":"https:\/\/econeteges.es\/ca\/producte\/bolsas-de-silicona-reutilizables-4-pcs-usetcc-bolsas-de-comida-bolsa-de-conservacion-bolsas-de-congelacion-de-silicona-para-fruta-verduras-carne-cocina-hogar-y-viajes\/#primaryimage"},"image":{"@id":"https:\/\/econeteges.es\/ca\/producte\/bolsas-de-silicona-reutilizables-4-pcs-usetcc-bolsas-de-comida-bolsa-de-conservacion-bolsas-de-congelacion-de-silicona-para-fruta-verduras-carne-cocina-hogar-y-viajes\/#primaryimage"},"thumbnailUrl":"https:\/\/econeteges.es\/wp-content\/uploads\/2021\/06\/pack-4-bolsas-reutilizables-de-silicona-5.jpg","datePublished":"2021-06-15T07:32:03+00:00","dateModified":"2021-06-15T07:35:43+00:00","breadcrumb":{"@id":"https:\/\/econeteges.es\/ca\/producte\/bolsas-de-silicona-reutilizables-4-pcs-usetcc-bolsas-de-comida-bolsa-de-conservacion-bolsas-de-congelacion-de-silicona-para-fruta-verduras-carne-cocina-hogar-y-viajes\/#breadcrumb"},"inLanguage":"ca","potentialAction":[{"@type":"ReadAction","target":["https:\/\/econeteges.es\/ca\/producte\/bolsas-de-silicona-reutilizables-4-pcs-usetcc-bolsas-de-comida-bolsa-de-conservacion-bolsas-de-congelacion-de-silicona-para-fruta-verduras-carne-cocina-hogar-y-viajes\/"]}]},{"@type":"ImageObject","inLanguage":"ca","@id":"https:\/\/econeteges.es\/ca\/producte\/bolsas-de-silicona-reutilizables-4-pcs-usetcc-bolsas-de-comida-bolsa-de-conservacion-bolsas-de-congelacion-de-silicona-para-fruta-verduras-carne-cocina-hogar-y-viajes\/#primaryimage","url":"https:\/\/econeteges.es\/wp-content\/uploads\/2021\/06\/pack-4-bolsas-reutilizables-de-silicona-5.jpg","contentUrl":"https:\/\/econeteges.es\/wp-content\/uploads\/2021\/06\/pack-4-bolsas-reutilizables-de-silicona-5.jpg","width":978,"height":900,"caption":"pack 4 bolsas reutilizables de silicona (5)"},{"@type":"BreadcrumbList","@id":"https:\/\/econeteges.es\/ca\/producte\/bolsas-de-silicona-reutilizables-4-pcs-usetcc-bolsas-de-comida-bolsa-de-conservacion-bolsas-de-congelacion-de-silicona-para-fruta-verduras-carne-cocina-hogar-y-viajes\/#breadcrumb","itemListElement":[{"@type":"ListItem","position":1,"name":"Portada","item":"https:\/\/econeteges.es\/"},{"@type":"ListItem","position":2,"name":"Tienda","item":"https:\/\/econeteges.es\/ca\/tienda\/"},{"@type":"ListItem","position":3,"name":"Bolsas de Silicona Reutilizables 4 PCS, Usetcc Bolsas de Comida Bolsa de Conservaci\u00f3n, Bolsas de Congelaci\u00f3n de Silicona para Fruta Verduras Carne Cocina Hogar y Viajes"}]},{"@type":"WebSite","@id":"https:\/\/econeteges.es\/#website","url":"https:\/\/econeteges.es\/","name":"econeteges.es | empresa de limpieza","description":"Limpieza a domicilio | pulidos y abrillantados | mantenimiento de comunidades","publisher":{"@id":"https:\/\/econeteges.es\/#organization"},"potentialAction":[{"@type":"SearchAction","target":{"@type":"EntryPoint","urlTemplate":"https:\/\/econeteges.es\/?s={search_term_string}"},"query-input":"required name=search_term_string"}],"inLanguage":"ca"},{"@type":"Organization","@id":"https:\/\/econeteges.es\/#organization","name":"Econeteges","url":"https:\/\/econeteges.es\/","logo":{"@type":"ImageObject","inLanguage":"ca","@id":"https:\/\/econeteges.es\/#\/schema\/logo\/image\/","url":"https:\/\/econeteges.es\/wp-content\/uploads\/2020\/05\/nuestra-empresa_185260.jpg","contentUrl":"https:\/\/econeteges.es\/wp-content\/uploads\/2020\/05\/nuestra-empresa_185260.jpg","width":600,"height":600,"caption":"Econeteges"},"image":{"@id":"https:\/\/econeteges.es\/#\/schema\/logo\/image\/"},"sameAs":["https:\/\/www.instagram.com\/econeteges\/"]}]}},"_links":{"self":[{"href":"https:\/\/econeteges.es\/ca\/wp-json\/wp\/v2\/product\/1535"}],"collection":[{"href":"https:\/\/econeteges.es\/ca\/wp-json\/wp\/v2\/product"}],"about":[{"href":"https:\/\/econeteges.es\/ca\/wp-json\/wp\/v2\/types\/product"}],"wp:featuredmedia":[{"embeddable":true,"href":"https:\/\/econeteges.es\/ca\/wp-json\/wp\/v2\/media\/1540"}],"wp:attachment":[{"href":"https:\/\/econeteges.es\/ca\/wp-json\/wp\/v2\/media?parent=1535"}],"wp:term":[{"taxonomy":"product_cat","embeddable":true,"href":"https:\/\/econeteges.es\/ca\/wp-json\/wp\/v2\/product_cat?post=1535"},{"taxonomy":"product_tag","embeddable":true,"href":"https:\/\/econeteges.es\/ca\/wp-json\/wp\/v2\/product_tag?post=1535"}],"curies":[{"name":"wp","href":"https:\/\/api.w.org\/{rel}","templated":true}]}}