{"id":1541,"date":"2021-06-15T07:43:45","date_gmt":"2021-06-15T07:43:45","guid":{"rendered":"https:\/\/econeteges.es\/?post_type=product&#038;p=1541"},"modified":"2021-06-15T07:43:47","modified_gmt":"2021-06-15T07:43:47","slug":"mastertop-16pcs-pack-esponja-de-celulosa-biodegradable-natural-para-cocina-esponjas-de-lavavajillas-multifuncionalesesponja-de-pulpa-de-madera-ecologica-para-garaje-cocina-banoamarillo-y-azul","status":"publish","type":"product","link":"https:\/\/econeteges.es\/ca\/producte\/mastertop-16pcs-pack-esponja-de-celulosa-biodegradable-natural-para-cocina-esponjas-de-lavavajillas-multifuncionalesesponja-de-pulpa-de-madera-ecologica-para-garaje-cocina-banoamarillo-y-azul\/","title":{"rendered":"MASTERTOP 16Pcs \/ Pack Esponja de Celulosa Biodegradable Natural para Cocina Esponjas de Lavavajillas Multifuncionales,Esponja de Pulpa de Madera Ecol\u00f3gica para Garaje, Cocina, Ba\u00f1o,Amarillo y Azul"},"content":{"rendered":"<h2>MASTERTOP\u00a0 Pack 16 x Esponjas de Celulosa Biodegradable Natural para Cocina, Ba\u00f1o, limpieza en general<\/h2>\n<p><span class=\"a-text-italic\"><u><span class=\"a-text-bold\">El paquete incluye :\u00a0 <\/span><\/u><\/span>16 x esponja de limpieza ( 8 x Azul, 8 x Amarillo )<\/p>\n<p class=\"a-spacing-base\"><span class=\"a-text-bold\"><span class=\"a-text-italic\"><u>Caracteristicas :<\/u><\/span><\/span><\/p>\n<p class=\"a-spacing-base\">\n<ul class=\"a-unordered-list a-vertical\">\n<li><span class=\"a-list-item\">Materiales: estas esponjas antibacterianas hechas de pulpa de madera de alta calidad. Este material no absorbe ning\u00fan olor y puede desinfectarlos de manera segura en el lavavajillas para mantenerlos m\u00e1s saludables y limpios.<\/span><\/li>\n<li><span class=\"a-list-item\">Limpieza sin exfoliaci\u00f3n: la esponja es lo suficientemente suave para su uso diario. Incluso puedes limpiar art\u00edculos delicados como platos, vidrio, acero inoxidable, madera, porcelana, sart\u00e9n antiadherente y cristaler\u00eda, no vas a encontrar rayones ni rayones en la superficie.<\/span><\/li>\n<li><span class=\"a-list-item\">El dise\u00f1o especial de la superficie en forma de panal hace que la limpieza sea m\u00e1s eficiente que la esponja ordinaria, lo que le permite ahorrar mucho tiempo de limpieza.<\/span><\/li>\n<li><span class=\"a-list-item\">Durabilidad: las esponjas de limpieza tienen una larga vida \u00fatil y se pueden usar durante varios meses, pero le recomendamos que las reemplace con regularidad. Encontrar\u00e1s las esponjas en dos colores, para reducir el n\u00famero de esponjas limpiadoras, te sugerimos que las uses por separado, por ejemplo: azul para el fondo de la sart\u00e9n, amarillo para los platos.<\/span><\/li>\n<\/ul>\n<div class=\"apm-sidemodule-textright\">\n<h3 class=\"a-spacing-mini\">Hecho con esponjas de celulosa natural<\/h3>\n<p>Las esponjas de celulosa est\u00e1n hechas de madera 100% vegetal de alta calidad, por lo que puede estar seguro de que no llenar\u00e1n la tierra como una esponja y tardar\u00e1n siglos en desaparecer.<\/p>\n<div class=\"apm-sidemodule-textright\">\n<h3 class=\"a-spacing-mini\">Flexi\u00f3n libre, adecuada para la limpieza de fregaderos y rincones de dificil acceso.<\/h3>\n<p>Nuestras esponjas de cocina s\u00faper suaves y flexibles repelen bacterias y g\u00e9rmenes de manera efectiva, se sienten bien en sus manos, alcanzan f\u00e1cilmente las esquinas y \u00e1reas estrechas de los electrodom\u00e9sticos y nunca rayan sus utensilios de cocina y muebles de alta gama.<\/p>\n<div class=\"apm-eventhirdcol apm-floatleft\">\n<h4 class=\"a-spacing-mini\">Uso propuesto<\/h4>\n<ul class=\"a-unordered-list a-vertical\">\n<li><span class=\"a-list-item\">Nuestra esponja conserva todas sus propiedades incluso despu\u00e9s de varios ciclos de lavado.<\/span><\/li>\n<li><span class=\"a-list-item\">Antes del primer uso, enjuague bien con agua tibia. Mojar antes de cada uso.<\/span><\/li>\n<li><span class=\"a-list-item\">Observe siempre las buenas pr\u00e1cticas de higiene del hogar. Enjuague bien despu\u00e9s de cada uso y deje secar. <\/span><\/li>\n<li><span class=\"a-list-item\">No use esponja con cloro u otros productos que contengan cloro.<\/span><\/li>\n<\/ul>\n<h4 class=\"a-spacing-mini\">Dimensi\u00f3n ideal<\/h4>\n<ul>\n<li><span class=\"a-list-item\">El grosor de nuestra esponja es de 1,3cm, ni muy gruesa ni muy fina, es un producto ideal para la limpieza de cocinas.<\/span><\/li>\n<li><span class=\"a-list-item\">El tama\u00f1o de 12,4 x 7,2 cm es adecuado para palmas humanas y es adecuado para limpiar \u00e1reas grandes y \u00e1ngulos peque\u00f1os.<\/span><\/li>\n<li><span class=\"a-list-item\">Nuestras esponjas son duraderas y puede cortarlo en trozos peque\u00f1os para usar.<\/span><\/li>\n<\/ul>\n<p>&nbsp;<\/p>\n<\/div>\n<\/div>\n<\/div>","protected":false},"excerpt":{"rendered":"<ul>\n<li><span class=\"a-list-item\">MATERIAL\u3011Las esponjas de celulosa est\u00e1n hechas de madera 100% vegetal de alta calidad, dise\u00f1adas ecol\u00f3gicamente y biodegradables, por lo que puede estar seguro de que no llenar\u00e1n la tierra como una esponja y tardar\u00e1n siglos en desaparecer. <\/span><\/li>\n<li><span class=\"a-list-item\"> \u3010DISE\u00d1O \u00daNICO\u3011Esta esponja tiene un dise\u00f1o de panal y una fuerte absorci\u00f3n de agua. Es muy adecuado para lavar platos. Es f\u00e1cil limpiar la suciedad y las part\u00edculas de comida sin dejar rastros o rayas en la superficie. <\/span><\/li>\n<li><span class=\"a-list-item\"> \u3010BUEN EFECTO DE DESCONTAMINACI\u00d3N\u3011La esponja de celulosa est\u00e1 hecha de pulpa de madera, suave y delicada . Adem\u00e1s , es hidr\u00f3fila para repeler el aceite y reducir la grasa, eliminar las manchas de aceite de manera eficiente y eliminar f\u00e1cilmente el fondo de la olla carbonizada. Adem\u00e1s, la capa de pulpa de madera puede almacenar y dispersar el agente de limpieza, con m\u00e1s burbujas, un mejor efecto de limpieza y reducir la cantidad de detergente, que es m\u00e1s higi\u00e9nico. <\/span><\/li>\n<li><span class=\"a-list-item\"> \u3010M\u00c1S SANITARIO\u3011La esponja de celulosa cuenta con la ventilaci\u00f3n y la estructura de ventilaci\u00f3n se secan r\u00e1pidamente al aire, no es f\u00e1cil reproducir bacterias y se pueden desinfectar poni\u00e9ndolas en agua hirviendo a 100 grados. Despu\u00e9s del tratamiento especial de la superficie, estas esponjas est\u00e1n hechas solo de pulpa de madera de la mejor calidad, lo que significa que no acumulan malos olores como otras esponjas y se pueden lavar en el lavavajillas. <\/span><\/li>\n<li><span class=\"a-list-item\"> \u3010MULTIUSOS\u3011Hecho de materiales duraderos, suaves y seguros. Estas esponjas altamente absorbentes y duraderas lo ayudar\u00e1n a mantener sus cubiertos, electrodom\u00e9sticos, encimeras, ba\u00f1eras e incluso su autom\u00f3vil reluciente. <\/span><\/li>\n<\/ul>","protected":false},"featured_media":1542,"template":"","meta":{"_et_pb_use_builder":"","_et_pb_old_content":"","_et_gb_content_width":""},"product_cat":[30],"product_tag":[],"yoast_head":"<!-- This site is optimized with the Yoast SEO plugin v22.3 - https:\/\/yoast.com\/wordpress\/plugins\/seo\/ -->\n<title>MASTERTOP 16Pcs \/ Pack Esponja de Celulosa Biodegradable Natural para Cocina Esponjas de Lavavajillas Multifuncionales,Esponja de Pulpa de Madera Ecol\u00f3gica para Garaje, Cocina, Ba\u00f1o,Amarillo y Azul - econeteges.es | empresa de limpieza<\/title>\n<meta name=\"robots\" content=\"index, follow, max-snippet:-1, max-image-preview:large, max-video-preview:-1\" \/>\n<link rel=\"canonical\" href=\"https:\/\/econeteges.es\/ca\/producte\/mastertop-16pcs-pack-esponja-de-celulosa-biodegradable-natural-para-cocina-esponjas-de-lavavajillas-multifuncionalesesponja-de-pulpa-de-madera-ecologica-para-garaje-cocina-banoamarillo-y-azul\/\" \/>\n<meta property=\"og:locale\" content=\"ca_ES\" \/>\n<meta property=\"og:type\" content=\"article\" \/>\n<meta property=\"og:title\" content=\"MASTERTOP 16Pcs \/ Pack Esponja de Celulosa Biodegradable Natural para Cocina Esponjas de Lavavajillas Multifuncionales,Esponja de Pulpa de Madera Ecol\u00f3gica para Garaje, Cocina, Ba\u00f1o,Amarillo y Azul - econeteges.es | empresa de limpieza\" \/>\n<meta property=\"og:description\" content=\"MATERIAL\u3011Las esponjas de celulosa est\u00e1n hechas de madera 100% vegetal de alta calidad, dise\u00f1adas ecol\u00f3gicamente y biodegradables, por lo que puede estar seguro de que no llenar\u00e1n la tierra como una esponja y tardar\u00e1n siglos en desaparecer.   \u3010DISE\u00d1O \u00daNICO\u3011Esta esponja tiene un dise\u00f1o de panal y una fuerte absorci\u00f3n de agua. Es muy adecuado para lavar platos. Es f\u00e1cil limpiar la suciedad y las part\u00edculas de comida sin dejar rastros o rayas en la superficie.   \u3010BUEN EFECTO DE DESCONTAMINACI\u00d3N\u3011La esponja de celulosa est\u00e1 hecha de pulpa de madera, suave y delicada . Adem\u00e1s , es hidr\u00f3fila para repeler el aceite y reducir la grasa, eliminar las manchas de aceite de manera eficiente y eliminar f\u00e1cilmente el fondo de la olla carbonizada. Adem\u00e1s, la capa de pulpa de madera puede almacenar y dispersar el agente de limpieza, con m\u00e1s burbujas, un mejor efecto de limpieza y reducir la cantidad de detergente, que es m\u00e1s higi\u00e9nico.   \u3010M\u00c1S SANITARIO\u3011La esponja de celulosa cuenta con la ventilaci\u00f3n y la estructura de ventilaci\u00f3n se secan r\u00e1pidamente al aire, no es f\u00e1cil reproducir bacterias y se pueden desinfectar poni\u00e9ndolas en agua hirviendo a 100 grados. Despu\u00e9s del tratamiento especial de la superficie, estas esponjas est\u00e1n hechas solo de pulpa de madera de la mejor calidad, lo que significa que no acumulan malos olores como otras esponjas y se pueden lavar en el lavavajillas.   \u3010MULTIUSOS\u3011Hecho de materiales duraderos, suaves y seguros. Estas esponjas altamente absorbentes y duraderas lo ayudar\u00e1n a mantener sus cubiertos, electrodom\u00e9sticos, encimeras, ba\u00f1eras e incluso su autom\u00f3vil reluciente.\" \/>\n<meta property=\"og:url\" content=\"https:\/\/econeteges.es\/ca\/producte\/mastertop-16pcs-pack-esponja-de-celulosa-biodegradable-natural-para-cocina-esponjas-de-lavavajillas-multifuncionalesesponja-de-pulpa-de-madera-ecologica-para-garaje-cocina-banoamarillo-y-azul\/\" \/>\n<meta property=\"og:site_name\" content=\"econeteges.es | empresa de limpieza\" \/>\n<meta property=\"article:modified_time\" content=\"2021-06-15T07:43:47+00:00\" \/>\n<meta property=\"og:image\" content=\"https:\/\/econeteges.es\/wp-content\/uploads\/2021\/06\/pack-16-esponjas-exologicas-de-celulosa-1.jpg\" \/>\n\t<meta property=\"og:image:width\" content=\"979\" \/>\n\t<meta property=\"og:image:height\" content=\"560\" \/>\n\t<meta property=\"og:image:type\" content=\"image\/jpeg\" \/>\n<meta name=\"twitter:card\" content=\"summary_large_image\" \/>\n<meta name=\"twitter:label1\" content=\"Temps estimat de lectura\" \/>\n\t<meta name=\"twitter:data1\" content=\"2 minuts\" \/>\n<script type=\"application\/ld+json\" class=\"yoast-schema-graph\">{\"@context\":\"https:\/\/schema.org\",\"@graph\":[{\"@type\":\"WebPage\",\"@id\":\"https:\/\/econeteges.es\/ca\/producte\/mastertop-16pcs-pack-esponja-de-celulosa-biodegradable-natural-para-cocina-esponjas-de-lavavajillas-multifuncionalesesponja-de-pulpa-de-madera-ecologica-para-garaje-cocina-banoamarillo-y-azul\/\",\"url\":\"https:\/\/econeteges.es\/ca\/producte\/mastertop-16pcs-pack-esponja-de-celulosa-biodegradable-natural-para-cocina-esponjas-de-lavavajillas-multifuncionalesesponja-de-pulpa-de-madera-ecologica-para-garaje-cocina-banoamarillo-y-azul\/\",\"name\":\"MASTERTOP 16Pcs \/ Pack Esponja de Celulosa Biodegradable Natural para Cocina Esponjas de Lavavajillas Multifuncionales,Esponja de Pulpa de Madera Ecol\u00f3gica para Garaje, Cocina, Ba\u00f1o,Amarillo y Azul - econeteges.es | empresa de limpieza\",\"isPartOf\":{\"@id\":\"https:\/\/econeteges.es\/#website\"},\"primaryImageOfPage\":{\"@id\":\"https:\/\/econeteges.es\/ca\/producte\/mastertop-16pcs-pack-esponja-de-celulosa-biodegradable-natural-para-cocina-esponjas-de-lavavajillas-multifuncionalesesponja-de-pulpa-de-madera-ecologica-para-garaje-cocina-banoamarillo-y-azul\/#primaryimage\"},\"image\":{\"@id\":\"https:\/\/econeteges.es\/ca\/producte\/mastertop-16pcs-pack-esponja-de-celulosa-biodegradable-natural-para-cocina-esponjas-de-lavavajillas-multifuncionalesesponja-de-pulpa-de-madera-ecologica-para-garaje-cocina-banoamarillo-y-azul\/#primaryimage\"},\"thumbnailUrl\":\"https:\/\/econeteges.es\/wp-content\/uploads\/2021\/06\/pack-16-esponjas-exologicas-de-celulosa-1.jpg\",\"datePublished\":\"2021-06-15T07:43:45+00:00\",\"dateModified\":\"2021-06-15T07:43:47+00:00\",\"breadcrumb\":{\"@id\":\"https:\/\/econeteges.es\/ca\/producte\/mastertop-16pcs-pack-esponja-de-celulosa-biodegradable-natural-para-cocina-esponjas-de-lavavajillas-multifuncionalesesponja-de-pulpa-de-madera-ecologica-para-garaje-cocina-banoamarillo-y-azul\/#breadcrumb\"},\"inLanguage\":\"ca\",\"potentialAction\":[{\"@type\":\"ReadAction\",\"target\":[\"https:\/\/econeteges.es\/ca\/producte\/mastertop-16pcs-pack-esponja-de-celulosa-biodegradable-natural-para-cocina-esponjas-de-lavavajillas-multifuncionalesesponja-de-pulpa-de-madera-ecologica-para-garaje-cocina-banoamarillo-y-azul\/\"]}]},{\"@type\":\"ImageObject\",\"inLanguage\":\"ca\",\"@id\":\"https:\/\/econeteges.es\/ca\/producte\/mastertop-16pcs-pack-esponja-de-celulosa-biodegradable-natural-para-cocina-esponjas-de-lavavajillas-multifuncionalesesponja-de-pulpa-de-madera-ecologica-para-garaje-cocina-banoamarillo-y-azul\/#primaryimage\",\"url\":\"https:\/\/econeteges.es\/wp-content\/uploads\/2021\/06\/pack-16-esponjas-exologicas-de-celulosa-1.jpg\",\"contentUrl\":\"https:\/\/econeteges.es\/wp-content\/uploads\/2021\/06\/pack-16-esponjas-exologicas-de-celulosa-1.jpg\",\"width\":979,\"height\":560,\"caption\":\"pack 16 esponjas exologicas de celulosa (1)\"},{\"@type\":\"BreadcrumbList\",\"@id\":\"https:\/\/econeteges.es\/ca\/producte\/mastertop-16pcs-pack-esponja-de-celulosa-biodegradable-natural-para-cocina-esponjas-de-lavavajillas-multifuncionalesesponja-de-pulpa-de-madera-ecologica-para-garaje-cocina-banoamarillo-y-azul\/#breadcrumb\",\"itemListElement\":[{\"@type\":\"ListItem\",\"position\":1,\"name\":\"Portada\",\"item\":\"https:\/\/econeteges.es\/\"},{\"@type\":\"ListItem\",\"position\":2,\"name\":\"Tienda\",\"item\":\"https:\/\/econeteges.es\/ca\/tienda\/\"},{\"@type\":\"ListItem\",\"position\":3,\"name\":\"MASTERTOP 16Pcs \/ Pack Esponja de Celulosa Biodegradable Natural para Cocina Esponjas de Lavavajillas Multifuncionales,Esponja de Pulpa de Madera Ecol\u00f3gica para Garaje, Cocina, Ba\u00f1o,Amarillo y Azul\"}]},{\"@type\":\"WebSite\",\"@id\":\"https:\/\/econeteges.es\/#website\",\"url\":\"https:\/\/econeteges.es\/\",\"name\":\"econeteges.es | empresa de limpieza\",\"description\":\"Limpieza a domicilio | pulidos y abrillantados | mantenimiento de comunidades\",\"publisher\":{\"@id\":\"https:\/\/econeteges.es\/#organization\"},\"potentialAction\":[{\"@type\":\"SearchAction\",\"target\":{\"@type\":\"EntryPoint\",\"urlTemplate\":\"https:\/\/econeteges.es\/?s={search_term_string}\"},\"query-input\":\"required name=search_term_string\"}],\"inLanguage\":\"ca\"},{\"@type\":\"Organization\",\"@id\":\"https:\/\/econeteges.es\/#organization\",\"name\":\"Econeteges\",\"url\":\"https:\/\/econeteges.es\/\",\"logo\":{\"@type\":\"ImageObject\",\"inLanguage\":\"ca\",\"@id\":\"https:\/\/econeteges.es\/#\/schema\/logo\/image\/\",\"url\":\"https:\/\/econeteges.es\/wp-content\/uploads\/2020\/05\/nuestra-empresa_185260.jpg\",\"contentUrl\":\"https:\/\/econeteges.es\/wp-content\/uploads\/2020\/05\/nuestra-empresa_185260.jpg\",\"width\":600,\"height\":600,\"caption\":\"Econeteges\"},\"image\":{\"@id\":\"https:\/\/econeteges.es\/#\/schema\/logo\/image\/\"},\"sameAs\":[\"https:\/\/www.instagram.com\/econeteges\/\"]}]}<\/script>\n<!-- \/ Yoast SEO plugin. -->","yoast_head_json":{"title":"MASTERTOP 16Pcs \/ Pack Esponja de Celulosa Biodegradable Natural para Cocina Esponjas de Lavavajillas Multifuncionales,Esponja de Pulpa de Madera Ecol\u00f3gica para Garaje, Cocina, Ba\u00f1o,Amarillo y Azul - econeteges.es | empresa de limpieza","robots":{"index":"index","follow":"follow","max-snippet":"max-snippet:-1","max-image-preview":"max-image-preview:large","max-video-preview":"max-video-preview:-1"},"canonical":"https:\/\/econeteges.es\/ca\/producte\/mastertop-16pcs-pack-esponja-de-celulosa-biodegradable-natural-para-cocina-esponjas-de-lavavajillas-multifuncionalesesponja-de-pulpa-de-madera-ecologica-para-garaje-cocina-banoamarillo-y-azul\/","og_locale":"ca_ES","og_type":"article","og_title":"MASTERTOP 16Pcs \/ Pack Esponja de Celulosa Biodegradable Natural para Cocina Esponjas de Lavavajillas Multifuncionales,Esponja de Pulpa de Madera Ecol\u00f3gica para Garaje, Cocina, Ba\u00f1o,Amarillo y Azul - econeteges.es | empresa de limpieza","og_description":"MATERIAL\u3011Las esponjas de celulosa est\u00e1n hechas de madera 100% vegetal de alta calidad, dise\u00f1adas ecol\u00f3gicamente y biodegradables, por lo que puede estar seguro de que no llenar\u00e1n la tierra como una esponja y tardar\u00e1n siglos en desaparecer.   \u3010DISE\u00d1O \u00daNICO\u3011Esta esponja tiene un dise\u00f1o de panal y una fuerte absorci\u00f3n de agua. Es muy adecuado para lavar platos. Es f\u00e1cil limpiar la suciedad y las part\u00edculas de comida sin dejar rastros o rayas en la superficie.   \u3010BUEN EFECTO DE DESCONTAMINACI\u00d3N\u3011La esponja de celulosa est\u00e1 hecha de pulpa de madera, suave y delicada . Adem\u00e1s , es hidr\u00f3fila para repeler el aceite y reducir la grasa, eliminar las manchas de aceite de manera eficiente y eliminar f\u00e1cilmente el fondo de la olla carbonizada. Adem\u00e1s, la capa de pulpa de madera puede almacenar y dispersar el agente de limpieza, con m\u00e1s burbujas, un mejor efecto de limpieza y reducir la cantidad de detergente, que es m\u00e1s higi\u00e9nico.   \u3010M\u00c1S SANITARIO\u3011La esponja de celulosa cuenta con la ventilaci\u00f3n y la estructura de ventilaci\u00f3n se secan r\u00e1pidamente al aire, no es f\u00e1cil reproducir bacterias y se pueden desinfectar poni\u00e9ndolas en agua hirviendo a 100 grados. Despu\u00e9s del tratamiento especial de la superficie, estas esponjas est\u00e1n hechas solo de pulpa de madera de la mejor calidad, lo que significa que no acumulan malos olores como otras esponjas y se pueden lavar en el lavavajillas.   \u3010MULTIUSOS\u3011Hecho de materiales duraderos, suaves y seguros. Estas esponjas altamente absorbentes y duraderas lo ayudar\u00e1n a mantener sus cubiertos, electrodom\u00e9sticos, encimeras, ba\u00f1eras e incluso su autom\u00f3vil reluciente.","og_url":"https:\/\/econeteges.es\/ca\/producte\/mastertop-16pcs-pack-esponja-de-celulosa-biodegradable-natural-para-cocina-esponjas-de-lavavajillas-multifuncionalesesponja-de-pulpa-de-madera-ecologica-para-garaje-cocina-banoamarillo-y-azul\/","og_site_name":"econeteges.es | empresa de limpieza","article_modified_time":"2021-06-15T07:43:47+00:00","og_image":[{"width":979,"height":560,"url":"https:\/\/econeteges.es\/wp-content\/uploads\/2021\/06\/pack-16-esponjas-exologicas-de-celulosa-1.jpg","type":"image\/jpeg"}],"twitter_card":"summary_large_image","twitter_misc":{"Temps estimat de lectura":"2 minuts"},"schema":{"@context":"https:\/\/schema.org","@graph":[{"@type":"WebPage","@id":"https:\/\/econeteges.es\/ca\/producte\/mastertop-16pcs-pack-esponja-de-celulosa-biodegradable-natural-para-cocina-esponjas-de-lavavajillas-multifuncionalesesponja-de-pulpa-de-madera-ecologica-para-garaje-cocina-banoamarillo-y-azul\/","url":"https:\/\/econeteges.es\/ca\/producte\/mastertop-16pcs-pack-esponja-de-celulosa-biodegradable-natural-para-cocina-esponjas-de-lavavajillas-multifuncionalesesponja-de-pulpa-de-madera-ecologica-para-garaje-cocina-banoamarillo-y-azul\/","name":"MASTERTOP 16Pcs \/ Pack Esponja de Celulosa Biodegradable Natural para Cocina Esponjas de Lavavajillas Multifuncionales,Esponja de Pulpa de Madera Ecol\u00f3gica para Garaje, Cocina, Ba\u00f1o,Amarillo y Azul - econeteges.es | empresa de limpieza","isPartOf":{"@id":"https:\/\/econeteges.es\/#website"},"primaryImageOfPage":{"@id":"https:\/\/econeteges.es\/ca\/producte\/mastertop-16pcs-pack-esponja-de-celulosa-biodegradable-natural-para-cocina-esponjas-de-lavavajillas-multifuncionalesesponja-de-pulpa-de-madera-ecologica-para-garaje-cocina-banoamarillo-y-azul\/#primaryimage"},"image":{"@id":"https:\/\/econeteges.es\/ca\/producte\/mastertop-16pcs-pack-esponja-de-celulosa-biodegradable-natural-para-cocina-esponjas-de-lavavajillas-multifuncionalesesponja-de-pulpa-de-madera-ecologica-para-garaje-cocina-banoamarillo-y-azul\/#primaryimage"},"thumbnailUrl":"https:\/\/econeteges.es\/wp-content\/uploads\/2021\/06\/pack-16-esponjas-exologicas-de-celulosa-1.jpg","datePublished":"2021-06-15T07:43:45+00:00","dateModified":"2021-06-15T07:43:47+00:00","breadcrumb":{"@id":"https:\/\/econeteges.es\/ca\/producte\/mastertop-16pcs-pack-esponja-de-celulosa-biodegradable-natural-para-cocina-esponjas-de-lavavajillas-multifuncionalesesponja-de-pulpa-de-madera-ecologica-para-garaje-cocina-banoamarillo-y-azul\/#breadcrumb"},"inLanguage":"ca","potentialAction":[{"@type":"ReadAction","target":["https:\/\/econeteges.es\/ca\/producte\/mastertop-16pcs-pack-esponja-de-celulosa-biodegradable-natural-para-cocina-esponjas-de-lavavajillas-multifuncionalesesponja-de-pulpa-de-madera-ecologica-para-garaje-cocina-banoamarillo-y-azul\/"]}]},{"@type":"ImageObject","inLanguage":"ca","@id":"https:\/\/econeteges.es\/ca\/producte\/mastertop-16pcs-pack-esponja-de-celulosa-biodegradable-natural-para-cocina-esponjas-de-lavavajillas-multifuncionalesesponja-de-pulpa-de-madera-ecologica-para-garaje-cocina-banoamarillo-y-azul\/#primaryimage","url":"https:\/\/econeteges.es\/wp-content\/uploads\/2021\/06\/pack-16-esponjas-exologicas-de-celulosa-1.jpg","contentUrl":"https:\/\/econeteges.es\/wp-content\/uploads\/2021\/06\/pack-16-esponjas-exologicas-de-celulosa-1.jpg","width":979,"height":560,"caption":"pack 16 esponjas exologicas de celulosa (1)"},{"@type":"BreadcrumbList","@id":"https:\/\/econeteges.es\/ca\/producte\/mastertop-16pcs-pack-esponja-de-celulosa-biodegradable-natural-para-cocina-esponjas-de-lavavajillas-multifuncionalesesponja-de-pulpa-de-madera-ecologica-para-garaje-cocina-banoamarillo-y-azul\/#breadcrumb","itemListElement":[{"@type":"ListItem","position":1,"name":"Portada","item":"https:\/\/econeteges.es\/"},{"@type":"ListItem","position":2,"name":"Tienda","item":"https:\/\/econeteges.es\/ca\/tienda\/"},{"@type":"ListItem","position":3,"name":"MASTERTOP 16Pcs \/ Pack Esponja de Celulosa Biodegradable Natural para Cocina Esponjas de Lavavajillas Multifuncionales,Esponja de Pulpa de Madera Ecol\u00f3gica para Garaje, Cocina, Ba\u00f1o,Amarillo y Azul"}]},{"@type":"WebSite","@id":"https:\/\/econeteges.es\/#website","url":"https:\/\/econeteges.es\/","name":"econeteges.es | empresa de limpieza","description":"Limpieza a domicilio | pulidos y abrillantados | mantenimiento de comunidades","publisher":{"@id":"https:\/\/econeteges.es\/#organization"},"potentialAction":[{"@type":"SearchAction","target":{"@type":"EntryPoint","urlTemplate":"https:\/\/econeteges.es\/?s={search_term_string}"},"query-input":"required name=search_term_string"}],"inLanguage":"ca"},{"@type":"Organization","@id":"https:\/\/econeteges.es\/#organization","name":"Econeteges","url":"https:\/\/econeteges.es\/","logo":{"@type":"ImageObject","inLanguage":"ca","@id":"https:\/\/econeteges.es\/#\/schema\/logo\/image\/","url":"https:\/\/econeteges.es\/wp-content\/uploads\/2020\/05\/nuestra-empresa_185260.jpg","contentUrl":"https:\/\/econeteges.es\/wp-content\/uploads\/2020\/05\/nuestra-empresa_185260.jpg","width":600,"height":600,"caption":"Econeteges"},"image":{"@id":"https:\/\/econeteges.es\/#\/schema\/logo\/image\/"},"sameAs":["https:\/\/www.instagram.com\/econeteges\/"]}]}},"_links":{"self":[{"href":"https:\/\/econeteges.es\/ca\/wp-json\/wp\/v2\/product\/1541"}],"collection":[{"href":"https:\/\/econeteges.es\/ca\/wp-json\/wp\/v2\/product"}],"about":[{"href":"https:\/\/econeteges.es\/ca\/wp-json\/wp\/v2\/types\/product"}],"wp:featuredmedia":[{"embeddable":true,"href":"https:\/\/econeteges.es\/ca\/wp-json\/wp\/v2\/media\/1542"}],"wp:attachment":[{"href":"https:\/\/econeteges.es\/ca\/wp-json\/wp\/v2\/media?parent=1541"}],"wp:term":[{"taxonomy":"product_cat","embeddable":true,"href":"https:\/\/econeteges.es\/ca\/wp-json\/wp\/v2\/product_cat?post=1541"},{"taxonomy":"product_tag","embeddable":true,"href":"https:\/\/econeteges.es\/ca\/wp-json\/wp\/v2\/product_tag?post=1541"}],"curies":[{"name":"wp","href":"https:\/\/api.w.org\/{rel}","templated":true}]}}