{"id":1546,"date":"2021-06-15T07:50:28","date_gmt":"2021-06-15T07:50:28","guid":{"rendered":"https:\/\/econeteges.es\/?post_type=product&#038;p=1546"},"modified":"2021-06-15T07:50:29","modified_gmt":"2021-06-15T07:50:29","slug":"chinchilla-6-esponjas-de-lufa-para-la-cocina-esponjas-para-platos-biodegradables-compostables-veganas-y-sostenibles-hogar-y-camping","status":"publish","type":"product","link":"https:\/\/econeteges.es\/ca\/producte\/chinchilla-6-esponjas-de-lufa-para-la-cocina-esponjas-para-platos-biodegradables-compostables-veganas-y-sostenibles-hogar-y-camping\/","title":{"rendered":"Chinchilla\u00ae 6 esponjas de lufa para la cocina | Esponjas para platos biodegradables, compostables, veganas y sostenibles | Hogar y camping"},"content":{"rendered":"<div class=\"apm-hovermodule-slides-inner\">\n<h2 class=\"a-spacing-mini\">PAQUETE DE 6 esponjas de lufa ecol\u00f3gicos para la cocina<\/h2>\n<div class=\"a-section\">\n<ul class=\"a-unordered-list a-vertical\">\n<li><span class=\"a-list-item\"> <span class=\"a-size-base\"> 6 esponjas <\/span> <\/span><\/li>\n<li><span class=\"a-list-item\"> <span class=\"a-size-base\"> con un pr\u00e1tico lazo para colgar <\/span> <\/span><\/li>\n<li><span class=\"a-list-item\"> <span class=\"a-size-base\"> lavable hasta 60 \u00b0C <\/span> <\/span><\/li>\n<li><span class=\"a-list-item\"> <span class=\"a-size-base\"> lufa y algod\u00f3n <\/span> <\/span><\/li>\n<li><span class=\"a-list-item\"><span class=\"a-size-base\">embalaje de cart\u00f3n natural <\/span> <\/span><\/li>\n<\/ul>\n<\/div>\n<p class=\"a-spacing-base\">\u00a1Tu alternativa! Esponjas Luffa para lavar platos hechas de materiales 100% naturales. La caja contiene 6 peque\u00f1as ayudas dom\u00e9sticas con pr\u00e1cticos lazos para colgar, para que las esponjas puedan secarse mejor despu\u00e9s de su uso.<\/p>\n<\/div>\n<h4 class=\"a-spacing-mini\">CONCEPTO 2 IN 1<\/h4>\n<h5 class=\"a-spacing-mini\">Cart\u00f3n natural<\/h5>\n<p class=\"a-spacing-base\">No s\u00f3lo el producto es importante para nosotros, sino tambi\u00e9n el embalaje! Es por eso que sus esponjas de luffa llegan a su casa en una caja de cart\u00f3n natural y est\u00e1n perfectamente protegidas.<\/p>\n<p class=\"a-spacing-base\">\n<ul class=\"a-unordered-list a-vertical\">\n<li><span class=\"a-list-item\">\u00a1100% libre de pl\u00e1stico!<\/span><\/li>\n<li><span class=\"a-list-item\">\u00a1100% Chinchilla!<\/span><\/li>\n<\/ul>","protected":false},"excerpt":{"rendered":"<ul class=\"a-unordered-list a-vertical a-spacing-mini\">\n<li><span class=\"a-list-item\"> \ud83d\udc99 ALTERNATIVA SIN PL\u00c1STICO: Esponjas hechas de esponja de luffa y algod\u00f3n 100% natural &#8211; su alternativa sin pl\u00e1stico a las esponjas convencionales hechas de fibras sint\u00e9ticas y espuma. <\/span><\/li>\n<li><span class=\"a-list-item\"> \ud83d\udc99 PR\u00c1CTICO: 6 peque\u00f1os ayudantes dom\u00e9sticos con un pr\u00e1ctico colgador para secarse mejor despu\u00e9s de cada uso. <\/span><\/li>\n<li><span class=\"a-list-item\"> \ud83d\udc99 VERS\u00c1TIL: Las esponjas son vers\u00e1tiles, ya que no dejan rasgu\u00f1os en las superficies debido a su naturaleza suave &#8211; por lo que son perfectas para la cocina, el ba\u00f1o o en el \u00e1rea exterior para la limpieza de parrillas o juegos. <\/span><\/li>\n<li><span class=\"a-list-item\"> \ud83d\udc99 NATURAL &amp; VEGANO: De recursos renovables y sostenibles &#8211; Sin pl\u00e1sticos, disolventes ni materiales de origen animal. Para un estilo de vida como deber\u00eda ser <\/span><\/li>\n<li><span class=\"a-list-item\"> \ud83d\udc99 ESTILOSO: En una bolsa plegable de cart\u00f3n reciclable de bello dise\u00f1o para evitar residuos pl\u00e1sticos y de embalaje &#8211; Para un entorno limpio <\/span><\/li>\n<\/ul>","protected":false},"featured_media":1548,"template":"","meta":{"_et_pb_use_builder":"","_et_pb_old_content":"","_et_gb_content_width":""},"product_cat":[33],"product_tag":[],"yoast_head":"<!-- This site is optimized with the Yoast SEO plugin v22.3 - https:\/\/yoast.com\/wordpress\/plugins\/seo\/ -->\n<title>Chinchilla\u00ae 6 esponjas de lufa para la cocina | Esponjas para platos biodegradables, compostables, veganas y sostenibles | Hogar y camping - econeteges.es | empresa de limpieza<\/title>\n<meta name=\"robots\" content=\"index, follow, max-snippet:-1, max-image-preview:large, max-video-preview:-1\" \/>\n<link rel=\"canonical\" href=\"https:\/\/econeteges.es\/ca\/producte\/chinchilla-6-esponjas-de-lufa-para-la-cocina-esponjas-para-platos-biodegradables-compostables-veganas-y-sostenibles-hogar-y-camping\/\" \/>\n<meta property=\"og:locale\" content=\"ca_ES\" \/>\n<meta property=\"og:type\" content=\"article\" \/>\n<meta property=\"og:title\" content=\"Chinchilla\u00ae 6 esponjas de lufa para la cocina | Esponjas para platos biodegradables, compostables, veganas y sostenibles | Hogar y camping - econeteges.es | empresa de limpieza\" \/>\n<meta property=\"og:description\" content=\"\ud83d\udc99 ALTERNATIVA SIN PL\u00c1STICO: Esponjas hechas de esponja de luffa y algod\u00f3n 100% natural - su alternativa sin pl\u00e1stico a las esponjas convencionales hechas de fibras sint\u00e9ticas y espuma.   \ud83d\udc99 PR\u00c1CTICO: 6 peque\u00f1os ayudantes dom\u00e9sticos con un pr\u00e1ctico colgador para secarse mejor despu\u00e9s de cada uso.   \ud83d\udc99 VERS\u00c1TIL: Las esponjas son vers\u00e1tiles, ya que no dejan rasgu\u00f1os en las superficies debido a su naturaleza suave - por lo que son perfectas para la cocina, el ba\u00f1o o en el \u00e1rea exterior para la limpieza de parrillas o juegos.   \ud83d\udc99 NATURAL &amp; VEGANO: De recursos renovables y sostenibles - Sin pl\u00e1sticos, disolventes ni materiales de origen animal. Para un estilo de vida como deber\u00eda ser   \ud83d\udc99 ESTILOSO: En una bolsa plegable de cart\u00f3n reciclable de bello dise\u00f1o para evitar residuos pl\u00e1sticos y de embalaje - Para un entorno limpio\" \/>\n<meta property=\"og:url\" content=\"https:\/\/econeteges.es\/ca\/producte\/chinchilla-6-esponjas-de-lufa-para-la-cocina-esponjas-para-platos-biodegradables-compostables-veganas-y-sostenibles-hogar-y-camping\/\" \/>\n<meta property=\"og:site_name\" content=\"econeteges.es | empresa de limpieza\" \/>\n<meta property=\"article:modified_time\" content=\"2021-06-15T07:50:29+00:00\" \/>\n<meta property=\"og:image\" content=\"https:\/\/econeteges.es\/wp-content\/uploads\/2021\/06\/pack-6-esponjas-lufa-biodegradables-2.jpg\" \/>\n\t<meta property=\"og:image:width\" content=\"1158\" \/>\n\t<meta property=\"og:image:height\" content=\"900\" \/>\n\t<meta property=\"og:image:type\" content=\"image\/jpeg\" \/>\n<meta name=\"twitter:card\" content=\"summary_large_image\" \/>\n<meta name=\"twitter:label1\" content=\"Temps estimat de lectura\" \/>\n\t<meta name=\"twitter:data1\" content=\"1 minut\" \/>\n<script type=\"application\/ld+json\" class=\"yoast-schema-graph\">{\"@context\":\"https:\/\/schema.org\",\"@graph\":[{\"@type\":\"WebPage\",\"@id\":\"https:\/\/econeteges.es\/ca\/producte\/chinchilla-6-esponjas-de-lufa-para-la-cocina-esponjas-para-platos-biodegradables-compostables-veganas-y-sostenibles-hogar-y-camping\/\",\"url\":\"https:\/\/econeteges.es\/ca\/producte\/chinchilla-6-esponjas-de-lufa-para-la-cocina-esponjas-para-platos-biodegradables-compostables-veganas-y-sostenibles-hogar-y-camping\/\",\"name\":\"Chinchilla\u00ae 6 esponjas de lufa para la cocina | Esponjas para platos biodegradables, compostables, veganas y sostenibles | Hogar y camping - econeteges.es | empresa de limpieza\",\"isPartOf\":{\"@id\":\"https:\/\/econeteges.es\/#website\"},\"primaryImageOfPage\":{\"@id\":\"https:\/\/econeteges.es\/ca\/producte\/chinchilla-6-esponjas-de-lufa-para-la-cocina-esponjas-para-platos-biodegradables-compostables-veganas-y-sostenibles-hogar-y-camping\/#primaryimage\"},\"image\":{\"@id\":\"https:\/\/econeteges.es\/ca\/producte\/chinchilla-6-esponjas-de-lufa-para-la-cocina-esponjas-para-platos-biodegradables-compostables-veganas-y-sostenibles-hogar-y-camping\/#primaryimage\"},\"thumbnailUrl\":\"https:\/\/econeteges.es\/wp-content\/uploads\/2021\/06\/pack-6-esponjas-lufa-biodegradables-2.jpg\",\"datePublished\":\"2021-06-15T07:50:28+00:00\",\"dateModified\":\"2021-06-15T07:50:29+00:00\",\"breadcrumb\":{\"@id\":\"https:\/\/econeteges.es\/ca\/producte\/chinchilla-6-esponjas-de-lufa-para-la-cocina-esponjas-para-platos-biodegradables-compostables-veganas-y-sostenibles-hogar-y-camping\/#breadcrumb\"},\"inLanguage\":\"ca\",\"potentialAction\":[{\"@type\":\"ReadAction\",\"target\":[\"https:\/\/econeteges.es\/ca\/producte\/chinchilla-6-esponjas-de-lufa-para-la-cocina-esponjas-para-platos-biodegradables-compostables-veganas-y-sostenibles-hogar-y-camping\/\"]}]},{\"@type\":\"ImageObject\",\"inLanguage\":\"ca\",\"@id\":\"https:\/\/econeteges.es\/ca\/producte\/chinchilla-6-esponjas-de-lufa-para-la-cocina-esponjas-para-platos-biodegradables-compostables-veganas-y-sostenibles-hogar-y-camping\/#primaryimage\",\"url\":\"https:\/\/econeteges.es\/wp-content\/uploads\/2021\/06\/pack-6-esponjas-lufa-biodegradables-2.jpg\",\"contentUrl\":\"https:\/\/econeteges.es\/wp-content\/uploads\/2021\/06\/pack-6-esponjas-lufa-biodegradables-2.jpg\",\"width\":1158,\"height\":900,\"caption\":\"pack 6 esponjas lufa biodegradables (2)\"},{\"@type\":\"BreadcrumbList\",\"@id\":\"https:\/\/econeteges.es\/ca\/producte\/chinchilla-6-esponjas-de-lufa-para-la-cocina-esponjas-para-platos-biodegradables-compostables-veganas-y-sostenibles-hogar-y-camping\/#breadcrumb\",\"itemListElement\":[{\"@type\":\"ListItem\",\"position\":1,\"name\":\"Portada\",\"item\":\"https:\/\/econeteges.es\/\"},{\"@type\":\"ListItem\",\"position\":2,\"name\":\"Tienda\",\"item\":\"https:\/\/econeteges.es\/ca\/tienda\/\"},{\"@type\":\"ListItem\",\"position\":3,\"name\":\"Chinchilla\u00ae 6 esponjas de lufa para la cocina | Esponjas para platos biodegradables, compostables, veganas y sostenibles | Hogar y camping\"}]},{\"@type\":\"WebSite\",\"@id\":\"https:\/\/econeteges.es\/#website\",\"url\":\"https:\/\/econeteges.es\/\",\"name\":\"econeteges.es | empresa de limpieza\",\"description\":\"Limpieza a domicilio | pulidos y abrillantados | mantenimiento de comunidades\",\"publisher\":{\"@id\":\"https:\/\/econeteges.es\/#organization\"},\"potentialAction\":[{\"@type\":\"SearchAction\",\"target\":{\"@type\":\"EntryPoint\",\"urlTemplate\":\"https:\/\/econeteges.es\/?s={search_term_string}\"},\"query-input\":\"required name=search_term_string\"}],\"inLanguage\":\"ca\"},{\"@type\":\"Organization\",\"@id\":\"https:\/\/econeteges.es\/#organization\",\"name\":\"Econeteges\",\"url\":\"https:\/\/econeteges.es\/\",\"logo\":{\"@type\":\"ImageObject\",\"inLanguage\":\"ca\",\"@id\":\"https:\/\/econeteges.es\/#\/schema\/logo\/image\/\",\"url\":\"https:\/\/econeteges.es\/wp-content\/uploads\/2020\/05\/nuestra-empresa_185260.jpg\",\"contentUrl\":\"https:\/\/econeteges.es\/wp-content\/uploads\/2020\/05\/nuestra-empresa_185260.jpg\",\"width\":600,\"height\":600,\"caption\":\"Econeteges\"},\"image\":{\"@id\":\"https:\/\/econeteges.es\/#\/schema\/logo\/image\/\"},\"sameAs\":[\"https:\/\/www.instagram.com\/econeteges\/\"]}]}<\/script>\n<!-- \/ Yoast SEO plugin. -->","yoast_head_json":{"title":"Chinchilla\u00ae 6 esponjas de lufa para la cocina | Esponjas para platos biodegradables, compostables, veganas y sostenibles | Hogar y camping - econeteges.es | empresa de limpieza","robots":{"index":"index","follow":"follow","max-snippet":"max-snippet:-1","max-image-preview":"max-image-preview:large","max-video-preview":"max-video-preview:-1"},"canonical":"https:\/\/econeteges.es\/ca\/producte\/chinchilla-6-esponjas-de-lufa-para-la-cocina-esponjas-para-platos-biodegradables-compostables-veganas-y-sostenibles-hogar-y-camping\/","og_locale":"ca_ES","og_type":"article","og_title":"Chinchilla\u00ae 6 esponjas de lufa para la cocina | Esponjas para platos biodegradables, compostables, veganas y sostenibles | Hogar y camping - econeteges.es | empresa de limpieza","og_description":"\ud83d\udc99 ALTERNATIVA SIN PL\u00c1STICO: Esponjas hechas de esponja de luffa y algod\u00f3n 100% natural - su alternativa sin pl\u00e1stico a las esponjas convencionales hechas de fibras sint\u00e9ticas y espuma.   \ud83d\udc99 PR\u00c1CTICO: 6 peque\u00f1os ayudantes dom\u00e9sticos con un pr\u00e1ctico colgador para secarse mejor despu\u00e9s de cada uso.   \ud83d\udc99 VERS\u00c1TIL: Las esponjas son vers\u00e1tiles, ya que no dejan rasgu\u00f1os en las superficies debido a su naturaleza suave - por lo que son perfectas para la cocina, el ba\u00f1o o en el \u00e1rea exterior para la limpieza de parrillas o juegos.   \ud83d\udc99 NATURAL &amp; VEGANO: De recursos renovables y sostenibles - Sin pl\u00e1sticos, disolventes ni materiales de origen animal. Para un estilo de vida como deber\u00eda ser   \ud83d\udc99 ESTILOSO: En una bolsa plegable de cart\u00f3n reciclable de bello dise\u00f1o para evitar residuos pl\u00e1sticos y de embalaje - Para un entorno limpio","og_url":"https:\/\/econeteges.es\/ca\/producte\/chinchilla-6-esponjas-de-lufa-para-la-cocina-esponjas-para-platos-biodegradables-compostables-veganas-y-sostenibles-hogar-y-camping\/","og_site_name":"econeteges.es | empresa de limpieza","article_modified_time":"2021-06-15T07:50:29+00:00","og_image":[{"width":1158,"height":900,"url":"https:\/\/econeteges.es\/wp-content\/uploads\/2021\/06\/pack-6-esponjas-lufa-biodegradables-2.jpg","type":"image\/jpeg"}],"twitter_card":"summary_large_image","twitter_misc":{"Temps estimat de lectura":"1 minut"},"schema":{"@context":"https:\/\/schema.org","@graph":[{"@type":"WebPage","@id":"https:\/\/econeteges.es\/ca\/producte\/chinchilla-6-esponjas-de-lufa-para-la-cocina-esponjas-para-platos-biodegradables-compostables-veganas-y-sostenibles-hogar-y-camping\/","url":"https:\/\/econeteges.es\/ca\/producte\/chinchilla-6-esponjas-de-lufa-para-la-cocina-esponjas-para-platos-biodegradables-compostables-veganas-y-sostenibles-hogar-y-camping\/","name":"Chinchilla\u00ae 6 esponjas de lufa para la cocina | Esponjas para platos biodegradables, compostables, veganas y sostenibles | Hogar y camping - econeteges.es | empresa de limpieza","isPartOf":{"@id":"https:\/\/econeteges.es\/#website"},"primaryImageOfPage":{"@id":"https:\/\/econeteges.es\/ca\/producte\/chinchilla-6-esponjas-de-lufa-para-la-cocina-esponjas-para-platos-biodegradables-compostables-veganas-y-sostenibles-hogar-y-camping\/#primaryimage"},"image":{"@id":"https:\/\/econeteges.es\/ca\/producte\/chinchilla-6-esponjas-de-lufa-para-la-cocina-esponjas-para-platos-biodegradables-compostables-veganas-y-sostenibles-hogar-y-camping\/#primaryimage"},"thumbnailUrl":"https:\/\/econeteges.es\/wp-content\/uploads\/2021\/06\/pack-6-esponjas-lufa-biodegradables-2.jpg","datePublished":"2021-06-15T07:50:28+00:00","dateModified":"2021-06-15T07:50:29+00:00","breadcrumb":{"@id":"https:\/\/econeteges.es\/ca\/producte\/chinchilla-6-esponjas-de-lufa-para-la-cocina-esponjas-para-platos-biodegradables-compostables-veganas-y-sostenibles-hogar-y-camping\/#breadcrumb"},"inLanguage":"ca","potentialAction":[{"@type":"ReadAction","target":["https:\/\/econeteges.es\/ca\/producte\/chinchilla-6-esponjas-de-lufa-para-la-cocina-esponjas-para-platos-biodegradables-compostables-veganas-y-sostenibles-hogar-y-camping\/"]}]},{"@type":"ImageObject","inLanguage":"ca","@id":"https:\/\/econeteges.es\/ca\/producte\/chinchilla-6-esponjas-de-lufa-para-la-cocina-esponjas-para-platos-biodegradables-compostables-veganas-y-sostenibles-hogar-y-camping\/#primaryimage","url":"https:\/\/econeteges.es\/wp-content\/uploads\/2021\/06\/pack-6-esponjas-lufa-biodegradables-2.jpg","contentUrl":"https:\/\/econeteges.es\/wp-content\/uploads\/2021\/06\/pack-6-esponjas-lufa-biodegradables-2.jpg","width":1158,"height":900,"caption":"pack 6 esponjas lufa biodegradables (2)"},{"@type":"BreadcrumbList","@id":"https:\/\/econeteges.es\/ca\/producte\/chinchilla-6-esponjas-de-lufa-para-la-cocina-esponjas-para-platos-biodegradables-compostables-veganas-y-sostenibles-hogar-y-camping\/#breadcrumb","itemListElement":[{"@type":"ListItem","position":1,"name":"Portada","item":"https:\/\/econeteges.es\/"},{"@type":"ListItem","position":2,"name":"Tienda","item":"https:\/\/econeteges.es\/ca\/tienda\/"},{"@type":"ListItem","position":3,"name":"Chinchilla\u00ae 6 esponjas de lufa para la cocina | Esponjas para platos biodegradables, compostables, veganas y sostenibles | Hogar y camping"}]},{"@type":"WebSite","@id":"https:\/\/econeteges.es\/#website","url":"https:\/\/econeteges.es\/","name":"econeteges.es | empresa de limpieza","description":"Limpieza a domicilio | pulidos y abrillantados | mantenimiento de comunidades","publisher":{"@id":"https:\/\/econeteges.es\/#organization"},"potentialAction":[{"@type":"SearchAction","target":{"@type":"EntryPoint","urlTemplate":"https:\/\/econeteges.es\/?s={search_term_string}"},"query-input":"required name=search_term_string"}],"inLanguage":"ca"},{"@type":"Organization","@id":"https:\/\/econeteges.es\/#organization","name":"Econeteges","url":"https:\/\/econeteges.es\/","logo":{"@type":"ImageObject","inLanguage":"ca","@id":"https:\/\/econeteges.es\/#\/schema\/logo\/image\/","url":"https:\/\/econeteges.es\/wp-content\/uploads\/2020\/05\/nuestra-empresa_185260.jpg","contentUrl":"https:\/\/econeteges.es\/wp-content\/uploads\/2020\/05\/nuestra-empresa_185260.jpg","width":600,"height":600,"caption":"Econeteges"},"image":{"@id":"https:\/\/econeteges.es\/#\/schema\/logo\/image\/"},"sameAs":["https:\/\/www.instagram.com\/econeteges\/"]}]}},"_links":{"self":[{"href":"https:\/\/econeteges.es\/ca\/wp-json\/wp\/v2\/product\/1546"}],"collection":[{"href":"https:\/\/econeteges.es\/ca\/wp-json\/wp\/v2\/product"}],"about":[{"href":"https:\/\/econeteges.es\/ca\/wp-json\/wp\/v2\/types\/product"}],"wp:featuredmedia":[{"embeddable":true,"href":"https:\/\/econeteges.es\/ca\/wp-json\/wp\/v2\/media\/1548"}],"wp:attachment":[{"href":"https:\/\/econeteges.es\/ca\/wp-json\/wp\/v2\/media?parent=1546"}],"wp:term":[{"taxonomy":"product_cat","embeddable":true,"href":"https:\/\/econeteges.es\/ca\/wp-json\/wp\/v2\/product_cat?post=1546"},{"taxonomy":"product_tag","embeddable":true,"href":"https:\/\/econeteges.es\/ca\/wp-json\/wp\/v2\/product_tag?post=1546"}],"curies":[{"name":"wp","href":"https:\/\/api.w.org\/{rel}","templated":true}]}}