{"id":1556,"date":"2021-06-15T07:52:54","date_gmt":"2021-06-15T07:52:54","guid":{"rendered":"https:\/\/econeteges.es\/?post_type=product&#038;p=1556"},"modified":"2021-06-15T07:55:16","modified_gmt":"2021-06-15T07:55:16","slug":"esponja-luffa-de-organico-biodegradable-loofah-natural-10cm-7-5cm-ducha-loofah-exfoliante-esponja-de-lufa-para-lavado-de-ducha-y-limpieza-de-cocina","status":"publish","type":"product","link":"https:\/\/econeteges.es\/ca\/producte\/esponja-luffa-de-organico-biodegradable-loofah-natural-10cm-7-5cm-ducha-loofah-exfoliante-esponja-de-lufa-para-lavado-de-ducha-y-limpieza-de-cocina\/","title":{"rendered":"Esponja Luffa de Org\u00e1nico Biodegradable Loofah Natural 10cm 7.5cm Ducha Loofah Exfoliante Esponja de Lufa Para Lavado de Ducha y Limpieza de Cocina"},"content":{"rendered":"<p><b>Esta esponja de\u00a0 de ba\u00f1o exfoliante natural elimina la piel muerta para revitalizar la opacidad y dejarte una sensaci\u00f3n suave, tersa y fresca. <\/b><\/p>\n<p><b> Funciones: <\/b><br \/>\n-La esponja de lufa est\u00e1 hecha de material vegetal fibroso que se encuentra en frutas tropicales similares a las calabazas, puede promover la microcirculaci\u00f3n y ayuda a destapar los poros, cuya textura es perfecta para exfoliar la piel seca.<br \/>\n-Puedes usar estas esponjas de lufa natural para masajear tu piel y limpiar tus poros en las \u00e1reas de tu cuerpo, como tu cara, espalda, cuello, hombros, pies o cualquier otra.<br \/>\n-El paquete combinado de esponja vegetal de 6 piezas es adecuado para familias. Incluso despu\u00e9s de un uso y lavado repetidos, la esponja de ducha se secar\u00e1 r\u00e1pidamente y no se desgastar\u00e1 f\u00e1cilmente.<br \/>\n-Tama\u00f1o aproximado de 3 * 1,7 \/ 4 * 2 pulgadas, se adapta perfectamente a la palma de un adulto, el depurador corporal natural permite una limpieza eficaz de todo el cuerpo.<br \/>\n-Estas esponjas vegetales son duras y resistentes. Una vez recibidos, sum\u00e9rjalos en agua tibia durante unos 20 minutos para ablandarlos antes del primer uso.<\/p>\n<p><b> Especificaciones: <\/b><br \/>\nTama\u00f1o: 4 pulgadas \/ 10 cm 3 pulgadas \/ 7,5 cm<br \/>\nMaterial: Esponja de lufa natural 100% pura<\/p>\n<p><b> El paquete incluye: <\/b><br \/>\n6x esponjas de lufa natural<\/p>\n<p><b> Consejos \u00fatiles: <\/b><br \/>\n1.Enjuague seriamente el exfoliante corporal de lufa despu\u00e9s de la ducha.<br \/>\n2.Mant\u00e9ngalo alejado del ambiente h\u00famedo o cu\u00e9lguelo con suficiente flujo de aire para mantener alejadas las bacterias.<br \/>\n3.Se recomienda hervirlo para esterilizarlo semanalmente.<br \/>\n4.Tiempo para reemplazar regularmente despu\u00e9s de cuatro semanas.<br \/>\n5. <b> Debido al crecimiento natural de la esponja vegetal, el tama\u00f1o y la suavidad de la esponja vegetal no pueden ser completamente consistentes. <\/b><\/p>\n<ul class=\"a-unordered-list a-vertical a-spacing-mini\">\n<li><span class=\"a-list-item\"> Dise\u00f1o de cordones de algod\u00f3n: las loofas naturales ecol\u00f3gicas est\u00e1n dise\u00f1adas con cordones, que son convenientes para el almacenamiento.Despu\u00e9s de su uso, cu\u00e9lguelo en un lugar con suficiente flujo de aire, puede evitar que la esponja luffa luffa se enmohezca y mantenga alejadas las bacterias. <\/span><\/li>\n<li><span class=\"a-list-item\"> Tama\u00f1o perfecto: hay dos tama\u00f1os de esponja de lufa, que miden 4 pulgadas de largo y 3 pulgadas de largo. El di\u00e1metro var\u00eda de 2.4 a 3.2 pulgadas, el tama\u00f1o ideal para sostener en la mano y mantenerse firme para exfoliar. <\/span><\/li>\n<li><span class=\"a-list-item\"> Respetuoso con el medio ambiente: la esponja de ducha natural es 100% natural y se puede degradar en fertilizante, no en pl\u00e1stico o metal, \u00a1y no causar\u00e1 contaminaci\u00f3n ni da\u00f1o al medio ambiente! \u00a1Un sustituto perfecto para las herramientas de limpieza con esponja y el cepillo de metal! <\/span><\/li>\n<\/ul>","protected":false},"excerpt":{"rendered":"<p><span class=\"a-list-item\">Lufa natural: hecha de calabazas luffa org\u00e1nicas, biodegradable, no t\u00f3xico, ecol\u00f3gico y agradable para la piel. las fibras naturales de la esponja trabajan con tu piel en perfecta armon\u00eda, estimulando tu circulaci\u00f3n y eliminando la piel muerta.<\/span><\/p>\n<p><span class=\"a-list-item\">Lufa org\u00e1nica multifuncional: no solo puede eliminar el exceso de grasa y suciedad de manera efectiva, eliminar la piel muerta, promover la circulaci\u00f3n sangu\u00ednea, sino que tambi\u00e9n es ideal para limpiar y fregar el hogar, como sartenes limpias, platos y parrillas para hornear, etc.<\/span><\/p>","protected":false},"featured_media":1554,"template":"","meta":{"_et_pb_use_builder":"","_et_pb_old_content":"","_et_gb_content_width":""},"product_cat":[38,33,25],"product_tag":[],"yoast_head":"<!-- This site is optimized with the Yoast SEO plugin v22.3 - https:\/\/yoast.com\/wordpress\/plugins\/seo\/ -->\n<title>Esponja Luffa de Org\u00e1nico Biodegradable Loofah Natural 10cm 7.5cm Ducha Loofah Exfoliante Esponja de Lufa Para Lavado de Ducha y Limpieza de Cocina - econeteges.es | empresa de limpieza<\/title>\n<meta name=\"robots\" content=\"index, follow, max-snippet:-1, max-image-preview:large, max-video-preview:-1\" \/>\n<link rel=\"canonical\" href=\"https:\/\/econeteges.es\/ca\/producte\/esponja-luffa-de-organico-biodegradable-loofah-natural-10cm-7-5cm-ducha-loofah-exfoliante-esponja-de-lufa-para-lavado-de-ducha-y-limpieza-de-cocina\/\" \/>\n<meta property=\"og:locale\" content=\"ca_ES\" \/>\n<meta property=\"og:type\" content=\"article\" \/>\n<meta property=\"og:title\" content=\"Esponja Luffa de Org\u00e1nico Biodegradable Loofah Natural 10cm 7.5cm Ducha Loofah Exfoliante Esponja de Lufa Para Lavado de Ducha y Limpieza de Cocina - econeteges.es | empresa de limpieza\" \/>\n<meta property=\"og:description\" content=\"Lufa natural: hecha de calabazas luffa org\u00e1nicas, biodegradable, no t\u00f3xico, ecol\u00f3gico y agradable para la piel. las fibras naturales de la esponja trabajan con tu piel en perfecta armon\u00eda, estimulando tu circulaci\u00f3n y eliminando la piel muerta.  Lufa org\u00e1nica multifuncional: no solo puede eliminar el exceso de grasa y suciedad de manera efectiva, eliminar la piel muerta, promover la circulaci\u00f3n sangu\u00ednea, sino que tambi\u00e9n es ideal para limpiar y fregar el hogar, como sartenes limpias, platos y parrillas para hornear, etc.\" \/>\n<meta property=\"og:url\" content=\"https:\/\/econeteges.es\/ca\/producte\/esponja-luffa-de-organico-biodegradable-loofah-natural-10cm-7-5cm-ducha-loofah-exfoliante-esponja-de-lufa-para-lavado-de-ducha-y-limpieza-de-cocina\/\" \/>\n<meta property=\"og:site_name\" content=\"econeteges.es | empresa de limpieza\" \/>\n<meta property=\"article:modified_time\" content=\"2021-06-15T07:55:16+00:00\" \/>\n<meta property=\"og:image\" content=\"https:\/\/econeteges.es\/wp-content\/uploads\/2021\/06\/esponja-lufa-biodegradable-pack-6-4.jpg\" \/>\n\t<meta property=\"og:image:width\" content=\"933\" \/>\n\t<meta property=\"og:image:height\" content=\"900\" \/>\n\t<meta property=\"og:image:type\" content=\"image\/jpeg\" \/>\n<meta name=\"twitter:card\" content=\"summary_large_image\" \/>\n<meta name=\"twitter:label1\" content=\"Temps estimat de lectura\" \/>\n\t<meta name=\"twitter:data1\" content=\"2 minuts\" \/>\n<script type=\"application\/ld+json\" class=\"yoast-schema-graph\">{\"@context\":\"https:\/\/schema.org\",\"@graph\":[{\"@type\":\"WebPage\",\"@id\":\"https:\/\/econeteges.es\/ca\/producte\/esponja-luffa-de-organico-biodegradable-loofah-natural-10cm-7-5cm-ducha-loofah-exfoliante-esponja-de-lufa-para-lavado-de-ducha-y-limpieza-de-cocina\/\",\"url\":\"https:\/\/econeteges.es\/ca\/producte\/esponja-luffa-de-organico-biodegradable-loofah-natural-10cm-7-5cm-ducha-loofah-exfoliante-esponja-de-lufa-para-lavado-de-ducha-y-limpieza-de-cocina\/\",\"name\":\"Esponja Luffa de Org\u00e1nico Biodegradable Loofah Natural 10cm 7.5cm Ducha Loofah Exfoliante Esponja de Lufa Para Lavado de Ducha y Limpieza de Cocina - econeteges.es | empresa de limpieza\",\"isPartOf\":{\"@id\":\"https:\/\/econeteges.es\/#website\"},\"primaryImageOfPage\":{\"@id\":\"https:\/\/econeteges.es\/ca\/producte\/esponja-luffa-de-organico-biodegradable-loofah-natural-10cm-7-5cm-ducha-loofah-exfoliante-esponja-de-lufa-para-lavado-de-ducha-y-limpieza-de-cocina\/#primaryimage\"},\"image\":{\"@id\":\"https:\/\/econeteges.es\/ca\/producte\/esponja-luffa-de-organico-biodegradable-loofah-natural-10cm-7-5cm-ducha-loofah-exfoliante-esponja-de-lufa-para-lavado-de-ducha-y-limpieza-de-cocina\/#primaryimage\"},\"thumbnailUrl\":\"https:\/\/econeteges.es\/wp-content\/uploads\/2021\/06\/esponja-lufa-biodegradable-pack-6-4.jpg\",\"datePublished\":\"2021-06-15T07:52:54+00:00\",\"dateModified\":\"2021-06-15T07:55:16+00:00\",\"breadcrumb\":{\"@id\":\"https:\/\/econeteges.es\/ca\/producte\/esponja-luffa-de-organico-biodegradable-loofah-natural-10cm-7-5cm-ducha-loofah-exfoliante-esponja-de-lufa-para-lavado-de-ducha-y-limpieza-de-cocina\/#breadcrumb\"},\"inLanguage\":\"ca\",\"potentialAction\":[{\"@type\":\"ReadAction\",\"target\":[\"https:\/\/econeteges.es\/ca\/producte\/esponja-luffa-de-organico-biodegradable-loofah-natural-10cm-7-5cm-ducha-loofah-exfoliante-esponja-de-lufa-para-lavado-de-ducha-y-limpieza-de-cocina\/\"]}]},{\"@type\":\"ImageObject\",\"inLanguage\":\"ca\",\"@id\":\"https:\/\/econeteges.es\/ca\/producte\/esponja-luffa-de-organico-biodegradable-loofah-natural-10cm-7-5cm-ducha-loofah-exfoliante-esponja-de-lufa-para-lavado-de-ducha-y-limpieza-de-cocina\/#primaryimage\",\"url\":\"https:\/\/econeteges.es\/wp-content\/uploads\/2021\/06\/esponja-lufa-biodegradable-pack-6-4.jpg\",\"contentUrl\":\"https:\/\/econeteges.es\/wp-content\/uploads\/2021\/06\/esponja-lufa-biodegradable-pack-6-4.jpg\",\"width\":933,\"height\":900,\"caption\":\"esponja lufa biodegradable pack 6 (4)\"},{\"@type\":\"BreadcrumbList\",\"@id\":\"https:\/\/econeteges.es\/ca\/producte\/esponja-luffa-de-organico-biodegradable-loofah-natural-10cm-7-5cm-ducha-loofah-exfoliante-esponja-de-lufa-para-lavado-de-ducha-y-limpieza-de-cocina\/#breadcrumb\",\"itemListElement\":[{\"@type\":\"ListItem\",\"position\":1,\"name\":\"Portada\",\"item\":\"https:\/\/econeteges.es\/\"},{\"@type\":\"ListItem\",\"position\":2,\"name\":\"Tienda\",\"item\":\"https:\/\/econeteges.es\/ca\/tienda\/\"},{\"@type\":\"ListItem\",\"position\":3,\"name\":\"Esponja Luffa de Org\u00e1nico Biodegradable Loofah Natural 10cm 7.5cm Ducha Loofah Exfoliante Esponja de Lufa Para Lavado de Ducha y Limpieza de Cocina\"}]},{\"@type\":\"WebSite\",\"@id\":\"https:\/\/econeteges.es\/#website\",\"url\":\"https:\/\/econeteges.es\/\",\"name\":\"econeteges.es | empresa de limpieza\",\"description\":\"Limpieza a domicilio | pulidos y abrillantados | mantenimiento de comunidades\",\"publisher\":{\"@id\":\"https:\/\/econeteges.es\/#organization\"},\"potentialAction\":[{\"@type\":\"SearchAction\",\"target\":{\"@type\":\"EntryPoint\",\"urlTemplate\":\"https:\/\/econeteges.es\/?s={search_term_string}\"},\"query-input\":\"required name=search_term_string\"}],\"inLanguage\":\"ca\"},{\"@type\":\"Organization\",\"@id\":\"https:\/\/econeteges.es\/#organization\",\"name\":\"Econeteges\",\"url\":\"https:\/\/econeteges.es\/\",\"logo\":{\"@type\":\"ImageObject\",\"inLanguage\":\"ca\",\"@id\":\"https:\/\/econeteges.es\/#\/schema\/logo\/image\/\",\"url\":\"https:\/\/econeteges.es\/wp-content\/uploads\/2020\/05\/nuestra-empresa_185260.jpg\",\"contentUrl\":\"https:\/\/econeteges.es\/wp-content\/uploads\/2020\/05\/nuestra-empresa_185260.jpg\",\"width\":600,\"height\":600,\"caption\":\"Econeteges\"},\"image\":{\"@id\":\"https:\/\/econeteges.es\/#\/schema\/logo\/image\/\"},\"sameAs\":[\"https:\/\/www.instagram.com\/econeteges\/\"]}]}<\/script>\n<!-- \/ Yoast SEO plugin. -->","yoast_head_json":{"title":"Esponja Luffa de Org\u00e1nico Biodegradable Loofah Natural 10cm 7.5cm Ducha Loofah Exfoliante Esponja de Lufa Para Lavado de Ducha y Limpieza de Cocina - econeteges.es | empresa de limpieza","robots":{"index":"index","follow":"follow","max-snippet":"max-snippet:-1","max-image-preview":"max-image-preview:large","max-video-preview":"max-video-preview:-1"},"canonical":"https:\/\/econeteges.es\/ca\/producte\/esponja-luffa-de-organico-biodegradable-loofah-natural-10cm-7-5cm-ducha-loofah-exfoliante-esponja-de-lufa-para-lavado-de-ducha-y-limpieza-de-cocina\/","og_locale":"ca_ES","og_type":"article","og_title":"Esponja Luffa de Org\u00e1nico Biodegradable Loofah Natural 10cm 7.5cm Ducha Loofah Exfoliante Esponja de Lufa Para Lavado de Ducha y Limpieza de Cocina - econeteges.es | empresa de limpieza","og_description":"Lufa natural: hecha de calabazas luffa org\u00e1nicas, biodegradable, no t\u00f3xico, ecol\u00f3gico y agradable para la piel. las fibras naturales de la esponja trabajan con tu piel en perfecta armon\u00eda, estimulando tu circulaci\u00f3n y eliminando la piel muerta.  Lufa org\u00e1nica multifuncional: no solo puede eliminar el exceso de grasa y suciedad de manera efectiva, eliminar la piel muerta, promover la circulaci\u00f3n sangu\u00ednea, sino que tambi\u00e9n es ideal para limpiar y fregar el hogar, como sartenes limpias, platos y parrillas para hornear, etc.","og_url":"https:\/\/econeteges.es\/ca\/producte\/esponja-luffa-de-organico-biodegradable-loofah-natural-10cm-7-5cm-ducha-loofah-exfoliante-esponja-de-lufa-para-lavado-de-ducha-y-limpieza-de-cocina\/","og_site_name":"econeteges.es | empresa de limpieza","article_modified_time":"2021-06-15T07:55:16+00:00","og_image":[{"width":933,"height":900,"url":"https:\/\/econeteges.es\/wp-content\/uploads\/2021\/06\/esponja-lufa-biodegradable-pack-6-4.jpg","type":"image\/jpeg"}],"twitter_card":"summary_large_image","twitter_misc":{"Temps estimat de lectura":"2 minuts"},"schema":{"@context":"https:\/\/schema.org","@graph":[{"@type":"WebPage","@id":"https:\/\/econeteges.es\/ca\/producte\/esponja-luffa-de-organico-biodegradable-loofah-natural-10cm-7-5cm-ducha-loofah-exfoliante-esponja-de-lufa-para-lavado-de-ducha-y-limpieza-de-cocina\/","url":"https:\/\/econeteges.es\/ca\/producte\/esponja-luffa-de-organico-biodegradable-loofah-natural-10cm-7-5cm-ducha-loofah-exfoliante-esponja-de-lufa-para-lavado-de-ducha-y-limpieza-de-cocina\/","name":"Esponja Luffa de Org\u00e1nico Biodegradable Loofah Natural 10cm 7.5cm Ducha Loofah Exfoliante Esponja de Lufa Para Lavado de Ducha y Limpieza de Cocina - econeteges.es | empresa de limpieza","isPartOf":{"@id":"https:\/\/econeteges.es\/#website"},"primaryImageOfPage":{"@id":"https:\/\/econeteges.es\/ca\/producte\/esponja-luffa-de-organico-biodegradable-loofah-natural-10cm-7-5cm-ducha-loofah-exfoliante-esponja-de-lufa-para-lavado-de-ducha-y-limpieza-de-cocina\/#primaryimage"},"image":{"@id":"https:\/\/econeteges.es\/ca\/producte\/esponja-luffa-de-organico-biodegradable-loofah-natural-10cm-7-5cm-ducha-loofah-exfoliante-esponja-de-lufa-para-lavado-de-ducha-y-limpieza-de-cocina\/#primaryimage"},"thumbnailUrl":"https:\/\/econeteges.es\/wp-content\/uploads\/2021\/06\/esponja-lufa-biodegradable-pack-6-4.jpg","datePublished":"2021-06-15T07:52:54+00:00","dateModified":"2021-06-15T07:55:16+00:00","breadcrumb":{"@id":"https:\/\/econeteges.es\/ca\/producte\/esponja-luffa-de-organico-biodegradable-loofah-natural-10cm-7-5cm-ducha-loofah-exfoliante-esponja-de-lufa-para-lavado-de-ducha-y-limpieza-de-cocina\/#breadcrumb"},"inLanguage":"ca","potentialAction":[{"@type":"ReadAction","target":["https:\/\/econeteges.es\/ca\/producte\/esponja-luffa-de-organico-biodegradable-loofah-natural-10cm-7-5cm-ducha-loofah-exfoliante-esponja-de-lufa-para-lavado-de-ducha-y-limpieza-de-cocina\/"]}]},{"@type":"ImageObject","inLanguage":"ca","@id":"https:\/\/econeteges.es\/ca\/producte\/esponja-luffa-de-organico-biodegradable-loofah-natural-10cm-7-5cm-ducha-loofah-exfoliante-esponja-de-lufa-para-lavado-de-ducha-y-limpieza-de-cocina\/#primaryimage","url":"https:\/\/econeteges.es\/wp-content\/uploads\/2021\/06\/esponja-lufa-biodegradable-pack-6-4.jpg","contentUrl":"https:\/\/econeteges.es\/wp-content\/uploads\/2021\/06\/esponja-lufa-biodegradable-pack-6-4.jpg","width":933,"height":900,"caption":"esponja lufa biodegradable pack 6 (4)"},{"@type":"BreadcrumbList","@id":"https:\/\/econeteges.es\/ca\/producte\/esponja-luffa-de-organico-biodegradable-loofah-natural-10cm-7-5cm-ducha-loofah-exfoliante-esponja-de-lufa-para-lavado-de-ducha-y-limpieza-de-cocina\/#breadcrumb","itemListElement":[{"@type":"ListItem","position":1,"name":"Portada","item":"https:\/\/econeteges.es\/"},{"@type":"ListItem","position":2,"name":"Tienda","item":"https:\/\/econeteges.es\/ca\/tienda\/"},{"@type":"ListItem","position":3,"name":"Esponja Luffa de Org\u00e1nico Biodegradable Loofah Natural 10cm 7.5cm Ducha Loofah Exfoliante Esponja de Lufa Para Lavado de Ducha y Limpieza de Cocina"}]},{"@type":"WebSite","@id":"https:\/\/econeteges.es\/#website","url":"https:\/\/econeteges.es\/","name":"econeteges.es | empresa de limpieza","description":"Limpieza a domicilio | pulidos y abrillantados | mantenimiento de comunidades","publisher":{"@id":"https:\/\/econeteges.es\/#organization"},"potentialAction":[{"@type":"SearchAction","target":{"@type":"EntryPoint","urlTemplate":"https:\/\/econeteges.es\/?s={search_term_string}"},"query-input":"required name=search_term_string"}],"inLanguage":"ca"},{"@type":"Organization","@id":"https:\/\/econeteges.es\/#organization","name":"Econeteges","url":"https:\/\/econeteges.es\/","logo":{"@type":"ImageObject","inLanguage":"ca","@id":"https:\/\/econeteges.es\/#\/schema\/logo\/image\/","url":"https:\/\/econeteges.es\/wp-content\/uploads\/2020\/05\/nuestra-empresa_185260.jpg","contentUrl":"https:\/\/econeteges.es\/wp-content\/uploads\/2020\/05\/nuestra-empresa_185260.jpg","width":600,"height":600,"caption":"Econeteges"},"image":{"@id":"https:\/\/econeteges.es\/#\/schema\/logo\/image\/"},"sameAs":["https:\/\/www.instagram.com\/econeteges\/"]}]}},"_links":{"self":[{"href":"https:\/\/econeteges.es\/ca\/wp-json\/wp\/v2\/product\/1556"}],"collection":[{"href":"https:\/\/econeteges.es\/ca\/wp-json\/wp\/v2\/product"}],"about":[{"href":"https:\/\/econeteges.es\/ca\/wp-json\/wp\/v2\/types\/product"}],"wp:featuredmedia":[{"embeddable":true,"href":"https:\/\/econeteges.es\/ca\/wp-json\/wp\/v2\/media\/1554"}],"wp:attachment":[{"href":"https:\/\/econeteges.es\/ca\/wp-json\/wp\/v2\/media?parent=1556"}],"wp:term":[{"taxonomy":"product_cat","embeddable":true,"href":"https:\/\/econeteges.es\/ca\/wp-json\/wp\/v2\/product_cat?post=1556"},{"taxonomy":"product_tag","embeddable":true,"href":"https:\/\/econeteges.es\/ca\/wp-json\/wp\/v2\/product_tag?post=1556"}],"curies":[{"name":"wp","href":"https:\/\/api.w.org\/{rel}","templated":true}]}}